{"id":46164,"date":"2019-02-27T08:34:05","date_gmt":"2019-02-27T11:34:05","guid":{"rendered":"https:\/\/www.redeicm.org.br\/stellamaris\/?page_id=46164"},"modified":"2025-02-28T07:50:21","modified_gmt":"2025-02-28T10:50:21","slug":"boletos","status":"publish","type":"page","link":"https:\/\/legado.redeicm.org.br\/stellamaris\/boletos\/","title":{"rendered":"Boletos"},"content":{"rendered":"<section class=\"wpb-content-wrapper\"><section class=\"l-section wpb_row height_medium\"><div class=\"l-section-h i-cf\"><div class=\"g-cols vc_row via_grid cols_1 laptops-cols_inherit tablets-cols_inherit mobiles-cols_1 valign_top type_default stacking_default\"><div class=\"wpb_column vc_column_container\"><div class=\"vc_column-inner\"><div class=\"wpb_text_column\"><div class=\"wpb_wrapper\"><h2>Sobre os boletos<\/h2>\n<div><span data-ogsc=\"rgb(102, 102, 102)\" data-olk-copy-source=\"MessageBody\">Prezado(a) respons\u00e1vel financeiro(a),<\/span><\/div>\n<div><span data-ogsc=\"rgb(102, 102, 102)\">\u00a0<\/span><\/div>\n<div><span style=\"color: #666666;font-family: Open Sans, sans-serif\" data-ogsc=\"\" data-ogac=\"#666666\"><span data-ogsc=\"\">As informa\u00e7\u00f5es financeiras est\u00e3o dispon\u00edveis no aplicativo da Rede ICM.\u00a0 Acessando o app \u00e9 poss\u00edvel:<\/span><\/span><\/div>\n<div><span style=\"color: #666666;font-family: Open Sans, sans-serif\" data-ogsc=\"\" data-ogac=\"#666666\"><span data-ogsc=\"\">&#8211; Gerar a 2\u00aa via de boleto;<\/span><\/span><\/div>\n<div><span style=\"color: #666666;font-family: Open Sans, sans-serif\" data-ogsc=\"\" data-ogac=\"#666666\"><span data-ogsc=\"\">&#8211; Comprovante para o Imposto de Renda;<\/span><\/span><\/div>\n<div><span style=\"color: #666666;font-family: Open Sans, sans-serif\" data-ogsc=\"\" data-ogac=\"#666666\"><span data-ogsc=\"\">&#8211; Documento de Quita\u00e7\u00e3o Anual;<\/span><\/span><\/div>\n<div><span style=\"color: #666666;font-family: Open Sans, sans-serif\" data-ogsc=\"\" data-ogac=\"#666666\"><span data-ogsc=\"\">&#8211; Segunda via da Nota Fiscal;<\/span><\/span><\/div>\n<div><span style=\"color: #666666;font-family: Open Sans, sans-serif\" data-ogsc=\"\" data-ogac=\"#666666\"><span data-ogsc=\"\">&#8211; Verificar as parcelas em aberto e quitadas.<\/span><\/span><\/div>\n<div><span style=\"color: #666666;font-family: Open Sans, sans-serif\" data-ogsc=\"\" data-ogac=\"#666666\"><span data-ogsc=\"\">\u00a0<\/span><\/span><\/div>\n<div><span style=\"color: #666666;font-family: Open Sans, sans-serif\" data-ogsc=\"\" data-ogac=\"#666666\"><span data-ogsc=\"\">Acesse o aplicativo e clique em <i data-ogsc=\"\">Financeiro ou Imposto de Renda.<\/i><\/span><\/span><\/div>\n<\/div><\/div><\/div><\/div><\/div><\/div><\/section>\n<div class=\"angwp_51524 _ning_cont _ning_hidden _ning_outer _align_center responsive\" data-size=\"300x250\" data-bid=\"51524\" data-aid=\"0\" style=\"max-width:300px; width:100%;height:inherit;\"><div class=\"_ning_label _left\" style=\"\"><\/div><div class=\"_ning_inner\" style=\"\"><\/div><\/div><div class=\"clear\"><\/div><div class=\"angwp_57033 _ning_cont _ning_hidden _ning_outer _align_center responsive\" data-size=\"300x250\" data-bid=\"57033\" data-aid=\"0\" style=\"max-width:300px; width:100%;height:inherit;\"><div class=\"_ning_label _left\" style=\"\"><\/div><div class=\"_ning_inner\" style=\"\"><\/div><\/div><div class=\"clear\"><\/div><\/section>","protected":false},"excerpt":{"rendered":"Sobre os boletos Prezado(a) respons\u00e1vel financeiro(a), \u00a0 As informa\u00e7\u00f5es financeiras est\u00e3o dispon\u00edveis no aplicativo da Rede ICM.\u00a0 Acessando o app \u00e9 poss\u00edvel: &#8211; Gerar a 2\u00aa via de boleto; &#8211; Comprovante para o Imposto de Renda; &#8211; Documento de Quita\u00e7\u00e3o Anual; &#8211; Segunda via da Nota Fiscal; &#8211; Verificar as parcelas em aberto e quitadas....","protected":false},"author":127,"featured_media":0,"parent":0,"menu_order":0,"comment_status":"closed","ping_status":"closed","template":"","meta":{"_monsterinsights_skip_tracking":false,"_monsterinsights_sitenote_active":false,"_monsterinsights_sitenote_note":"","_monsterinsights_sitenote_category":0,"footnotes":""},"class_list":["post-46164","page","type-page","status-publish","hentry"],"acf":[],"_links":{"self":[{"href":"https:\/\/legado.redeicm.org.br\/stellamaris\/wp-json\/wp\/v2\/pages\/46164"}],"collection":[{"href":"https:\/\/legado.redeicm.org.br\/stellamaris\/wp-json\/wp\/v2\/pages"}],"about":[{"href":"https:\/\/legado.redeicm.org.br\/stellamaris\/wp-json\/wp\/v2\/types\/page"}],"author":[{"embeddable":true,"href":"https:\/\/legado.redeicm.org.br\/stellamaris\/wp-json\/wp\/v2\/users\/127"}],"replies":[{"embeddable":true,"href":"https:\/\/legado.redeicm.org.br\/stellamaris\/wp-json\/wp\/v2\/comments?post=46164"}],"version-history":[{"count":10,"href":"https:\/\/legado.redeicm.org.br\/stellamaris\/wp-json\/wp\/v2\/pages\/46164\/revisions"}],"predecessor-version":[{"id":65211,"href":"https:\/\/legado.redeicm.org.br\/stellamaris\/wp-json\/wp\/v2\/pages\/46164\/revisions\/65211"}],"wp:attachment":[{"href":"https:\/\/legado.redeicm.org.br\/stellamaris\/wp-json\/wp\/v2\/media?parent=46164"}],"curies":[{"name":"wp","href":"https:\/\/api.w.org\/{rel}","templated":true}]}}