{"id":41112,"date":"2018-04-24T11:57:30","date_gmt":"2018-04-24T14:57:30","guid":{"rendered":"https:\/\/www.redeicm.org.br\/stellamaris\/?page_id=41112"},"modified":"2018-04-24T11:57:30","modified_gmt":"2018-04-24T14:57:30","slug":"dia-da-maes-homenagem-especial","status":"publish","type":"page","link":"https:\/\/legado.redeicm.org.br\/stellamaris\/dia-da-maes-homenagem-especial\/","title":{"rendered":"DIA DA M\u00c3ES &#8211; HOMENAGEM ESPECIAL"},"content":{"rendered":"<p style=\"text-align: right;\">\n\u201cEla tem a capacidade de ouvir o sil\u00eancio.<br \/>\nAdivinhar sentimentos.<br \/>\nEncontrar a palavra certa nos momentos incertos.<br \/>\nFortalecer-nos, quando tudo ao nosso redor parece ruir.<br \/>\nSabedoria emprestada de Deus para nos proteger e amparar.<br \/>\nSua exist\u00eancia \u00e9, em si, um ato de amor.<br \/>\nGerar, cuidar, nutrir.<br \/>\nAmar, amar, amar&#8230;<br \/>\nAmar com um amor incondicional que nada espera em troca.<br \/>\nAfeto desmedido e incontido,<br \/>\nM\u00e3e \u00e9 um ser infinito. \u201d\u00a0\u00a0\u00a0\u00a0 \u00a0(Trecho do livro Minha m\u00e3e, meu mundo)<\/p>\n<p>&nbsp;<\/p>\n<p>Querida m\u00e3e, nossos sinceros parab\u00e9ns pelo teu dia! Que a b\u00ean\u00e7\u00e3o de Deus e a prote\u00e7\u00e3o de Maria, nossa M\u00e3e do C\u00e9u, te acompanhem hoje e sempre! E que tenhas a gra\u00e7a de ser: firme, segura e muito amada, sendo exemplo da ternura e da bondade do amor de Deus!<\/p>\n<p>O nosso abra\u00e7o carinhoso pelo DIA DAS M\u00c3ES!<\/p>\n<p>&nbsp;<\/p>\n<p><strong>\u00a0\u00a0\u00a0\u00a0\u00a0\u00a0\u00a0\u00a0 Queridas m\u00e3es, pais, familiares, amigos (as)<\/strong><\/p>\n<p>\u00c9 com imensa alegria que convidamos a todos para rezar pelas nossas queridas m\u00e3es. Nesta<strong> Celebra\u00e7\u00e3o,<\/strong> \u00e9 importante a participa\u00e7\u00e3o dos familiares, pois o pr\u00f3prio Jesus falou: \u2018Onde dois ou tr\u00eas estiverem reunidos, em meu nome, Eu estarei no meio deles\u2019.\u00a0 E, conforme legado de B\u00e1rbara Maix, a ora\u00e7\u00e3o unida penetra o Cora\u00e7\u00e3o de Deus. M\u00e3e, n\u00f3s contamos com tua presen\u00e7a e de teus familiares.<\/p>\n<p><strong>\u00a0\u00a0\u00a0\u00a0\u00a0 \u00a0\u00a0\u00a0\u00a0\u00a0<\/strong><\/p>\n<table>\n<tbody>\n<tr>\n<td width=\"307\"><strong>Segmento<\/strong><\/td>\n<td width=\"125\"><strong>Data<\/strong><\/td>\n<td width=\"134\"><strong>Hor\u00e1rio<\/strong><\/td>\n<\/tr>\n<tr>\n<td width=\"307\"><strong>1\u00ba e 2\u00ba ano do Ensino Fundamental<\/strong><\/td>\n<td width=\"125\"><strong>08\/05\/2018<\/strong><\/td>\n<td width=\"134\"><strong>19 horas e 30 minutos<\/strong><\/td>\n<\/tr>\n<tr>\n<td width=\"307\"><strong>3\u00ba ao 9\u00ba ano do Ensino Fundamental e Ensino M\u00e9dio<\/strong><\/td>\n<td width=\"125\"><strong>09\/05\/2018<\/strong><\/td>\n<td width=\"134\"><strong>19 horas e 30 minutos<\/strong><\/td>\n<\/tr>\n<tr>\n<td width=\"307\"><strong>Educa\u00e7\u00e3o Infantil<\/strong><\/td>\n<td width=\"125\"><strong>10\/05\/2018<\/strong><\/td>\n<td width=\"134\"><strong>19 horas e 30 minutos<\/strong><\/td>\n<\/tr>\n<\/tbody>\n<\/table>\n<p>&nbsp;<\/p>\n<p>Aproveitamos, tamb\u00e9m, para convidar para o <strong>JANTAR DE INTEGRA\u00c7\u00c3O COM AS FAM\u00cdLIAS EM HOMENAGEM \u00c0S M\u00c3ES, promovido pelo Associa\u00e7\u00e3o de Pais e Mestres e pela Escola, no dia 11 de maio, sexta-feira. <\/strong><\/p>\n<p>&nbsp;<\/p>\n<table>\n<tbody>\n<tr>\n<td width=\"306\"><strong>Jantar da Fam\u00edlia em Homenagem \u00e0s M\u00e3es<\/strong><\/td>\n<td width=\"125\"><strong>11\/05\/2018<\/strong><\/td>\n<td width=\"134\"><strong>20 horas e 30 minutos<\/strong><\/td>\n<\/tr>\n<\/tbody>\n<\/table>\n<p><strong>\u00a0\u00a0\u00a0\u00a0\u00a0\u00a0\u00a0\u00a0 <\/strong><\/p>\n<p>Pedimos e esperamos que reservem estes dias para rezar e confraternizar com a nossa comunidade escolar Stella Maris.<\/p>\n<p>Ir. Z\u00f3ile Cec\u00edlia Herrmann &#8211; Diretora<\/p>\n<div class=\"angwp_51524 _ning_cont _ning_hidden _ning_outer _align_center responsive\" data-size=\"300x250\" data-bid=\"51524\" data-aid=\"0\" style=\"max-width:300px; width:100%;height:inherit;\"><div class=\"_ning_label _left\" style=\"\"><\/div><div class=\"_ning_inner\" style=\"\"><\/div><\/div><div class=\"clear\"><\/div><div class=\"angwp_57033 _ning_cont _ning_hidden _ning_outer _align_center responsive\" data-size=\"300x250\" data-bid=\"57033\" data-aid=\"0\" style=\"max-width:300px; width:100%;height:inherit;\"><div class=\"_ning_label _left\" style=\"\"><\/div><div class=\"_ning_inner\" style=\"\"><\/div><\/div><div class=\"clear\"><\/div>","protected":false},"excerpt":{"rendered":"<p>\u201cEla tem a capacidade de ouvir o sil\u00eancio. Adivinhar sentimentos. Encontrar a palavra certa nos momentos incertos. Fortalecer-nos, quando tudo ao nosso redor parece ruir. Sabedoria emprestada de Deus para nos proteger e amparar. Sua exist\u00eancia \u00e9, em si, um ato de amor. Gerar, cuidar, nutrir. Amar, amar, amar&#8230; Amar com um amor incondicional que&#8230;<\/p>\n","protected":false},"author":1,"featured_media":0,"parent":0,"menu_order":0,"comment_status":"closed","ping_status":"closed","template":"","meta":{"_monsterinsights_skip_tracking":false,"_monsterinsights_sitenote_active":false,"_monsterinsights_sitenote_note":"","_monsterinsights_sitenote_category":0,"footnotes":""},"class_list":["post-41112","page","type-page","status-publish","hentry"],"acf":[],"_links":{"self":[{"href":"https:\/\/legado.redeicm.org.br\/stellamaris\/wp-json\/wp\/v2\/pages\/41112"}],"collection":[{"href":"https:\/\/legado.redeicm.org.br\/stellamaris\/wp-json\/wp\/v2\/pages"}],"about":[{"href":"https:\/\/legado.redeicm.org.br\/stellamaris\/wp-json\/wp\/v2\/types\/page"}],"author":[{"embeddable":true,"href":"https:\/\/legado.redeicm.org.br\/stellamaris\/wp-json\/wp\/v2\/users\/1"}],"replies":[{"embeddable":true,"href":"https:\/\/legado.redeicm.org.br\/stellamaris\/wp-json\/wp\/v2\/comments?post=41112"}],"version-history":[{"count":1,"href":"https:\/\/legado.redeicm.org.br\/stellamaris\/wp-json\/wp\/v2\/pages\/41112\/revisions"}],"predecessor-version":[{"id":41113,"href":"https:\/\/legado.redeicm.org.br\/stellamaris\/wp-json\/wp\/v2\/pages\/41112\/revisions\/41113"}],"wp:attachment":[{"href":"https:\/\/legado.redeicm.org.br\/stellamaris\/wp-json\/wp\/v2\/media?parent=41112"}],"curies":[{"name":"wp","href":"https:\/\/api.w.org\/{rel}","templated":true}]}}