{"id":39125,"date":"2017-01-12T20:30:18","date_gmt":"2017-01-12T22:30:18","guid":{"rendered":"https:\/\/redeicm.org.br\/maededeus\/?page_id=39125"},"modified":"2023-12-16T20:50:36","modified_gmt":"2023-12-16T23:50:36","slug":"apm","status":"publish","type":"page","link":"https:\/\/legado.redeicm.org.br\/stellamaris\/apm\/","title":{"rendered":"APM &#8211; Associa\u00e7\u00e3o de Pais e Mestres"},"content":{"rendered":"<h2 style=\"display:none\">Sobre a Associa\u00e7a\u00f5 de Pais e Mestres<\/h2>\n<p style=\"text-align: justify\">A Associa\u00e7\u00e3o de Pais e Mestres (APM) congrega Pais e Professores da escola.<br \/>\nTem por finalidade primeira coordenar e harmonizar os esfor\u00e7os da Fam\u00edlia e da Escola, visando o aprimoramento do processo educativo e o crescimento de todos no compromiso com a Proposta Educacional.<\/p>\n<p style=\"text-align: justify\"><strong>Busca tamb\u00e9m:<\/strong><\/p>\n<p style=\"text-align: justify\">\u2013 Promo\u00e7\u00e3o humana e crist\u00e3 dos s\u00f3cios, inderindo a familia na Filosofia Educacional a que a Escola se prop\u00f5e;<br \/>\n\u2013 Apoio e incentivo ao Corpo Docente para um melhor desempenho de sua miss\u00e3o;<br \/>\n\u2013 Incentivo e est\u00edmulo ao Corpo Discente e \u00e0s promo\u00e7\u00f5es educativas e s\u00f3cio-culturais promovidas pela Escola, transformando-a \u2013 em centro de integra\u00e7\u00e3o e desenvolvimento comunit\u00e1rio;<br \/>\n\u2013 Apoio \u00e0s iniciativas da Escola para o aperfei\u00e7oamento constante do Processo Educativo, sempre fundamentado nos valores evang\u00e9licos;<br \/>\n\u2013 Prestar assist\u00eancia material a alunos necessitados, mediante pr\u00e9via sindic\u00e2ncia das necessidades.<\/p>\n<p>&nbsp;<\/p>\n<p><strong>Presidente:<\/strong> Valdomiro Melo<br \/>\n<strong>Vice-Presidente:<\/strong> Rafael da Rosa<br \/>\n<strong>Contato:<\/strong> <a href=\"mailto:apm@colegiostellamaris.com.br\">apm@colegiostellamaris.com.br<\/a><\/p>\n<p style=\"text-align: justify\">\n<div class=\"angwp_51524 _ning_cont _ning_hidden _ning_outer _align_center responsive\" data-size=\"300x250\" data-bid=\"51524\" data-aid=\"0\" style=\"max-width:300px; width:100%;height:inherit;\"><div class=\"_ning_label _left\" style=\"\"><\/div><div class=\"_ning_inner\" style=\"\"><\/div><\/div><div class=\"clear\"><\/div><div class=\"angwp_57033 _ning_cont _ning_hidden _ning_outer _align_center responsive\" data-size=\"300x250\" data-bid=\"57033\" data-aid=\"0\" style=\"max-width:300px; width:100%;height:inherit;\"><div class=\"_ning_label _left\" style=\"\"><\/div><div class=\"_ning_inner\" style=\"\"><\/div><\/div><div class=\"clear\"><\/div>","protected":false},"excerpt":{"rendered":"<p>Sobre a Associa\u00e7a\u00f5 de Pais e Mestres A Associa\u00e7\u00e3o de Pais e Mestres (APM) congrega Pais e Professores da escola. Tem por finalidade primeira coordenar e harmonizar os esfor\u00e7os da Fam\u00edlia e da Escola, visando o aprimoramento do processo educativo e o crescimento de todos no compromiso com a Proposta Educacional. Busca tamb\u00e9m: \u2013 Promo\u00e7\u00e3o&#8230;<\/p>\n","protected":false},"author":127,"featured_media":0,"parent":0,"menu_order":0,"comment_status":"closed","ping_status":"closed","template":"","meta":{"_monsterinsights_skip_tracking":false,"_monsterinsights_sitenote_active":false,"_monsterinsights_sitenote_note":"","_monsterinsights_sitenote_category":0,"footnotes":""},"class_list":["post-39125","page","type-page","status-publish","hentry"],"acf":[],"_links":{"self":[{"href":"https:\/\/legado.redeicm.org.br\/stellamaris\/wp-json\/wp\/v2\/pages\/39125"}],"collection":[{"href":"https:\/\/legado.redeicm.org.br\/stellamaris\/wp-json\/wp\/v2\/pages"}],"about":[{"href":"https:\/\/legado.redeicm.org.br\/stellamaris\/wp-json\/wp\/v2\/types\/page"}],"author":[{"embeddable":true,"href":"https:\/\/legado.redeicm.org.br\/stellamaris\/wp-json\/wp\/v2\/users\/127"}],"replies":[{"embeddable":true,"href":"https:\/\/legado.redeicm.org.br\/stellamaris\/wp-json\/wp\/v2\/comments?post=39125"}],"version-history":[{"count":9,"href":"https:\/\/legado.redeicm.org.br\/stellamaris\/wp-json\/wp\/v2\/pages\/39125\/revisions"}],"predecessor-version":[{"id":64892,"href":"https:\/\/legado.redeicm.org.br\/stellamaris\/wp-json\/wp\/v2\/pages\/39125\/revisions\/64892"}],"wp:attachment":[{"href":"https:\/\/legado.redeicm.org.br\/stellamaris\/wp-json\/wp\/v2\/media?parent=39125"}],"curies":[{"name":"wp","href":"https:\/\/api.w.org\/{rel}","templated":true}]}}