{"id":39114,"date":"2017-01-12T20:15:52","date_gmt":"2017-01-12T22:15:52","guid":{"rendered":"https:\/\/redeicm.org.br\/maededeus\/?page_id=39114"},"modified":"2024-11-14T14:17:44","modified_gmt":"2024-11-14T17:17:44","slug":"fianceiro","status":"publish","type":"page","link":"https:\/\/legado.redeicm.org.br\/stellamaris\/fianceiro\/","title":{"rendered":"Financeiro"},"content":{"rendered":"<h2>Financeiro<\/h2>\n<p><strong>E-mail:<\/strong> financeiro@colegiostellamaris.com.br<\/p>\n<div class=\"l-canvas sidebar_none type_wide titlebar_default\">\n<div class=\"l-main\">\n<div class=\"l-main-h i-cf\">\n<p><strong>Hor\u00e1rio de Funcionamento<\/strong>:<\/p>\n<p>De segunda \u00e0 sexta das 08h \u00e0s 12h e das 13h30min \u00e0s 17h30min.<\/p>\n<p>O setor financeiro tem por objetivo atender as demandas financeiras relacionadas \u00e0s mensalidades escolares<\/p>\n<\/div>\n<\/div>\n<\/div>\n<p>&nbsp;<\/p>\n<p>&nbsp;<\/p>\n<p>&nbsp;<\/p>\n<p>&nbsp;<\/p>\n<div class=\"angwp_51524 _ning_cont _ning_hidden _ning_outer _align_center responsive\" data-size=\"300x250\" data-bid=\"51524\" data-aid=\"0\" style=\"max-width:300px; width:100%;height:inherit;\"><div class=\"_ning_label _left\" style=\"\"><\/div><div class=\"_ning_inner\" style=\"\"><\/div><\/div><div class=\"clear\"><\/div><div class=\"angwp_57033 _ning_cont _ning_hidden _ning_outer _align_center responsive\" data-size=\"300x250\" data-bid=\"57033\" data-aid=\"0\" style=\"max-width:300px; width:100%;height:inherit;\"><div class=\"_ning_label _left\" style=\"\"><\/div><div class=\"_ning_inner\" style=\"\"><\/div><\/div><div class=\"clear\"><\/div>","protected":false},"excerpt":{"rendered":"<p>Financeiro E-mail: financeiro@colegiostellamaris.com.br Hor\u00e1rio de Funcionamento: De segunda \u00e0 sexta das 08h \u00e0s 12h e das 13h30min \u00e0s 17h30min. O setor financeiro tem por objetivo atender as demandas financeiras relacionadas \u00e0s mensalidades escolares &nbsp; &nbsp; &nbsp; &nbsp;<\/p>\n","protected":false},"author":127,"featured_media":0,"parent":0,"menu_order":0,"comment_status":"closed","ping_status":"closed","template":"","meta":{"_monsterinsights_skip_tracking":false,"_monsterinsights_sitenote_active":false,"_monsterinsights_sitenote_note":"","_monsterinsights_sitenote_category":0,"footnotes":""},"class_list":["post-39114","page","type-page","status-publish","hentry"],"acf":[],"_links":{"self":[{"href":"https:\/\/legado.redeicm.org.br\/stellamaris\/wp-json\/wp\/v2\/pages\/39114"}],"collection":[{"href":"https:\/\/legado.redeicm.org.br\/stellamaris\/wp-json\/wp\/v2\/pages"}],"about":[{"href":"https:\/\/legado.redeicm.org.br\/stellamaris\/wp-json\/wp\/v2\/types\/page"}],"author":[{"embeddable":true,"href":"https:\/\/legado.redeicm.org.br\/stellamaris\/wp-json\/wp\/v2\/users\/127"}],"replies":[{"embeddable":true,"href":"https:\/\/legado.redeicm.org.br\/stellamaris\/wp-json\/wp\/v2\/comments?post=39114"}],"version-history":[{"count":14,"href":"https:\/\/legado.redeicm.org.br\/stellamaris\/wp-json\/wp\/v2\/pages\/39114\/revisions"}],"predecessor-version":[{"id":65140,"href":"https:\/\/legado.redeicm.org.br\/stellamaris\/wp-json\/wp\/v2\/pages\/39114\/revisions\/65140"}],"wp:attachment":[{"href":"https:\/\/legado.redeicm.org.br\/stellamaris\/wp-json\/wp\/v2\/media?parent=39114"}],"curies":[{"name":"wp","href":"https:\/\/api.w.org\/{rel}","templated":true}]}}