{"id":39105,"date":"2017-01-12T20:07:10","date_gmt":"2017-01-12T22:07:10","guid":{"rendered":"https:\/\/redeicm.org.br\/maededeus\/?page_id=39105"},"modified":"2025-02-21T08:05:23","modified_gmt":"2025-02-21T11:05:23","slug":"soe","status":"publish","type":"page","link":"https:\/\/legado.redeicm.org.br\/stellamaris\/soe\/","title":{"rendered":"Servi\u00e7o de Orienta\u00e7\u00e3o Educacional &#8211; SOE"},"content":{"rendered":"<h2>Servi\u00e7o de Orienta\u00e7\u00e3o Educacional &#8211; SOE<\/h2>\n<p style=\"text-align: justify\">O Servi\u00e7o de Orienta\u00e7\u00e3o Educacional visa assessorar e integrar toda Comunidade Escolar, de forma preventiva e educativa, contribuindo no desenvolvimento integral de seus membros.<\/p>\n<p style=\"text-align: justify\"><strong>O Servi\u00e7o de Orienta\u00e7\u00e3o Educacional tem por atribui\u00e7\u00f5es:<\/strong><\/p>\n<p style=\"text-align: justify\"><strong>a)<\/strong>\u00a0Favorecer as rela\u00e7\u00f5es humanas, baseadas no auto-conhecimento, crescimento pessoal e a integra\u00e7\u00e3o social de todas as pessoas envolvidas no processo educacional;<br \/>\n<strong>b)<\/strong>\u00a0Promover o desenvolvimento dos alunos, tendo em vista sua realiza\u00e7\u00e3o individual e social;<br \/>\n<strong>c)<\/strong>\u00a0Propiciar aos alunos orienta\u00e7\u00e3o individual ou grupal, para que desenvolvam maior entendimento sobre suas dificuldades e a busca de solu\u00e7\u00f5es;<br \/>\n<strong>d)<\/strong>\u00a0Promover a tomada de consci\u00eancia do papel dos educadores, valorizando as caracter\u00edsticas necess\u00e1rias para atuar na educa\u00e7\u00e3o libertadora;<br \/>\n<strong>e)<\/strong>\u00a0Oportunizar e aprofundar o conhecimento para o desenvolvimento emocional e cognitivo, a fim de efetuar a proposta pedag\u00f3gica;<br \/>\n<strong>f)\u00a0<\/strong>Atender os pais dos alunos que apresentam dificuldades, para que colaborem na solu\u00e7\u00e3o dos problemas, acompanhem e incentivem o desempenho escolar do filho;<br \/>\n<strong>g)<\/strong>\u00a0Realizar o encaminhamento dos alunos, quando necess\u00e1rio, para institui\u00e7\u00f5es especializadas.<\/p>\n<p><strong><br \/>\nRespons\u00e1veis pelo SOE<\/strong><\/p>\n<p style=\"margin: 1.5rem\"><span style=\"font-size: 10.5pt;font-family: 'Open Sans',sans-serif;color: #666666\">Juliane Santanna &#8211; Educa\u00e7\u00e3o Infantil ao 3\u00ba ano do Ensino Fundamental Anos Iniciais (turno da tarde) &#8211; email: <a href=\"juliane.santanna@colegiostellamaris.com.br\">juliane.santanna@colegiostellamaris.com.br<\/a><\/span><\/p>\n<p style=\"margin: 1.5rem\"><span style=\"font-size: 10.5pt;font-family: 'Open Sans',sans-serif;color: #666666\">Debora Oliveira &#8211; 1\u00ba ao 3\u00ba ano (turno da manh\u00e3) e 4\u00ba ao 7\u00ba ano do Ensino Fundamental (manh\u00e3 e tarde) &#8211; email: <a title=\"mailto:debora.oliveira@colegiostellamaris.com.br\" href=\"mailto:debora.oliveira@colegiostellamaris.com.br\" data-linkindex=\"0\" data-ogsc=\"\">debora.oliveira<span data-ogsc=\"\">@colegiostellamaris.com.br<\/span>\u00a0<\/a><br \/>\n<\/span><\/p>\n<p style=\"margin: 1.5rem\"><span style=\"font-size: 10.5pt;font-family: 'Open Sans',sans-serif;color: #666666\">Cati\u00facia Ferreira &#8211;\u00a0<\/span><span data-ogsc=\"\" data-olk-copy-source=\"MessageBody\"> 8\u00ba ano do Ensino Fundamental Anos Finais e Ensino M\u00e9dio &#8211; email: <a title=\"https:\/\/legado.redeicm.org.br\/stellamaris\/soe\/catiucia.ferreira@colegiostellamaris.com.br\" href=\"https:\/\/legado.redeicm.org.br\/stellamaris\/soe\/catiucia.ferreira@colegiostellamaris.com.br\" data-auth=\"NotApplicable\" data-linkindex=\"1\" data-ogsc=\"\">catiucia.ferreira@colegiostellamaris.com.br<\/a>\u00a0<\/span><\/p>\n<p style=\"margin: 1.5rem\"><span style=\"font-size: 10.5pt;font-family: 'Open Sans',sans-serif;color: #666666\">\u00a0<\/span><\/p>\n<div class=\"angwp_51524 _ning_cont _ning_hidden _ning_outer _align_center responsive\" data-size=\"300x250\" data-bid=\"51524\" data-aid=\"0\" style=\"max-width:300px; width:100%;height:inherit;\"><div class=\"_ning_label _left\" style=\"\"><\/div><div class=\"_ning_inner\" style=\"\"><\/div><\/div><div class=\"clear\"><\/div><div class=\"angwp_57033 _ning_cont _ning_hidden _ning_outer _align_center responsive\" data-size=\"300x250\" data-bid=\"57033\" data-aid=\"0\" style=\"max-width:300px; width:100%;height:inherit;\"><div class=\"_ning_label _left\" style=\"\"><\/div><div class=\"_ning_inner\" style=\"\"><\/div><\/div><div class=\"clear\"><\/div>","protected":false},"excerpt":{"rendered":"<p>Servi\u00e7o de Orienta\u00e7\u00e3o Educacional &#8211; SOE O Servi\u00e7o de Orienta\u00e7\u00e3o Educacional visa assessorar e integrar toda Comunidade Escolar, de forma preventiva e educativa, contribuindo no desenvolvimento integral de seus membros. O Servi\u00e7o de Orienta\u00e7\u00e3o Educacional tem por atribui\u00e7\u00f5es: a)\u00a0Favorecer as rela\u00e7\u00f5es humanas, baseadas no auto-conhecimento, crescimento pessoal e a integra\u00e7\u00e3o social de todas as pessoas&#8230;<\/p>\n","protected":false},"author":127,"featured_media":0,"parent":0,"menu_order":0,"comment_status":"closed","ping_status":"closed","template":"","meta":{"_monsterinsights_skip_tracking":false,"_monsterinsights_sitenote_active":false,"_monsterinsights_sitenote_note":"","_monsterinsights_sitenote_category":0,"footnotes":""},"class_list":["post-39105","page","type-page","status-publish","hentry"],"acf":[],"_links":{"self":[{"href":"https:\/\/legado.redeicm.org.br\/stellamaris\/wp-json\/wp\/v2\/pages\/39105"}],"collection":[{"href":"https:\/\/legado.redeicm.org.br\/stellamaris\/wp-json\/wp\/v2\/pages"}],"about":[{"href":"https:\/\/legado.redeicm.org.br\/stellamaris\/wp-json\/wp\/v2\/types\/page"}],"author":[{"embeddable":true,"href":"https:\/\/legado.redeicm.org.br\/stellamaris\/wp-json\/wp\/v2\/users\/127"}],"replies":[{"embeddable":true,"href":"https:\/\/legado.redeicm.org.br\/stellamaris\/wp-json\/wp\/v2\/comments?post=39105"}],"version-history":[{"count":16,"href":"https:\/\/legado.redeicm.org.br\/stellamaris\/wp-json\/wp\/v2\/pages\/39105\/revisions"}],"predecessor-version":[{"id":65207,"href":"https:\/\/legado.redeicm.org.br\/stellamaris\/wp-json\/wp\/v2\/pages\/39105\/revisions\/65207"}],"wp:attachment":[{"href":"https:\/\/legado.redeicm.org.br\/stellamaris\/wp-json\/wp\/v2\/media?parent=39105"}],"curies":[{"name":"wp","href":"https:\/\/api.w.org\/{rel}","templated":true}]}}