{"id":39101,"date":"2017-01-12T20:04:54","date_gmt":"2017-01-12T22:04:54","guid":{"rendered":"https:\/\/redeicm.org.br\/maededeus\/?page_id=39101"},"modified":"2024-10-31T11:45:23","modified_gmt":"2024-10-31T14:45:23","slug":"scp","status":"publish","type":"page","link":"https:\/\/legado.redeicm.org.br\/stellamaris\/scp\/","title":{"rendered":"Servi\u00e7o de Coordena\u00e7\u00e3o Pedag\u00f3gica &#8211; SCP"},"content":{"rendered":"<h2 style=\"text-align: left\">Servi\u00e7o de Coordena\u00e7\u00e3o Pedag\u00f3gica &#8211; SCP<\/h2>\n<p style=\"text-align: left\">O Servi\u00e7o de Coordena\u00e7\u00e3o Pedag\u00f3gica contribui para o aperfei\u00e7oamento do processo educativo, favorecendo ao educando e educadores condi\u00e7\u00f5es de desenvolvimento do seu potencial psicossocial, bem como fornece subs\u00eddios para o bom andamento das atividades pedag\u00f3gicas, relacionadas ao cotidiano escolar, comprometido com os princ\u00edpios da educa\u00e7\u00e3o Evang\u00e9lico-Libertadora.<\/p>\n<p style=\"text-align: left\"><strong>O Servi\u00e7o de Coordena\u00e7\u00e3o Pedag\u00f3gica tem por atribui\u00e7\u00f5es:<\/strong><\/p>\n<p style=\"text-align: left\">a) Elaborar participativamente a a\u00e7\u00e3o educativa, pensada e assumida dentro de um contexto global, buscando, com os educadores, a reformula\u00e7\u00e3o dos procedimentos pedag\u00f3gicos, sempre que necess\u00e1rio;<br \/>\nb) Integrar seu plano de a\u00e7\u00e3o ao Plano Global da Escola;<br \/>\nc) Coordenar, juntamente com a Dire\u00e7\u00e3o, a execu\u00e7\u00e3o do Plano Global da Escola;<br \/>\nd) Orientar os educadores quanto \u00e0 filosofia e objetivo, curr\u00edculos e din\u00e2micas de funcionamento da Escola;<br \/>\ne) Convocar e dirigir reuni\u00f5es, sess\u00f5es de estudo, reflex\u00e3o com pais e professores, buscando uma participa\u00e7\u00e3o mais efetiva em coer\u00eancia com a Filosofia Educacional;<br \/>\nf) Assessorar os educadores no planejamento, execu\u00e7\u00e3o e avalia\u00e7\u00e3o do processo pedag\u00f3gico, assegurando a unidade de a\u00e7\u00e3o;<br \/>\ng) Estimular a forma\u00e7\u00e3o e a atualiza\u00e7\u00e3o permanente do Corpo Docente, visando o aprimoramento pedag\u00f3gico;<br \/>\nh) Organizar, acompanhar e orientar a realiza\u00e7\u00e3o dos estudos de recupera\u00e7\u00e3o, como mais uma busca conjunta na supera\u00e7\u00e3o de dificuldades;<br \/>\ni) Analisar o hist\u00f3rico escolar e demais documentos do educando para aproveitar e adaptar estudos;<br \/>\nj) Manter contato direto e permanente com os Servi\u00e7os de Orienta\u00e7\u00e3o Educacional e de Educa\u00e7\u00e3o religiosa, buscando a intera\u00e7\u00e3o dos Setores para a constru\u00e7\u00e3o do saber em sua globalidade.<\/p>\n<p style=\"text-align: left\"><strong>Coordenadoras Pedag\u00f3gicas:<\/strong><br \/>\nNathalia Caggiano &#8211; Educa\u00e7\u00e3o Infantil\u00a0 e Ensino Fundamental Anos Iniciais<br \/>\nMiriam Rios &#8211; Ensino Fundamental Anos Finais e Ensino M\u00e9dio<\/p>\n<p>&nbsp;<\/p>\n<div class=\"angwp_51524 _ning_cont _ning_hidden _ning_outer _align_center responsive\" data-size=\"300x250\" data-bid=\"51524\" data-aid=\"0\" style=\"max-width:300px; width:100%;height:inherit;\"><div class=\"_ning_label _left\" style=\"\"><\/div><div class=\"_ning_inner\" style=\"\"><\/div><\/div><div class=\"clear\"><\/div><div class=\"angwp_57033 _ning_cont _ning_hidden _ning_outer _align_center responsive\" data-size=\"300x250\" data-bid=\"57033\" data-aid=\"0\" style=\"max-width:300px; width:100%;height:inherit;\"><div class=\"_ning_label _left\" style=\"\"><\/div><div class=\"_ning_inner\" style=\"\"><\/div><\/div><div class=\"clear\"><\/div>","protected":false},"excerpt":{"rendered":"<p>Servi\u00e7o de Coordena\u00e7\u00e3o Pedag\u00f3gica &#8211; SCP O Servi\u00e7o de Coordena\u00e7\u00e3o Pedag\u00f3gica contribui para o aperfei\u00e7oamento do processo educativo, favorecendo ao educando e educadores condi\u00e7\u00f5es de desenvolvimento do seu potencial psicossocial, bem como fornece subs\u00eddios para o bom andamento das atividades pedag\u00f3gicas, relacionadas ao cotidiano escolar, comprometido com os princ\u00edpios da educa\u00e7\u00e3o Evang\u00e9lico-Libertadora. O Servi\u00e7o de&#8230;<\/p>\n","protected":false},"author":127,"featured_media":0,"parent":0,"menu_order":0,"comment_status":"closed","ping_status":"closed","template":"","meta":{"_monsterinsights_skip_tracking":false,"_monsterinsights_sitenote_active":false,"_monsterinsights_sitenote_note":"","_monsterinsights_sitenote_category":0,"footnotes":""},"class_list":["post-39101","page","type-page","status-publish","hentry"],"acf":[],"_links":{"self":[{"href":"https:\/\/legado.redeicm.org.br\/stellamaris\/wp-json\/wp\/v2\/pages\/39101"}],"collection":[{"href":"https:\/\/legado.redeicm.org.br\/stellamaris\/wp-json\/wp\/v2\/pages"}],"about":[{"href":"https:\/\/legado.redeicm.org.br\/stellamaris\/wp-json\/wp\/v2\/types\/page"}],"author":[{"embeddable":true,"href":"https:\/\/legado.redeicm.org.br\/stellamaris\/wp-json\/wp\/v2\/users\/127"}],"replies":[{"embeddable":true,"href":"https:\/\/legado.redeicm.org.br\/stellamaris\/wp-json\/wp\/v2\/comments?post=39101"}],"version-history":[{"count":19,"href":"https:\/\/legado.redeicm.org.br\/stellamaris\/wp-json\/wp\/v2\/pages\/39101\/revisions"}],"predecessor-version":[{"id":65099,"href":"https:\/\/legado.redeicm.org.br\/stellamaris\/wp-json\/wp\/v2\/pages\/39101\/revisions\/65099"}],"wp:attachment":[{"href":"https:\/\/legado.redeicm.org.br\/stellamaris\/wp-json\/wp\/v2\/media?parent=39101"}],"curies":[{"name":"wp","href":"https:\/\/api.w.org\/{rel}","templated":true}]}}