{"id":39078,"date":"2017-01-12T18:49:07","date_gmt":"2017-01-12T20:49:07","guid":{"rendered":"https:\/\/redeicm.org.br\/maededeus\/?page_id=39078"},"modified":"2025-06-11T16:28:45","modified_gmt":"2025-06-11T19:28:45","slug":"educacao-infantil","status":"publish","type":"page","link":"https:\/\/legado.redeicm.org.br\/stellamaris\/educacao-infantil\/","title":{"rendered":"Educa\u00e7\u00e3o Infantil"},"content":{"rendered":"<h2 style=\"display:none\">Educa\u00e7\u00e3o Infantil<\/h2>\n<p>A Educa\u00e7\u00e3o Infantil \u2013 \u00a0tem por objetivo desenvolver as potencialidades integrais do aluno,<\/p>\n<ul>\n<li>considerando os aspectos sociais, psicomotores, afetivos e cognitivos;<\/li>\n<li>oportunizando o processo de constru\u00e7\u00e3o do EU, buscando um espa\u00e7o que favore\u00e7a a pr\u00e1tica das rela\u00e7\u00f5es interpessoais;<\/li>\n<li>viabilizando a an\u00e1lise cr\u00edtica e a reconstru\u00e7\u00e3o dos valores morais e sociais vigentes, baseados nos princ\u00edpios crist\u00e3os.<\/li>\n<\/ul>\n<p>A proposta pedag\u00f3gica da Educa\u00e7\u00e3o Infantil busca garantir \u00e0 crian\u00e7a \u201co acesso a processos de apropria\u00e7\u00e3o, renova\u00e7\u00e3o e articula\u00e7\u00e3o de conhecimentos e aprendizagens de diferentes linguagens, assim como o direito \u00e0 prote\u00e7\u00e3o, \u00e0 sa\u00fade, \u00e0 liberdade, \u00e0 confian\u00e7a, ao respeito, \u00e0 dignidade, \u00e0 brincadeira, \u00e0 conviv\u00eancia e \u00e0 intera\u00e7\u00e3o com outras crian\u00e7as\u201d.<\/p>\n<p>Ao concretizar a proposta pedag\u00f3gica, consideramos a crian\u00e7a como centro do planejamento curricular, como algu\u00e9m, que atrav\u00e9s das \u00a0intera\u00e7\u00f5es, rela\u00e7\u00f5es e pr\u00e1ticas cotidianas vivenciadas, constr\u00f3i sua identidade pessoal e coletiva, brinca, imagina, fantasia, deseja, aprende, observa, experimenta, narra, questiona e constr\u00f3i significados sobre a natureza e a sociedade na qual est\u00e1 inserida.<\/p>\n<p>Acreditamos que brincar e \u201cfazer de conta\u201d s\u00e3o atividades fundamentais para as crian\u00e7as, pois enquanto brincam, desenvolvem suas condi\u00e7\u00f5es f\u00edsicas e psicol\u00f3gicas, aprendendo sobre o espa\u00e7o f\u00edsico, social e de rela\u00e7\u00f5es em que vivem. Acreditamos, tamb\u00e9m, que n\u00e3o \u00e9 suficiente o brincar, para aprender, pois h\u00e1 aprendizagens que s\u00f3 se efetivam atrav\u00e9s de situa\u00e7\u00f5es intencionais propostas (atividades), para as quais as crian\u00e7as precisam ser encorajadas, orientadas\u00a0 e desafiadas, pelos adultos (educadores) envolvidos com a sua forma\u00e7\u00e3o.<\/p>\n<p>Sendo assim, o curr\u00edculo da Educa\u00e7\u00e3o Infantil \u00e9 concebido como um conjunto de pr\u00e1ticas que buscam articular as experi\u00eancias e os saberes das crian\u00e7as com os conhecimentos que fazem parte do patrim\u00f4nio cultural, art\u00edstico, ambiental, cient\u00edfico e tecnol\u00f3gico, de modo a promover o desenvolvimento integral das crian\u00e7as.<\/p>\n<div class=\"angwp_51524 _ning_cont _ning_hidden _ning_outer _align_center responsive\" data-size=\"300x250\" data-bid=\"51524\" data-aid=\"0\" style=\"max-width:300px; width:100%;height:inherit;\"><div class=\"_ning_label _left\" style=\"\"><\/div><div class=\"_ning_inner\" style=\"\"><\/div><\/div><div class=\"clear\"><\/div><div class=\"angwp_57033 _ning_cont _ning_hidden _ning_outer _align_center responsive\" data-size=\"300x250\" data-bid=\"57033\" data-aid=\"0\" style=\"max-width:300px; width:100%;height:inherit;\"><div class=\"_ning_label _left\" style=\"\"><\/div><div class=\"_ning_inner\" style=\"\"><\/div><\/div><div class=\"clear\"><\/div>","protected":false},"excerpt":{"rendered":"<p>Educa\u00e7\u00e3o Infantil A Educa\u00e7\u00e3o Infantil \u2013 \u00a0tem por objetivo desenvolver as potencialidades integrais do aluno, considerando os aspectos sociais, psicomotores, afetivos e cognitivos; oportunizando o processo de constru\u00e7\u00e3o do EU, buscando um espa\u00e7o que favore\u00e7a a pr\u00e1tica das rela\u00e7\u00f5es interpessoais; viabilizando a an\u00e1lise cr\u00edtica e a reconstru\u00e7\u00e3o dos valores morais e sociais vigentes, baseados nos&#8230;<\/p>\n","protected":false},"author":127,"featured_media":0,"parent":0,"menu_order":0,"comment_status":"closed","ping_status":"closed","template":"","meta":{"_monsterinsights_skip_tracking":false,"_monsterinsights_sitenote_active":false,"_monsterinsights_sitenote_note":"","_monsterinsights_sitenote_category":0,"footnotes":""},"class_list":["post-39078","page","type-page","status-publish","hentry"],"acf":[],"_links":{"self":[{"href":"https:\/\/legado.redeicm.org.br\/stellamaris\/wp-json\/wp\/v2\/pages\/39078"}],"collection":[{"href":"https:\/\/legado.redeicm.org.br\/stellamaris\/wp-json\/wp\/v2\/pages"}],"about":[{"href":"https:\/\/legado.redeicm.org.br\/stellamaris\/wp-json\/wp\/v2\/types\/page"}],"author":[{"embeddable":true,"href":"https:\/\/legado.redeicm.org.br\/stellamaris\/wp-json\/wp\/v2\/users\/127"}],"replies":[{"embeddable":true,"href":"https:\/\/legado.redeicm.org.br\/stellamaris\/wp-json\/wp\/v2\/comments?post=39078"}],"version-history":[{"count":14,"href":"https:\/\/legado.redeicm.org.br\/stellamaris\/wp-json\/wp\/v2\/pages\/39078\/revisions"}],"predecessor-version":[{"id":65227,"href":"https:\/\/legado.redeicm.org.br\/stellamaris\/wp-json\/wp\/v2\/pages\/39078\/revisions\/65227"}],"wp:attachment":[{"href":"https:\/\/legado.redeicm.org.br\/stellamaris\/wp-json\/wp\/v2\/media?parent=39078"}],"curies":[{"name":"wp","href":"https:\/\/api.w.org\/{rel}","templated":true}]}}