{"id":39244,"date":"2017-06-16T23:26:40","date_gmt":"2017-06-17T02:26:40","guid":{"rendered":"https:\/\/redeicm.org.br\/saojose\/?page_id=39244"},"modified":"2022-08-02T11:28:33","modified_gmt":"2022-08-02T14:28:33","slug":"servico-de-convivencia-e-fortalecimento-de-vinculos","status":"publish","type":"page","link":"https:\/\/legado.redeicm.org.br\/saojose\/servico-de-convivencia-e-fortalecimento-de-vinculos\/","title":{"rendered":"Servi\u00e7o de Conviv\u00eancia e Fortalecimento de V\u00ednculos (SCFV)"},"content":{"rendered":"<p style=\"text-align: justify\">O Servi\u00e7o de Conviv\u00eancia e Fortalecimento de V\u00ednculos (SCFV) \u00e9, segundo a Tipifica\u00e7\u00e3o Nacional de Servi\u00e7os Socioassistenciais, um servi\u00e7o realizado com grupos, organizado de modo a prevenir as situa\u00e7\u00f5es de risco social, ampliar trocas culturais e de viv\u00eancias, desenvolver o sentimento de perten\u00e7a e de identidade, fortalecer v\u00ednculos e incentivar a socializa\u00e7\u00e3o e a conviv\u00eancia comunit\u00e1ria.<\/p>\n<p style=\"text-align: justify\">Possui car\u00e1ter preventivo, pautado na defesa dos direitos e desenvolvimento das capacidades e potencialidades de cada indiv\u00edduo, prevenindo situa\u00e7\u00f5es de vulnerabilidade social.<\/p>\n<p style=\"text-align: justify\">Trata-se de um Servi\u00e7o da Prote\u00e7\u00e3o Social B\u00e1sica do Sistema \u00danico de Assist\u00eancia Social, regulamentado pela Tipifica\u00e7\u00e3o Nacional de Servi\u00e7os Socioassistenciais (Resolu\u00e7\u00e3o CNAS n\u00ba 109\/2009). E foi reordenado em 2013 por meio da Resolu\u00e7\u00e3o CNAS n\u00ba01\/2013.<\/p>\n<p style=\"text-align: justify\">O p\u00fablico-alvo do SCFV atendido no\u00a0Educand\u00e1rio S\u00e3o Jos\u00e9 do Bel\u00e9m\u00a0s\u00e3o crian\u00e7as e adolescentes, usu\u00e1rios da faixa de 06 a 14 anos e 11 meses .<\/p>\n<p style=\"text-align: justify\">\u00a0J\u00e1 o Projeto &#8220;M\u00e3os que constroem cidadania&#8221; o p\u00fablico alvo s\u00e3o usu\u00e1rios de 18 a 65 anos e ou mais.<\/p>\n<p style=\"text-align: center\"><em><strong>A arte de viver \u00e9 simplesmente a arte de conviver&#8230; simplesmente, disse eu?<\/strong><\/em><br \/>\n<em><strong>Mas como \u00e9 dif\u00edcil!\u00a0 (Mario Quintana)<\/strong><\/em><\/p>\n<p><img loading=\"lazy\" decoding=\"async\" class=\"alignnone size-medium wp-image-39266\" src=\"https:\/\/redeicm.org.br\/saojose\/wp-content\/uploads\/sites\/22\/2017\/06\/IMG_9128-1-300x225.jpg\" alt=\"\" width=\"300\" height=\"225\" srcset=\"https:\/\/legado.redeicm.org.br\/saojose\/wp-content\/uploads\/sites\/22\/2017\/06\/IMG_9128-1-300x225.jpg 300w, https:\/\/legado.redeicm.org.br\/saojose\/wp-content\/uploads\/sites\/22\/2017\/06\/IMG_9128-1-768x576.jpg 768w, https:\/\/legado.redeicm.org.br\/saojose\/wp-content\/uploads\/sites\/22\/2017\/06\/IMG_9128-1-1024x768.jpg 1024w, https:\/\/legado.redeicm.org.br\/saojose\/wp-content\/uploads\/sites\/22\/2017\/06\/IMG_9128-1-600x450.jpg 600w, https:\/\/legado.redeicm.org.br\/saojose\/wp-content\/uploads\/sites\/22\/2017\/06\/IMG_9128-1-250x188.jpg 250w\" sizes=\"(max-width: 300px) 100vw, 300px\" \/><img loading=\"lazy\" decoding=\"async\" class=\"alignnone wp-image-40131\" src=\"https:\/\/legado.redeicm.org.br\/saojose\/wp-content\/uploads\/sites\/22\/2017\/12\/img_3937-300x169.jpg\" alt=\"\" width=\"396\" height=\"223\" srcset=\"https:\/\/legado.redeicm.org.br\/saojose\/wp-content\/uploads\/sites\/22\/2017\/12\/img_3937-300x169.jpg 300w, https:\/\/legado.redeicm.org.br\/saojose\/wp-content\/uploads\/sites\/22\/2017\/12\/img_3937-768x432.jpg 768w, https:\/\/legado.redeicm.org.br\/saojose\/wp-content\/uploads\/sites\/22\/2017\/12\/img_3937-1024x576.jpg 1024w, https:\/\/legado.redeicm.org.br\/saojose\/wp-content\/uploads\/sites\/22\/2017\/12\/img_3937-600x338.jpg 600w, https:\/\/legado.redeicm.org.br\/saojose\/wp-content\/uploads\/sites\/22\/2017\/12\/img_3937-250x141.jpg 250w, https:\/\/legado.redeicm.org.br\/saojose\/wp-content\/uploads\/sites\/22\/2017\/12\/img_3937.jpg 1032w\" sizes=\"(max-width: 396px) 100vw, 396px\" \/><img loading=\"lazy\" decoding=\"async\" class=\"alignnone size-medium wp-image-40136\" src=\"https:\/\/legado.redeicm.org.br\/saojose\/wp-content\/uploads\/sites\/22\/2017\/12\/img_0031-2-300x225.jpg\" alt=\"\" width=\"300\" height=\"225\" srcset=\"https:\/\/legado.redeicm.org.br\/saojose\/wp-content\/uploads\/sites\/22\/2017\/12\/img_0031-2-300x225.jpg 300w, https:\/\/legado.redeicm.org.br\/saojose\/wp-content\/uploads\/sites\/22\/2017\/12\/img_0031-2-768x576.jpg 768w, https:\/\/legado.redeicm.org.br\/saojose\/wp-content\/uploads\/sites\/22\/2017\/12\/img_0031-2-1024x768.jpg 1024w, https:\/\/legado.redeicm.org.br\/saojose\/wp-content\/uploads\/sites\/22\/2017\/12\/img_0031-2-600x450.jpg 600w, https:\/\/legado.redeicm.org.br\/saojose\/wp-content\/uploads\/sites\/22\/2017\/12\/img_0031-2-250x188.jpg 250w\" sizes=\"(max-width: 300px) 100vw, 300px\" \/><img loading=\"lazy\" decoding=\"async\" class=\"alignnone size-medium wp-image-40703\" src=\"https:\/\/legado.redeicm.org.br\/saojose\/wp-content\/uploads\/sites\/22\/2018\/09\/MUSICALIZA\u00c7\u00c3O2-300x225.jpg\" alt=\"\" width=\"300\" height=\"225\" srcset=\"https:\/\/legado.redeicm.org.br\/saojose\/wp-content\/uploads\/sites\/22\/2018\/09\/MUSICALIZA\u00c7\u00c3O2-300x225.jpg 300w, https:\/\/legado.redeicm.org.br\/saojose\/wp-content\/uploads\/sites\/22\/2018\/09\/MUSICALIZA\u00c7\u00c3O2-768x576.jpg 768w, https:\/\/legado.redeicm.org.br\/saojose\/wp-content\/uploads\/sites\/22\/2018\/09\/MUSICALIZA\u00c7\u00c3O2-1024x768.jpg 1024w, https:\/\/legado.redeicm.org.br\/saojose\/wp-content\/uploads\/sites\/22\/2018\/09\/MUSICALIZA\u00c7\u00c3O2-600x450.jpg 600w, https:\/\/legado.redeicm.org.br\/saojose\/wp-content\/uploads\/sites\/22\/2018\/09\/MUSICALIZA\u00c7\u00c3O2-250x188.jpg 250w\" sizes=\"(max-width: 300px) 100vw, 300px\" \/> <img loading=\"lazy\" decoding=\"async\" class=\"alignnone size-medium wp-image-40712\" src=\"https:\/\/legado.redeicm.org.br\/saojose\/wp-content\/uploads\/sites\/22\/2018\/09\/OFICINA-DIGITAL-2-300x225.jpg\" alt=\"\" width=\"300\" height=\"225\" srcset=\"https:\/\/legado.redeicm.org.br\/saojose\/wp-content\/uploads\/sites\/22\/2018\/09\/OFICINA-DIGITAL-2-300x225.jpg 300w, https:\/\/legado.redeicm.org.br\/saojose\/wp-content\/uploads\/sites\/22\/2018\/09\/OFICINA-DIGITAL-2-768x576.jpg 768w, https:\/\/legado.redeicm.org.br\/saojose\/wp-content\/uploads\/sites\/22\/2018\/09\/OFICINA-DIGITAL-2-1024x768.jpg 1024w, https:\/\/legado.redeicm.org.br\/saojose\/wp-content\/uploads\/sites\/22\/2018\/09\/OFICINA-DIGITAL-2-600x450.jpg 600w, https:\/\/legado.redeicm.org.br\/saojose\/wp-content\/uploads\/sites\/22\/2018\/09\/OFICINA-DIGITAL-2-250x188.jpg 250w\" sizes=\"(max-width: 300px) 100vw, 300px\" \/><img loading=\"lazy\" decoding=\"async\" class=\"alignnone size-medium wp-image-40694\" src=\"https:\/\/legado.redeicm.org.br\/saojose\/wp-content\/uploads\/sites\/22\/2018\/09\/CONVIVER-E-APRENDER-300x225.jpg\" alt=\"\" width=\"300\" height=\"225\" srcset=\"https:\/\/legado.redeicm.org.br\/saojose\/wp-content\/uploads\/sites\/22\/2018\/09\/CONVIVER-E-APRENDER-300x225.jpg 300w, https:\/\/legado.redeicm.org.br\/saojose\/wp-content\/uploads\/sites\/22\/2018\/09\/CONVIVER-E-APRENDER-768x576.jpg 768w, https:\/\/legado.redeicm.org.br\/saojose\/wp-content\/uploads\/sites\/22\/2018\/09\/CONVIVER-E-APRENDER-1024x768.jpg 1024w, https:\/\/legado.redeicm.org.br\/saojose\/wp-content\/uploads\/sites\/22\/2018\/09\/CONVIVER-E-APRENDER-600x450.jpg 600w, https:\/\/legado.redeicm.org.br\/saojose\/wp-content\/uploads\/sites\/22\/2018\/09\/CONVIVER-E-APRENDER-250x188.jpg 250w\" sizes=\"(max-width: 300px) 100vw, 300px\" \/><img loading=\"lazy\" decoding=\"async\" class=\"alignnone size-medium wp-image-40701\" src=\"https:\/\/legado.redeicm.org.br\/saojose\/wp-content\/uploads\/sites\/22\/2018\/09\/LITERATURA2-300x225.jpg\" alt=\"\" width=\"300\" height=\"225\" srcset=\"https:\/\/legado.redeicm.org.br\/saojose\/wp-content\/uploads\/sites\/22\/2018\/09\/LITERATURA2-300x225.jpg 300w, https:\/\/legado.redeicm.org.br\/saojose\/wp-content\/uploads\/sites\/22\/2018\/09\/LITERATURA2-768x576.jpg 768w, https:\/\/legado.redeicm.org.br\/saojose\/wp-content\/uploads\/sites\/22\/2018\/09\/LITERATURA2-1024x768.jpg 1024w, https:\/\/legado.redeicm.org.br\/saojose\/wp-content\/uploads\/sites\/22\/2018\/09\/LITERATURA2-600x450.jpg 600w, https:\/\/legado.redeicm.org.br\/saojose\/wp-content\/uploads\/sites\/22\/2018\/09\/LITERATURA2-250x188.jpg 250w\" sizes=\"(max-width: 300px) 100vw, 300px\" \/><img loading=\"lazy\" decoding=\"async\" class=\"alignnone size-medium wp-image-40699\" src=\"https:\/\/legado.redeicm.org.br\/saojose\/wp-content\/uploads\/sites\/22\/2018\/09\/ESPA\u00c7O-DO-CONHECIMENTO-1-300x225.jpg\" alt=\"\" width=\"300\" height=\"225\" srcset=\"https:\/\/legado.redeicm.org.br\/saojose\/wp-content\/uploads\/sites\/22\/2018\/09\/ESPA\u00c7O-DO-CONHECIMENTO-1-300x225.jpg 300w, https:\/\/legado.redeicm.org.br\/saojose\/wp-content\/uploads\/sites\/22\/2018\/09\/ESPA\u00c7O-DO-CONHECIMENTO-1-768x576.jpg 768w, https:\/\/legado.redeicm.org.br\/saojose\/wp-content\/uploads\/sites\/22\/2018\/09\/ESPA\u00c7O-DO-CONHECIMENTO-1-1024x768.jpg 1024w, https:\/\/legado.redeicm.org.br\/saojose\/wp-content\/uploads\/sites\/22\/2018\/09\/ESPA\u00c7O-DO-CONHECIMENTO-1-600x450.jpg 600w, https:\/\/legado.redeicm.org.br\/saojose\/wp-content\/uploads\/sites\/22\/2018\/09\/ESPA\u00c7O-DO-CONHECIMENTO-1-250x188.jpg 250w, https:\/\/legado.redeicm.org.br\/saojose\/wp-content\/uploads\/sites\/22\/2018\/09\/ESPA\u00c7O-DO-CONHECIMENTO-1.jpg 1280w\" sizes=\"(max-width: 300px) 100vw, 300px\" \/><img loading=\"lazy\" decoding=\"async\" class=\"alignnone size-medium wp-image-40706\" src=\"https:\/\/legado.redeicm.org.br\/saojose\/wp-content\/uploads\/sites\/22\/2018\/09\/OFICINA-ARTE-E-MOVIMENTO-3-300x225.jpg\" alt=\"\" width=\"300\" height=\"225\" srcset=\"https:\/\/legado.redeicm.org.br\/saojose\/wp-content\/uploads\/sites\/22\/2018\/09\/OFICINA-ARTE-E-MOVIMENTO-3-300x225.jpg 300w, https:\/\/legado.redeicm.org.br\/saojose\/wp-content\/uploads\/sites\/22\/2018\/09\/OFICINA-ARTE-E-MOVIMENTO-3-768x576.jpg 768w, https:\/\/legado.redeicm.org.br\/saojose\/wp-content\/uploads\/sites\/22\/2018\/09\/OFICINA-ARTE-E-MOVIMENTO-3-1024x768.jpg 1024w, https:\/\/legado.redeicm.org.br\/saojose\/wp-content\/uploads\/sites\/22\/2018\/09\/OFICINA-ARTE-E-MOVIMENTO-3-600x450.jpg 600w, https:\/\/legado.redeicm.org.br\/saojose\/wp-content\/uploads\/sites\/22\/2018\/09\/OFICINA-ARTE-E-MOVIMENTO-3-250x188.jpg 250w\" sizes=\"(max-width: 300px) 100vw, 300px\" \/><img loading=\"lazy\" decoding=\"async\" class=\"alignnone size-medium wp-image-40692\" src=\"https:\/\/legado.redeicm.org.br\/saojose\/wp-content\/uploads\/sites\/22\/2018\/09\/BRINQUEDOTECA-300x225.jpg\" alt=\"\" width=\"300\" height=\"225\" srcset=\"https:\/\/legado.redeicm.org.br\/saojose\/wp-content\/uploads\/sites\/22\/2018\/09\/BRINQUEDOTECA-300x225.jpg 300w, https:\/\/legado.redeicm.org.br\/saojose\/wp-content\/uploads\/sites\/22\/2018\/09\/BRINQUEDOTECA-768x576.jpg 768w, https:\/\/legado.redeicm.org.br\/saojose\/wp-content\/uploads\/sites\/22\/2018\/09\/BRINQUEDOTECA-1024x768.jpg 1024w, https:\/\/legado.redeicm.org.br\/saojose\/wp-content\/uploads\/sites\/22\/2018\/09\/BRINQUEDOTECA-600x450.jpg 600w, https:\/\/legado.redeicm.org.br\/saojose\/wp-content\/uploads\/sites\/22\/2018\/09\/BRINQUEDOTECA-250x188.jpg 250w\" sizes=\"(max-width: 300px) 100vw, 300px\" \/><\/p>\n","protected":false},"excerpt":{"rendered":"<p>O Servi\u00e7o de Conviv\u00eancia e Fortalecimento de V\u00ednculos (SCFV) \u00e9, segundo a Tipifica\u00e7\u00e3o Nacional de Servi\u00e7os Socioassistenciais, um servi\u00e7o realizado com grupos, organizado de modo a prevenir as situa\u00e7\u00f5es de risco social, ampliar trocas culturais e de viv\u00eancias, desenvolver o sentimento de perten\u00e7a e de identidade, fortalecer v\u00ednculos e incentivar a socializa\u00e7\u00e3o e a conviv\u00eancia&#8230;<\/p>\n","protected":false},"author":1,"featured_media":0,"parent":0,"menu_order":0,"comment_status":"closed","ping_status":"closed","template":"","meta":{"_acf_changed":false,"_monsterinsights_skip_tracking":false,"_monsterinsights_sitenote_active":false,"_monsterinsights_sitenote_note":"","_monsterinsights_sitenote_category":0,"footnotes":""},"class_list":["post-39244","page","type-page","status-publish","hentry"],"acf":[],"_links":{"self":[{"href":"https:\/\/legado.redeicm.org.br\/saojose\/wp-json\/wp\/v2\/pages\/39244"}],"collection":[{"href":"https:\/\/legado.redeicm.org.br\/saojose\/wp-json\/wp\/v2\/pages"}],"about":[{"href":"https:\/\/legado.redeicm.org.br\/saojose\/wp-json\/wp\/v2\/types\/page"}],"author":[{"embeddable":true,"href":"https:\/\/legado.redeicm.org.br\/saojose\/wp-json\/wp\/v2\/users\/1"}],"replies":[{"embeddable":true,"href":"https:\/\/legado.redeicm.org.br\/saojose\/wp-json\/wp\/v2\/comments?post=39244"}],"version-history":[{"count":11,"href":"https:\/\/legado.redeicm.org.br\/saojose\/wp-json\/wp\/v2\/pages\/39244\/revisions"}],"predecessor-version":[{"id":42506,"href":"https:\/\/legado.redeicm.org.br\/saojose\/wp-json\/wp\/v2\/pages\/39244\/revisions\/42506"}],"wp:attachment":[{"href":"https:\/\/legado.redeicm.org.br\/saojose\/wp-json\/wp\/v2\/media?parent=39244"}],"curies":[{"name":"wp","href":"https:\/\/api.w.org\/{rel}","templated":true}]}}