{"id":75086,"date":"2021-03-01T07:40:23","date_gmt":"2021-03-01T10:40:23","guid":{"rendered":"https:\/\/www.redeicm.org.br\/purissimo\/?page_id=75086"},"modified":"2021-08-11T07:38:38","modified_gmt":"2021-08-11T10:38:38","slug":"protocolo-de-retorno","status":"publish","type":"page","link":"https:\/\/legado.redeicm.org.br\/purissimo\/protocolo-de-retorno\/","title":{"rendered":"Protocolo de Retorno"},"content":{"rendered":"<p>Protocolo elaborado pelo comit\u00ea de retorno para uma volta \u00e0s aulas saud\u00e1vel e segura.<\/p>\n<h4><a href=\"https:\/\/legado.redeicm.org.br\/purissimo\/wp-content\/uploads\/sites\/16\/2021\/02\/PURISSIMO-PROTOCOLO-VOLTA-AS-AULAS.pptx_compressed-1-compactado.pdf\" target=\"_blank\" rel=\"noopener\">Protocolo 2021 &#8211; 1\u00ba semestre<\/a><\/h4>\n<h4><a href=\"https:\/\/legado.redeicm.org.br\/purissimo\/wp-content\/uploads\/sites\/16\/2021\/08\/Volta_as_aulas_-_apresentacao_protocolos_08-2021-1.pdf\" target=\"_blank\" rel=\"noopener\">Protocolo 2021 &#8211; A partir de agosto de 2021<\/a><\/h4>\n<div class=\"angwp_67673 _ning_cont _ning_hidden _ning_outer _align_center responsive\" data-size=\"300x250\" data-bid=\"67673\" data-aid=\"0\" style=\"max-width:300px; width:100%;height:inherit;\"><div class=\"_ning_label _left\" style=\"\"><\/div><div class=\"_ning_inner\" style=\"\"><\/div><\/div><div class=\"clear\"><\/div>","protected":false},"excerpt":{"rendered":"<p>Protocolo elaborado pelo comit\u00ea de retorno para uma volta \u00e0s aulas saud\u00e1vel e segura. Protocolo 2021 &#8211; 1\u00ba semestre Protocolo 2021 &#8211; A partir de agosto de 2021<\/p>\n","protected":false},"author":77,"featured_media":75076,"parent":0,"menu_order":0,"comment_status":"closed","ping_status":"closed","template":"","meta":{"_acf_changed":false,"_monsterinsights_skip_tracking":false,"_monsterinsights_sitenote_active":false,"_monsterinsights_sitenote_note":"","_monsterinsights_sitenote_category":0,"footnotes":""},"class_list":["post-75086","page","type-page","status-publish","has-post-thumbnail","hentry"],"acf":[],"_links":{"self":[{"href":"https:\/\/legado.redeicm.org.br\/purissimo\/wp-json\/wp\/v2\/pages\/75086"}],"collection":[{"href":"https:\/\/legado.redeicm.org.br\/purissimo\/wp-json\/wp\/v2\/pages"}],"about":[{"href":"https:\/\/legado.redeicm.org.br\/purissimo\/wp-json\/wp\/v2\/types\/page"}],"author":[{"embeddable":true,"href":"https:\/\/legado.redeicm.org.br\/purissimo\/wp-json\/wp\/v2\/users\/77"}],"replies":[{"embeddable":true,"href":"https:\/\/legado.redeicm.org.br\/purissimo\/wp-json\/wp\/v2\/comments?post=75086"}],"version-history":[{"count":6,"href":"https:\/\/legado.redeicm.org.br\/purissimo\/wp-json\/wp\/v2\/pages\/75086\/revisions"}],"predecessor-version":[{"id":75933,"href":"https:\/\/legado.redeicm.org.br\/purissimo\/wp-json\/wp\/v2\/pages\/75086\/revisions\/75933"}],"wp:featuredmedia":[{"embeddable":true,"href":"https:\/\/legado.redeicm.org.br\/purissimo\/wp-json\/wp\/v2\/media\/75076"}],"wp:attachment":[{"href":"https:\/\/legado.redeicm.org.br\/purissimo\/wp-json\/wp\/v2\/media?parent=75086"}],"curies":[{"name":"wp","href":"https:\/\/api.w.org\/{rel}","templated":true}]}}