{"id":52870,"date":"2017-12-12T08:08:21","date_gmt":"2017-12-12T10:08:21","guid":{"rendered":"https:\/\/redeicm.org.br\/purissimo\/?page_id=52870"},"modified":"2025-06-27T10:14:16","modified_gmt":"2025-06-27T13:14:16","slug":"turno-integral-2","status":"publish","type":"page","link":"https:\/\/legado.redeicm.org.br\/purissimo\/turno-integral-2\/","title":{"rendered":"Turno Integral"},"content":{"rendered":"<div class=\"w-gallery cols_3 link_none\"><div class=\"w-gallery-list\"><div class=\"w-gallery-item order_1\"><div class=\"w-gallery-item-img\"><img loading=\"lazy\" decoding=\"async\" width=\"1024\" height=\"683\" src=\"https:\/\/legado.redeicm.org.br\/purissimo\/wp-content\/uploads\/sites\/16\/2023\/08\/IMG_5783-1024x683.jpg\" class=\"attachment-large size-large\" alt=\"\" srcset=\"https:\/\/legado.redeicm.org.br\/purissimo\/wp-content\/uploads\/sites\/16\/2023\/08\/IMG_5783-1024x683.jpg 1024w, https:\/\/legado.redeicm.org.br\/purissimo\/wp-content\/uploads\/sites\/16\/2023\/08\/IMG_5783-300x200.jpg 300w, https:\/\/legado.redeicm.org.br\/purissimo\/wp-content\/uploads\/sites\/16\/2023\/08\/IMG_5783-600x400.jpg 600w, https:\/\/legado.redeicm.org.br\/purissimo\/wp-content\/uploads\/sites\/16\/2023\/08\/IMG_5783-768x512.jpg 768w\" sizes=\"(max-width: 1024px) 100vw, 1024px\" \/><\/div><\/div><div class=\"w-gallery-item order_2\"><div class=\"w-gallery-item-img\"><img loading=\"lazy\" decoding=\"async\" width=\"1024\" height=\"683\" src=\"https:\/\/legado.redeicm.org.br\/purissimo\/wp-content\/uploads\/sites\/16\/2023\/08\/IMG_5836-1024x683.jpg\" class=\"attachment-large size-large\" alt=\"\" srcset=\"https:\/\/legado.redeicm.org.br\/purissimo\/wp-content\/uploads\/sites\/16\/2023\/08\/IMG_5836-1024x683.jpg 1024w, https:\/\/legado.redeicm.org.br\/purissimo\/wp-content\/uploads\/sites\/16\/2023\/08\/IMG_5836-300x200.jpg 300w, https:\/\/legado.redeicm.org.br\/purissimo\/wp-content\/uploads\/sites\/16\/2023\/08\/IMG_5836-600x400.jpg 600w, https:\/\/legado.redeicm.org.br\/purissimo\/wp-content\/uploads\/sites\/16\/2023\/08\/IMG_5836-768x512.jpg 768w\" sizes=\"(max-width: 1024px) 100vw, 1024px\" \/><\/div><\/div><div class=\"w-gallery-item order_3\"><div class=\"w-gallery-item-img\"><img loading=\"lazy\" decoding=\"async\" width=\"1024\" height=\"683\" src=\"https:\/\/legado.redeicm.org.br\/purissimo\/wp-content\/uploads\/sites\/16\/2023\/08\/IMG_5848-1024x683.jpg\" class=\"attachment-large size-large\" alt=\"\" srcset=\"https:\/\/legado.redeicm.org.br\/purissimo\/wp-content\/uploads\/sites\/16\/2023\/08\/IMG_5848-1024x683.jpg 1024w, https:\/\/legado.redeicm.org.br\/purissimo\/wp-content\/uploads\/sites\/16\/2023\/08\/IMG_5848-300x200.jpg 300w, https:\/\/legado.redeicm.org.br\/purissimo\/wp-content\/uploads\/sites\/16\/2023\/08\/IMG_5848-600x400.jpg 600w, https:\/\/legado.redeicm.org.br\/purissimo\/wp-content\/uploads\/sites\/16\/2023\/08\/IMG_5848-768x512.jpg 768w\" sizes=\"(max-width: 1024px) 100vw, 1024px\" \/><\/div><\/div><\/div><\/div>\n<p>&nbsp;<\/p>\n<h2><b>Turno Extracurricular (Integral): Onde o cuidado encontra a divers\u00e3o e o aprendizado!<\/b><\/h2>\n<p>&nbsp;<\/p>\n<p>Sabemos que a vida de pai e m\u00e3e \u00e9 muito corrida, por isso, a sua maior tranquilidade \u00e9 ter a certeza de que seu(a) filho(a) est\u00e1 em um lugar que ele(a) j\u00e1 conhece, adora e se sente totalmente seguro(a). \u00c9 exatamente isso que o nosso Turno Extracurricular oferece: a extens\u00e3o do lar do(a) seu(a) pequeno(a) aqui no col\u00e9gio! Um espa\u00e7o onde cada risada ecoa, cada descoberta \u00e9 celebrada e cada aprendizado \u00e9 cuidadosamente cultivado para que ele(a) cres\u00e7a de forma completa, feliz e confiante.<\/p>\n<p>Chega de tarde em frente \u00e0 TV ou ao celular! Aqui, a rotina \u00e9 outra: \u00e9 brincadeira de verdade, amizade que floresce e aprendizado que ganha vida. Com uma programa\u00e7\u00e3o pensada nos m\u00ednimos detalhes, transformamos o tempo extra em uma aventura de crescimento. Seu(a) filho(a) vai se divertir, socializar, adquirir autonomia, aprender e se desenvolver de um jeito que voc\u00ea nem imagina!<\/p>\n<h3><b>O que espera seu(a) filho(a) no Turno Extracurricular?<\/b><\/h3>\n<ul>\n<li><b>Seguran\u00e7a e aconchego: <\/b>um ambiente familiar onde ele(a) j\u00e1 tem seus amigos e professores, sentindo-se amado(a) e cuidado(a) em cada momento.<\/li>\n<li><b>Rotina equilibrada:<\/b> misturamos o acompanhamento das tarefas escolares com muita divers\u00e3o e criatividade. \u00c9 a dose certa de estudo e lazer para que ele(a) cres\u00e7a feliz!<\/li>\n<li><b>Desenvolvimento pleno:<\/b> atividades que estimulam a autonomia, a colabora\u00e7\u00e3o e a intelig\u00eancia emocional. Seu(a) filho(a) vai aprender a voar cada vez mais alto!<\/li>\n<li><b>Alimenta\u00e7\u00e3o gostosa e cuidados essenciais:<\/b> lanche e almo\u00e7o preparados com carinho e pensando na sa\u00fade, al\u00e9m de um tempo para o descanso e a higiene pessoal, que tamb\u00e9m \u00e9 muito importante!<\/li>\n<li><b>Um mundo de atividades:<\/b> de musicaliza\u00e7\u00e3o a jud\u00f4, passando por dan\u00e7a, oficinas de arte e culin\u00e1ria, projeto &#8220;maker&#8221;, clubinhos de ci\u00eancias e investiga\u00e7\u00e3o cient\u00edfica, s\u00e3o muitas as possibilidades para descobrir novos talentos e habilidades!<\/li>\n<li><b>Amizades e Valores:<\/b> Nosso ambiente multi-idade promove a troca entre crian\u00e7as de diferentes idades, ensinando empatia, respeito e a import\u00e2ncia de compartilhar.<\/li>\n<\/ul>\n<p>Nosso Turno Integral \u00e9 perfeito para alunos da Educa\u00e7\u00e3o Infantil ao 5\u00ba ano do Ensino Fundamental \u2013 Anos Iniciais.<\/p>\n<h3><b>Hor\u00e1rios e como participar:<\/b><\/h3>\n<ul>\n<li><b>Das 11h50 \u00e0s 18h<\/b> (ideal para quem estuda no per\u00edodo da manh\u00e3 e precisa de uma tarde recheada de coisas boas!).<\/li>\n<li><b>Flexibilidade para a sua Fam\u00edlia: <\/b>voc\u00ea pode escolher se quer o Turno Integral para todos os dias da semana ou apenas para aqueles dias que voc\u00ea mais precisa.<\/li>\n<li><b>Cursos extracurriculares: <\/b>essa \u00e9 a oportunidade de ficar em um ambiente seguro e conhecido, bem como realizar uma atividade cultural\u00a0 diferenciada a cada dia.<\/li>\n<\/ul>\n<p>&nbsp;<\/p>\n<p>Para garantir a vaga do(a) seu(a) filho(a) nessa jornada de alegria e aprendizado, \u00e9 s\u00f3 conversar com a secretaria do col\u00e9gio.<\/p>\n<p>Venha descobrir como o Turno Extracurricular pode transformar as tardes em uma experi\u00eancia inesquec\u00edvel, cheia de descobertas e muito carinho!<\/p>\n<p>&nbsp;<\/p>\n<div class=\"angwp_67673 _ning_cont _ning_hidden _ning_outer _align_center responsive\" data-size=\"300x250\" data-bid=\"67673\" data-aid=\"0\" style=\"max-width:300px; width:100%;height:inherit;\"><div class=\"_ning_label _left\" style=\"\"><\/div><div class=\"_ning_inner\" style=\"\"><\/div><\/div><div class=\"clear\"><\/div>","protected":false},"excerpt":{"rendered":"<p>&nbsp; Turno Extracurricular (Integral): Onde o cuidado encontra a divers\u00e3o e o aprendizado! &nbsp; Sabemos que a vida de pai e m\u00e3e \u00e9 muito corrida, por isso, a sua maior tranquilidade \u00e9 ter a certeza de que seu(a) filho(a) est\u00e1 em um lugar que ele(a) j\u00e1 conhece, adora e se sente totalmente seguro(a). \u00c9 exatamente&#8230;<\/p>\n","protected":false},"author":77,"featured_media":0,"parent":0,"menu_order":0,"comment_status":"closed","ping_status":"closed","template":"","meta":{"_acf_changed":false,"_monsterinsights_skip_tracking":false,"_monsterinsights_sitenote_active":false,"_monsterinsights_sitenote_note":"","_monsterinsights_sitenote_category":0,"footnotes":""},"class_list":["post-52870","page","type-page","status-publish","hentry"],"acf":[],"_links":{"self":[{"href":"https:\/\/legado.redeicm.org.br\/purissimo\/wp-json\/wp\/v2\/pages\/52870"}],"collection":[{"href":"https:\/\/legado.redeicm.org.br\/purissimo\/wp-json\/wp\/v2\/pages"}],"about":[{"href":"https:\/\/legado.redeicm.org.br\/purissimo\/wp-json\/wp\/v2\/types\/page"}],"author":[{"embeddable":true,"href":"https:\/\/legado.redeicm.org.br\/purissimo\/wp-json\/wp\/v2\/users\/77"}],"replies":[{"embeddable":true,"href":"https:\/\/legado.redeicm.org.br\/purissimo\/wp-json\/wp\/v2\/comments?post=52870"}],"version-history":[{"count":13,"href":"https:\/\/legado.redeicm.org.br\/purissimo\/wp-json\/wp\/v2\/pages\/52870\/revisions"}],"predecessor-version":[{"id":96736,"href":"https:\/\/legado.redeicm.org.br\/purissimo\/wp-json\/wp\/v2\/pages\/52870\/revisions\/96736"}],"wp:attachment":[{"href":"https:\/\/legado.redeicm.org.br\/purissimo\/wp-json\/wp\/v2\/media?parent=52870"}],"curies":[{"name":"wp","href":"https:\/\/api.w.org\/{rel}","templated":true}]}}