{"id":39355,"date":"2017-02-22T09:43:59","date_gmt":"2017-02-22T12:43:59","guid":{"rendered":"https:\/\/redeicm.org.br\/purissimo\/?page_id=39355"},"modified":"2021-12-14T09:47:38","modified_gmt":"2021-12-14T12:47:38","slug":"eco-estudantino","status":"publish","type":"page","link":"https:\/\/legado.redeicm.org.br\/purissimo\/eco-estudantino\/","title":{"rendered":"Eco Estudantino"},"content":{"rendered":"<section class=\"wpb-content-wrapper\"><section class=\"l-section wpb_row height_medium\"><div class=\"l-section-h i-cf\"><div class=\"g-cols vc_row via_grid cols_1 laptops-cols_inherit tablets-cols_inherit mobiles-cols_1 valign_top type_default stacking_default\"><div class=\"wpb_column vc_column_container\"><div class=\"vc_column-inner\"><div class=\"wpb_text_column\"><div class=\"wpb_wrapper\"><p style=\"text-align: justify\">Criado em 1945 pelas alunas da Escola Normal Pur\u00edssimo Cora\u00e7\u00e3o de Maria, o Jornal Eco Estudantino \u00e9 um dos projetos mais antigos do Col\u00e9gio Pur\u00edssimo. O Jornal tem como inten\u00e7\u00e3o trazer informa\u00e7\u00f5es sobre eventos que foram destaque no Col\u00e9gio, hist\u00f3rias, projetos da institui\u00e7\u00e3o,\u00a0 curiosidades, entre outros.<\/p>\n<\/div><\/div><\/div><\/div><\/div><\/div><\/section><section class=\"l-section wpb_row height_medium\"><div class=\"l-section-h i-cf\"><div class=\"g-cols vc_row via_grid cols_custom laptops-cols_inherit tablets-cols_inherit mobiles-cols_1 valign_top type_default stacking_default\" style=\"--custom-columns:1.5fr 1.5fr 1.5fr 1.5fr 6fr 6fr 6fr 6fr 6fr \"><div class=\"wpb_column vc_column_container\"><div class=\"vc_column-inner\"><div class=\"w-image align_none\"><a target=\"_blank\" href=\"http:\/\/issuu.com\/colegiopurissimo\/docs\/edicao_01_01\" rel=\"noopener\" aria-label=\"Link\" class=\"w-image-h\"><img loading=\"lazy\" decoding=\"async\" width=\"693\" height=\"1037\" src=\"https:\/\/legado.redeicm.org.br\/purissimo\/wp-content\/uploads\/sites\/16\/2017\/02\/pagina01.jpg\" class=\"attachment-full size-full\" alt=\"\" srcset=\"https:\/\/legado.redeicm.org.br\/purissimo\/wp-content\/uploads\/sites\/16\/2017\/02\/pagina01.jpg 693w, https:\/\/legado.redeicm.org.br\/purissimo\/wp-content\/uploads\/sites\/16\/2017\/02\/pagina01-200x300.jpg 200w, https:\/\/legado.redeicm.org.br\/purissimo\/wp-content\/uploads\/sites\/16\/2017\/02\/pagina01-684x1024.jpg 684w, https:\/\/legado.redeicm.org.br\/purissimo\/wp-content\/uploads\/sites\/16\/2017\/02\/pagina01-600x898.jpg 600w\" sizes=\"(max-width: 693px) 100vw, 693px\" \/><\/a><\/div><div class=\"w-separator size_medium with_line width_default thick_1 style_solid color_border align_center\"><div class=\"w-separator-h\"><\/div><\/div><div class=\"w-image align_none\"><a target=\"_blank\" href=\"http:\/\/issuu.com\/colegiopurissimo\/docs\/edicao_05_05\" rel=\"noopener\" aria-label=\"Link\" class=\"w-image-h\"><img loading=\"lazy\" decoding=\"async\" width=\"848\" height=\"1236\" src=\"https:\/\/legado.redeicm.org.br\/purissimo\/wp-content\/uploads\/sites\/16\/2017\/02\/5_edicao_Capa.jpg\" class=\"attachment-full size-full\" alt=\"\" srcset=\"https:\/\/legado.redeicm.org.br\/purissimo\/wp-content\/uploads\/sites\/16\/2017\/02\/5_edicao_Capa.jpg 848w, https:\/\/legado.redeicm.org.br\/purissimo\/wp-content\/uploads\/sites\/16\/2017\/02\/5_edicao_Capa-206x300.jpg 206w, https:\/\/legado.redeicm.org.br\/purissimo\/wp-content\/uploads\/sites\/16\/2017\/02\/5_edicao_Capa-768x1119.jpg 768w, https:\/\/legado.redeicm.org.br\/purissimo\/wp-content\/uploads\/sites\/16\/2017\/02\/5_edicao_Capa-703x1024.jpg 703w, https:\/\/legado.redeicm.org.br\/purissimo\/wp-content\/uploads\/sites\/16\/2017\/02\/5_edicao_Capa-600x875.jpg 600w\" sizes=\"(max-width: 848px) 100vw, 848px\" \/><\/a><\/div><div class=\"w-separator size_medium with_line width_default thick_1 style_solid color_border align_center\"><div class=\"w-separator-h\"><\/div><\/div><div class=\"w-image align_none\"><a target=\"_blank\" href=\"http:\/\/issuu.com\/colegiopurissimo\/docs\/jornal_eco_-_9_edicao_pp_web2\" rel=\"noopener\" aria-label=\"Link\" class=\"w-image-h\"><img loading=\"lazy\" decoding=\"async\" width=\"580\" height=\"891\" src=\"https:\/\/legado.redeicm.org.br\/purissimo\/wp-content\/uploads\/sites\/16\/2017\/02\/capa_9_edicao.jpg\" class=\"attachment-full size-full\" alt=\"\" srcset=\"https:\/\/legado.redeicm.org.br\/purissimo\/wp-content\/uploads\/sites\/16\/2017\/02\/capa_9_edicao.jpg 580w, https:\/\/legado.redeicm.org.br\/purissimo\/wp-content\/uploads\/sites\/16\/2017\/02\/capa_9_edicao-195x300.jpg 195w\" sizes=\"(max-width: 580px) 100vw, 580px\" \/><\/a><\/div><div class=\"w-separator size_medium with_line width_default thick_1 style_solid color_border align_center\"><div class=\"w-separator-h\"><\/div><\/div><div class=\"w-image align_none\"><a target=\"_blank\" href=\"https:\/\/issuu.com\/colegiopurissimo\/docs\/4108___jornal_eco___purissimo_da_30\" rel=\"noopener\" aria-label=\"Link\" class=\"w-image-h\"><img loading=\"lazy\" decoding=\"async\" width=\"673\" height=\"1024\" src=\"https:\/\/legado.redeicm.org.br\/purissimo\/wp-content\/uploads\/sites\/16\/2017\/02\/0001-5-673x1024.jpg\" class=\"attachment-large size-large\" alt=\"\" srcset=\"https:\/\/legado.redeicm.org.br\/purissimo\/wp-content\/uploads\/sites\/16\/2017\/02\/0001-5-673x1024.jpg 673w, https:\/\/legado.redeicm.org.br\/purissimo\/wp-content\/uploads\/sites\/16\/2017\/02\/0001-5-197x300.jpg 197w, https:\/\/legado.redeicm.org.br\/purissimo\/wp-content\/uploads\/sites\/16\/2017\/02\/0001-5-768x1168.jpg 768w, https:\/\/legado.redeicm.org.br\/purissimo\/wp-content\/uploads\/sites\/16\/2017\/02\/0001-5-600x913.jpg 600w\" sizes=\"(max-width: 673px) 100vw, 673px\" \/><\/a><\/div><div class=\"w-separator size_medium with_line width_default thick_1 style_solid color_border align_center\"><div class=\"w-separator-h\"><\/div><\/div><div class=\"w-image align_none\"><a target=\"_blank\" href=\"https:\/\/issuu.com\/colegiopurissimo\/docs\/6336_-_jornal_eco_-_finalizado_-_we_78f41d8e37bdcc\" rel=\"noopener\" aria-label=\"Link\" class=\"w-image-h\"><img loading=\"lazy\" decoding=\"async\" width=\"673\" height=\"1024\" src=\"https:\/\/legado.redeicm.org.br\/purissimo\/wp-content\/uploads\/sites\/16\/2019\/01\/6336-JORNAL-ECO-FINALIZADO-WEB-673x1024.jpg\" class=\"attachment-large size-large\" alt=\"\" srcset=\"https:\/\/legado.redeicm.org.br\/purissimo\/wp-content\/uploads\/sites\/16\/2019\/01\/6336-JORNAL-ECO-FINALIZADO-WEB-673x1024.jpg 673w, https:\/\/legado.redeicm.org.br\/purissimo\/wp-content\/uploads\/sites\/16\/2019\/01\/6336-JORNAL-ECO-FINALIZADO-WEB-197x300.jpg 197w, https:\/\/legado.redeicm.org.br\/purissimo\/wp-content\/uploads\/sites\/16\/2019\/01\/6336-JORNAL-ECO-FINALIZADO-WEB-768x1169.jpg 768w, https:\/\/legado.redeicm.org.br\/purissimo\/wp-content\/uploads\/sites\/16\/2019\/01\/6336-JORNAL-ECO-FINALIZADO-WEB-600x913.jpg 600w, https:\/\/legado.redeicm.org.br\/purissimo\/wp-content\/uploads\/sites\/16\/2019\/01\/6336-JORNAL-ECO-FINALIZADO-WEB.jpg 1246w\" sizes=\"(max-width: 673px) 100vw, 673px\" \/><\/a><\/div><\/div><\/div><div class=\"wpb_column vc_column_container\"><div class=\"vc_column-inner\"><div class=\"w-image align_none\"><a target=\"_blank\" href=\"http:\/\/issuu.com\/colegiopurissimo\/docs\/edicao_02_02\" rel=\"noopener\" aria-label=\"Link\" class=\"w-image-h\"><img loading=\"lazy\" decoding=\"async\" width=\"689\" height=\"1050\" src=\"https:\/\/legado.redeicm.org.br\/purissimo\/wp-content\/uploads\/sites\/16\/2017\/02\/pagina_01.jpg\" class=\"attachment-full size-full\" alt=\"\" srcset=\"https:\/\/legado.redeicm.org.br\/purissimo\/wp-content\/uploads\/sites\/16\/2017\/02\/pagina_01.jpg 689w, https:\/\/legado.redeicm.org.br\/purissimo\/wp-content\/uploads\/sites\/16\/2017\/02\/pagina_01-197x300.jpg 197w, https:\/\/legado.redeicm.org.br\/purissimo\/wp-content\/uploads\/sites\/16\/2017\/02\/pagina_01-672x1024.jpg 672w, https:\/\/legado.redeicm.org.br\/purissimo\/wp-content\/uploads\/sites\/16\/2017\/02\/pagina_01-600x914.jpg 600w\" sizes=\"(max-width: 689px) 100vw, 689px\" \/><\/a><\/div><div class=\"w-separator size_medium with_line width_default thick_1 style_solid color_border align_center\"><div class=\"w-separator-h\"><\/div><\/div><div class=\"w-image align_none\"><a target=\"_blank\" href=\"http:\/\/issuu.com\/colegiopurissimo\/docs\/press_smallpdf.com___1_\" rel=\"noopener\" aria-label=\"Link\" class=\"w-image-h\"><img loading=\"lazy\" decoding=\"async\" width=\"364\" height=\"552\" src=\"https:\/\/legado.redeicm.org.br\/purissimo\/wp-content\/uploads\/sites\/16\/2017\/02\/Capa_6_Edicao.jpg\" class=\"attachment-full size-full\" alt=\"\" srcset=\"https:\/\/legado.redeicm.org.br\/purissimo\/wp-content\/uploads\/sites\/16\/2017\/02\/Capa_6_Edicao.jpg 364w, https:\/\/legado.redeicm.org.br\/purissimo\/wp-content\/uploads\/sites\/16\/2017\/02\/Capa_6_Edicao-198x300.jpg 198w\" sizes=\"(max-width: 364px) 100vw, 364px\" \/><\/a><\/div><div class=\"w-separator size_medium with_line width_default thick_1 style_solid color_border align_center\"><div class=\"w-separator-h\"><\/div><\/div><div class=\"w-image align_none\"><a target=\"_blank\" href=\"http:\/\/issuu.com\/colegiopurissimo\/docs\/jornal_eco_-_10_edicao_web\" rel=\"noopener\" aria-label=\"Link\" class=\"w-image-h\"><img loading=\"lazy\" decoding=\"async\" width=\"587\" height=\"899\" src=\"https:\/\/legado.redeicm.org.br\/purissimo\/wp-content\/uploads\/sites\/16\/2017\/02\/capa_10_edicao.png\" class=\"attachment-full size-full\" alt=\"\" srcset=\"https:\/\/legado.redeicm.org.br\/purissimo\/wp-content\/uploads\/sites\/16\/2017\/02\/capa_10_edicao.png 587w, https:\/\/legado.redeicm.org.br\/purissimo\/wp-content\/uploads\/sites\/16\/2017\/02\/capa_10_edicao-196x300.png 196w\" sizes=\"(max-width: 587px) 100vw, 587px\" \/><\/a><\/div><div class=\"w-separator size_medium with_line width_default thick_1 style_solid color_border align_center\"><div class=\"w-separator-h\"><\/div><\/div><div class=\"w-image align_none\"><a target=\"_blank\" href=\"https:\/\/issuu.com\/colegiopurissimo\/docs\/jornal_eco_1c_2_\" rel=\"noopener\" aria-label=\"Link\" class=\"w-image-h\"><img loading=\"lazy\" decoding=\"async\" width=\"684\" height=\"1024\" src=\"https:\/\/legado.redeicm.org.br\/purissimo\/wp-content\/uploads\/sites\/16\/2017\/02\/Capa-Eco-14\u00aa-edi\u00e7\u00e3o-001-684x1024.jpg\" class=\"attachment-large size-large\" alt=\"\" srcset=\"https:\/\/legado.redeicm.org.br\/purissimo\/wp-content\/uploads\/sites\/16\/2017\/02\/Capa-Eco-14\u00aa-edi\u00e7\u00e3o-001-684x1024.jpg 684w, https:\/\/legado.redeicm.org.br\/purissimo\/wp-content\/uploads\/sites\/16\/2017\/02\/Capa-Eco-14\u00aa-edi\u00e7\u00e3o-001-200x300.jpg 200w, https:\/\/legado.redeicm.org.br\/purissimo\/wp-content\/uploads\/sites\/16\/2017\/02\/Capa-Eco-14\u00aa-edi\u00e7\u00e3o-001-768x1150.jpg 768w, https:\/\/legado.redeicm.org.br\/purissimo\/wp-content\/uploads\/sites\/16\/2017\/02\/Capa-Eco-14\u00aa-edi\u00e7\u00e3o-001-600x899.jpg 600w, https:\/\/legado.redeicm.org.br\/purissimo\/wp-content\/uploads\/sites\/16\/2017\/02\/Capa-Eco-14\u00aa-edi\u00e7\u00e3o-001.jpg 1253w\" sizes=\"(max-width: 684px) 100vw, 684px\" \/><\/a><\/div><div class=\"w-separator size_medium with_line width_default thick_1 style_solid color_border align_center\"><div class=\"w-separator-h\"><\/div><\/div><div class=\"w-image align_none\"><a target=\"_blank\" href=\"https:\/\/issuu.com\/colegiopurissimo\/docs\/eco_estudantino_purissimo_-_alt1\" rel=\"noopener\" aria-label=\"Link\" class=\"w-image-h\"><img loading=\"lazy\" decoding=\"async\" width=\"707\" height=\"1024\" src=\"https:\/\/legado.redeicm.org.br\/purissimo\/wp-content\/uploads\/sites\/16\/2019\/09\/ECO-ESTUDANTINO-PURISSIMO-alt1_P\u00e1gina_01-707x1024.jpg\" class=\"attachment-large size-large\" alt=\"\" srcset=\"https:\/\/legado.redeicm.org.br\/purissimo\/wp-content\/uploads\/sites\/16\/2019\/09\/ECO-ESTUDANTINO-PURISSIMO-alt1_P\u00e1gina_01-707x1024.jpg 707w, https:\/\/legado.redeicm.org.br\/purissimo\/wp-content\/uploads\/sites\/16\/2019\/09\/ECO-ESTUDANTINO-PURISSIMO-alt1_P\u00e1gina_01-207x300.jpg 207w, https:\/\/legado.redeicm.org.br\/purissimo\/wp-content\/uploads\/sites\/16\/2019\/09\/ECO-ESTUDANTINO-PURISSIMO-alt1_P\u00e1gina_01-768x1113.jpg 768w, https:\/\/legado.redeicm.org.br\/purissimo\/wp-content\/uploads\/sites\/16\/2019\/09\/ECO-ESTUDANTINO-PURISSIMO-alt1_P\u00e1gina_01-600x870.jpg 600w\" sizes=\"(max-width: 707px) 100vw, 707px\" \/><\/a><\/div><\/div><\/div><div class=\"wpb_column vc_column_container\"><div class=\"vc_column-inner\"><div class=\"w-image align_none\"><a target=\"_blank\" href=\"http:\/\/issuu.com\/colegiopurissimo\/docs\/edicao_03_03\" rel=\"noopener\" aria-label=\"Link\" class=\"w-image-h\"><img loading=\"lazy\" decoding=\"async\" width=\"682\" height=\"1050\" src=\"https:\/\/legado.redeicm.org.br\/purissimo\/wp-content\/uploads\/sites\/16\/2017\/02\/pagina_01_03.jpg\" class=\"attachment-full size-full\" alt=\"\" srcset=\"https:\/\/legado.redeicm.org.br\/purissimo\/wp-content\/uploads\/sites\/16\/2017\/02\/pagina_01_03.jpg 682w, https:\/\/legado.redeicm.org.br\/purissimo\/wp-content\/uploads\/sites\/16\/2017\/02\/pagina_01_03-195x300.jpg 195w, https:\/\/legado.redeicm.org.br\/purissimo\/wp-content\/uploads\/sites\/16\/2017\/02\/pagina_01_03-665x1024.jpg 665w, https:\/\/legado.redeicm.org.br\/purissimo\/wp-content\/uploads\/sites\/16\/2017\/02\/pagina_01_03-600x924.jpg 600w\" sizes=\"(max-width: 682px) 100vw, 682px\" \/><\/a><\/div><div class=\"w-separator size_medium with_line width_default thick_1 style_solid color_border align_center\"><div class=\"w-separator-h\"><\/div><\/div><div class=\"w-image align_none\"><a target=\"_blank\" href=\"http:\/\/issuu.com\/colegiopurissimo\/docs\/1917_-_jornal_eco_-_7edi____o_-_sep\" rel=\"noopener\" aria-label=\"Link\" class=\"w-image-h\"><img loading=\"lazy\" decoding=\"async\" width=\"555\" height=\"846\" src=\"https:\/\/legado.redeicm.org.br\/purissimo\/wp-content\/uploads\/sites\/16\/2017\/02\/capa_7_edicao.jpg\" class=\"attachment-full size-full\" alt=\"\" srcset=\"https:\/\/legado.redeicm.org.br\/purissimo\/wp-content\/uploads\/sites\/16\/2017\/02\/capa_7_edicao.jpg 555w, https:\/\/legado.redeicm.org.br\/purissimo\/wp-content\/uploads\/sites\/16\/2017\/02\/capa_7_edicao-197x300.jpg 197w\" sizes=\"(max-width: 555px) 100vw, 555px\" \/><\/a><\/div><div class=\"w-separator size_medium with_line width_default thick_1 style_solid color_border align_center\"><div class=\"w-separator-h\"><\/div><\/div><div class=\"w-image align_none\"><a target=\"_blank\" href=\"http:\/\/issuu.com\/colegiopurissimo\/docs\/jornal_eco_-_11_edicao_\" rel=\"noopener\" aria-label=\"Link\" class=\"w-image-h\"><img loading=\"lazy\" decoding=\"async\" width=\"564\" height=\"860\" src=\"https:\/\/legado.redeicm.org.br\/purissimo\/wp-content\/uploads\/sites\/16\/2017\/02\/capa_11_edicao.jpg\" class=\"attachment-full size-full\" alt=\"\" srcset=\"https:\/\/legado.redeicm.org.br\/purissimo\/wp-content\/uploads\/sites\/16\/2017\/02\/capa_11_edicao.jpg 564w, https:\/\/legado.redeicm.org.br\/purissimo\/wp-content\/uploads\/sites\/16\/2017\/02\/capa_11_edicao-197x300.jpg 197w\" sizes=\"(max-width: 564px) 100vw, 564px\" \/><\/a><\/div><div class=\"w-separator size_medium with_line width_default thick_1 style_solid color_border align_center\"><div class=\"w-separator-h\"><\/div><\/div><div class=\"w-image align_none\"><a target=\"_blank\" href=\"https:\/\/issuu.com\/colegiopurissimo\/docs\/eco_15\" rel=\"noopener\" aria-label=\"Link\" class=\"w-image-h\"><img loading=\"lazy\" decoding=\"async\" width=\"626\" height=\"938\" src=\"https:\/\/legado.redeicm.org.br\/purissimo\/wp-content\/uploads\/sites\/16\/2018\/02\/5392-purissimo-jornal-eco-1c.jpg\" class=\"attachment-large size-large\" alt=\"\" srcset=\"https:\/\/legado.redeicm.org.br\/purissimo\/wp-content\/uploads\/sites\/16\/2018\/02\/5392-purissimo-jornal-eco-1c.jpg 626w, https:\/\/legado.redeicm.org.br\/purissimo\/wp-content\/uploads\/sites\/16\/2018\/02\/5392-purissimo-jornal-eco-1c-200x300.jpg 200w, https:\/\/legado.redeicm.org.br\/purissimo\/wp-content\/uploads\/sites\/16\/2018\/02\/5392-purissimo-jornal-eco-1c-600x899.jpg 600w\" sizes=\"(max-width: 626px) 100vw, 626px\" \/><\/a><\/div><div class=\"w-separator size_medium with_line width_default thick_1 style_solid color_border align_center\"><div class=\"w-separator-h\"><\/div><\/div><div class=\"w-image align_none\"><a target=\"_blank\" href=\"https:\/\/issuu.com\/colegiopurissimo\/docs\/eco_estudantino_purissimo_-_ed19_-_alt2_-_impress_\" rel=\"noopener\" aria-label=\"Link\" class=\"w-image-h\"><img loading=\"lazy\" decoding=\"async\" width=\"707\" height=\"1024\" src=\"https:\/\/legado.redeicm.org.br\/purissimo\/wp-content\/uploads\/sites\/16\/2020\/01\/ECO-ESTUDANTINO-PURISSIMO-ED19-ALT2-IMPRESS\u00c3O_P\u00e1gina_01-707x1024.jpg\" class=\"attachment-large size-large\" alt=\"\" srcset=\"https:\/\/legado.redeicm.org.br\/purissimo\/wp-content\/uploads\/sites\/16\/2020\/01\/ECO-ESTUDANTINO-PURISSIMO-ED19-ALT2-IMPRESS\u00c3O_P\u00e1gina_01-707x1024.jpg 707w, https:\/\/legado.redeicm.org.br\/purissimo\/wp-content\/uploads\/sites\/16\/2020\/01\/ECO-ESTUDANTINO-PURISSIMO-ED19-ALT2-IMPRESS\u00c3O_P\u00e1gina_01-207x300.jpg 207w, https:\/\/legado.redeicm.org.br\/purissimo\/wp-content\/uploads\/sites\/16\/2020\/01\/ECO-ESTUDANTINO-PURISSIMO-ED19-ALT2-IMPRESS\u00c3O_P\u00e1gina_01-768x1113.jpg 768w, https:\/\/legado.redeicm.org.br\/purissimo\/wp-content\/uploads\/sites\/16\/2020\/01\/ECO-ESTUDANTINO-PURISSIMO-ED19-ALT2-IMPRESS\u00c3O_P\u00e1gina_01-1060x1536.jpg 1060w, https:\/\/legado.redeicm.org.br\/purissimo\/wp-content\/uploads\/sites\/16\/2020\/01\/ECO-ESTUDANTINO-PURISSIMO-ED19-ALT2-IMPRESS\u00c3O_P\u00e1gina_01-1413x2048.jpg 1413w, https:\/\/legado.redeicm.org.br\/purissimo\/wp-content\/uploads\/sites\/16\/2020\/01\/ECO-ESTUDANTINO-PURISSIMO-ED19-ALT2-IMPRESS\u00c3O_P\u00e1gina_01-600x870.jpg 600w, https:\/\/legado.redeicm.org.br\/purissimo\/wp-content\/uploads\/sites\/16\/2020\/01\/ECO-ESTUDANTINO-PURISSIMO-ED19-ALT2-IMPRESS\u00c3O_P\u00e1gina_01-scaled.jpg 1767w\" sizes=\"(max-width: 707px) 100vw, 707px\" \/><\/a><\/div><\/div><\/div><div class=\"wpb_column vc_column_container\"><div class=\"vc_column-inner\"><div class=\"w-image align_none\"><a target=\"_blank\" href=\"http:\/\/issuu.com\/colegiopurissimo\/docs\/edicao_04_04\" rel=\"noopener\" aria-label=\"Link\" class=\"w-image-h\"><img loading=\"lazy\" decoding=\"async\" width=\"693\" height=\"1024\" src=\"https:\/\/legado.redeicm.org.br\/purissimo\/wp-content\/uploads\/sites\/16\/2017\/02\/edicao_04_pagina_01-693x1024.jpg\" class=\"attachment-large size-large\" alt=\"\" srcset=\"https:\/\/legado.redeicm.org.br\/purissimo\/wp-content\/uploads\/sites\/16\/2017\/02\/edicao_04_pagina_01-693x1024.jpg 693w, https:\/\/legado.redeicm.org.br\/purissimo\/wp-content\/uploads\/sites\/16\/2017\/02\/edicao_04_pagina_01-203x300.jpg 203w, https:\/\/legado.redeicm.org.br\/purissimo\/wp-content\/uploads\/sites\/16\/2017\/02\/edicao_04_pagina_01-600x886.jpg 600w, https:\/\/legado.redeicm.org.br\/purissimo\/wp-content\/uploads\/sites\/16\/2017\/02\/edicao_04_pagina_01.jpg 711w\" sizes=\"(max-width: 693px) 100vw, 693px\" \/><\/a><\/div><div class=\"w-separator size_medium with_line width_default thick_1 style_solid color_border align_center\"><div class=\"w-separator-h\"><\/div><\/div><div class=\"w-image align_none\"><a target=\"_blank\" href=\"http:\/\/issuu.com\/colegiopurissimo\/docs\/jornal_eco_-_8edi____o_-_page_ok\" rel=\"noopener\" aria-label=\"Link\" class=\"w-image-h\"><img loading=\"lazy\" decoding=\"async\" width=\"567\" height=\"860\" src=\"https:\/\/legado.redeicm.org.br\/purissimo\/wp-content\/uploads\/sites\/16\/2017\/02\/capa_Eco_8ed.jpg\" class=\"attachment-full size-full\" alt=\"\" srcset=\"https:\/\/legado.redeicm.org.br\/purissimo\/wp-content\/uploads\/sites\/16\/2017\/02\/capa_Eco_8ed.jpg 567w, https:\/\/legado.redeicm.org.br\/purissimo\/wp-content\/uploads\/sites\/16\/2017\/02\/capa_Eco_8ed-198x300.jpg 198w\" sizes=\"(max-width: 567px) 100vw, 567px\" \/><\/a><\/div><div class=\"w-separator size_medium with_line width_default thick_1 style_solid color_border align_center\"><div class=\"w-separator-h\"><\/div><\/div><div class=\"w-image align_none\"><a target=\"_blank\" href=\"https:\/\/issuu.com\/colegiopurissimo\/docs\/jornal_eco\" rel=\"noopener\" aria-label=\"Link\" class=\"w-image-h\"><img loading=\"lazy\" decoding=\"async\" width=\"673\" height=\"1024\" src=\"https:\/\/legado.redeicm.org.br\/purissimo\/wp-content\/uploads\/sites\/16\/2017\/02\/0001-6-673x1024.jpg\" class=\"attachment-large size-large\" alt=\"\" srcset=\"https:\/\/legado.redeicm.org.br\/purissimo\/wp-content\/uploads\/sites\/16\/2017\/02\/0001-6-673x1024.jpg 673w, https:\/\/legado.redeicm.org.br\/purissimo\/wp-content\/uploads\/sites\/16\/2017\/02\/0001-6-197x300.jpg 197w, https:\/\/legado.redeicm.org.br\/purissimo\/wp-content\/uploads\/sites\/16\/2017\/02\/0001-6-768x1168.jpg 768w, https:\/\/legado.redeicm.org.br\/purissimo\/wp-content\/uploads\/sites\/16\/2017\/02\/0001-6-600x913.jpg 600w\" sizes=\"(max-width: 673px) 100vw, 673px\" \/><\/a><\/div><div class=\"w-separator size_medium with_line width_default thick_1 style_solid color_border align_center\"><div class=\"w-separator-h\"><\/div><\/div><div class=\"w-image align_none\"><a target=\"_blank\" href=\"https:\/\/issuu.com\/colegiopurissimo\/docs\/eco_completo\" rel=\"noopener\" aria-label=\"Link\" class=\"w-image-h\"><img loading=\"lazy\" decoding=\"async\" width=\"684\" height=\"1024\" src=\"https:\/\/legado.redeicm.org.br\/purissimo\/wp-content\/uploads\/sites\/16\/2018\/07\/5904-Jornal-Eco-2018-Prim-4C-684x1024.jpg\" class=\"attachment-large size-large\" alt=\"\" srcset=\"https:\/\/legado.redeicm.org.br\/purissimo\/wp-content\/uploads\/sites\/16\/2018\/07\/5904-Jornal-Eco-2018-Prim-4C-684x1024.jpg 684w, https:\/\/legado.redeicm.org.br\/purissimo\/wp-content\/uploads\/sites\/16\/2018\/07\/5904-Jornal-Eco-2018-Prim-4C-200x300.jpg 200w, https:\/\/legado.redeicm.org.br\/purissimo\/wp-content\/uploads\/sites\/16\/2018\/07\/5904-Jornal-Eco-2018-Prim-4C-768x1150.jpg 768w, https:\/\/legado.redeicm.org.br\/purissimo\/wp-content\/uploads\/sites\/16\/2018\/07\/5904-Jornal-Eco-2018-Prim-4C-600x899.jpg 600w\" sizes=\"(max-width: 684px) 100vw, 684px\" \/><\/a><\/div><div class=\"w-separator size_medium with_line width_default thick_1 style_solid color_border align_center\"><div class=\"w-separator-h\"><\/div><\/div><div class=\"w-image align_none\"><a target=\"_blank\" href=\"https:\/\/issuu.com\/colegiopurissimo\/docs\/informativo_-_colegio_purissimo_\" rel=\"noopener\" aria-label=\"Link\" class=\"w-image-h\"><img loading=\"lazy\" decoding=\"async\" width=\"709\" height=\"1024\" src=\"https:\/\/legado.redeicm.org.br\/purissimo\/wp-content\/uploads\/sites\/16\/2021\/12\/INFORMATIVO_-_COLEGIO_PURISSIMO-_pages-to-jpg-0001-709x1024.jpg\" class=\"attachment-large size-large\" alt=\"\" srcset=\"https:\/\/legado.redeicm.org.br\/purissimo\/wp-content\/uploads\/sites\/16\/2021\/12\/INFORMATIVO_-_COLEGIO_PURISSIMO-_pages-to-jpg-0001-709x1024.jpg 709w, https:\/\/legado.redeicm.org.br\/purissimo\/wp-content\/uploads\/sites\/16\/2021\/12\/INFORMATIVO_-_COLEGIO_PURISSIMO-_pages-to-jpg-0001-208x300.jpg 208w, https:\/\/legado.redeicm.org.br\/purissimo\/wp-content\/uploads\/sites\/16\/2021\/12\/INFORMATIVO_-_COLEGIO_PURISSIMO-_pages-to-jpg-0001-600x866.jpg 600w, https:\/\/legado.redeicm.org.br\/purissimo\/wp-content\/uploads\/sites\/16\/2021\/12\/INFORMATIVO_-_COLEGIO_PURISSIMO-_pages-to-jpg-0001-768x1109.jpg 768w, https:\/\/legado.redeicm.org.br\/purissimo\/wp-content\/uploads\/sites\/16\/2021\/12\/INFORMATIVO_-_COLEGIO_PURISSIMO-_pages-to-jpg-0001.jpg 957w\" sizes=\"(max-width: 709px) 100vw, 709px\" \/><\/a><\/div><\/div><\/div><div class=\"wpb_column vc_column_container\"><div class=\"vc_column-inner\"><\/div><\/div><div class=\"wpb_column vc_column_container\"><div class=\"vc_column-inner\"><\/div><\/div><div class=\"wpb_column vc_column_container\"><div class=\"vc_column-inner\"><\/div><\/div><div class=\"wpb_column vc_column_container\"><div class=\"vc_column-inner\"><\/div><\/div><div class=\"wpb_column vc_column_container\"><div class=\"vc_column-inner\"><\/div><\/div><\/div><\/div><\/section><section class=\"l-section wpb_row height_medium\"><div class=\"l-section-h i-cf\"><div class=\"g-cols vc_row via_grid cols_1 laptops-cols_inherit tablets-cols_inherit mobiles-cols_1 valign_top type_default stacking_default\"><div class=\"wpb_column vc_column_container\"><div class=\"vc_column-inner\"><div class=\"wpb_text_column\"><div class=\"wpb_wrapper\"><p>Eu sou um bloco de texto. Clique no bot\u00e3o Editar (L\u00e1pis) para alterar o conte\u00fado deste elemento.<\/p>\n<\/div><\/div><\/div><\/div><\/div><\/div><\/section>\n<div class=\"angwp_67673 _ning_cont _ning_hidden _ning_outer _align_center responsive\" data-size=\"300x250\" data-bid=\"67673\" data-aid=\"0\" style=\"max-width:300px; width:100%;height:inherit;\"><div class=\"_ning_label _left\" style=\"\"><\/div><div class=\"_ning_inner\" style=\"\"><\/div><\/div><div class=\"clear\"><\/div><\/section>","protected":false},"excerpt":{"rendered":"Criado em 1945 pelas alunas da Escola Normal Pur\u00edssimo Cora\u00e7\u00e3o de Maria, o Jornal Eco Estudantino \u00e9 um dos projetos mais antigos do Col\u00e9gio Pur\u00edssimo. O Jornal tem como inten\u00e7\u00e3o trazer informa\u00e7\u00f5es sobre eventos que foram destaque no Col\u00e9gio, hist\u00f3rias, projetos da institui\u00e7\u00e3o,\u00a0 curiosidades, entre outros. Eu sou um bloco de texto. Clique no bot\u00e3o...","protected":false},"author":1,"featured_media":0,"parent":0,"menu_order":0,"comment_status":"closed","ping_status":"closed","template":"","meta":{"_acf_changed":false,"_monsterinsights_skip_tracking":false,"_monsterinsights_sitenote_active":false,"_monsterinsights_sitenote_note":"","_monsterinsights_sitenote_category":0,"footnotes":""},"class_list":["post-39355","page","type-page","status-publish","hentry"],"acf":[],"_links":{"self":[{"href":"https:\/\/legado.redeicm.org.br\/purissimo\/wp-json\/wp\/v2\/pages\/39355"}],"collection":[{"href":"https:\/\/legado.redeicm.org.br\/purissimo\/wp-json\/wp\/v2\/pages"}],"about":[{"href":"https:\/\/legado.redeicm.org.br\/purissimo\/wp-json\/wp\/v2\/types\/page"}],"author":[{"embeddable":true,"href":"https:\/\/legado.redeicm.org.br\/purissimo\/wp-json\/wp\/v2\/users\/1"}],"replies":[{"embeddable":true,"href":"https:\/\/legado.redeicm.org.br\/purissimo\/wp-json\/wp\/v2\/comments?post=39355"}],"version-history":[{"count":24,"href":"https:\/\/legado.redeicm.org.br\/purissimo\/wp-json\/wp\/v2\/pages\/39355\/revisions"}],"predecessor-version":[{"id":77191,"href":"https:\/\/legado.redeicm.org.br\/purissimo\/wp-json\/wp\/v2\/pages\/39355\/revisions\/77191"}],"wp:attachment":[{"href":"https:\/\/legado.redeicm.org.br\/purissimo\/wp-json\/wp\/v2\/media?parent=39355"}],"curies":[{"name":"wp","href":"https:\/\/api.w.org\/{rel}","templated":true}]}}