{"id":39313,"date":"2017-02-22T08:58:58","date_gmt":"2017-02-22T11:58:58","guid":{"rendered":"https:\/\/redeicm.org.br\/purissimo\/?page_id=39313"},"modified":"2025-03-21T09:04:34","modified_gmt":"2025-03-21T12:04:34","slug":"poliedro","status":"publish","type":"page","link":"https:\/\/legado.redeicm.org.br\/purissimo\/poliedro\/","title":{"rendered":"Sistema de Ensino Poliedro"},"content":{"rendered":"<p style=\"text-align: justify\">O Ensino M\u00e9dio do Col\u00e9gio Pur\u00edssimo adota o Sistema de Ensino Poliedro, um sistema forte e muito diferenciado.<\/p>\n<p style=\"text-align: justify\">O Poliedro iniciou suas atividades em 1993 para preparar os jovens para o ingresso nas melhores universidades do pa\u00eds. Com o desenvolvimento de um trabalho s\u00e9rio e direcionado e, consequentemente, com os sucessivos \u00eaxitos obtidos pelos alunos nos vestibulares, sentiu-se a necessidade de expandir os esfor\u00e7os, inaugurando a Unidade S\u00e3o Paulo em 2004.<\/p>\n<p style=\"text-align: justify\">Em 2008, o Col\u00e9gio Pur\u00edssimo inicia sua parceria com o Poliedro, apresentando um curso de alto desempenho, visando \u00e0 aprova\u00e7\u00e3o de seus alunos nas melhores universidades p\u00fablicas e privadas. O Ensino M\u00e9dio utiliza desde 2011 o Sistema de Ensino Poliedro e conta com a maior aprova\u00e7\u00e3o da cidade nos principais exames vestibulares.<\/p>\n<p style=\"text-align: justify\">Al\u00e9m de material did\u00e1tico denso reconhecido em todo o territ\u00f3rio nacional, o Sistema oferece ainda simulados com an\u00e1lise de dados via aplicativo (P+), livros f\u00edsicos e<br \/>\ndigitais, banco de reda\u00e7\u00f5es, banco de quest\u00f5es, resolu\u00e7\u00f5es de vestibulares, entre outros, qualificando-se como um sistema de alto desempenho que atinge n\u00edveis alt\u00edssimos de aprova\u00e7\u00f5es, com muita inova\u00e7\u00e3o e compromisso com o aprendizado.<\/p>\n<p>&nbsp;<\/p>\n<p><strong><a href=\"http:\/\/www.sistemapoliedro.com.br\" target=\"_blank\" rel=\"noopener\">www.sistemapoliedro.com.br<\/a><\/strong><\/p>\n<p style=\"text-align: center\"><a href=\"https:\/\/legado.redeicm.org.br\/purissimo\/wp-content\/uploads\/sites\/16\/2023\/09\/Logo_Poliedro_Horiz_SIST_ENSINO.pdf\"><img loading=\"lazy\" decoding=\"async\" class=\"alignnone wp-image-88012 size-medium\" src=\"https:\/\/legado.redeicm.org.br\/purissimo\/wp-content\/uploads\/sites\/16\/2023\/09\/Logo_Poliedro_Horiz_SIST_ENSINO-pdf-300x212.jpg\" alt=\"\" width=\"300\" height=\"212\" \/><\/a><\/p>\n<div class=\"angwp_67673 _ning_cont _ning_hidden _ning_outer _align_center responsive\" data-size=\"300x250\" data-bid=\"67673\" data-aid=\"0\" style=\"max-width:300px; width:100%;height:inherit;\"><div class=\"_ning_label _left\" style=\"\"><\/div><div class=\"_ning_inner\" style=\"\"><\/div><\/div><div class=\"clear\"><\/div>","protected":false},"excerpt":{"rendered":"<p>O Ensino M\u00e9dio do Col\u00e9gio Pur\u00edssimo adota o Sistema de Ensino Poliedro, um sistema forte e muito diferenciado. O Poliedro iniciou suas atividades em 1993 para preparar os jovens para o ingresso nas melhores universidades do pa\u00eds. Com o desenvolvimento de um trabalho s\u00e9rio e direcionado e, consequentemente, com os sucessivos \u00eaxitos obtidos pelos alunos&#8230;<\/p>\n","protected":false},"author":38,"featured_media":0,"parent":0,"menu_order":0,"comment_status":"closed","ping_status":"closed","template":"","meta":{"_acf_changed":false,"_monsterinsights_skip_tracking":false,"_monsterinsights_sitenote_active":false,"_monsterinsights_sitenote_note":"","_monsterinsights_sitenote_category":0,"footnotes":""},"class_list":["post-39313","page","type-page","status-publish","hentry"],"acf":[],"_links":{"self":[{"href":"https:\/\/legado.redeicm.org.br\/purissimo\/wp-json\/wp\/v2\/pages\/39313"}],"collection":[{"href":"https:\/\/legado.redeicm.org.br\/purissimo\/wp-json\/wp\/v2\/pages"}],"about":[{"href":"https:\/\/legado.redeicm.org.br\/purissimo\/wp-json\/wp\/v2\/types\/page"}],"author":[{"embeddable":true,"href":"https:\/\/legado.redeicm.org.br\/purissimo\/wp-json\/wp\/v2\/users\/38"}],"replies":[{"embeddable":true,"href":"https:\/\/legado.redeicm.org.br\/purissimo\/wp-json\/wp\/v2\/comments?post=39313"}],"version-history":[{"count":11,"href":"https:\/\/legado.redeicm.org.br\/purissimo\/wp-json\/wp\/v2\/pages\/39313\/revisions"}],"predecessor-version":[{"id":96206,"href":"https:\/\/legado.redeicm.org.br\/purissimo\/wp-json\/wp\/v2\/pages\/39313\/revisions\/96206"}],"wp:attachment":[{"href":"https:\/\/legado.redeicm.org.br\/purissimo\/wp-json\/wp\/v2\/media?parent=39313"}],"curies":[{"name":"wp","href":"https:\/\/api.w.org\/{rel}","templated":true}]}}