{"id":39270,"date":"2017-02-22T08:20:13","date_gmt":"2017-02-22T11:20:13","guid":{"rendered":"https:\/\/redeicm.org.br\/purissimo\/?page_id=39270"},"modified":"2025-06-17T12:39:00","modified_gmt":"2025-06-17T15:39:00","slug":"avaliacoes","status":"publish","type":"page","link":"https:\/\/legado.redeicm.org.br\/purissimo\/avaliacoes\/","title":{"rendered":"Avalia\u00e7\u00f5es"},"content":{"rendered":"<div class=\"w-gallery cols_2 link_none\"><div class=\"w-gallery-list\"><div class=\"w-gallery-item order_1\"><div class=\"w-gallery-item-img\"><img loading=\"lazy\" decoding=\"async\" width=\"1024\" height=\"683\" src=\"https:\/\/legado.redeicm.org.br\/purissimo\/wp-content\/uploads\/sites\/16\/2019\/02\/XV01-0266-1-1024x683.jpg\" class=\"attachment-large size-large\" alt=\"\" srcset=\"https:\/\/legado.redeicm.org.br\/purissimo\/wp-content\/uploads\/sites\/16\/2019\/02\/XV01-0266-1-1024x683.jpg 1024w, https:\/\/legado.redeicm.org.br\/purissimo\/wp-content\/uploads\/sites\/16\/2019\/02\/XV01-0266-1-300x200.jpg 300w, https:\/\/legado.redeicm.org.br\/purissimo\/wp-content\/uploads\/sites\/16\/2019\/02\/XV01-0266-1-768x512.jpg 768w, https:\/\/legado.redeicm.org.br\/purissimo\/wp-content\/uploads\/sites\/16\/2019\/02\/XV01-0266-1-600x400.jpg 600w\" sizes=\"(max-width: 1024px) 100vw, 1024px\" \/><\/div><\/div><div class=\"w-gallery-item order_2\"><div class=\"w-gallery-item-img\"><img loading=\"lazy\" decoding=\"async\" width=\"1024\" height=\"683\" src=\"https:\/\/legado.redeicm.org.br\/purissimo\/wp-content\/uploads\/sites\/16\/2023\/10\/IMG_1429-1024x683.jpg\" class=\"attachment-large size-large\" alt=\"\" srcset=\"https:\/\/legado.redeicm.org.br\/purissimo\/wp-content\/uploads\/sites\/16\/2023\/10\/IMG_1429-1024x683.jpg 1024w, https:\/\/legado.redeicm.org.br\/purissimo\/wp-content\/uploads\/sites\/16\/2023\/10\/IMG_1429-300x200.jpg 300w, https:\/\/legado.redeicm.org.br\/purissimo\/wp-content\/uploads\/sites\/16\/2023\/10\/IMG_1429-600x400.jpg 600w, https:\/\/legado.redeicm.org.br\/purissimo\/wp-content\/uploads\/sites\/16\/2023\/10\/IMG_1429-768x512.jpg 768w\" sizes=\"(max-width: 1024px) 100vw, 1024px\" \/><\/div><\/div><\/div><\/div>\n<h2><b>Avalia\u00e7\u00e3o no Ensino Fundamental Anos Iniciais: cuidar do desenvolvimento Integral da crian\u00e7a.<\/b><\/h2>\n<p>No Col\u00e9gio Pur\u00edssimo, entendemos que a avalia\u00e7\u00e3o \u00e9 muito mais do que uma nota. Ela \u00e9 uma parte essencial e cont\u00ednua da jornada de aprendizado do seu filho no Ensino Fundamental Anos Iniciais (EFAI). Nosso foco \u00e9 no desenvolvimento integral do aluno, acompanhando de perto cada passo na constru\u00e7\u00e3o do conhecimento.<\/p>\n<h2><b>Como Avaliamos o Aprendizado do Seu Filho?<\/b><\/h2>\n<p>Acreditamos que a avalia\u00e7\u00e3o deve oferecer diferentes percep\u00e7\u00f5es:<\/p>\n<ul>\n<li><b>Para o aluno:<\/b> permite que ele entenda como seu pr\u00f3prio aprendizado acontece, reconhe\u00e7a seus avan\u00e7os e os pontos onde pode crescer.<\/li>\n<li><b>Para o professor<\/b>: atua como um guia, atestando a efic\u00e1cia das estrat\u00e9gias pedag\u00f3gicas e sinalizando as interven\u00e7\u00f5es necess\u00e1rias para apoiar o aluno em sua trajet\u00f3ria. Para n\u00f3s, os aspectos qualitativos prevalecem sobre os quantitativos.<\/li>\n<\/ul>\n<p>Nossos processos avaliativos acompanham o desenvolvimento das compet\u00eancias, habilidades e valores alinhados \u00e0s expectativas de aprendizado. Isso se d\u00e1 por meio\u00a0 de dimens\u00f5es avaliativas cuidadosamente planejadas:<\/p>\n<ul>\n<li><b>Avalia\u00e7\u00e3o Diagn\u00f3stica, Mediadora, Inclusiva e Reguladora: <\/b>olhamos para o que seu filho j\u00e1 aprendeu, reconhecendo os caminhos percorridos e identificando quais rotas precisam ser ajustadas. Nosso objetivo \u00e9 dinamizar n\u00edveis mais complexos de conhecimento, garantindo que o aprendizado seja sempre um avan\u00e7o.<\/li>\n<li><b>Avalia\u00e7\u00e3o Cont\u00ednua, Processual, Formativa e Integradora: <\/b>privilegiamos as potencialidades, habilidades e compet\u00eancias do aluno, focando em seu crescimento para a autonomia e a cidadania. Isso \u00e9 feito por meio de uma variedade de atividades, tanto formais quanto informais, dentro e fora da sala de aula. Utilizamos diversos instrumentos de registro para orientar o professor e o aluno sobre as melhores estrat\u00e9gias para melhorar o desempenho acad\u00eamico e facilitar o processo de aprendizagem individual.<\/li>\n<li><b>Avalia\u00e7\u00e3o Atitudinal: <\/b>avaliamos habilidades cruciais para a vida e o aprendizado, como resili\u00eancia, persist\u00eancia, aplica\u00e7\u00e3o ao trabalho, foco, determina\u00e7\u00e3o e participa\u00e7\u00e3o colaborativa em sala de aula. Tamb\u00e9m observamos o esclarecimento de d\u00favidas, a regularidade na entrega de tarefas e trabalhos, e os h\u00e1bitos de estudo. Essas habilidades complementam a pr\u00e1tica pedag\u00f3gica, promovendo o di\u00e1logo e a forma\u00e7\u00e3o de um sujeito interativo, \u00e9tico, cr\u00edtico e solid\u00e1rio.<\/li>\n<\/ul>\n<h2><b>Instrumentos de Avalia\u00e7\u00e3o:<\/b><\/h2>\n<p>Para garantir uma vis\u00e3o completa do desempenho do seu filho, utilizamos estrat\u00e9gias e instrumentos de avalia\u00e7\u00e3o variados. Isso nos permite verificar a aquisi\u00e7\u00e3o do conhecimento de forma abrangente e o desenvolvimento de atitudes, habilidades e compet\u00eancias de maneira espec\u00edfica e eficaz.<\/p>\n<p>No Col\u00e9gio Pur\u00edssimo, cada avalia\u00e7\u00e3o \u00e9 uma oportunidade de crescimento. Queremos que seu filho se sinta seguro e motivado para aprender, sabendo que estamos ao seu lado em cada etapa desse caminho.<\/p>\n<p>Os resultados s\u00e3o expressos por meio de:<\/p>\n<p>1\u00ba Ano &#8211; parecer descritivo.<\/p>\n<p>2\u00ba ao 5\u00ba ano &#8211; boletim escolar com notas de 0 a 10, sendo m\u00e9dia 7.<\/p>\n<h4><strong>ENSINO FUNDAMENTAL ANOS FINAIS<\/strong><\/h4>\n<h6><strong>Avalia\u00e7\u00e3o da Aprendizagem <\/strong><\/h6>\n<p style=\"text-align: justify\">A avalia\u00e7\u00e3o \u00e9 parte integrante do processo de ensino e de aprendizagem e \u00e9 realizada durante o processo de constru\u00e7\u00e3o e de reconstru\u00e7\u00e3o do conhecimento. A avalia\u00e7\u00e3o oferece diferentes percep\u00e7\u00f5es: ao aluno, permite perceber como o seu aprendizado acontece; ao professor, atesta a efetividade de suas estrat\u00e9gias pedag\u00f3gicas e sinaliza mudan\u00e7as e interven\u00e7\u00f5es necess\u00e1rias para auxiliar o aluno no seu percurso de aprendizagem, prevalecendo os aspectos qualitativos sobre os quantitativos.<\/p>\n<p style=\"text-align: justify\">Os processos avaliativos acompanham o desenvolvimento das compet\u00eancias, das habilidades e dos valores, de acordo com as expectativas de aprendizagem definidas pelo professor em seu planejamento de ensino.<\/p>\n<h6><strong>Instrumentos da Avalia\u00e7\u00e3o<\/strong><\/h6>\n<p style=\"text-align: justify\">Para verificar o desempenho escolar do aluno, s\u00e3o utilizadas estrat\u00e9gias e instrumentos diversificados que especificam a aquisi\u00e7\u00e3o do conhecimento e o desenvolvimento de atitudes, habilidades e compet\u00eancias.<\/p>\n<p style=\"text-align: justify\"><strong>Do 6\u00ba ao 9\u00ba ano do Ensino Fundamental<\/strong>, a avalia\u00e7\u00e3o permite analisar como o aluno constr\u00f3i a sua pr\u00f3pria aprendizagem, a partir da integra\u00e7\u00e3o e da mobiliza\u00e7\u00e3o dos diferentes saberes.\u00a0 Compreende:<\/p>\n<ol>\n<li style=\"text-align: justify\">provas \u2013 instrumentos de verifica\u00e7\u00e3o das expectativas de aprendizagem que englobam conte\u00fados, habilidades e compet\u00eancias trabalhadas ao longo das etapas letivas, seguindo o planejamento de ensino para cada turma no ano letivo;<\/li>\n<li style=\"text-align: justify\">atividades diversificadas \u2013 s\u00e3o atividades, simulados, relat\u00f3rios, produ\u00e7\u00f5es orais e escritas e trabalhos, em que se pretende verificar o desenvolvimento do aluno frente \u00e0s expectativas de aprendizagem dos conte\u00fados, das habilidades, das compet\u00eancias e dos valores, definidos para cada turma no planejamento de ensino, podendo ser de diferentes formas, de acordo com as demandas pedag\u00f3gicas da turma.<\/li>\n<\/ol>\n<p><strong>\u00a0<\/strong><strong>Express\u00e3o de Resultados<\/strong><\/p>\n<p style=\"text-align: justify\">Do 6\u00ba ao 9\u00ba ano do Ensino Fundamental, os resultados da avalia\u00e7\u00e3o s\u00e3o expressos por meio de notas, em uma escala decimal de zero (0,0) a dez (10,0), representando o grau de desenvolvimento do aluno frente \u00e0s expectativas de aprendizagem definidas no planejamento de ensino da turma, para cada componente curricular.<\/p>\n<p style=\"text-align: justify\">A nota final atribu\u00edda ao aluno resulta da m\u00e9dia ponderada entre os graus obtidos em cada trimestre, conforme registro a seguir:<\/p>\n<ol style=\"text-align: justify\">\n<li>O primeiro trimestre, peso 1.<\/li>\n<li>O segundo trimestre, peso 1.<\/li>\n<\/ol>\n<p style=\"text-align: justify\">\u00a0\u00a0\u00a0\u00a0\u00a0\u00a0\u00a0\u00a0\u00a0\u00a0\u00a0\u00a0\u00a0\u00a0\u00a0\u00a0\u00a0\u00a0\u00a0\u00a0\u00a0\u00a0\u00a0\u00a0\u00a0\u00a0\u00a0\u00a0\u00a0\u00a0\u00a0\u00a0\u00a0\u00a0\u00a0\u00a0 III.\u00a0 O terceiro trimestre, peso 2.<\/p>\n<h6><strong>Promo\u00e7\u00e3o<\/strong><\/h6>\n<p style=\"text-align: justify\">Do 6\u00ba ao 9\u00ba ano do Ensino Fundamental, \u00e9 aprovado o aluno que obtiver nota seis (6,0) como m\u00e9dia anual, ap\u00f3s o t\u00e9rmino do 3\u00b0 trimestre, em cada um dos componentes curriculares e, no m\u00ednimo, 75% de frequ\u00eancia do total das horas letivas de acordo com a legisla\u00e7\u00e3o vigente.<\/p>\n<p style=\"text-align: justify\">A nota final do ano letivo se constitui na m\u00e9dia ponderada, observada a propor\u00e7\u00e3o dos pesos de cada trimestre, utilizando-se da regra descrita no item Express\u00e3o de Resultados, para obten\u00e7\u00e3o do resultado final.<\/p>\n<p><strong>\u00a0<\/strong><\/p>\n<h6><strong>Estudos de Recupera\u00e7\u00e3o <\/strong><\/h6>\n<p style=\"text-align: justify\">A Unidade de Ensino Col\u00e9gio Pur\u00edssimo Cora\u00e7\u00e3o de Maria oferece estudos de recupera\u00e7\u00e3o, ao longo do ano letivo, constituindo-se no acompanhamento ao aluno. Oportuniza condi\u00e7\u00f5es de crescimento m\u00ednimo e indispens\u00e1vel para o prosseguimento dos estudos, com a finalidade de sanar defici\u00eancias e dificuldades. S\u00e3o oferecidas diversas formas de atividades, atrav\u00e9s de trabalhos diversificados, tarefas, atendimentos em grupos e individualizados.<\/p>\n<p style=\"text-align: justify\">Os estudos de recupera\u00e7\u00e3o ocorrem de forma cont\u00ednua e processual, sendo oferecidos ao aluno com baixo rendimento escolar, diagnosticados durante o processo de ensino e de aprendizagem, ao longo do trimestre, com intencionalidade de recuperar conte\u00fados, habilidades e compet\u00eancias. Esses estudos n\u00e3o incluem recupera\u00e7\u00e3o entre per\u00edodos.<\/p>\n<p style=\"text-align: justify\">Ao aluno que obtiver m\u00e9dia inferior a seis (6,0), no trimestre, s\u00e3o oferecidos estudos de recupera\u00e7\u00e3o que lhe permitam a reconstru\u00e7\u00e3o da aprendizagem e desenvolvam as habilidades m\u00ednimas exigidas no processo, de acordo com as especificidades de cada turma.<\/p>\n<p style=\"text-align: justify\"><strong>As atividades dos Estudos de Recupera\u00e7\u00e3o n\u00e3o alterar\u00e3o as notas do trimestre. Essas atividades servir\u00e3o para recuperar conte\u00fados e n\u00e3o notas. <\/strong><\/p>\n<p style=\"text-align: justify\">Essas tarefas n\u00e3o alteram a nota do aluno (recupera\u00e7\u00e3o de conte\u00fado) e ser\u00e3o levadas em conta, caso necess\u00e1rio, no processo de Recupera\u00e7\u00e3o Final.<\/p>\n<p style=\"text-align: justify\">Os Estudos de Recupera\u00e7\u00e3o ser\u00e3o utilizados ao final do processo, caso o aluno fique em Recupera\u00e7\u00e3o Final, computando at\u00e9 2,0 pontos da nota REC. A prova final de Recupera\u00e7\u00e3o valer\u00e1 at\u00e9 8,0 pontos.<\/p>\n<p style=\"text-align: justify\">Assim a REC ser\u00e1 calculada como:<\/p>\n<p>&nbsp;<\/p>\n<p><strong>REC = Estudos de Recupera\u00e7\u00e3o + Prova de Recupera\u00e7\u00e3o Final<\/strong><\/p>\n<p>&nbsp;<\/p>\n<p style=\"text-align: justify\">Ao aluno que, ap\u00f3s a realiza\u00e7\u00e3o da avalia\u00e7\u00e3o regular do terceiro trimestre, n\u00e3o obtiver m\u00e9dia ponderada (6,0) seis, no ano, s\u00e3o oferecidos Estudos de Recupera\u00e7\u00e3o, visando \u00e0\u00a0 m\u00e9dia m\u00ednima de cinco (5,0) para a promo\u00e7\u00e3o.<\/p>\n<p>&nbsp;<\/p>\n<p>Para a obten\u00e7\u00e3o do Resultado Final da M\u00e9dia dos Trimestres, utiliza-se a seguinte regra:<\/p>\n<p><img loading=\"lazy\" decoding=\"async\" class=\"size-medium wp-image-64752 aligncenter\" src=\"https:\/\/legado.redeicm.org.br\/purissimo\/wp-content\/uploads\/sites\/16\/2019\/02\/ef1-300x83.png\" alt=\"\" width=\"300\" height=\"83\" srcset=\"https:\/\/legado.redeicm.org.br\/purissimo\/wp-content\/uploads\/sites\/16\/2019\/02\/ef1-300x83.png 300w, https:\/\/legado.redeicm.org.br\/purissimo\/wp-content\/uploads\/sites\/16\/2019\/02\/ef1.png 321w\" sizes=\"(max-width: 300px) 100vw, 300px\" \/><\/p>\n<p>Para o resultado da M\u00e9dia Final com a Recupera\u00e7\u00e3o de Estudos do 3\u00ba trimestre, utiliza-se a seguinte regra:<\/p>\n<p><img loading=\"lazy\" decoding=\"async\" class=\"wp-image-64753 aligncenter\" src=\"https:\/\/legado.redeicm.org.br\/purissimo\/wp-content\/uploads\/sites\/16\/2019\/02\/ef12-300x40.png\" alt=\"\" width=\"353\" height=\"47\" srcset=\"https:\/\/legado.redeicm.org.br\/purissimo\/wp-content\/uploads\/sites\/16\/2019\/02\/ef12-300x40.png 300w, https:\/\/legado.redeicm.org.br\/purissimo\/wp-content\/uploads\/sites\/16\/2019\/02\/ef12.png 464w\" sizes=\"(max-width: 353px) 100vw, 353px\" \/><\/p>\n<p>O aluno que obtiver m\u00e9dia aritm\u00e9tica final inferior a cinco (5,0), ap\u00f3s os estudos de recupera\u00e7\u00e3o do terceiro trimestre letivo, ser\u00e1 reprovado.<\/p>\n<p>O aluno com frequ\u00eancia inferior a 75% do total das horas letivas, conforme determina a legisla\u00e7\u00e3o vigente, ser\u00e1 considerado reprovado.<\/p>\n<div class=\"angwp_67673 _ning_cont _ning_hidden _ning_outer _align_center responsive\" data-size=\"300x250\" data-bid=\"67673\" data-aid=\"0\" style=\"max-width:300px; width:100%;height:inherit;\"><div class=\"_ning_label _left\" style=\"\"><\/div><div class=\"_ning_inner\" style=\"\"><\/div><\/div><div class=\"clear\"><\/div>","protected":false},"excerpt":{"rendered":"<p>Avalia\u00e7\u00e3o no Ensino Fundamental Anos Iniciais: cuidar do desenvolvimento Integral da crian\u00e7a. No Col\u00e9gio Pur\u00edssimo, entendemos que a avalia\u00e7\u00e3o \u00e9 muito mais do que uma nota. Ela \u00e9 uma parte essencial e cont\u00ednua da jornada de aprendizado do seu filho no Ensino Fundamental Anos Iniciais (EFAI). Nosso foco \u00e9 no desenvolvimento integral do aluno, acompanhando&#8230;<\/p>\n","protected":false},"author":38,"featured_media":0,"parent":0,"menu_order":0,"comment_status":"closed","ping_status":"closed","template":"","meta":{"_acf_changed":false,"_monsterinsights_skip_tracking":false,"_monsterinsights_sitenote_active":false,"_monsterinsights_sitenote_note":"","_monsterinsights_sitenote_category":0,"footnotes":""},"class_list":["post-39270","page","type-page","status-publish","hentry"],"acf":[],"_links":{"self":[{"href":"https:\/\/legado.redeicm.org.br\/purissimo\/wp-json\/wp\/v2\/pages\/39270"}],"collection":[{"href":"https:\/\/legado.redeicm.org.br\/purissimo\/wp-json\/wp\/v2\/pages"}],"about":[{"href":"https:\/\/legado.redeicm.org.br\/purissimo\/wp-json\/wp\/v2\/types\/page"}],"author":[{"embeddable":true,"href":"https:\/\/legado.redeicm.org.br\/purissimo\/wp-json\/wp\/v2\/users\/38"}],"replies":[{"embeddable":true,"href":"https:\/\/legado.redeicm.org.br\/purissimo\/wp-json\/wp\/v2\/comments?post=39270"}],"version-history":[{"count":43,"href":"https:\/\/legado.redeicm.org.br\/purissimo\/wp-json\/wp\/v2\/pages\/39270\/revisions"}],"predecessor-version":[{"id":96724,"href":"https:\/\/legado.redeicm.org.br\/purissimo\/wp-json\/wp\/v2\/pages\/39270\/revisions\/96724"}],"wp:attachment":[{"href":"https:\/\/legado.redeicm.org.br\/purissimo\/wp-json\/wp\/v2\/media?parent=39270"}],"curies":[{"name":"wp","href":"https:\/\/api.w.org\/{rel}","templated":true}]}}