{"id":39253,"date":"2017-02-21T08:08:14","date_gmt":"2017-02-21T11:08:14","guid":{"rendered":"https:\/\/redeicm.org.br\/purissimo\/?page_id=39253"},"modified":"2025-06-12T09:01:26","modified_gmt":"2025-06-12T12:01:26","slug":"fale-com-o-coordenador-2","status":"publish","type":"page","link":"https:\/\/legado.redeicm.org.br\/purissimo\/fale-com-o-coordenador-2\/","title":{"rendered":"Fale Com o Coordenador"},"content":{"rendered":"<section class=\"wpb-content-wrapper\"><section class=\"l-section wpb_row height_medium\"><div class=\"l-section-h i-cf\"><div class=\"g-cols vc_row via_grid cols_1-3 laptops-cols_inherit tablets-cols_inherit mobiles-cols_1 valign_top type_default stacking_default\"><div class=\"wpb_column vc_column_container\"><div class=\"vc_column-inner\"><div class=\"wpb_text_column\"><div class=\"wpb_wrapper\"><p>Fale com os coordenadores do Ensino Fundamental<\/p>\n<\/div><\/div><div class=\"w-contacts\"><div class=\"w-contacts-list\"><div class=\"w-contacts-item for_phone\"><span class=\"w-contacts-item-value\">19 3526-3028<\/span><\/div><\/div><\/div><\/div><\/div><div class=\"wpb_column vc_column_container\"><div class=\"vc_column-inner\"><form class=\"w-form  layout_ver for_cform us_form_1\" autocomplete=\"off\" action=\"https:\/\/legado.redeicm.org.br\/purissimo\/purissimo\/wp-json\/wp\/v2\/pages\/39253\" method=\"post\"><div class=\"w-form-h\"><div class=\"w-form-row for_text required with_icon\">\r\n\t\t<div class=\"w-form-row-field\">\r\n\t\t\t\t<i class=\"far fa-user\"><\/i>\t\t<input aria-label=\"Nome\" type=\"text\" name=\"us_form_1_text_1\" value placeholder=\"Nome *\" data-required=\"true\" aria-required=\"true\"\/>\r\n\t\t\t<\/div>\r\n\t\t<div class=\"w-form-row-state\">Preencha esse campo<\/div>\r\n<\/div>\r\n<div class=\"w-form-row for_text required with_icon\">\r\n\t\t<div class=\"w-form-row-field\">\r\n\t\t\t\t<i class=\"far fa-envelope\"><\/i>\t\t<input aria-label=\"E-mail\" type=\"text\" name=\"us_form_1_text_2\" value placeholder=\"E-mail *\" data-required=\"true\" aria-required=\"true\"\/>\r\n\t\t\t<\/div>\r\n\t\t<div class=\"w-form-row-state\">Preencha esse campo<\/div>\r\n<\/div>\r\n<div class=\"w-form-row for_text required with_icon\">\r\n\t\t<div class=\"w-form-row-field\">\r\n\t\t\t\t<i class=\"far fa-phone\"><\/i>\t\t<input aria-label=\"Telefone\" type=\"text\" name=\"us_form_1_text_3\" value placeholder=\"Telefone *\" data-required=\"true\" aria-required=\"true\"\/>\r\n\t\t\t<\/div>\r\n\t\t<div class=\"w-form-row-state\">Preencha esse campo<\/div>\r\n<\/div>\r\n<div class=\"w-form-row for_textarea required with_icon\">\r\n\t\t<div class=\"w-form-row-field\">\r\n\t\t\t\t<i class=\"far fa-pencil\"><\/i>\t\t<textarea aria-label=\"Texto\" name=\"us_form_1_textarea_1\" placeholder=\"Texto *\" data-required=\"true\" aria-required=\"true\"><\/textarea>\r\n\t\t\t<\/div>\r\n\t\t<div class=\"w-form-row-state\">Preencha esse campo<\/div>\r\n<\/div>\r\n<div class=\"w-form-row for_captcha has_label required with_icon\">\r\n\t<div class=\"w-form-row-label\">\r\n\t\t<span>Resolva a equa\u00e7\u00e3o para continuar <span>25 + 12 = ?<\/span><\/span>\r\n\t<\/div>\r\n\t<div class=\"w-form-row-field\">\r\n\t\t\t\t<input type=\"hidden\" name=\"us_form_1_captcha_1_hash\" value=\"56a7d27c04b35dc1fb00374dd93509cd\" \/>\r\n\t\t<i class=\"far fa-question-circle\"><\/i>\t\t<input aria-label=\"Resolva a equa\u00e7\u00e3o para continuar\" type=\"text\" name=\"us_form_1_captcha_1\" placeholder data-required=\"true\" aria-required=\"true\"\/>\r\n\t\t\t<\/div>\r\n\t\t<div class=\"w-form-row-state\">Resolva a equa\u00e7\u00e3o para continuar<\/div>\r\n<\/div>\r\n<input type=\"hidden\" name=\"action\" value=\"us_ajax_cform\" \/>\r\n<input type=\"hidden\" name=\"post_id\" value=\"0\" \/>\r\n<input type=\"hidden\" name=\"form_index\" value=\"1\" \/>\r\n<div class=\"w-form-row for_submit align_none\">\r\n\t<div class=\"w-form-row-field\">\r\n\t\t<button class=\"w-btn  us-btn-style_1\" style=\"font-size:15px;\" aria-label=\"Enviar\" type=\"submit\">\r\n\t\t\t<span class=\"g-preloader type_1\"><\/span>\r\n\t\t\t\t\t\t<span class=\"w-btn-label\">Enviar<\/span>\r\n\t\t\t\t\t<\/button>\r\n\t<\/div>\r\n<\/div>\r\n<\/div><div class=\"w-form-message\"><\/div><div class=\"w-form-json hidden\" onclick='return {&quot;ajaxurl&quot;:&quot;https:\\\/\\\/legado.redeicm.org.br\\\/purissimo\\\/wp-admin\\\/admin-ajax.php&quot;,&quot;messages&quot;:{&quot;err_empty&quot;:&quot;Preencha esse campo&quot;,&quot;err_size&quot;:&quot;O tamanho do arquivo n\\u00e3o pode exceder %s MB&quot;,&quot;err_extension&quot;:&quot;O tipo de arquivo %s n\\u00e3o \\u00e9 permitido&quot;}}'><\/div><\/form><\/div><\/div><\/div><\/div><\/section>\n<div class=\"angwp_67673 _ning_cont _ning_hidden _ning_outer _align_center responsive\" data-size=\"300x250\" data-bid=\"67673\" data-aid=\"0\" style=\"max-width:300px; width:100%;height:inherit;\"><div class=\"_ning_label _left\" style=\"\"><\/div><div class=\"_ning_inner\" style=\"\"><\/div><\/div><div class=\"clear\"><\/div><\/section>","protected":false},"excerpt":{"rendered":"Fale com os coordenadores do Ensino Fundamental 19 3526-3028 Preencha esse campo Preencha esse campo Preencha esse campo Preencha esse campo Resolva a equa\u00e7\u00e3o para continuar 30 + 6 = ? Resolva a equa\u00e7\u00e3o para continuar Enviar","protected":false},"author":38,"featured_media":0,"parent":0,"menu_order":0,"comment_status":"closed","ping_status":"closed","template":"","meta":{"_acf_changed":false,"_monsterinsights_skip_tracking":false,"_monsterinsights_sitenote_active":false,"_monsterinsights_sitenote_note":"","_monsterinsights_sitenote_category":0,"footnotes":""},"class_list":["post-39253","page","type-page","status-publish","hentry"],"acf":[],"_links":{"self":[{"href":"https:\/\/legado.redeicm.org.br\/purissimo\/wp-json\/wp\/v2\/pages\/39253"}],"collection":[{"href":"https:\/\/legado.redeicm.org.br\/purissimo\/wp-json\/wp\/v2\/pages"}],"about":[{"href":"https:\/\/legado.redeicm.org.br\/purissimo\/wp-json\/wp\/v2\/types\/page"}],"author":[{"embeddable":true,"href":"https:\/\/legado.redeicm.org.br\/purissimo\/wp-json\/wp\/v2\/users\/38"}],"replies":[{"embeddable":true,"href":"https:\/\/legado.redeicm.org.br\/purissimo\/wp-json\/wp\/v2\/comments?post=39253"}],"version-history":[{"count":9,"href":"https:\/\/legado.redeicm.org.br\/purissimo\/wp-json\/wp\/v2\/pages\/39253\/revisions"}],"predecessor-version":[{"id":96541,"href":"https:\/\/legado.redeicm.org.br\/purissimo\/wp-json\/wp\/v2\/pages\/39253\/revisions\/96541"}],"wp:attachment":[{"href":"https:\/\/legado.redeicm.org.br\/purissimo\/wp-json\/wp\/v2\/media?parent=39253"}],"curies":[{"name":"wp","href":"https:\/\/api.w.org\/{rel}","templated":true}]}}