{"id":39243,"date":"2017-02-21T08:02:07","date_gmt":"2017-02-21T11:02:07","guid":{"rendered":"https:\/\/redeicm.org.br\/purissimo\/?page_id=39243"},"modified":"2025-06-27T10:48:55","modified_gmt":"2025-06-27T13:48:55","slug":"39243-2","status":"publish","type":"page","link":"https:\/\/legado.redeicm.org.br\/purissimo\/39243-2\/","title":{"rendered":"Proposta Pedag\u00f3gica"},"content":{"rendered":"<div class=\"w-gallery cols_2 link_file\"><div class=\"w-gallery-list\"><a class=\"w-gallery-item order_1\" href=\"https:\/\/legado.redeicm.org.br\/purissimo\/wp-content\/uploads\/sites\/16\/2023\/10\/IMG_5160-scaled.jpg\" title=\"IMG_5160\"><div class=\"w-gallery-item-img\"><img loading=\"lazy\" decoding=\"async\" width=\"600\" height=\"400\" src=\"https:\/\/legado.redeicm.org.br\/purissimo\/wp-content\/uploads\/sites\/16\/2023\/10\/IMG_5160-600x400.jpg\" class=\"attachment-us_600_0 size-us_600_0\" alt=\"\" srcset=\"https:\/\/legado.redeicm.org.br\/purissimo\/wp-content\/uploads\/sites\/16\/2023\/10\/IMG_5160-600x400.jpg 600w, https:\/\/legado.redeicm.org.br\/purissimo\/wp-content\/uploads\/sites\/16\/2023\/10\/IMG_5160-300x200.jpg 300w, https:\/\/legado.redeicm.org.br\/purissimo\/wp-content\/uploads\/sites\/16\/2023\/10\/IMG_5160-1024x683.jpg 1024w, https:\/\/legado.redeicm.org.br\/purissimo\/wp-content\/uploads\/sites\/16\/2023\/10\/IMG_5160-768x512.jpg 768w\" sizes=\"(max-width: 600px) 100vw, 600px\" \/><\/div><\/a><a class=\"w-gallery-item order_2\" href=\"https:\/\/legado.redeicm.org.br\/purissimo\/wp-content\/uploads\/sites\/16\/2023\/12\/IMG_7768-scaled.jpg\" title=\"IMG_7768\"><div class=\"w-gallery-item-img\"><img loading=\"lazy\" decoding=\"async\" width=\"600\" height=\"400\" src=\"https:\/\/legado.redeicm.org.br\/purissimo\/wp-content\/uploads\/sites\/16\/2023\/12\/IMG_7768-600x400.jpg\" class=\"attachment-us_600_0 size-us_600_0\" alt=\"\" srcset=\"https:\/\/legado.redeicm.org.br\/purissimo\/wp-content\/uploads\/sites\/16\/2023\/12\/IMG_7768-600x400.jpg 600w, https:\/\/legado.redeicm.org.br\/purissimo\/wp-content\/uploads\/sites\/16\/2023\/12\/IMG_7768-300x200.jpg 300w, https:\/\/legado.redeicm.org.br\/purissimo\/wp-content\/uploads\/sites\/16\/2023\/12\/IMG_7768-1024x683.jpg 1024w, https:\/\/legado.redeicm.org.br\/purissimo\/wp-content\/uploads\/sites\/16\/2023\/12\/IMG_7768-768x512.jpg 768w\" sizes=\"(max-width: 600px) 100vw, 600px\" \/><\/div><\/a><\/div><\/div>\n<p>O Ensino Fundamental do Col\u00e9gio Pur\u00edssimo est\u00e1 estruturado em nove anos. Desde cedo, os alunos recebem educa\u00e7\u00e3o integral que est\u00e1 estruturada na vis\u00e3o da promo\u00e7\u00e3o humana, na constru\u00e7\u00e3o de saberes e no desenvolvimento de compet\u00eancias e habilidades, mediante expectativas de aprendizagem que possibilitam aos envolvidos no processo educacional, m\u00faltiplas leituras de mundo e a transforma\u00e7\u00e3o da realidade.<\/p>\n<h2><b>A Proposta Pedag\u00f3gica do Ensino Fundamental Anos Iniciais<\/b><\/h2>\n<p>Preparar seus filhos para os desafios do amanh\u00e3 \u00e9 uma das maiores preocupa\u00e7\u00f5es de toda fam\u00edlia, por isso, aqui no <b>Col\u00e9gio Pur\u00edssimo<\/b>, entendemos essa responsabilidade e oferecemos um <b>Ensino Fundamental Anos Iniciais (EFAI)<\/b> que vai muito al\u00e9m da sala de aula. Aqui, seu filho n\u00e3o apenas aprende, ele floresce como um indiv\u00edduo completo, construindo uma base s\u00f3lida para o sucesso acad\u00eamico e pessoal.<\/p>\n<h2><b>Uma Forma\u00e7\u00e3o Integral para a Vida<\/b><\/h2>\n<p>Nossa proposta estimula um <b>processo formativo integral e inovador<\/b>. No Pur\u00edssimo, nutrimos o <b>senso cr\u00edtico, a \u00e9tica, a solidariedade e a cidadania<\/b>. Capacitamos as crian\u00e7as \u00e0 analisar, compreender, posicionar-se e intervir na realidade, promovendo transforma\u00e7\u00f5es sociais e contribuindo para o bem-estar coletivo.<\/p>\n<p>Em nossas unidades, cada dia \u00e9 uma oportunidade para a constru\u00e7\u00e3o do conhecimento e do desenvolvimento humano, cient\u00edfico, tecnol\u00f3gico e espiritual. Priorizamos uma <b>aprendizagem ativa e significativa<\/b>, evidenciada por:<\/p>\n<ul>\n<li><b>Inicia\u00e7\u00e3o Cient\u00edfica e Olimp\u00edadas:<\/b> despertamos a curiosidade e o esp\u00edrito explorador! Nossos alunos s\u00e3o incentivados a participar de <b>Olimp\u00edadas Cient\u00edficas<\/b>, desenvolvendo o racioc\u00ednio l\u00f3gico e o pensamento investigativo desde cedo.<\/li>\n<li><b>Matem\u00e1tica Avan\u00e7ada:<\/b> para os alunos que demonstram aptid\u00e3o e interesse, oferecemos <b>aulas de matem\u00e1tica avan\u00e7ada<\/b>, proporcionando desafios e aprofundando o conhecimento em um ambiente de est\u00edmulo cont\u00ednuo.<\/li>\n<li><b>Educa\u00e7\u00e3o Socioemocional:<\/b> priorizamos a <b>intelig\u00eancia socioemocional<\/b>, estimulando as crian\u00e7as a reconhecer e gerenciar suas emo\u00e7\u00f5es, construir relacionamentos saud\u00e1veis e resolver conflitos de forma positiva. Isso as prepara para a vida com mais equil\u00edbrio e resili\u00eancia.<\/li>\n<li><b>Pensamento Computacional, do Maker \u00e0 Programa\u00e7\u00e3o:<\/b> um de nossos grandes diferenciais! Desenvolvemos habilidades essenciais para a resolu\u00e7\u00e3o de problemas de forma l\u00f3gica e criativa. Desde as atividades <b>maker<\/b>, com a m\u00e3o na massa, at\u00e9 a <b>programa\u00e7\u00e3o<\/b>, onde o racioc\u00ednio sequencial e a l\u00f3gica se tornam ferramentas poderosas, preparamos seus filhos para um mundo cada vez mais digital.<\/li>\n<li><b>Ambientes Diferenciados:<\/b> nossos espa\u00e7os s\u00e3o projetados para promover uma <b>aprendizagem ativa<\/b>. Salas de aula, laborat\u00f3rios que convidam \u00e0 experimenta\u00e7\u00e3o e \u00e1reas l\u00fadicas que estimulam a criatividade e garantem que o aprendizado seja din\u00e2mico, divertido e envolvente.<\/li>\n<li><b>Coopera\u00e7\u00e3o e Consci\u00eancia Coletiva:<\/b> estimulamos o trabalho em equipe e a compreens\u00e3o do papel de cada um na comunidade.<\/li>\n<li><b>Compet\u00eancia Comunicativa:<\/b> desenvolvemos a capacidade de express\u00e3o, oral e escrita, para que seus filhos se comuniquem com clareza e confian\u00e7a.<\/li>\n<li><b>Consci\u00eancia Ecol\u00f3gica e Educa\u00e7\u00e3o Financeira:<\/b> cultivamos o respeito ao meio ambiente para um futuro sustent\u00e1vel e preparamos as crian\u00e7as para uma rela\u00e7\u00e3o saud\u00e1vel e consciente com o dinheiro.<\/li>\n<\/ul>\n<h2><b>Excel\u00eancia Pedag\u00f3gica e Programa Bil\u00edngue no turno regular<\/b><\/h2>\n<p>Para garantir a excel\u00eancia, utilizamos o <b>material Poliedro<\/b>, reconhecido por seu <b>rico embasamento te\u00f3rico<\/b> e <b>metodologia din\u00e2mica<\/b>. Nossas professoras, com <b>forma\u00e7\u00e3o e qualifica\u00e7\u00e3o diferenciada<\/b>, aplicam essa metodologia de forma inspiradora, tornando cada aula uma experi\u00eancia \u00fanica.<\/p>\n<p>E tem mais! No Col\u00e9gio Pur\u00edssimo, a flu\u00eancia em um segundo idioma \u00e9 um passaporte para o futuro, por isso, oferecemos um <b>Programa Bil\u00edngue integrado<\/b>, com <b>5 aulas semanais de ingl\u00eas<\/b> dentro do turno regular de estudos. O melhor de tudo: <b>sem custos adicionais<\/b> para a sua fam\u00edlia! Seus filhos vivenciar\u00e3o o ingl\u00eas de forma imersiva e natural, desenvolvendo habilidades de comunica\u00e7\u00e3o para um mundo globalizado.<\/p>\n<p>J\u00e1 o Ensino Fundamental Anos Finais (6\u00ba ao 9\u00ba Ano) prioriza a forma\u00e7\u00e3o b\u00e1sica do aluno por meio do pleno dom\u00ednio da leitura, escrita e c\u00e1lculo, da compreens\u00e3o e responsabilidade cr\u00edtica sobre o ambiente natural, social, pol\u00edtico, tecnol\u00f3gico, art\u00edstico e \u00e9tico. Al\u00e9m disso, tem-se a aquisi\u00e7\u00e3o de conhecimentos e habilidades coerentes com atitudes e valores pertinentes \u00e0s caracter\u00edsticas da inf\u00e2ncia e da adolesc\u00eancia e as maravilhas que esta fase da vida proporciona.<\/p>\n<p>O eixo metodol\u00f3gico do trabalho do Col\u00e9gio Pur\u00edssimo enfatiza o desenvolvimento de conte\u00fados conceituais, procedimentais e atitudinais, objetivando a constitui\u00e7\u00e3o de compet\u00eancias na Escola, diante do processo de forma\u00e7\u00e3o integral do ser humano para responder aos desafios que a vida apresenta. Sob o ponto de vista curricular, privilegia a partilha de experi\u00eancias, a curiosidade, a pesquisa, a investiga\u00e7\u00e3o, a problematiza\u00e7\u00e3o, a resolu\u00e7\u00e3o de problemas, a gest\u00e3o de conflitos, a resili\u00eancia, a viv\u00eancia, o empreendedorismo e o trabalho em equipe.<\/p>\n<div class=\"backbutton\"><\/div>\n<div class=\"angwp_67673 _ning_cont _ning_hidden _ning_outer _align_center responsive\" data-size=\"300x250\" data-bid=\"67673\" data-aid=\"0\" style=\"max-width:300px; width:100%;height:inherit;\"><div class=\"_ning_label _left\" style=\"\"><\/div><div class=\"_ning_inner\" style=\"\"><\/div><\/div><div class=\"clear\"><\/div>","protected":false},"excerpt":{"rendered":"<p>O Ensino Fundamental do Col\u00e9gio Pur\u00edssimo est\u00e1 estruturado em nove anos. Desde cedo, os alunos recebem educa\u00e7\u00e3o integral que est\u00e1 estruturada na vis\u00e3o da promo\u00e7\u00e3o humana, na constru\u00e7\u00e3o de saberes e no desenvolvimento de compet\u00eancias e habilidades, mediante expectativas de aprendizagem que possibilitam aos envolvidos no processo educacional, m\u00faltiplas leituras de mundo e a transforma\u00e7\u00e3o&#8230;<\/p>\n","protected":false},"author":38,"featured_media":0,"parent":0,"menu_order":0,"comment_status":"closed","ping_status":"closed","template":"","meta":{"_acf_changed":false,"_monsterinsights_skip_tracking":false,"_monsterinsights_sitenote_active":false,"_monsterinsights_sitenote_note":"","_monsterinsights_sitenote_category":0,"footnotes":""},"class_list":["post-39243","page","type-page","status-publish","hentry"],"acf":[],"_links":{"self":[{"href":"https:\/\/legado.redeicm.org.br\/purissimo\/wp-json\/wp\/v2\/pages\/39243"}],"collection":[{"href":"https:\/\/legado.redeicm.org.br\/purissimo\/wp-json\/wp\/v2\/pages"}],"about":[{"href":"https:\/\/legado.redeicm.org.br\/purissimo\/wp-json\/wp\/v2\/types\/page"}],"author":[{"embeddable":true,"href":"https:\/\/legado.redeicm.org.br\/purissimo\/wp-json\/wp\/v2\/users\/38"}],"replies":[{"embeddable":true,"href":"https:\/\/legado.redeicm.org.br\/purissimo\/wp-json\/wp\/v2\/comments?post=39243"}],"version-history":[{"count":12,"href":"https:\/\/legado.redeicm.org.br\/purissimo\/wp-json\/wp\/v2\/pages\/39243\/revisions"}],"predecessor-version":[{"id":96243,"href":"https:\/\/legado.redeicm.org.br\/purissimo\/wp-json\/wp\/v2\/pages\/39243\/revisions\/96243"}],"wp:attachment":[{"href":"https:\/\/legado.redeicm.org.br\/purissimo\/wp-json\/wp\/v2\/media?parent=39243"}],"curies":[{"name":"wp","href":"https:\/\/api.w.org\/{rel}","templated":true}]}}