{"id":39224,"date":"2017-02-21T07:46:25","date_gmt":"2017-02-21T10:46:25","guid":{"rendered":"https:\/\/redeicm.org.br\/purissimo\/?page_id=39224"},"modified":"2025-06-27T10:35:32","modified_gmt":"2025-06-27T13:35:32","slug":"normas","status":"publish","type":"page","link":"https:\/\/legado.redeicm.org.br\/purissimo\/normas\/","title":{"rendered":"Normas"},"content":{"rendered":"<h2><b>Principais orienta\u00e7\u00f5es\u00a0<\/b><\/h2>\n<p>Para garantir a seguran\u00e7a, o bem-estar e o melhor aproveitamento de cada crian\u00e7a em nossa escola, preparamos algumas orienta\u00e7\u00f5es importantes sobre o nosso dia a dia. Elas foram pensadas para fortalecer a parceria entre fam\u00edlia e escola, criando um ambiente ainda mais acolhedor para todos.<\/p>\n<h2><b>Comunica\u00e7\u00e3o Eficaz e Organizada<\/b><\/h2>\n<ul>\n<li><b>Aplicativo \u201cRede ICM\u201d:<\/b>\u00a0 Ele ser\u00e1 nosso principal canal para mensagens r\u00e1pidas, avisos e conversas com as professoras e a coordena\u00e7\u00e3o.<\/li>\n<li><b>Atendimento Agendado:<\/b> Caso precisem conversar com as professoras, por favor, <b>agendem um hor\u00e1rio<\/b> por meio do aplicativo <b>\u201cRede ICM\u201d<\/b>. Assim, ser\u00e1 poss\u00edvel oferecer a voc\u00eas a aten\u00e7\u00e3o que merecem, em um momento exclusivo.<\/li>\n<\/ul>\n<h2><b>Pontualidade e Compromisso<\/b><\/h2>\n<ul>\n<li><b>Hor\u00e1rios de Entrada e Sa\u00edda:<\/b> respeitar os hor\u00e1rios de entrada e sa\u00edda \u00e9 muito importante, j\u00e1 que os atrasos podem gerar inseguran\u00e7a e ansiedade nas crian\u00e7as, al\u00e9m de perder algumas viv\u00eancias importantes.<\/li>\n<\/ul>\n<p><b>Turno da Manh\u00e3:<\/b> das <b>7h20 \u00e0s 11h50\u00a0<\/b><\/p>\n<p><b>Turno da Tarde:<\/b> das <b>13h \u00e0s 17h30<\/b><\/p>\n<ul>\n<li><b>Sa\u00edda Durante a Aula:<\/b> Se seu filho precisar sair da escola durante o per\u00edodo de aula, por favor, <b>informem com anteced\u00eancia \u00e0 professora, via aplicativo. <\/b>Caso a crian\u00e7a precise ir embora com algu\u00e9m n\u00e3o autorizado na ficha informativa, \u00e9 fundamental que conste o nome completo e o RG da pessoa autorizada a fazer a retirada.<\/li>\n<li><b>Uniforme:<\/b> o uso do <b>uniforme \u00e9 imprescind\u00edvel<\/b> (ver\u00e3o e inverno) e ele deve ter a <b>identifica\u00e7\u00e3o da crian\u00e7a<\/b>. Para a seguran\u00e7a e conforto, n\u00e3o \u00e9 permitido o uso de sand\u00e1lias com saltos altos e chinelos.<\/li>\n<\/ul>\n<p><b>Demais normas e orienta\u00e7\u00f5es ser\u00e3o entregues \u00e0 fam\u00edlia no in\u00edcio das aulas.\u00a0<\/b><\/p>\n<div class=\"angwp_67673 _ning_cont _ning_hidden _ning_outer _align_center responsive\" data-size=\"300x250\" data-bid=\"67673\" data-aid=\"0\" style=\"max-width:300px; width:100%;height:inherit;\"><div class=\"_ning_label _left\" style=\"\"><\/div><div class=\"_ning_inner\" style=\"\"><\/div><\/div><div class=\"clear\"><\/div>","protected":false},"excerpt":{"rendered":"<p>Principais orienta\u00e7\u00f5es\u00a0 Para garantir a seguran\u00e7a, o bem-estar e o melhor aproveitamento de cada crian\u00e7a em nossa escola, preparamos algumas orienta\u00e7\u00f5es importantes sobre o nosso dia a dia. Elas foram pensadas para fortalecer a parceria entre fam\u00edlia e escola, criando um ambiente ainda mais acolhedor para todos. Comunica\u00e7\u00e3o Eficaz e Organizada Aplicativo \u201cRede ICM\u201d:\u00a0 Ele&#8230;<\/p>\n","protected":false},"author":38,"featured_media":0,"parent":0,"menu_order":0,"comment_status":"closed","ping_status":"closed","template":"","meta":{"_acf_changed":false,"_monsterinsights_skip_tracking":false,"_monsterinsights_sitenote_active":false,"_monsterinsights_sitenote_note":"","_monsterinsights_sitenote_category":0,"footnotes":""},"class_list":["post-39224","page","type-page","status-publish","hentry"],"acf":[],"_links":{"self":[{"href":"https:\/\/legado.redeicm.org.br\/purissimo\/wp-json\/wp\/v2\/pages\/39224"}],"collection":[{"href":"https:\/\/legado.redeicm.org.br\/purissimo\/wp-json\/wp\/v2\/pages"}],"about":[{"href":"https:\/\/legado.redeicm.org.br\/purissimo\/wp-json\/wp\/v2\/types\/page"}],"author":[{"embeddable":true,"href":"https:\/\/legado.redeicm.org.br\/purissimo\/wp-json\/wp\/v2\/users\/38"}],"replies":[{"embeddable":true,"href":"https:\/\/legado.redeicm.org.br\/purissimo\/wp-json\/wp\/v2\/comments?post=39224"}],"version-history":[{"count":11,"href":"https:\/\/legado.redeicm.org.br\/purissimo\/wp-json\/wp\/v2\/pages\/39224\/revisions"}],"predecessor-version":[{"id":96743,"href":"https:\/\/legado.redeicm.org.br\/purissimo\/wp-json\/wp\/v2\/pages\/39224\/revisions\/96743"}],"wp:attachment":[{"href":"https:\/\/legado.redeicm.org.br\/purissimo\/wp-json\/wp\/v2\/media?parent=39224"}],"curies":[{"name":"wp","href":"https:\/\/api.w.org\/{rel}","templated":true}]}}