{"id":39211,"date":"2017-02-21T07:35:17","date_gmt":"2017-02-21T10:35:17","guid":{"rendered":"https:\/\/redeicm.org.br\/purissimo\/?page_id=39211"},"modified":"2023-08-25T08:51:58","modified_gmt":"2023-08-25T11:51:58","slug":"ambientes","status":"publish","type":"page","link":"https:\/\/legado.redeicm.org.br\/purissimo\/ambientes\/","title":{"rendered":"Ambientes"},"content":{"rendered":"<p style=\"text-align: justify\"><img loading=\"lazy\" decoding=\"async\" class=\"alignnone wp-image-87189 size-medium\" src=\"https:\/\/legado.redeicm.org.br\/purissimo\/wp-content\/uploads\/sites\/16\/2023\/08\/AMBIENTE-WJ01-6181-300x200.jpg\" alt=\"\" width=\"300\" height=\"200\" srcset=\"https:\/\/legado.redeicm.org.br\/purissimo\/wp-content\/uploads\/sites\/16\/2023\/08\/AMBIENTE-WJ01-6181-300x200.jpg 300w, https:\/\/legado.redeicm.org.br\/purissimo\/wp-content\/uploads\/sites\/16\/2023\/08\/AMBIENTE-WJ01-6181-1024x682.jpg 1024w, https:\/\/legado.redeicm.org.br\/purissimo\/wp-content\/uploads\/sites\/16\/2023\/08\/AMBIENTE-WJ01-6181-600x400.jpg 600w, https:\/\/legado.redeicm.org.br\/purissimo\/wp-content\/uploads\/sites\/16\/2023\/08\/AMBIENTE-WJ01-6181-768x512.jpg 768w, https:\/\/legado.redeicm.org.br\/purissimo\/wp-content\/uploads\/sites\/16\/2023\/08\/AMBIENTE-WJ01-6181.jpg 1772w\" sizes=\"(max-width: 300px) 100vw, 300px\" \/><img loading=\"lazy\" decoding=\"async\" class=\"alignnone wp-image-87188 size-medium\" src=\"https:\/\/legado.redeicm.org.br\/purissimo\/wp-content\/uploads\/sites\/16\/2023\/08\/IMG_9683-300x200.jpg\" alt=\"\" width=\"300\" height=\"200\" srcset=\"https:\/\/legado.redeicm.org.br\/purissimo\/wp-content\/uploads\/sites\/16\/2023\/08\/IMG_9683-300x200.jpg 300w, https:\/\/legado.redeicm.org.br\/purissimo\/wp-content\/uploads\/sites\/16\/2023\/08\/IMG_9683-1024x683.jpg 1024w, https:\/\/legado.redeicm.org.br\/purissimo\/wp-content\/uploads\/sites\/16\/2023\/08\/IMG_9683-600x400.jpg 600w, https:\/\/legado.redeicm.org.br\/purissimo\/wp-content\/uploads\/sites\/16\/2023\/08\/IMG_9683-768x512.jpg 768w\" sizes=\"(max-width: 300px) 100vw, 300px\" \/><img loading=\"lazy\" decoding=\"async\" class=\"alignnone size-medium wp-image-87192\" src=\"https:\/\/legado.redeicm.org.br\/purissimo\/wp-content\/uploads\/sites\/16\/2023\/08\/AMBIENTE-WJ01-6080-300x200.jpg\" alt=\"\" width=\"300\" height=\"200\" srcset=\"https:\/\/legado.redeicm.org.br\/purissimo\/wp-content\/uploads\/sites\/16\/2023\/08\/AMBIENTE-WJ01-6080-300x200.jpg 300w, https:\/\/legado.redeicm.org.br\/purissimo\/wp-content\/uploads\/sites\/16\/2023\/08\/AMBIENTE-WJ01-6080-1024x682.jpg 1024w, https:\/\/legado.redeicm.org.br\/purissimo\/wp-content\/uploads\/sites\/16\/2023\/08\/AMBIENTE-WJ01-6080-600x400.jpg 600w, https:\/\/legado.redeicm.org.br\/purissimo\/wp-content\/uploads\/sites\/16\/2023\/08\/AMBIENTE-WJ01-6080-768x512.jpg 768w, https:\/\/legado.redeicm.org.br\/purissimo\/wp-content\/uploads\/sites\/16\/2023\/08\/AMBIENTE-WJ01-6080.jpg 1772w\" sizes=\"(max-width: 300px) 100vw, 300px\" \/><\/p>\n<p style=\"text-align: justify\">O Col\u00e9gio Pur\u00edssimo possui uma estrutura voltada para o total desenvolvimento de seus alunos, com seguran\u00e7a, e excelentes profissionais para o melhor atendimento de todas as necessidades dos estudantes e seus respons\u00e1veis.<\/p>\n<p style=\"text-align: justify\">Com mais de 9 mil m\u00b2 de \u00e1rea constru\u00edda, a unidade possui dois espa\u00e7os f\u00edsicos distintos: o Col\u00e9gio, onde funcionam do 4\u00ba ano do Ensino Fundamental I ao Ensino M\u00e9dio e o Curso Pr\u00e9-Vestibular, e a Casa Azul destinada \u00e0 Educa\u00e7\u00e3o Infantil e ao Ensino Fundamental (1\u00ba ao 3\u00ba ano).<\/p>\n<p style=\"text-align: justify\">O Col\u00e9gio disp\u00f5e de um amplo espa\u00e7o f\u00edsico que tem import\u00e2ncia fundamental no desenvolvimento e aprendizagem da crian\u00e7a. A Casa Azul \u00e9 o pr\u00e9dio destinado a Educa\u00e7\u00e3o Infantil e ao Ensino Fundamental I, o Pr\u00e9dio Hist\u00f3rico \u00e9 tombado como patrim\u00f4nio cultural da cidade de Rio Claro. Com arquitetura de \u00e9poca o local proporciona uma aten\u00e7\u00e3o especial dentro da rotina da escola. \u00c1reas especialmente planejadas para acolher as crian\u00e7as em suas necessidades de explora\u00e7\u00e3o, espa\u00e7os destinados unicamente a essa idade, tais como banheiros adaptados, p\u00e1tio e \u00e1rea de lanche, parque, entrada e sa\u00edda controlada, garantindo que toda aten\u00e7\u00e3o dos profissionais da escola estejam voltados para atender as necessidades espec\u00edficas dessa faixa et\u00e1ria incluindo movimento, socializa\u00e7\u00e3o com o mundo e com as pessoas que as rodeiam e desenvolvimento de potencialidades e habilidades sejam elas: motoras, cognitivas ou afetivas.<\/p>\n<ul>\n<li><strong>Salas de aula ambientes para ingl\u00eas e geografia;<\/strong><\/li>\n<li><strong>Sala de iPad;<\/strong><\/li>\n<li><strong>Sala de Chromebooks;<\/strong><\/li>\n<li><strong>Sala Google;<\/strong><\/li>\n<li><strong>Laborat\u00f3rio de inform\u00e1tica;<\/strong><\/li>\n<li><strong>Capela;<\/strong><\/li>\n<li><strong>Cantinas;<\/strong><\/li>\n<li><strong>Bibliotecas;<\/strong><\/li>\n<li><strong>Enfermarias;<\/strong><\/li>\n<li><strong>Museu com rochas e animais empalhados;<\/strong><\/li>\n<li><strong>Salas de artes;<\/strong><\/li>\n<li><strong>\u00c1rea verde com animais e horta;<\/strong><\/li>\n<li><strong>Quadras poliesportivas;<\/strong><\/li>\n<li><strong>Sala de m\u00fasica;<\/strong><\/li>\n<li><strong>Sala de brinquedos;<\/strong><\/li>\n<li><strong>Parque infantil;<\/strong><\/li>\n<li><strong>Mini cidade;<\/strong><\/li>\n<li><strong>Sala de cinema;<\/strong><\/li>\n<li><strong>Laborat\u00f3rios de qu\u00edmica, f\u00edsica e biologia;<\/strong><\/li>\n<li><strong>Sal\u00e3o nobre;<\/strong><\/li>\n<li><strong>Anfiteatro;<\/strong><\/li>\n<li><strong>Espa\u00e7os e jogos colaborativos;<\/strong><\/li>\n<li><strong>Salas com isolamento ac\u00fastico;<\/strong><\/li>\n<li><strong>Est\u00fadio de M\u00fasica;<\/strong><\/li>\n<li><strong>Dormit\u00f3rio;<\/strong><\/li>\n<li><strong>Espa\u00e7o Maker.<\/strong><\/li>\n<\/ul>\n<p>&nbsp;<\/p>\n<div class=\"angwp_67673 _ning_cont _ning_hidden _ning_outer _align_center responsive\" data-size=\"300x250\" data-bid=\"67673\" data-aid=\"0\" style=\"max-width:300px; width:100%;height:inherit;\"><div class=\"_ning_label _left\" style=\"\"><\/div><div class=\"_ning_inner\" style=\"\"><\/div><\/div><div class=\"clear\"><\/div>","protected":false},"excerpt":{"rendered":"<p>O Col\u00e9gio Pur\u00edssimo possui uma estrutura voltada para o total desenvolvimento de seus alunos, com seguran\u00e7a, e excelentes profissionais para o melhor atendimento de todas as necessidades dos estudantes e seus respons\u00e1veis. Com mais de 9 mil m\u00b2 de \u00e1rea constru\u00edda, a unidade possui dois espa\u00e7os f\u00edsicos distintos: o Col\u00e9gio, onde funcionam do 4\u00ba ano&#8230;<\/p>\n","protected":false},"author":38,"featured_media":0,"parent":0,"menu_order":0,"comment_status":"closed","ping_status":"closed","template":"","meta":{"_acf_changed":false,"_monsterinsights_skip_tracking":false,"_monsterinsights_sitenote_active":false,"_monsterinsights_sitenote_note":"","_monsterinsights_sitenote_category":0,"footnotes":""},"class_list":["post-39211","page","type-page","status-publish","hentry"],"acf":[],"_links":{"self":[{"href":"https:\/\/legado.redeicm.org.br\/purissimo\/wp-json\/wp\/v2\/pages\/39211"}],"collection":[{"href":"https:\/\/legado.redeicm.org.br\/purissimo\/wp-json\/wp\/v2\/pages"}],"about":[{"href":"https:\/\/legado.redeicm.org.br\/purissimo\/wp-json\/wp\/v2\/types\/page"}],"author":[{"embeddable":true,"href":"https:\/\/legado.redeicm.org.br\/purissimo\/wp-json\/wp\/v2\/users\/38"}],"replies":[{"embeddable":true,"href":"https:\/\/legado.redeicm.org.br\/purissimo\/wp-json\/wp\/v2\/comments?post=39211"}],"version-history":[{"count":17,"href":"https:\/\/legado.redeicm.org.br\/purissimo\/wp-json\/wp\/v2\/pages\/39211\/revisions"}],"predecessor-version":[{"id":87187,"href":"https:\/\/legado.redeicm.org.br\/purissimo\/wp-json\/wp\/v2\/pages\/39211\/revisions\/87187"}],"wp:attachment":[{"href":"https:\/\/legado.redeicm.org.br\/purissimo\/wp-json\/wp\/v2\/media?parent=39211"}],"curies":[{"name":"wp","href":"https:\/\/api.w.org\/{rel}","templated":true}]}}