{"id":39105,"date":"2017-01-12T20:07:10","date_gmt":"2017-01-12T22:07:10","guid":{"rendered":"https:\/\/redeicm.org.br\/maededeus\/?page_id=39105"},"modified":"2023-10-09T07:22:53","modified_gmt":"2023-10-09T10:22:53","slug":"soe","status":"publish","type":"page","link":"https:\/\/legado.redeicm.org.br\/purissimo\/soe\/","title":{"rendered":"Servi\u00e7o de Orienta\u00e7\u00e3o Educacional &#8211; SOE"},"content":{"rendered":"<div class=\"l-main\">\n<div class=\"l-main-h i-cf\">\n<div class=\"l-content\">\n<p class=\"l-section\">O Servi\u00e7o de Orienta\u00e7\u00e3o Educacional visa assessorar e integrar toda Comunidade Escolar, de forma preventiva e educativa, contribuindo no desenvolvimento integral de seus membros.<\/p>\n<p>&nbsp;<\/p>\n<p class=\"l-section\">O Servi\u00e7o de Orienta\u00e7\u00e3o Educacional tem como atribui\u00e7\u00f5es:<\/p>\n<p>&nbsp;<\/p>\n<p class=\"l-section\" style=\"text-align: justify\">\u25ba participar da elabora\u00e7\u00e3o do Planejamento Escolar Anual;<\/p>\n<p class=\"l-section\" style=\"text-align: justify\">\u25ba orientar para a pr\u00e1tica da coopera\u00e7\u00e3o, criatividade, lideran\u00e7a e desenvolvimento da consci\u00eancia cr\u00edtica, bem como favorecer as rela\u00e7\u00f5es humanas, baseadas no autoconhecimento, crescimento pessoal e a integra\u00e7\u00e3o social de todas as pessoas envolvidas no processo educacional;<\/p>\n<p class=\"l-section\" style=\"text-align: justify\">\u25ba assessorar e acompanhar os professores, os alunos e as fam\u00edlias, conforme suas necessidades e, em casos especiais, encaminh\u00e1-los a profissionais especializados;<\/p>\n<p class=\"l-section\" style=\"text-align: justify\">\u25ba promover atividades de orienta\u00e7\u00e3o (individual ou grupal), auxiliando os alunos a identificar suas habilidades e interesses, para que possam fazer op\u00e7\u00f5es mais acertadas nas diferentes situa\u00e7\u00f5es de escolha;<\/p>\n<p class=\"l-section\" style=\"text-align: justify\">\u25ba organizar assembleias de turma, nas quais os alunos possam posicionar-se e refletir sobre as diversas situa\u00e7\u00f5es do cotidiano escolar;<\/p>\n<p class=\"l-section\" style=\"text-align: justify\">\u25bapropiciar atendimento educacional diferenciado aos alunos com defici\u00eancia ou a todo e qualquer estudante que necessite de adequa\u00e7\u00e3o curricular e metodol\u00f3gica, auxiliando os professores em seus planejamentos e no cumprimento das orienta\u00e7\u00f5es fornecidas pelos profissionais de atendimento especializado;<\/p>\n<p class=\"l-section\" style=\"text-align: justify\">\u25ba participar das Sa\u00eddas Pedag\u00f3gicas, das Reuni\u00f5es Pedag\u00f3gicas, de Pais e Mestres, dos Conselhos de Classe e assessorar as pr\u00e1ticas de recupera\u00e7\u00e3o paralela, juntamente com o Servi\u00e7o de Orienta\u00e7\u00e3o Pedag\u00f3gica.<\/p>\n<p style=\"text-align: justify\">\n<\/div>\n<\/div>\n<p>&nbsp;<\/p>\n<p style=\"text-align: right\"><strong>Prof\u00aa Daniela Oehlmeyer Escher Viotto \u2013 Educa\u00e7\u00e3o Infantil ao 5\u00ba ano do Ensino Fundamental<\/strong><\/p>\n<p style=\"text-align: right\">daniela.viotto@redeicm.org.br<\/p>\n<p style=\"text-align: right\"><strong>Prof\u00aa Janaina Katia de Lima Cortinhas \u2013 6\u00ba ao 9\u00ba ano do Ensino Fundamental<\/strong><\/p>\n<p style=\"text-align: right\">janaina.cortinhas@redeicm.org.br<\/p>\n<p style=\"text-align: right\"><strong>Prof. Edmilson Sacramento dos Santos \u2013 1\u00aa ao 3\u00aa s\u00e9rie do Ensino M\u00e9dio<\/strong><\/p>\n<p style=\"text-align: right\">edmilson.santos@redeicm.org.br<\/p>\n<p>&nbsp;<\/p>\n<\/div>\n<div class=\"angwp_67673 _ning_cont _ning_hidden _ning_outer _align_center responsive\" data-size=\"300x250\" data-bid=\"67673\" data-aid=\"0\" style=\"max-width:300px; width:100%;height:inherit;\"><div class=\"_ning_label _left\" style=\"\"><\/div><div class=\"_ning_inner\" style=\"\"><\/div><\/div><div class=\"clear\"><\/div>","protected":false},"excerpt":{"rendered":"<p>O Servi\u00e7o de Orienta\u00e7\u00e3o Educacional visa assessorar e integrar toda Comunidade Escolar, de forma preventiva e educativa, contribuindo no desenvolvimento integral de seus membros. &nbsp; O Servi\u00e7o de Orienta\u00e7\u00e3o Educacional tem como atribui\u00e7\u00f5es: &nbsp; \u25ba participar da elabora\u00e7\u00e3o do Planejamento Escolar Anual; \u25ba orientar para a pr\u00e1tica da coopera\u00e7\u00e3o, criatividade, lideran\u00e7a e desenvolvimento da consci\u00eancia&#8230;<\/p>\n","protected":false},"author":38,"featured_media":0,"parent":0,"menu_order":0,"comment_status":"closed","ping_status":"closed","template":"","meta":{"_acf_changed":false,"_monsterinsights_skip_tracking":false,"_monsterinsights_sitenote_active":false,"_monsterinsights_sitenote_note":"","_monsterinsights_sitenote_category":0,"footnotes":""},"class_list":["post-39105","page","type-page","status-publish","hentry"],"acf":[],"_links":{"self":[{"href":"https:\/\/legado.redeicm.org.br\/purissimo\/wp-json\/wp\/v2\/pages\/39105"}],"collection":[{"href":"https:\/\/legado.redeicm.org.br\/purissimo\/wp-json\/wp\/v2\/pages"}],"about":[{"href":"https:\/\/legado.redeicm.org.br\/purissimo\/wp-json\/wp\/v2\/types\/page"}],"author":[{"embeddable":true,"href":"https:\/\/legado.redeicm.org.br\/purissimo\/wp-json\/wp\/v2\/users\/38"}],"replies":[{"embeddable":true,"href":"https:\/\/legado.redeicm.org.br\/purissimo\/wp-json\/wp\/v2\/comments?post=39105"}],"version-history":[{"count":14,"href":"https:\/\/legado.redeicm.org.br\/purissimo\/wp-json\/wp\/v2\/pages\/39105\/revisions"}],"predecessor-version":[{"id":88397,"href":"https:\/\/legado.redeicm.org.br\/purissimo\/wp-json\/wp\/v2\/pages\/39105\/revisions\/88397"}],"wp:attachment":[{"href":"https:\/\/legado.redeicm.org.br\/purissimo\/wp-json\/wp\/v2\/media?parent=39105"}],"curies":[{"name":"wp","href":"https:\/\/api.w.org\/{rel}","templated":true}]}}