{"id":39084,"date":"2017-01-12T18:51:24","date_gmt":"2017-01-12T20:51:24","guid":{"rendered":"https:\/\/redeicm.org.br\/maededeus\/?page_id=39084"},"modified":"2025-03-21T08:14:02","modified_gmt":"2025-03-21T11:14:02","slug":"ensino-medio","status":"publish","type":"page","link":"https:\/\/legado.redeicm.org.br\/purissimo\/ensino-medio\/","title":{"rendered":"Ensino M\u00e9dio"},"content":{"rendered":"<div class=\"w-gallery cols_3 link_none\"><div class=\"w-gallery-list\"><div class=\"w-gallery-item order_1\"><div class=\"w-gallery-item-img\"><img loading=\"lazy\" decoding=\"async\" width=\"1024\" height=\"683\" src=\"https:\/\/legado.redeicm.org.br\/purissimo\/wp-content\/uploads\/sites\/16\/2023\/10\/IMG_0060-1024x683.jpg\" class=\"attachment-large size-large\" alt=\"\" srcset=\"https:\/\/legado.redeicm.org.br\/purissimo\/wp-content\/uploads\/sites\/16\/2023\/10\/IMG_0060-1024x683.jpg 1024w, https:\/\/legado.redeicm.org.br\/purissimo\/wp-content\/uploads\/sites\/16\/2023\/10\/IMG_0060-300x200.jpg 300w, https:\/\/legado.redeicm.org.br\/purissimo\/wp-content\/uploads\/sites\/16\/2023\/10\/IMG_0060-600x400.jpg 600w, https:\/\/legado.redeicm.org.br\/purissimo\/wp-content\/uploads\/sites\/16\/2023\/10\/IMG_0060-768x512.jpg 768w\" sizes=\"(max-width: 1024px) 100vw, 1024px\" \/><\/div><\/div><div class=\"w-gallery-item order_2\"><div class=\"w-gallery-item-img\"><img loading=\"lazy\" decoding=\"async\" width=\"1024\" height=\"683\" src=\"https:\/\/legado.redeicm.org.br\/purissimo\/wp-content\/uploads\/sites\/16\/2023\/10\/IMG_0074-1024x683.jpg\" class=\"attachment-large size-large\" alt=\"\" srcset=\"https:\/\/legado.redeicm.org.br\/purissimo\/wp-content\/uploads\/sites\/16\/2023\/10\/IMG_0074-1024x683.jpg 1024w, https:\/\/legado.redeicm.org.br\/purissimo\/wp-content\/uploads\/sites\/16\/2023\/10\/IMG_0074-300x200.jpg 300w, https:\/\/legado.redeicm.org.br\/purissimo\/wp-content\/uploads\/sites\/16\/2023\/10\/IMG_0074-600x400.jpg 600w, https:\/\/legado.redeicm.org.br\/purissimo\/wp-content\/uploads\/sites\/16\/2023\/10\/IMG_0074-768x512.jpg 768w\" sizes=\"(max-width: 1024px) 100vw, 1024px\" \/><\/div><\/div><div class=\"w-gallery-item order_3\"><div class=\"w-gallery-item-img\"><img loading=\"lazy\" decoding=\"async\" width=\"1024\" height=\"683\" src=\"https:\/\/legado.redeicm.org.br\/purissimo\/wp-content\/uploads\/sites\/16\/2023\/10\/IMG_6336-1-1024x683.jpg\" class=\"attachment-large size-large\" alt=\"\" srcset=\"https:\/\/legado.redeicm.org.br\/purissimo\/wp-content\/uploads\/sites\/16\/2023\/10\/IMG_6336-1-1024x683.jpg 1024w, https:\/\/legado.redeicm.org.br\/purissimo\/wp-content\/uploads\/sites\/16\/2023\/10\/IMG_6336-1-300x200.jpg 300w, https:\/\/legado.redeicm.org.br\/purissimo\/wp-content\/uploads\/sites\/16\/2023\/10\/IMG_6336-1-600x400.jpg 600w, https:\/\/legado.redeicm.org.br\/purissimo\/wp-content\/uploads\/sites\/16\/2023\/10\/IMG_6336-1-768x512.jpg 768w\" sizes=\"(max-width: 1024px) 100vw, 1024px\" \/><\/div><\/div><\/div><\/div>\n<p>&nbsp;<\/p>\n<p style=\"text-align: justify\">O Ensino M\u00e9dio tem por objetivo a consolida\u00e7\u00e3o dos conhecimentos adquiridos ao longo da Educa\u00e7\u00e3o Infantil e do Ensino Fundamental, possibilitando o prosseguimento dos estudos em n\u00edvel superior.<br \/>\nBusca tamb\u00e9m alcan\u00e7ar o aprimoramento do educando como pessoa humana, incluindo forma\u00e7\u00e3o \u00e9tica, desenvolvimento de autonomia intelectual e pensamento cr\u00edtico. Trata, igualmente, de preparar os estudantes para o mundo, ensinando-os a valer-se de habilidades e compet\u00eancias que os situem cada vez mais num mundo em que a tecnologia \u00e9 auxiliar fundamental para o desenvolvimento, contribuindo com a forma\u00e7\u00e3o integral do adolescente e do jovem, consolidando a autonomia de pensamento, a criticidade, a argui\u00e7\u00e3o cient\u00edfica e a alteridade, ajudando-o a ser um cidad\u00e3o consciente de suas responsabilidades e atitudes na sociedade em que vive, atrav\u00e9s de:<\/p>\n<ul style=\"text-align: justify\">\n<li>Projeto de vida, inova\u00e7\u00e3o e empreendedorismo<\/li>\n<li>Autonomia intelectual<\/li>\n<li>Espa\u00e7os h\u00edbridos e interativos<\/li>\n<li>Excel\u00eancia acad\u00eamica<\/li>\n<li>\u00c9tica e cidadania<\/li>\n<li>Forma\u00e7\u00e3o para vida acad\u00eamica e profissional<\/li>\n<\/ul>\n<p style=\"text-align: justify\">Com todos estes recursos tecnol\u00f3gicos e te\u00f3ricos oferecidos, o Col\u00e9gio Pur\u00edssimo forma cidad\u00e3os capazes de construir conhecimentos, valendo-se de todas as formas<br \/>\ncontempor\u00e2neas de linguagem e com ampla forma\u00e7\u00e3o humana.<\/p>\n<p>&nbsp;<\/p>\n<div class=\"angwp_67673 _ning_cont _ning_hidden _ning_outer _align_center responsive\" data-size=\"300x250\" data-bid=\"67673\" data-aid=\"0\" style=\"max-width:300px; width:100%;height:inherit;\"><div class=\"_ning_label _left\" style=\"\"><\/div><div class=\"_ning_inner\" style=\"\"><\/div><\/div><div class=\"clear\"><\/div>","protected":false},"excerpt":{"rendered":"<p>&nbsp; O Ensino M\u00e9dio tem por objetivo a consolida\u00e7\u00e3o dos conhecimentos adquiridos ao longo da Educa\u00e7\u00e3o Infantil e do Ensino Fundamental, possibilitando o prosseguimento dos estudos em n\u00edvel superior. Busca tamb\u00e9m alcan\u00e7ar o aprimoramento do educando como pessoa humana, incluindo forma\u00e7\u00e3o \u00e9tica, desenvolvimento de autonomia intelectual e pensamento cr\u00edtico. Trata, igualmente, de preparar os estudantes&#8230;<\/p>\n","protected":false},"author":38,"featured_media":0,"parent":0,"menu_order":0,"comment_status":"closed","ping_status":"closed","template":"","meta":{"_acf_changed":false,"_monsterinsights_skip_tracking":false,"_monsterinsights_sitenote_active":false,"_monsterinsights_sitenote_note":"","_monsterinsights_sitenote_category":0,"footnotes":""},"class_list":["post-39084","page","type-page","status-publish","hentry"],"acf":[],"_links":{"self":[{"href":"https:\/\/legado.redeicm.org.br\/purissimo\/wp-json\/wp\/v2\/pages\/39084"}],"collection":[{"href":"https:\/\/legado.redeicm.org.br\/purissimo\/wp-json\/wp\/v2\/pages"}],"about":[{"href":"https:\/\/legado.redeicm.org.br\/purissimo\/wp-json\/wp\/v2\/types\/page"}],"author":[{"embeddable":true,"href":"https:\/\/legado.redeicm.org.br\/purissimo\/wp-json\/wp\/v2\/users\/38"}],"replies":[{"embeddable":true,"href":"https:\/\/legado.redeicm.org.br\/purissimo\/wp-json\/wp\/v2\/comments?post=39084"}],"version-history":[{"count":12,"href":"https:\/\/legado.redeicm.org.br\/purissimo\/wp-json\/wp\/v2\/pages\/39084\/revisions"}],"predecessor-version":[{"id":96198,"href":"https:\/\/legado.redeicm.org.br\/purissimo\/wp-json\/wp\/v2\/pages\/39084\/revisions\/96198"}],"wp:attachment":[{"href":"https:\/\/legado.redeicm.org.br\/purissimo\/wp-json\/wp\/v2\/media?parent=39084"}],"curies":[{"name":"wp","href":"https:\/\/api.w.org\/{rel}","templated":true}]}}