{"id":39082,"date":"2017-01-12T18:50:51","date_gmt":"2017-01-12T20:50:51","guid":{"rendered":"https:\/\/redeicm.org.br\/maededeus\/?page_id=39082"},"modified":"2025-03-19T11:59:50","modified_gmt":"2025-03-19T14:59:50","slug":"ensino-fundamental-anos-finais","status":"publish","type":"page","link":"https:\/\/legado.redeicm.org.br\/purissimo\/ensino-fundamental-anos-finais\/","title":{"rendered":"Ensino Fundamental"},"content":{"rendered":"<div class=\"w-gallery cols_3 link_none\"><div class=\"w-gallery-list\"><div class=\"w-gallery-item order_1\"><div class=\"w-gallery-item-img\"><img loading=\"lazy\" decoding=\"async\" width=\"2560\" height=\"1707\" src=\"https:\/\/legado.redeicm.org.br\/purissimo\/wp-content\/uploads\/sites\/16\/2023\/10\/IMG_1993-2-scaled.jpg\" class=\"attachment-full size-full\" alt=\"\" srcset=\"https:\/\/legado.redeicm.org.br\/purissimo\/wp-content\/uploads\/sites\/16\/2023\/10\/IMG_1993-2-scaled.jpg 2560w, https:\/\/legado.redeicm.org.br\/purissimo\/wp-content\/uploads\/sites\/16\/2023\/10\/IMG_1993-2-300x200.jpg 300w, https:\/\/legado.redeicm.org.br\/purissimo\/wp-content\/uploads\/sites\/16\/2023\/10\/IMG_1993-2-1024x683.jpg 1024w, https:\/\/legado.redeicm.org.br\/purissimo\/wp-content\/uploads\/sites\/16\/2023\/10\/IMG_1993-2-600x400.jpg 600w, https:\/\/legado.redeicm.org.br\/purissimo\/wp-content\/uploads\/sites\/16\/2023\/10\/IMG_1993-2-768x512.jpg 768w\" sizes=\"(max-width: 2560px) 100vw, 2560px\" \/><\/div><\/div><div class=\"w-gallery-item order_2\"><div class=\"w-gallery-item-img\"><img loading=\"lazy\" decoding=\"async\" width=\"2560\" height=\"1707\" src=\"https:\/\/legado.redeicm.org.br\/purissimo\/wp-content\/uploads\/sites\/16\/2023\/10\/IMG_2564-scaled.jpg\" class=\"attachment-full size-full\" alt=\"\" srcset=\"https:\/\/legado.redeicm.org.br\/purissimo\/wp-content\/uploads\/sites\/16\/2023\/10\/IMG_2564-scaled.jpg 2560w, https:\/\/legado.redeicm.org.br\/purissimo\/wp-content\/uploads\/sites\/16\/2023\/10\/IMG_2564-300x200.jpg 300w, https:\/\/legado.redeicm.org.br\/purissimo\/wp-content\/uploads\/sites\/16\/2023\/10\/IMG_2564-1024x683.jpg 1024w, https:\/\/legado.redeicm.org.br\/purissimo\/wp-content\/uploads\/sites\/16\/2023\/10\/IMG_2564-600x400.jpg 600w, https:\/\/legado.redeicm.org.br\/purissimo\/wp-content\/uploads\/sites\/16\/2023\/10\/IMG_2564-768x512.jpg 768w\" sizes=\"(max-width: 2560px) 100vw, 2560px\" \/><\/div><\/div><div class=\"w-gallery-item order_3\"><div class=\"w-gallery-item-img\"><img loading=\"lazy\" decoding=\"async\" width=\"2560\" height=\"1707\" src=\"https:\/\/legado.redeicm.org.br\/purissimo\/wp-content\/uploads\/sites\/16\/2023\/10\/IMG_6772-scaled.jpg\" class=\"attachment-full size-full\" alt=\"\" srcset=\"https:\/\/legado.redeicm.org.br\/purissimo\/wp-content\/uploads\/sites\/16\/2023\/10\/IMG_6772-scaled.jpg 2560w, https:\/\/legado.redeicm.org.br\/purissimo\/wp-content\/uploads\/sites\/16\/2023\/10\/IMG_6772-300x200.jpg 300w, https:\/\/legado.redeicm.org.br\/purissimo\/wp-content\/uploads\/sites\/16\/2023\/10\/IMG_6772-1024x683.jpg 1024w, https:\/\/legado.redeicm.org.br\/purissimo\/wp-content\/uploads\/sites\/16\/2023\/10\/IMG_6772-600x400.jpg 600w, https:\/\/legado.redeicm.org.br\/purissimo\/wp-content\/uploads\/sites\/16\/2023\/10\/IMG_6772-768x512.jpg 768w\" sizes=\"(max-width: 2560px) 100vw, 2560px\" \/><\/div><\/div><\/div><\/div>\n<p style=\"text-align: justify\">O Ensino Fundamental do Col\u00e9gio Pur\u00edssimo est\u00e1 estruturado em nove anos, proporcionando uma educa\u00e7\u00e3o integral baseada na promo\u00e7\u00e3o humana, na constru\u00e7\u00e3o do conhecimento e no desenvolvimento de compet\u00eancias e habilidades. As expectativas de aprendizagem permitem aos alunos m\u00faltiplas leituras de mundo, incentivando a reflex\u00e3o e a transforma\u00e7\u00e3o da realidade.<\/p>\n<p style=\"text-align: justify\">Nos anos iniciais (1\u00ba ao 5\u00ba ano) do Ensino Fundamental, os alunos desenvolvem habilidades essenciais em escrita, leitura e c\u00e1lculo. Al\u00e9m disso, participam de experi\u00eancias<br \/>\nque estimulam a autonomia e a capacidade de lidar com situa\u00e7\u00f5es do cotidiano.<\/p>\n<p style=\"text-align: justify\">J\u00e1 no Ensino Fundamental II (6\u00ba ao 9\u00ba ano), prioriza-se a forma\u00e7\u00e3o b\u00e1sica do aluno por meio do pleno dom\u00ednio da leitura, escrita e c\u00e1lculo, da compreens\u00e3o e responsabilidade<br \/>\ncr\u00edtica sobre o ambiente natural, social, pol\u00edtico, tecnol\u00f3gico, art\u00edstico e \u00e9tico. Al\u00e9m disso, tem-se a aquisi\u00e7\u00e3o de conhecimentos e habilidades coerentes com atitudes e valores<br \/>\npertinentes \u00e0s caracter\u00edsticas da inf\u00e2ncia e da adolesc\u00eancia e as maravilhas que esta fase da vida proporciona.<\/p>\n<p style=\"text-align: justify\">O eixo metodol\u00f3gico do trabalho do Col\u00e9gio Pur\u00edssimo enfatiza o desenvolvimento de conte\u00fados conceituais, procedimentais e atitudinais, objetivando a constitui\u00e7\u00e3o de<br \/>\ncompet\u00eancias na Escola, diante do processo de forma\u00e7\u00e3o integral do ser humano para responder aos desafios que a vida apresenta. Sob o ponto de vista curricular, privilegia a partilha de experi\u00eancias, a curiosidade, a pesquisa, a investiga\u00e7\u00e3o, a problematiza\u00e7\u00e3o, a resolu\u00e7\u00e3o de problemas, a gest\u00e3o de conflitos, a resili\u00eancia, a viv\u00eancia, o empreendedorismo e o trabalho em equipe.<\/p>\n<p>&nbsp;<\/p>\n<div class=\"angwp_67673 _ning_cont _ning_hidden _ning_outer _align_center responsive\" data-size=\"300x250\" data-bid=\"67673\" data-aid=\"0\" style=\"max-width:300px; width:100%;height:inherit;\"><div class=\"_ning_label _left\" style=\"\"><\/div><div class=\"_ning_inner\" style=\"\"><\/div><\/div><div class=\"clear\"><\/div>","protected":false},"excerpt":{"rendered":"<p>O Ensino Fundamental do Col\u00e9gio Pur\u00edssimo est\u00e1 estruturado em nove anos, proporcionando uma educa\u00e7\u00e3o integral baseada na promo\u00e7\u00e3o humana, na constru\u00e7\u00e3o do conhecimento e no desenvolvimento de compet\u00eancias e habilidades. As expectativas de aprendizagem permitem aos alunos m\u00faltiplas leituras de mundo, incentivando a reflex\u00e3o e a transforma\u00e7\u00e3o da realidade. Nos anos iniciais (1\u00ba ao 5\u00ba&#8230;<\/p>\n","protected":false},"author":38,"featured_media":0,"parent":0,"menu_order":0,"comment_status":"closed","ping_status":"closed","template":"","meta":{"_acf_changed":false,"_monsterinsights_skip_tracking":false,"_monsterinsights_sitenote_active":false,"_monsterinsights_sitenote_note":"","_monsterinsights_sitenote_category":0,"footnotes":""},"class_list":["post-39082","page","type-page","status-publish","hentry"],"acf":[],"_links":{"self":[{"href":"https:\/\/legado.redeicm.org.br\/purissimo\/wp-json\/wp\/v2\/pages\/39082"}],"collection":[{"href":"https:\/\/legado.redeicm.org.br\/purissimo\/wp-json\/wp\/v2\/pages"}],"about":[{"href":"https:\/\/legado.redeicm.org.br\/purissimo\/wp-json\/wp\/v2\/types\/page"}],"author":[{"embeddable":true,"href":"https:\/\/legado.redeicm.org.br\/purissimo\/wp-json\/wp\/v2\/users\/38"}],"replies":[{"embeddable":true,"href":"https:\/\/legado.redeicm.org.br\/purissimo\/wp-json\/wp\/v2\/comments?post=39082"}],"version-history":[{"count":12,"href":"https:\/\/legado.redeicm.org.br\/purissimo\/wp-json\/wp\/v2\/pages\/39082\/revisions"}],"predecessor-version":[{"id":96193,"href":"https:\/\/legado.redeicm.org.br\/purissimo\/wp-json\/wp\/v2\/pages\/39082\/revisions\/96193"}],"wp:attachment":[{"href":"https:\/\/legado.redeicm.org.br\/purissimo\/wp-json\/wp\/v2\/media?parent=39082"}],"curies":[{"name":"wp","href":"https:\/\/api.w.org\/{rel}","templated":true}]}}