{"id":47571,"date":"2024-12-23T09:11:52","date_gmt":"2024-12-23T12:11:52","guid":{"rendered":"https:\/\/www.redeicm.org.br\/providencia\/?page_id=47571"},"modified":"2025-03-25T16:52:23","modified_gmt":"2025-03-25T19:52:23","slug":"transparencia","status":"publish","type":"page","link":"https:\/\/legado.redeicm.org.br\/providencia\/transparencia\/","title":{"rendered":"Transpar\u00eancia"},"content":{"rendered":"<h4><span style=\"color: #982632\">Parcerias com a administra\u00e7\u00e3o p\u00fablica:<\/span><\/h4>\n<ul>\n<li><strong>SECRETARIA MUNICIPAL DE DESENVOLVIMENTO SOCIAL<\/strong><br \/>\n<strong>N\u00ba Termo:\u00a0<\/strong>147\/2022<br \/>\n<em>Consulte o termo de parceria no link a seguir &#8211;<\/em>\u00a0<a href=\"https:\/\/drive.google.com\/file\/d\/1QPQInSpSuSFAreVm9VZfeeukSozAApM5\/view?usp=drive_link\" target=\"_blank\" rel=\"noopener\">https:\/\/drive.google.com\/file\/d\/1JMB4w4cOmm4NsykhJdqDY0ukifUN8Y0Z\/view?usp=drive_link<\/a><br \/>\n<strong>Projeto:<\/strong> <a href=\"https:\/\/drive.google.com\/file\/d\/1ZsdBj6CyjctN4B1Mx2alUDbWhDxdmlke\/view?usp=drive_link\" target=\"_blank\" rel=\"noopener\">https:\/\/drive.google.com\/file\/d\/1ZsdBj6CyjctN4B1Mx2alUDbWhDxdmlke\/view?usp=drive_link<\/a><br \/>\n<strong>Situa\u00e7\u00e3o da Presta\u00e7\u00e3o de contas:<\/strong>\u00a0<a href=\"https:\/\/sgp.procempa.com.br\/detalheParceriaPortal\/2319\" target=\"_blank\" rel=\"noopener\">https:\/\/sgp.procempa.com.br\/detalheParceriaPortal\/2319<\/a><\/li>\n<\/ul>\n<p>&nbsp;<\/p>\n","protected":false},"excerpt":{"rendered":"<p>Parcerias com a administra\u00e7\u00e3o p\u00fablica: SECRETARIA MUNICIPAL DE DESENVOLVIMENTO SOCIAL N\u00ba Termo:\u00a0147\/2022 Consulte o termo de parceria no link a seguir &#8211;\u00a0https:\/\/drive.google.com\/file\/d\/1JMB4w4cOmm4NsykhJdqDY0ukifUN8Y0Z\/view?usp=drive_link Projeto: https:\/\/drive.google.com\/file\/d\/1ZsdBj6CyjctN4B1Mx2alUDbWhDxdmlke\/view?usp=drive_link Situa\u00e7\u00e3o da Presta\u00e7\u00e3o de contas:\u00a0https:\/\/sgp.procempa.com.br\/detalheParceriaPortal\/2319 &nbsp;<\/p>\n","protected":false},"author":76,"featured_media":0,"parent":0,"menu_order":0,"comment_status":"closed","ping_status":"closed","template":"page-transparencia.php","meta":{"_monsterinsights_skip_tracking":false,"_monsterinsights_sitenote_active":false,"_monsterinsights_sitenote_note":"","_monsterinsights_sitenote_category":0,"footnotes":""},"class_list":["post-47571","page","type-page","status-publish","hentry"],"acf":[],"_links":{"self":[{"href":"https:\/\/legado.redeicm.org.br\/providencia\/wp-json\/wp\/v2\/pages\/47571"}],"collection":[{"href":"https:\/\/legado.redeicm.org.br\/providencia\/wp-json\/wp\/v2\/pages"}],"about":[{"href":"https:\/\/legado.redeicm.org.br\/providencia\/wp-json\/wp\/v2\/types\/page"}],"author":[{"embeddable":true,"href":"https:\/\/legado.redeicm.org.br\/providencia\/wp-json\/wp\/v2\/users\/76"}],"replies":[{"embeddable":true,"href":"https:\/\/legado.redeicm.org.br\/providencia\/wp-json\/wp\/v2\/comments?post=47571"}],"version-history":[{"count":16,"href":"https:\/\/legado.redeicm.org.br\/providencia\/wp-json\/wp\/v2\/pages\/47571\/revisions"}],"predecessor-version":[{"id":47834,"href":"https:\/\/legado.redeicm.org.br\/providencia\/wp-json\/wp\/v2\/pages\/47571\/revisions\/47834"}],"wp:attachment":[{"href":"https:\/\/legado.redeicm.org.br\/providencia\/wp-json\/wp\/v2\/media?parent=47571"}],"curies":[{"name":"wp","href":"https:\/\/api.w.org\/{rel}","templated":true}]}}