{"id":46513,"date":"2023-08-01T08:27:04","date_gmt":"2023-08-01T11:27:04","guid":{"rendered":"https:\/\/www.redeicm.org.br\/providencia\/?page_id=46513"},"modified":"2023-09-12T09:42:03","modified_gmt":"2023-09-12T12:42:03","slug":"aprendizagem","status":"publish","type":"page","link":"https:\/\/legado.redeicm.org.br\/providencia\/aprendizagem\/","title":{"rendered":"Socioaprendizagem"},"content":{"rendered":"<p>Pela Socioaprendizagem (Programa de Aprendizagem Profissional no \u00e2mbito da Assist\u00eancia Social), o Instituto Provid\u00eancia busca a inser\u00e7\u00e3o de adolescentes e jovens no Mundo do Trabalho atrav\u00e9s da promo\u00e7\u00e3o de uma forma\u00e7\u00e3o t\u00e9cnico-profissional atrelada a a\u00e7\u00f5es socioassistenciais na Prote\u00e7\u00e3o Social e Garantia de Direitos.<br \/>\nAs a\u00e7\u00f5es de aprendizagem s\u00e3o voltadas \u00e0 amplia\u00e7\u00e3o da contrata\u00e7\u00e3o e\/ou integra\u00e7\u00e3o de adolescentes e jovens que fazem parte dos segmentos de maior risco e vulnerabilidade social para, n\u00e3o s\u00f3 prevenir, mas tamb\u00e9m contribuir para que essa condi\u00e7\u00e3o seja superada, assegurando espa\u00e7os de refer\u00eancia para o conv\u00edvio grupal, comunit\u00e1rio e social. Estas a\u00e7\u00f5es visam o desenvolvimento de rela\u00e7\u00f5es de afetividade, solidariedade e respeito m\u00fatuo, propiciam o desenvolvimento da autonomia, do protagonismo social, da forma\u00e7\u00e3o humana e, ainda, contribuem para o reconhecimento do trabalho e da forma\u00e7\u00e3o profissional como um direito de cidadania.<span style=\"color: #888888\"><br \/>\n<\/span><\/p>\n<div class=\"w-gallery cols_3 link_file with_indents\"><div class=\"w-gallery-list\"><a class=\"w-gallery-item order_1\" href=\"https:\/\/legado.redeicm.org.br\/providencia\/wp-content\/uploads\/sites\/19\/2023\/09\/05edaabf-26d3-48ae-aaf1-3b90164ad104.jpg\" title=\"05edaabf-26d3-48ae-aaf1-3b90164ad104\"><div class=\"w-gallery-item-img\"><img loading=\"lazy\" decoding=\"async\" width=\"600\" height=\"600\" src=\"https:\/\/legado.redeicm.org.br\/providencia\/wp-content\/uploads\/sites\/19\/2023\/09\/05edaabf-26d3-48ae-aaf1-3b90164ad104-600x600.jpg\" class=\"attachment-us_600_600_crop size-us_600_600_crop\" alt=\"\" srcset=\"https:\/\/legado.redeicm.org.br\/providencia\/wp-content\/uploads\/sites\/19\/2023\/09\/05edaabf-26d3-48ae-aaf1-3b90164ad104-600x600.jpg 600w, https:\/\/legado.redeicm.org.br\/providencia\/wp-content\/uploads\/sites\/19\/2023\/09\/05edaabf-26d3-48ae-aaf1-3b90164ad104-150x150.jpg 150w, https:\/\/legado.redeicm.org.br\/providencia\/wp-content\/uploads\/sites\/19\/2023\/09\/05edaabf-26d3-48ae-aaf1-3b90164ad104-350x350.jpg 350w\" sizes=\"(max-width: 600px) 100vw, 600px\" \/><\/div><\/a><a class=\"w-gallery-item order_2\" href=\"https:\/\/legado.redeicm.org.br\/providencia\/wp-content\/uploads\/sites\/19\/2023\/09\/4879efad-ff80-4b5e-8313-83b00d2657a1.jpg\" title=\"4879efad-ff80-4b5e-8313-83b00d2657a1\"><div class=\"w-gallery-item-img\"><img loading=\"lazy\" decoding=\"async\" width=\"600\" height=\"600\" src=\"https:\/\/legado.redeicm.org.br\/providencia\/wp-content\/uploads\/sites\/19\/2023\/09\/4879efad-ff80-4b5e-8313-83b00d2657a1-600x600.jpg\" class=\"attachment-us_600_600_crop size-us_600_600_crop\" alt=\"\" srcset=\"https:\/\/legado.redeicm.org.br\/providencia\/wp-content\/uploads\/sites\/19\/2023\/09\/4879efad-ff80-4b5e-8313-83b00d2657a1-600x600.jpg 600w, https:\/\/legado.redeicm.org.br\/providencia\/wp-content\/uploads\/sites\/19\/2023\/09\/4879efad-ff80-4b5e-8313-83b00d2657a1-150x150.jpg 150w, https:\/\/legado.redeicm.org.br\/providencia\/wp-content\/uploads\/sites\/19\/2023\/09\/4879efad-ff80-4b5e-8313-83b00d2657a1-350x350.jpg 350w\" sizes=\"(max-width: 600px) 100vw, 600px\" \/><\/div><\/a><a class=\"w-gallery-item order_3\" href=\"https:\/\/legado.redeicm.org.br\/providencia\/wp-content\/uploads\/sites\/19\/2023\/09\/1692196892367.jpg\" title=\"1692196892367\"><div class=\"w-gallery-item-img\"><img loading=\"lazy\" decoding=\"async\" width=\"600\" height=\"600\" src=\"https:\/\/legado.redeicm.org.br\/providencia\/wp-content\/uploads\/sites\/19\/2023\/09\/1692196892367-600x600.jpg\" class=\"attachment-us_600_600_crop size-us_600_600_crop\" alt=\"\" srcset=\"https:\/\/legado.redeicm.org.br\/providencia\/wp-content\/uploads\/sites\/19\/2023\/09\/1692196892367-600x600.jpg 600w, https:\/\/legado.redeicm.org.br\/providencia\/wp-content\/uploads\/sites\/19\/2023\/09\/1692196892367-150x150.jpg 150w, https:\/\/legado.redeicm.org.br\/providencia\/wp-content\/uploads\/sites\/19\/2023\/09\/1692196892367-350x350.jpg 350w\" sizes=\"(max-width: 600px) 100vw, 600px\" \/><\/div><\/a><a class=\"w-gallery-item order_4\" href=\"https:\/\/legado.redeicm.org.br\/providencia\/wp-content\/uploads\/sites\/19\/2023\/09\/Capa.jpg\" title=\"Capa\"><div class=\"w-gallery-item-img\"><img loading=\"lazy\" decoding=\"async\" width=\"600\" height=\"600\" src=\"https:\/\/legado.redeicm.org.br\/providencia\/wp-content\/uploads\/sites\/19\/2023\/09\/Capa-600x600.jpg\" class=\"attachment-us_600_600_crop size-us_600_600_crop\" alt=\"\" srcset=\"https:\/\/legado.redeicm.org.br\/providencia\/wp-content\/uploads\/sites\/19\/2023\/09\/Capa-600x600.jpg 600w, https:\/\/legado.redeicm.org.br\/providencia\/wp-content\/uploads\/sites\/19\/2023\/09\/Capa-150x150.jpg 150w, https:\/\/legado.redeicm.org.br\/providencia\/wp-content\/uploads\/sites\/19\/2023\/09\/Capa-350x350.jpg 350w\" sizes=\"(max-width: 600px) 100vw, 600px\" \/><\/div><\/a><a class=\"w-gallery-item order_5\" href=\"https:\/\/legado.redeicm.org.br\/providencia\/wp-content\/uploads\/sites\/19\/2023\/09\/IMG_1884.jpg\" title=\"IMG_1884\"><div class=\"w-gallery-item-img\"><img loading=\"lazy\" decoding=\"async\" width=\"600\" height=\"600\" src=\"https:\/\/legado.redeicm.org.br\/providencia\/wp-content\/uploads\/sites\/19\/2023\/09\/IMG_1884-600x600.jpg\" class=\"attachment-us_600_600_crop size-us_600_600_crop\" alt=\"\" srcset=\"https:\/\/legado.redeicm.org.br\/providencia\/wp-content\/uploads\/sites\/19\/2023\/09\/IMG_1884-600x600.jpg 600w, https:\/\/legado.redeicm.org.br\/providencia\/wp-content\/uploads\/sites\/19\/2023\/09\/IMG_1884-150x150.jpg 150w, https:\/\/legado.redeicm.org.br\/providencia\/wp-content\/uploads\/sites\/19\/2023\/09\/IMG_1884-350x350.jpg 350w\" sizes=\"(max-width: 600px) 100vw, 600px\" \/><\/div><\/a><a class=\"w-gallery-item order_6\" href=\"https:\/\/legado.redeicm.org.br\/providencia\/wp-content\/uploads\/sites\/19\/2023\/09\/IMG_1915.jpg\" title=\"IMG_1915\"><div class=\"w-gallery-item-img\"><img loading=\"lazy\" decoding=\"async\" width=\"600\" height=\"600\" src=\"https:\/\/legado.redeicm.org.br\/providencia\/wp-content\/uploads\/sites\/19\/2023\/09\/IMG_1915-600x600.jpg\" class=\"attachment-us_600_600_crop size-us_600_600_crop\" alt=\"\" srcset=\"https:\/\/legado.redeicm.org.br\/providencia\/wp-content\/uploads\/sites\/19\/2023\/09\/IMG_1915-600x600.jpg 600w, https:\/\/legado.redeicm.org.br\/providencia\/wp-content\/uploads\/sites\/19\/2023\/09\/IMG_1915-150x150.jpg 150w, https:\/\/legado.redeicm.org.br\/providencia\/wp-content\/uploads\/sites\/19\/2023\/09\/IMG_1915-350x350.jpg 350w\" sizes=\"(max-width: 600px) 100vw, 600px\" \/><\/div><\/a><a class=\"w-gallery-item order_7\" href=\"https:\/\/legado.redeicm.org.br\/providencia\/wp-content\/uploads\/sites\/19\/2023\/09\/IMG_1948.jpg\" title=\"IMG_1948\"><div class=\"w-gallery-item-img\"><img loading=\"lazy\" decoding=\"async\" width=\"600\" height=\"600\" src=\"https:\/\/legado.redeicm.org.br\/providencia\/wp-content\/uploads\/sites\/19\/2023\/09\/IMG_1948-600x600.jpg\" class=\"attachment-us_600_600_crop size-us_600_600_crop\" alt=\"\" srcset=\"https:\/\/legado.redeicm.org.br\/providencia\/wp-content\/uploads\/sites\/19\/2023\/09\/IMG_1948-600x600.jpg 600w, https:\/\/legado.redeicm.org.br\/providencia\/wp-content\/uploads\/sites\/19\/2023\/09\/IMG_1948-150x150.jpg 150w, https:\/\/legado.redeicm.org.br\/providencia\/wp-content\/uploads\/sites\/19\/2023\/09\/IMG_1948-350x350.jpg 350w\" sizes=\"(max-width: 600px) 100vw, 600px\" \/><\/div><\/a><a class=\"w-gallery-item order_8\" href=\"https:\/\/legado.redeicm.org.br\/providencia\/wp-content\/uploads\/sites\/19\/2023\/09\/IMG_1955.jpg\" title=\"IMG_1955\"><div class=\"w-gallery-item-img\"><img loading=\"lazy\" decoding=\"async\" width=\"600\" height=\"600\" src=\"https:\/\/legado.redeicm.org.br\/providencia\/wp-content\/uploads\/sites\/19\/2023\/09\/IMG_1955-600x600.jpg\" class=\"attachment-us_600_600_crop size-us_600_600_crop\" alt=\"\" srcset=\"https:\/\/legado.redeicm.org.br\/providencia\/wp-content\/uploads\/sites\/19\/2023\/09\/IMG_1955-600x600.jpg 600w, https:\/\/legado.redeicm.org.br\/providencia\/wp-content\/uploads\/sites\/19\/2023\/09\/IMG_1955-150x150.jpg 150w, https:\/\/legado.redeicm.org.br\/providencia\/wp-content\/uploads\/sites\/19\/2023\/09\/IMG_1955-350x350.jpg 350w\" sizes=\"(max-width: 600px) 100vw, 600px\" \/><\/div><\/a><\/div><\/div>\n<p>&nbsp;<\/p>\n","protected":false},"excerpt":{"rendered":"<p>Pela Socioaprendizagem (Programa de Aprendizagem Profissional no \u00e2mbito da Assist\u00eancia Social), o Instituto Provid\u00eancia busca a inser\u00e7\u00e3o de adolescentes e jovens no Mundo do Trabalho atrav\u00e9s da promo\u00e7\u00e3o de uma forma\u00e7\u00e3o t\u00e9cnico-profissional atrelada a a\u00e7\u00f5es socioassistenciais na Prote\u00e7\u00e3o Social e Garantia de Direitos. As a\u00e7\u00f5es de aprendizagem s\u00e3o voltadas \u00e0 amplia\u00e7\u00e3o da contrata\u00e7\u00e3o e\/ou integra\u00e7\u00e3o&#8230;<\/p>\n","protected":false},"author":141,"featured_media":0,"parent":0,"menu_order":0,"comment_status":"closed","ping_status":"closed","template":"","meta":{"_monsterinsights_skip_tracking":false,"_monsterinsights_sitenote_active":false,"_monsterinsights_sitenote_note":"","_monsterinsights_sitenote_category":0,"footnotes":""},"class_list":["post-46513","page","type-page","status-publish","hentry"],"acf":[],"_links":{"self":[{"href":"https:\/\/legado.redeicm.org.br\/providencia\/wp-json\/wp\/v2\/pages\/46513"}],"collection":[{"href":"https:\/\/legado.redeicm.org.br\/providencia\/wp-json\/wp\/v2\/pages"}],"about":[{"href":"https:\/\/legado.redeicm.org.br\/providencia\/wp-json\/wp\/v2\/types\/page"}],"author":[{"embeddable":true,"href":"https:\/\/legado.redeicm.org.br\/providencia\/wp-json\/wp\/v2\/users\/141"}],"replies":[{"embeddable":true,"href":"https:\/\/legado.redeicm.org.br\/providencia\/wp-json\/wp\/v2\/comments?post=46513"}],"version-history":[{"count":4,"href":"https:\/\/legado.redeicm.org.br\/providencia\/wp-json\/wp\/v2\/pages\/46513\/revisions"}],"predecessor-version":[{"id":46616,"href":"https:\/\/legado.redeicm.org.br\/providencia\/wp-json\/wp\/v2\/pages\/46513\/revisions\/46616"}],"wp:attachment":[{"href":"https:\/\/legado.redeicm.org.br\/providencia\/wp-json\/wp\/v2\/media?parent=46513"}],"curies":[{"name":"wp","href":"https:\/\/api.w.org\/{rel}","templated":true}]}}