{"id":39238,"date":"2017-06-16T22:09:06","date_gmt":"2017-06-17T01:09:06","guid":{"rendered":"https:\/\/redeicm.org.br\/providencia\/?page_id=39238"},"modified":"2024-07-02T14:47:35","modified_gmt":"2024-07-02T17:47:35","slug":"parceiros","status":"publish","type":"page","link":"https:\/\/legado.redeicm.org.br\/providencia\/parceiros\/","title":{"rendered":"Parceiros"},"content":{"rendered":"<section class=\"wpb-content-wrapper\"><section class=\"l-section wpb_row height_medium\"><div class=\"l-section-h i-cf\"><div class=\"g-cols vc_row via_grid cols_1 laptops-cols_inherit tablets-cols_inherit mobiles-cols_1 valign_top type_default stacking_default\"><div class=\"wpb_column vc_column_container\"><div class=\"vc_column-inner\"><div class=\"wpb_text_column\"><div class=\"wpb_wrapper\"><h4 style=\"text-align: center\">Sua Parceria transforma muitas vidas!<br \/>\nA vida transformada transforma o mundo.<\/h4>\n<p>Parcerias com o Poder P\u00fablico Municipal:<\/p>\n<p>Termo de Colabora\u00e7\u00e3o 239\/2017 &#8211; Servi\u00e7o de Conviv\u00eancia e Fortalecimento de V\u00ednculos &#8211; 160 atendimentos.<\/p>\n<p>Termo de Colabora\u00e7\u00e3o 240\/2017 &#8211; Servi\u00e7o de Conviv\u00eancia e Fortalecimento de V\u00ednculos Trabalho Educativo &#8211; 36 atendimentos.<\/p>\n<p><a href=\"https:\/\/prefeitura.poa.br\/fasc\"><img loading=\"lazy\" decoding=\"async\" class=\"wp-image-45835 size-medium aligncenter\" src=\"https:\/\/legado.redeicm.org.br\/providencia\/wp-content\/uploads\/sites\/19\/2023\/03\/selo_instituicao_parceira-294x300.png\" alt=\"\" width=\"294\" height=\"300\" srcset=\"https:\/\/legado.redeicm.org.br\/providencia\/wp-content\/uploads\/sites\/19\/2023\/03\/selo_instituicao_parceira-294x300.png 294w, https:\/\/legado.redeicm.org.br\/providencia\/wp-content\/uploads\/sites\/19\/2023\/03\/selo_instituicao_parceira-1004x1024.png 1004w, https:\/\/legado.redeicm.org.br\/providencia\/wp-content\/uploads\/sites\/19\/2023\/03\/selo_instituicao_parceira-600x612.png 600w, https:\/\/legado.redeicm.org.br\/providencia\/wp-content\/uploads\/sites\/19\/2023\/03\/selo_instituicao_parceira-768x783.png 768w, https:\/\/legado.redeicm.org.br\/providencia\/wp-content\/uploads\/sites\/19\/2023\/03\/selo_instituicao_parceira.png 1500w\" sizes=\"(max-width: 294px) 100vw, 294px\" \/><\/a><\/p>\n<p><a href=\"https:\/\/prefeitura.poa.br\/\"><img loading=\"lazy\" decoding=\"async\" class=\"size-full wp-image-45836 aligncenter\" src=\"https:\/\/legado.redeicm.org.br\/providencia\/wp-content\/uploads\/sites\/19\/2023\/03\/SMDS_V_pages-to-jpg-0001.jpg\" alt=\"\" width=\"237\" height=\"186\" \/><\/a><\/p>\n<p>&nbsp;<\/p>\n<p>Outras parcerias:<\/p>\n<p><a ref=\"magnificPopup\" href=\"https:\/\/redeicm.org.br\/providencia\/wp-content\/uploads\/sites\/19\/2017\/06\/Slide1.jpg\"><img loading=\"lazy\" decoding=\"async\" class=\"aligncenter wp-image-47193 \" src=\"https:\/\/legado.redeicm.org.br\/providencia\/wp-content\/uploads\/sites\/19\/2024\/07\/logo-mesa-300x241.png\" alt=\"\" width=\"249\" height=\"200\" srcset=\"https:\/\/legado.redeicm.org.br\/providencia\/wp-content\/uploads\/sites\/19\/2024\/07\/logo-mesa-300x241.png 300w, https:\/\/legado.redeicm.org.br\/providencia\/wp-content\/uploads\/sites\/19\/2024\/07\/logo-mesa-1024x822.png 1024w, https:\/\/legado.redeicm.org.br\/providencia\/wp-content\/uploads\/sites\/19\/2024\/07\/logo-mesa-600x482.png 600w, https:\/\/legado.redeicm.org.br\/providencia\/wp-content\/uploads\/sites\/19\/2024\/07\/logo-mesa-768x617.png 768w, https:\/\/legado.redeicm.org.br\/providencia\/wp-content\/uploads\/sites\/19\/2024\/07\/logo-mesa.png 1920w\" sizes=\"(max-width: 249px) 100vw, 249px\" \/><\/a><\/p>\n<p><a ref=\"magnificPopup\" href=\"https:\/\/redeicm.org.br\/providencia\/wp-content\/uploads\/sites\/19\/2017\/06\/Slide1.jpg\"><img loading=\"lazy\" decoding=\"async\" class=\"size-full wp-image-47194 aligncenter\" src=\"https:\/\/legado.redeicm.org.br\/providencia\/wp-content\/uploads\/sites\/19\/2024\/07\/francisco-novelletto.png\" alt=\"\" width=\"225\" height=\"225\" srcset=\"https:\/\/legado.redeicm.org.br\/providencia\/wp-content\/uploads\/sites\/19\/2024\/07\/francisco-novelletto.png 225w, https:\/\/legado.redeicm.org.br\/providencia\/wp-content\/uploads\/sites\/19\/2024\/07\/francisco-novelletto-150x150.png 150w\" sizes=\"(max-width: 225px) 100vw, 225px\" \/><\/a><\/p>\n<p><img loading=\"lazy\" decoding=\"async\" class=\"size-medium wp-image-47197 aligncenter\" src=\"https:\/\/legado.redeicm.org.br\/providencia\/wp-content\/uploads\/sites\/19\/2024\/07\/gqyfNz6PKMBtneqUWEVSWIHqGKf59vqvwrcA8B8I-1-300x94.jpg\" alt=\"\" width=\"300\" height=\"94\" srcset=\"https:\/\/legado.redeicm.org.br\/providencia\/wp-content\/uploads\/sites\/19\/2024\/07\/gqyfNz6PKMBtneqUWEVSWIHqGKf59vqvwrcA8B8I-1-300x94.jpg 300w, https:\/\/legado.redeicm.org.br\/providencia\/wp-content\/uploads\/sites\/19\/2024\/07\/gqyfNz6PKMBtneqUWEVSWIHqGKf59vqvwrcA8B8I-1-600x187.jpg 600w, https:\/\/legado.redeicm.org.br\/providencia\/wp-content\/uploads\/sites\/19\/2024\/07\/gqyfNz6PKMBtneqUWEVSWIHqGKf59vqvwrcA8B8I-1.jpg 660w\" sizes=\"(max-width: 300px) 100vw, 300px\" \/><\/p>\n<\/div><\/div><\/div><\/div><\/div><\/div><\/section><section class=\"l-section wpb_row height_medium\"><div class=\"l-section-h i-cf\"><div class=\"g-cols vc_row via_grid cols_1 laptops-cols_inherit tablets-cols_inherit mobiles-cols_1 valign_top type_default stacking_default\"><div class=\"wpb_column vc_column_container\"><div class=\"vc_column-inner\"><\/div><\/div><\/div><\/div><\/section><section class=\"l-section wpb_row height_medium\"><div class=\"l-section-h i-cf\"><div class=\"g-cols vc_row via_grid cols_1 laptops-cols_inherit tablets-cols_inherit mobiles-cols_1 valign_top type_default stacking_default\"><div class=\"wpb_column vc_column_container\"><div class=\"vc_column-inner\"><div class=\"w-btn-wrapper align_center\"><a class=\"w-btn us-btn-style_1 us_custom_80a192e9 icon_atleft\" href=\"https:\/\/www.redeicm.org.br\/providencia\/doacoes\/\"><i class=\"far fa-handshake\"><\/i><span class=\"w-btn-label\">FA\u00c7A SUA DOA\u00c7\u00c3O<\/span><\/a><\/div><\/div><\/div><\/div><\/div><\/section><section class=\"l-section wpb_row height_medium\"><div class=\"l-section-h i-cf\"><div class=\"g-cols vc_row via_grid cols_1 laptops-cols_inherit tablets-cols_inherit mobiles-cols_1 valign_top type_default stacking_default\"><div class=\"wpb_column vc_column_container\"><div class=\"vc_column-inner\"><\/div><\/div><\/div><\/div><\/section><section class=\"l-section wpb_row height_medium\"><div class=\"l-section-h i-cf\"><div class=\"g-cols vc_row via_grid cols_1 laptops-cols_inherit tablets-cols_inherit mobiles-cols_1 valign_top type_default stacking_default\"><div class=\"wpb_column vc_column_container\"><div class=\"vc_column-inner\"><\/div><\/div><\/div><\/div><\/section><section class=\"l-section wpb_row height_medium\"><div class=\"l-section-h i-cf\"><div class=\"g-cols vc_row via_grid cols_1 laptops-cols_inherit tablets-cols_inherit mobiles-cols_1 valign_top type_default stacking_default\"><div class=\"wpb_column vc_column_container\"><div class=\"vc_column-inner\"><\/div><\/div><\/div><\/div><\/section>\n<\/section>","protected":false},"excerpt":{"rendered":"Sua Parceria transforma muitas vidas! A vida transformada transforma o mundo. Parcerias com o Poder P\u00fablico Municipal: Termo de Colabora\u00e7\u00e3o 239\/2017 &#8211; Servi\u00e7o de Conviv\u00eancia e Fortalecimento de V\u00ednculos &#8211; 160 atendimentos. Termo de Colabora\u00e7\u00e3o 240\/2017 &#8211; Servi\u00e7o de Conviv\u00eancia e Fortalecimento de V\u00ednculos Trabalho Educativo &#8211; 36 atendimentos. &nbsp; Outras parcerias: FA\u00c7A SUA DOA\u00c7\u00c3O","protected":false},"author":141,"featured_media":0,"parent":0,"menu_order":0,"comment_status":"closed","ping_status":"closed","template":"","meta":{"_monsterinsights_skip_tracking":false,"_monsterinsights_sitenote_active":false,"_monsterinsights_sitenote_note":"","_monsterinsights_sitenote_category":0,"footnotes":""},"class_list":["post-39238","page","type-page","status-publish","hentry"],"acf":[],"_links":{"self":[{"href":"https:\/\/legado.redeicm.org.br\/providencia\/wp-json\/wp\/v2\/pages\/39238"}],"collection":[{"href":"https:\/\/legado.redeicm.org.br\/providencia\/wp-json\/wp\/v2\/pages"}],"about":[{"href":"https:\/\/legado.redeicm.org.br\/providencia\/wp-json\/wp\/v2\/types\/page"}],"author":[{"embeddable":true,"href":"https:\/\/legado.redeicm.org.br\/providencia\/wp-json\/wp\/v2\/users\/141"}],"replies":[{"embeddable":true,"href":"https:\/\/legado.redeicm.org.br\/providencia\/wp-json\/wp\/v2\/comments?post=39238"}],"version-history":[{"count":34,"href":"https:\/\/legado.redeicm.org.br\/providencia\/wp-json\/wp\/v2\/pages\/39238\/revisions"}],"predecessor-version":[{"id":47202,"href":"https:\/\/legado.redeicm.org.br\/providencia\/wp-json\/wp\/v2\/pages\/39238\/revisions\/47202"}],"wp:attachment":[{"href":"https:\/\/legado.redeicm.org.br\/providencia\/wp-json\/wp\/v2\/media?parent=39238"}],"curies":[{"name":"wp","href":"https:\/\/api.w.org\/{rel}","templated":true}]}}