{"id":39225,"date":"2017-03-27T14:18:18","date_gmt":"2017-03-27T17:18:18","guid":{"rendered":"https:\/\/redeicm.org.br\/providencia\/?page_id=39225"},"modified":"2023-09-06T13:34:24","modified_gmt":"2023-09-06T16:34:24","slug":"servico-de-convivencia-e-fortalecimento-de-vinculos-de-15-a-17-anos","status":"publish","type":"page","link":"https:\/\/legado.redeicm.org.br\/providencia\/servico-de-convivencia-e-fortalecimento-de-vinculos-de-15-a-17-anos\/","title":{"rendered":"Servi\u00e7o de Conviv\u00eancia e Fortalecimento de V\u00ednculos de 15 a 17 anos"},"content":{"rendered":"<p><strong>SERVI\u00c7O DE CONVIV\u00caNCIA E FORTALECIMENTO DE V\u00cdNCULOS DE 15 A 17 ANOS<\/strong><\/p>\n<p>O Servi\u00e7o de Conviv\u00eancia e Fortalecimento de V\u00ednculos, de 15 a 17 anos, \u00e9 (um programa) regulamentado pela Resolu\u00e7\u00e3o do Conselho Nacional de Assist\u00eancia Social (CNAS) n\u00ba 109\/2009, e, reordenado pela\u00a0<a href=\"https:\/\/conferencianacional.files.wordpress.com\/2013\/12\/cnas-2013-001-21-02-2013.pdf\">Resolu\u00e7\u00e3o n\u00ba 01\/2013<\/a>.<\/p>\n<p>Atrav\u00e9s de a\u00e7\u00f5es sociais planejadas, este servi\u00e7o visa o fortalecimento de v\u00ednculos familiares, interpessoais e sociais contribuindo para o desenvolvimento integral, incentivando perman\u00eancia, ingresso ou reingresso na escola bem como subsidia o usu\u00e1rio com conhecimentos e orienta\u00e7\u00e3o para a escolha profissional consciente e a busca do trabalho.<\/p>\n<p>As a\u00e7\u00f5es s\u00e3o s\u00f3cio-educativas sendo desafiadoras com foco na conviv\u00eancia social (por meio da arte-cultura e esporte-lazer), estimulando a participa\u00e7\u00e3o cidad\u00e3, criatividade, sentimento de perten\u00e7a, identidade e protagonismo. Valorizam a pluralidade e a singularidade da condi\u00e7\u00e3o juvenil e suas formas particulares de sociabilidade, sensibilizam para os desafios da realidade social, cultural, ambiental e pol\u00edtica de seu meio social, criam oportunidades de acesso a direitos, estimulam pr\u00e1ticas associativas e as diferentes formas de express\u00e3o dos interesses, posicionamentos e vis\u00f5es de mundo de jovens no espa\u00e7o p\u00fablico.<\/p>\n<p>S\u00e3o oferecidas tr\u00eas modalidades, no turno da manh\u00e3 e da tarde, para 36 metas com oficinas de:<\/p>\n<p><strong>COSTURA E CUSTOMIZA\u00c7\u00c3O<\/strong><\/p>\n<p>Garante o acesso \u00e0s pol\u00edticas p\u00fablicas de Assist\u00eancia Social sem discrimina\u00e7\u00e3o de qualquer natureza g\u00eanero, etnia, credo, orienta\u00e7\u00e3o sexual e classe social no atendimento do Servi\u00e7o de Conviv\u00eancia e Fortalecimentos de V\u00ednculos. Capacita os usu\u00e1rios na \u00e1rea de corte, costura e trabalhos manuais, desenvolvendo habilidades criativas de pe\u00e7as e roupas customizadas bem como uma forma\u00e7\u00e3o integral na defesa e promo\u00e7\u00e3o da vida e resgate da cidadania, sendo sujeito protagonista de sua hist\u00f3ria e agente de transforma\u00e7\u00e3o na fam\u00edlia e comunidade em que est\u00e3o inseridos.<\/p>\n<p><img loading=\"lazy\" decoding=\"async\" class=\"aligncenter wp-image-46577 size-full\" src=\"https:\/\/legado.redeicm.org.br\/providencia\/wp-content\/uploads\/sites\/19\/2023\/09\/IMG_0933.jpg\" alt=\"\" width=\"1280\" height=\"853\" srcset=\"https:\/\/legado.redeicm.org.br\/providencia\/wp-content\/uploads\/sites\/19\/2023\/09\/IMG_0933.jpg 1280w, https:\/\/legado.redeicm.org.br\/providencia\/wp-content\/uploads\/sites\/19\/2023\/09\/IMG_0933-300x200.jpg 300w, https:\/\/legado.redeicm.org.br\/providencia\/wp-content\/uploads\/sites\/19\/2023\/09\/IMG_0933-1024x682.jpg 1024w, https:\/\/legado.redeicm.org.br\/providencia\/wp-content\/uploads\/sites\/19\/2023\/09\/IMG_0933-600x400.jpg 600w, https:\/\/legado.redeicm.org.br\/providencia\/wp-content\/uploads\/sites\/19\/2023\/09\/IMG_0933-768x512.jpg 768w\" sizes=\"(max-width: 1280px) 100vw, 1280px\" \/><\/p>\n<p><strong>GASTRONOMIA<\/strong><\/p>\n<p>Garante o acesso \u00e0s pol\u00edticas p\u00fablicas de Assist\u00eancia Social sem discrimina\u00e7\u00e3o de qualquer natureza g\u00eanero, etnia, credo, orienta\u00e7\u00e3o sexual e classe social no atendimento do Servi\u00e7o de Conviv\u00eancia e Fortalecimentos de V\u00ednculos. Proporciona aos usu\u00e1rios conhecimento e aprendizagem na prepara\u00e7\u00e3o e manuseio de alimentos bem como uma forma\u00e7\u00e3o integral na defesa e promo\u00e7\u00e3o da vida e resgate da cidadania, sendo sujeito e protagonista de sua hist\u00f3ria e agente de transforma\u00e7\u00e3o na fam\u00edlia e comunidade em que est\u00e3o inseridos.<\/p>\n<p><img loading=\"lazy\" decoding=\"async\" class=\"aligncenter wp-image-46579 size-full\" src=\"https:\/\/legado.redeicm.org.br\/providencia\/wp-content\/uploads\/sites\/19\/2023\/09\/IMG_9932.jpg\" alt=\"\" width=\"1280\" height=\"853\" srcset=\"https:\/\/legado.redeicm.org.br\/providencia\/wp-content\/uploads\/sites\/19\/2023\/09\/IMG_9932.jpg 1280w, https:\/\/legado.redeicm.org.br\/providencia\/wp-content\/uploads\/sites\/19\/2023\/09\/IMG_9932-300x200.jpg 300w, https:\/\/legado.redeicm.org.br\/providencia\/wp-content\/uploads\/sites\/19\/2023\/09\/IMG_9932-1024x682.jpg 1024w, https:\/\/legado.redeicm.org.br\/providencia\/wp-content\/uploads\/sites\/19\/2023\/09\/IMG_9932-600x400.jpg 600w, https:\/\/legado.redeicm.org.br\/providencia\/wp-content\/uploads\/sites\/19\/2023\/09\/IMG_9932-768x512.jpg 768w\" sizes=\"(max-width: 1280px) 100vw, 1280px\" \/><\/p>\n<p><strong>INFORM\u00c1TICA<\/strong><\/p>\n<p>Garante o acesso \u00e0s pol\u00edticas p\u00fablicas de Assist\u00eancia Social sem discrimina\u00e7\u00e3o de qualquer natureza g\u00eanero, etnia, credo, orienta\u00e7\u00e3o sexual e classe social no atendimento do Servi\u00e7o de Conviv\u00eancia e Fortalecimentos de V\u00ednculos. Capacita os usu\u00e1rios no conhecimento da inform\u00e1tica b\u00e1sica desenvolvendo diversas habilidades norteadoras para a educa\u00e7\u00e3o e mundo do trabalho.<\/p>\n<p><img loading=\"lazy\" decoding=\"async\" class=\"aligncenter wp-image-46580 size-full\" src=\"https:\/\/legado.redeicm.org.br\/providencia\/wp-content\/uploads\/sites\/19\/2023\/09\/IMG_3642.jpg\" alt=\"\" width=\"1280\" height=\"853\" srcset=\"https:\/\/legado.redeicm.org.br\/providencia\/wp-content\/uploads\/sites\/19\/2023\/09\/IMG_3642.jpg 1280w, https:\/\/legado.redeicm.org.br\/providencia\/wp-content\/uploads\/sites\/19\/2023\/09\/IMG_3642-300x200.jpg 300w, https:\/\/legado.redeicm.org.br\/providencia\/wp-content\/uploads\/sites\/19\/2023\/09\/IMG_3642-1024x682.jpg 1024w, https:\/\/legado.redeicm.org.br\/providencia\/wp-content\/uploads\/sites\/19\/2023\/09\/IMG_3642-600x400.jpg 600w, https:\/\/legado.redeicm.org.br\/providencia\/wp-content\/uploads\/sites\/19\/2023\/09\/IMG_3642-768x512.jpg 768w\" sizes=\"(max-width: 1280px) 100vw, 1280px\" \/><\/p>\n<p><strong>OFICINA DE VIV\u00caNCIA<\/strong><\/p>\n<p>Promove espa\u00e7o de conviv\u00eancia, integra\u00e7\u00e3o, debates, reflex\u00f5es relacionadas \u00e0 \u00e9tica, coletividade, diversidade contribuindo na constru\u00e7\u00e3o e exerc\u00edcio da cidadania, protagonismo e autonomia dos usu\u00e1rios atrav\u00e9s temas geradores e transversais da realidade e viv\u00eancia social e familiar dos usu\u00e1rios que est\u00e3o em processo de forma\u00e7\u00e3o.<\/p>\n<p>&nbsp;<\/p>\n<p><img loading=\"lazy\" decoding=\"async\" class=\"aligncenter wp-image-46581 size-full\" src=\"https:\/\/legado.redeicm.org.br\/providencia\/wp-content\/uploads\/sites\/19\/2023\/09\/IMG_2488.jpg\" alt=\"\" width=\"1280\" height=\"853\" srcset=\"https:\/\/legado.redeicm.org.br\/providencia\/wp-content\/uploads\/sites\/19\/2023\/09\/IMG_2488.jpg 1280w, https:\/\/legado.redeicm.org.br\/providencia\/wp-content\/uploads\/sites\/19\/2023\/09\/IMG_2488-300x200.jpg 300w, https:\/\/legado.redeicm.org.br\/providencia\/wp-content\/uploads\/sites\/19\/2023\/09\/IMG_2488-1024x682.jpg 1024w, https:\/\/legado.redeicm.org.br\/providencia\/wp-content\/uploads\/sites\/19\/2023\/09\/IMG_2488-600x400.jpg 600w, https:\/\/legado.redeicm.org.br\/providencia\/wp-content\/uploads\/sites\/19\/2023\/09\/IMG_2488-768x512.jpg 768w\" sizes=\"(max-width: 1280px) 100vw, 1280px\" \/><\/p>\n<p><img loading=\"lazy\" decoding=\"async\" class=\"aligncenter wp-image-46582 size-full\" src=\"https:\/\/legado.redeicm.org.br\/providencia\/wp-content\/uploads\/sites\/19\/2023\/09\/WhatsApp-Image-2023-05-11-at-11.30.07.jpg\" alt=\"\" width=\"1280\" height=\"720\" srcset=\"https:\/\/legado.redeicm.org.br\/providencia\/wp-content\/uploads\/sites\/19\/2023\/09\/WhatsApp-Image-2023-05-11-at-11.30.07.jpg 1280w, https:\/\/legado.redeicm.org.br\/providencia\/wp-content\/uploads\/sites\/19\/2023\/09\/WhatsApp-Image-2023-05-11-at-11.30.07-300x169.jpg 300w, https:\/\/legado.redeicm.org.br\/providencia\/wp-content\/uploads\/sites\/19\/2023\/09\/WhatsApp-Image-2023-05-11-at-11.30.07-1024x576.jpg 1024w, https:\/\/legado.redeicm.org.br\/providencia\/wp-content\/uploads\/sites\/19\/2023\/09\/WhatsApp-Image-2023-05-11-at-11.30.07-600x338.jpg 600w, https:\/\/legado.redeicm.org.br\/providencia\/wp-content\/uploads\/sites\/19\/2023\/09\/WhatsApp-Image-2023-05-11-at-11.30.07-768x432.jpg 768w\" sizes=\"(max-width: 1280px) 100vw, 1280px\" \/><\/p>\n","protected":false},"excerpt":{"rendered":"<p>SERVI\u00c7O DE CONVIV\u00caNCIA E FORTALECIMENTO DE V\u00cdNCULOS DE 15 A 17 ANOS O Servi\u00e7o de Conviv\u00eancia e Fortalecimento de V\u00ednculos, de 15 a 17 anos, \u00e9 (um programa) regulamentado pela Resolu\u00e7\u00e3o do Conselho Nacional de Assist\u00eancia Social (CNAS) n\u00ba 109\/2009, e, reordenado pela\u00a0Resolu\u00e7\u00e3o n\u00ba 01\/2013. Atrav\u00e9s de a\u00e7\u00f5es sociais planejadas, este servi\u00e7o visa o fortalecimento&#8230;<\/p>\n","protected":false},"author":141,"featured_media":0,"parent":0,"menu_order":0,"comment_status":"closed","ping_status":"closed","template":"","meta":{"_monsterinsights_skip_tracking":false,"_monsterinsights_sitenote_active":false,"_monsterinsights_sitenote_note":"","_monsterinsights_sitenote_category":0,"footnotes":""},"class_list":["post-39225","page","type-page","status-publish","hentry"],"acf":[],"_links":{"self":[{"href":"https:\/\/legado.redeicm.org.br\/providencia\/wp-json\/wp\/v2\/pages\/39225"}],"collection":[{"href":"https:\/\/legado.redeicm.org.br\/providencia\/wp-json\/wp\/v2\/pages"}],"about":[{"href":"https:\/\/legado.redeicm.org.br\/providencia\/wp-json\/wp\/v2\/types\/page"}],"author":[{"embeddable":true,"href":"https:\/\/legado.redeicm.org.br\/providencia\/wp-json\/wp\/v2\/users\/141"}],"replies":[{"embeddable":true,"href":"https:\/\/legado.redeicm.org.br\/providencia\/wp-json\/wp\/v2\/comments?post=39225"}],"version-history":[{"count":15,"href":"https:\/\/legado.redeicm.org.br\/providencia\/wp-json\/wp\/v2\/pages\/39225\/revisions"}],"predecessor-version":[{"id":46584,"href":"https:\/\/legado.redeicm.org.br\/providencia\/wp-json\/wp\/v2\/pages\/39225\/revisions\/46584"}],"wp:attachment":[{"href":"https:\/\/legado.redeicm.org.br\/providencia\/wp-json\/wp\/v2\/media?parent=39225"}],"curies":[{"name":"wp","href":"https:\/\/api.w.org\/{rel}","templated":true}]}}