{"id":39223,"date":"2017-03-27T14:17:53","date_gmt":"2017-03-27T17:17:53","guid":{"rendered":"https:\/\/redeicm.org.br\/providencia\/?page_id=39223"},"modified":"2023-09-14T14:55:26","modified_gmt":"2023-09-14T17:55:26","slug":"servico-de-convivencia-e-fortalecimento-de-vinculos-de-06-a-15-anos","status":"publish","type":"page","link":"https:\/\/legado.redeicm.org.br\/providencia\/servico-de-convivencia-e-fortalecimento-de-vinculos-de-06-a-15-anos\/","title":{"rendered":"Servi\u00e7o de Conviv\u00eancia e Fortalecimento de V\u00ednculos de 06 a 15 anos"},"content":{"rendered":"<p style=\"font-weight: 400;text-align: center\"><strong>Servi\u00e7o de Conviv\u00eancia e Fortalecimento de V\u00ednculos (SCFV) 6 aos 15 anos<\/strong><\/p>\n<p style=\"font-weight: 400;text-align: right\">\u00a0\u00a0\u00a0\u00a0\u00a0\u00a0\u00a0\u00a0\u00a0\u00a0\u00a0\u00a0De acordo com a Tipifica\u00e7\u00e3o Nacional de Servi\u00e7os Socioassistenciais<\/p>\n<p style=\"font-weight: 400;text-align: justify\">(Resolu\u00e7\u00e3o CNAS n\u00ba. 109\/2009) \u00e9 \u201co servi\u00e7o realizado em grupos, organizado a partir de percursos, de modo a garantir aquisi\u00e7\u00f5es progressivas aos seus usu\u00e1rios, de acordo com o seu ciclo de vida, a fim de complementar o trabalho social com fam\u00edlias e prevenir a ocorr\u00eancia de situa\u00e7\u00f5es de risco social. Organiza-se de modo a ampliar trocas culturais e de viv\u00eancias, desenvolver o sentimento de perten\u00e7a e de identidade, fortalecer v\u00ednculos familiares e incentivar a socializa\u00e7\u00e3o e a conviv\u00eancia comunit\u00e1ria.<\/p>\n<p style=\"font-weight: 400;text-align: justify\">Desenvolver, atividades que contribuem para a participa\u00e7\u00e3o da cidadania e desenvolvimento do protagonismo e da autonomia das crian\u00e7as e adolescentes a partir de interesses, demandas e potencialidades de cada um. Trazendo momentos l\u00fadicos, culturais e esportivos como formas de express\u00e3o, intera\u00e7\u00e3o, aprendizagem, e prote\u00e7\u00e3o social propiciando trocas de viv\u00eancias favorecendo o fortalecimento de v\u00ednculo, atuando no sentido preventivo de situa\u00e7\u00e3o de risco social. Assumindo o desafio de atender e trabalhar os valores humanos, educando-os para a vida. Realizaremos atividades, com as fam\u00edlias, prevenindo ocorr\u00eancias de situa\u00e7\u00f5es de risco social, como tamb\u00e9m est\u00edmulo e orienta\u00e7\u00e3o na defesa de direitos e deveres, em vista de alternativas emancipat\u00f3rias, para o enfrentamento das vulnerabilidades sociais. Atrav\u00e9s de atividades e oficinas diversas, busca-se proporcionar meios para forma\u00e7\u00e3o integral de nossos usu\u00e1rios.<\/p>\n<p style=\"text-align: justify\"><strong>CULIN\u00c1RIA<\/strong><\/p>\n<p style=\"text-align: justify\">Mais do que vivenciar a pr\u00e1tica culin\u00e1ria por meio de atividades, a Oficina de Culin\u00e1ria visa conscientizar os usu\u00e1rios e fam\u00edlias sobre a import\u00e2ncia de uma boa alimenta\u00e7\u00e3o, como fundamento de uma vida saud\u00e1vel, conseguindo com que sejam cidad\u00e3os respons\u00e1veis pela melhoria da sua situa\u00e7\u00e3o de vida assim como uma possibilidade de gera\u00e7\u00e3o de renda Realizar um trabalho onde usu\u00e1rios atrav\u00e9s da viv\u00eancia de situa\u00e7\u00f5es, movimenta\u00e7\u00e3o e manipula\u00e7\u00e3o de objetos, possam aprender a internalizar conceitos e modificar comportamentos, al\u00e9m de adquirir, desde cedo, os conceitos de culin\u00e1ria e a utiliza\u00e7\u00e3o correta dos alimentos assim como custo e import\u00e2ncia de n\u00e3o desperdi\u00e7ar os mesmos.<\/p>\n<p style=\"text-align: justify\"><strong>CUSTOMIZA\u00c7\u00c3O<\/strong><\/p>\n<p style=\"text-align: justify\">Contribuir com o desenvolvimento dos nossos usu\u00e1rios, trabalhando o conceito de cidadania e coopera\u00e7\u00e3o, atrav\u00e9s do corte, costura, artesanato e customiza\u00e7\u00e3o, despertando o preceito dos 3R (reduzir, reutilizar e reciclar). Reutilizando materiais, despertando o senso cr\u00edtico e criativo.<\/p>\n<p style=\"text-align: justify\"><strong>DAN\u00c7A<\/strong><\/p>\n<p style=\"text-align: justify\">Atrav\u00e9s da dan\u00e7a como possibilidade de express\u00e3o, a qual deve ser considerada uma aliada no desenvolvimento das potencialidades humanas , por meio de comunica\u00e7\u00e3o atrav\u00e9s do movimento ,ser\u00e1 fomentando o conhecimento sobre si, e sobre o outro estimulando viv\u00eancias da corporeidade, incentivando a expressividade dos indiv\u00edduos, possibilitando a comunica\u00e7\u00e3o n\u00e3o verbal estimulando a liberdade de criar, inventar e reinventar, fazendo uso da imagina\u00e7\u00e3o e dos di\u00e1logos corporais.<\/p>\n<p style=\"text-align: justify\"><strong>INFORM\u00c1TICA<\/strong><\/p>\n<p style=\"text-align: justify\">A Inclus\u00e3o Digital \u00e9 um conceito que engloba as novas tecnologias da informa\u00e7\u00e3o e comunica\u00e7\u00e3o, a educa\u00e7\u00e3o, a participa\u00e7\u00e3o, possibilitando a constru\u00e7\u00e3o de uma cidadania criativa promovendo a melhoria da qualidade de vida, garantir maior liberdade social, gerar conhecimento e troca de informa\u00e7\u00f5es. Para que um cidad\u00e3o possa se tornar uma pessoa e pensante \u00e9 preciso que ele tenha<br \/>\nacesso n\u00e3o somente a educa\u00e7\u00e3o, mas, tamb\u00e9m, as tecnologias da informa\u00e7\u00e3o e comunica\u00e7\u00e3o (o computador, principalmente), pois estas permitem um acesso r\u00e1pido e atualizado das informa\u00e7\u00f5es.<\/p>\n<p style=\"text-align: justify\"><strong>MUSICALIZA\u00c7\u00c3O E COMPOSI\u00c7\u00c3O MUSICAL<\/strong><\/p>\n<p style=\"text-align: justify\">Atrav\u00e9s da m\u00fasica queremos trabalhar conceitos refletindo sobre a sociedade contribuindo na transforma\u00e7\u00e3o da mesma promovendo o acesso \u00e0 cultura, entretenimento e conv\u00edvio atrav\u00e9s da pr\u00e1tica coletiva. Poderosa ferramenta de socializa\u00e7\u00e3o, express\u00e3o e transforma\u00e7\u00e3o. Estimular o conhecimento da necessidade do cuidado de quem tamb\u00e9m faz parte da cidade e do meio onde habita. Cuidadores, n\u00e3o s\u00f3 da humanidade mas de toda as esp\u00e9cies.<\/p>\n<div class=\"w-gallery cols_3 link_file with_indents\"><div class=\"w-gallery-list\"><a class=\"w-gallery-item order_1\" href=\"https:\/\/legado.redeicm.org.br\/providencia\/wp-content\/uploads\/sites\/19\/2023\/09\/CULINARIA.jpg\" title=\"CULIN\u00c1RIA\"><div class=\"w-gallery-item-img\"><img loading=\"lazy\" decoding=\"async\" width=\"300\" height=\"200\" src=\"https:\/\/legado.redeicm.org.br\/providencia\/wp-content\/uploads\/sites\/19\/2023\/09\/CULINARIA-300x200.jpg\" class=\"attachment-medium size-medium\" alt=\"\" srcset=\"https:\/\/legado.redeicm.org.br\/providencia\/wp-content\/uploads\/sites\/19\/2023\/09\/CULINARIA-300x200.jpg 300w, https:\/\/legado.redeicm.org.br\/providencia\/wp-content\/uploads\/sites\/19\/2023\/09\/CULINARIA-1024x682.jpg 1024w, https:\/\/legado.redeicm.org.br\/providencia\/wp-content\/uploads\/sites\/19\/2023\/09\/CULINARIA-600x400.jpg 600w, https:\/\/legado.redeicm.org.br\/providencia\/wp-content\/uploads\/sites\/19\/2023\/09\/CULINARIA-768x512.jpg 768w, https:\/\/legado.redeicm.org.br\/providencia\/wp-content\/uploads\/sites\/19\/2023\/09\/CULINARIA.jpg 1280w\" sizes=\"(max-width: 300px) 100vw, 300px\" \/><\/div><\/a><a class=\"w-gallery-item order_2\" href=\"https:\/\/legado.redeicm.org.br\/providencia\/wp-content\/uploads\/sites\/19\/2023\/09\/DANCA.jpg\" title=\"DAN\u00c7A\"><div class=\"w-gallery-item-img\"><img loading=\"lazy\" decoding=\"async\" width=\"300\" height=\"225\" src=\"https:\/\/legado.redeicm.org.br\/providencia\/wp-content\/uploads\/sites\/19\/2023\/09\/DANCA-300x225.jpg\" class=\"attachment-medium size-medium\" alt=\"\" srcset=\"https:\/\/legado.redeicm.org.br\/providencia\/wp-content\/uploads\/sites\/19\/2023\/09\/DANCA-300x225.jpg 300w, https:\/\/legado.redeicm.org.br\/providencia\/wp-content\/uploads\/sites\/19\/2023\/09\/DANCA-1024x768.jpg 1024w, https:\/\/legado.redeicm.org.br\/providencia\/wp-content\/uploads\/sites\/19\/2023\/09\/DANCA-600x450.jpg 600w, https:\/\/legado.redeicm.org.br\/providencia\/wp-content\/uploads\/sites\/19\/2023\/09\/DANCA-768x576.jpg 768w, https:\/\/legado.redeicm.org.br\/providencia\/wp-content\/uploads\/sites\/19\/2023\/09\/DANCA.jpg 1280w\" sizes=\"(max-width: 300px) 100vw, 300px\" \/><\/div><\/a><a class=\"w-gallery-item order_3\" href=\"https:\/\/legado.redeicm.org.br\/providencia\/wp-content\/uploads\/sites\/19\/2023\/09\/INFORMATICA.jpg\" title=\"INFORM\u00c1TICA\"><div class=\"w-gallery-item-img\"><img loading=\"lazy\" decoding=\"async\" width=\"300\" height=\"200\" src=\"https:\/\/legado.redeicm.org.br\/providencia\/wp-content\/uploads\/sites\/19\/2023\/09\/INFORMATICA-300x200.jpg\" class=\"attachment-medium size-medium\" alt=\"\" srcset=\"https:\/\/legado.redeicm.org.br\/providencia\/wp-content\/uploads\/sites\/19\/2023\/09\/INFORMATICA-300x200.jpg 300w, https:\/\/legado.redeicm.org.br\/providencia\/wp-content\/uploads\/sites\/19\/2023\/09\/INFORMATICA-1024x682.jpg 1024w, https:\/\/legado.redeicm.org.br\/providencia\/wp-content\/uploads\/sites\/19\/2023\/09\/INFORMATICA-600x400.jpg 600w, https:\/\/legado.redeicm.org.br\/providencia\/wp-content\/uploads\/sites\/19\/2023\/09\/INFORMATICA-768x512.jpg 768w, https:\/\/legado.redeicm.org.br\/providencia\/wp-content\/uploads\/sites\/19\/2023\/09\/INFORMATICA.jpg 1280w\" sizes=\"(max-width: 300px) 100vw, 300px\" \/><\/div><\/a><a class=\"w-gallery-item order_4\" href=\"https:\/\/legado.redeicm.org.br\/providencia\/wp-content\/uploads\/sites\/19\/2023\/09\/IMG_0358.jpg\" title=\"IMG_0358\"><div class=\"w-gallery-item-img\"><img loading=\"lazy\" decoding=\"async\" width=\"300\" height=\"200\" src=\"https:\/\/legado.redeicm.org.br\/providencia\/wp-content\/uploads\/sites\/19\/2023\/09\/IMG_0358-300x200.jpg\" class=\"attachment-medium size-medium\" alt=\"\" srcset=\"https:\/\/legado.redeicm.org.br\/providencia\/wp-content\/uploads\/sites\/19\/2023\/09\/IMG_0358-300x200.jpg 300w, https:\/\/legado.redeicm.org.br\/providencia\/wp-content\/uploads\/sites\/19\/2023\/09\/IMG_0358-1024x682.jpg 1024w, https:\/\/legado.redeicm.org.br\/providencia\/wp-content\/uploads\/sites\/19\/2023\/09\/IMG_0358-600x400.jpg 600w, https:\/\/legado.redeicm.org.br\/providencia\/wp-content\/uploads\/sites\/19\/2023\/09\/IMG_0358-768x512.jpg 768w, https:\/\/legado.redeicm.org.br\/providencia\/wp-content\/uploads\/sites\/19\/2023\/09\/IMG_0358.jpg 1280w\" sizes=\"(max-width: 300px) 100vw, 300px\" \/><\/div><\/a><a class=\"w-gallery-item order_5\" href=\"https:\/\/legado.redeicm.org.br\/providencia\/wp-content\/uploads\/sites\/19\/2023\/09\/IMG_0514.jpg\" title=\"IMG_0514\"><div class=\"w-gallery-item-img\"><img loading=\"lazy\" decoding=\"async\" width=\"300\" height=\"200\" src=\"https:\/\/legado.redeicm.org.br\/providencia\/wp-content\/uploads\/sites\/19\/2023\/09\/IMG_0514-300x200.jpg\" class=\"attachment-medium size-medium\" alt=\"\" srcset=\"https:\/\/legado.redeicm.org.br\/providencia\/wp-content\/uploads\/sites\/19\/2023\/09\/IMG_0514-300x200.jpg 300w, https:\/\/legado.redeicm.org.br\/providencia\/wp-content\/uploads\/sites\/19\/2023\/09\/IMG_0514-1024x682.jpg 1024w, https:\/\/legado.redeicm.org.br\/providencia\/wp-content\/uploads\/sites\/19\/2023\/09\/IMG_0514-600x400.jpg 600w, https:\/\/legado.redeicm.org.br\/providencia\/wp-content\/uploads\/sites\/19\/2023\/09\/IMG_0514-768x512.jpg 768w, https:\/\/legado.redeicm.org.br\/providencia\/wp-content\/uploads\/sites\/19\/2023\/09\/IMG_0514.jpg 1280w\" sizes=\"(max-width: 300px) 100vw, 300px\" \/><\/div><\/a><a class=\"w-gallery-item order_6\" href=\"https:\/\/legado.redeicm.org.br\/providencia\/wp-content\/uploads\/sites\/19\/2023\/09\/IMG_0951.jpg\" title=\"IMG_0951\"><div class=\"w-gallery-item-img\"><img loading=\"lazy\" decoding=\"async\" width=\"300\" height=\"200\" src=\"https:\/\/legado.redeicm.org.br\/providencia\/wp-content\/uploads\/sites\/19\/2023\/09\/IMG_0951-300x200.jpg\" class=\"attachment-medium size-medium\" alt=\"\" srcset=\"https:\/\/legado.redeicm.org.br\/providencia\/wp-content\/uploads\/sites\/19\/2023\/09\/IMG_0951-300x200.jpg 300w, https:\/\/legado.redeicm.org.br\/providencia\/wp-content\/uploads\/sites\/19\/2023\/09\/IMG_0951-1024x682.jpg 1024w, https:\/\/legado.redeicm.org.br\/providencia\/wp-content\/uploads\/sites\/19\/2023\/09\/IMG_0951-600x400.jpg 600w, https:\/\/legado.redeicm.org.br\/providencia\/wp-content\/uploads\/sites\/19\/2023\/09\/IMG_0951-768x512.jpg 768w, https:\/\/legado.redeicm.org.br\/providencia\/wp-content\/uploads\/sites\/19\/2023\/09\/IMG_0951.jpg 1280w\" sizes=\"(max-width: 300px) 100vw, 300px\" \/><\/div><\/a><a class=\"w-gallery-item order_7\" href=\"https:\/\/legado.redeicm.org.br\/providencia\/wp-content\/uploads\/sites\/19\/2023\/09\/IMG_2345.jpg\" title=\"IMG_2345\"><div class=\"w-gallery-item-img\"><img loading=\"lazy\" decoding=\"async\" width=\"300\" height=\"200\" src=\"https:\/\/legado.redeicm.org.br\/providencia\/wp-content\/uploads\/sites\/19\/2023\/09\/IMG_2345-300x200.jpg\" class=\"attachment-medium size-medium\" alt=\"\" srcset=\"https:\/\/legado.redeicm.org.br\/providencia\/wp-content\/uploads\/sites\/19\/2023\/09\/IMG_2345-300x200.jpg 300w, https:\/\/legado.redeicm.org.br\/providencia\/wp-content\/uploads\/sites\/19\/2023\/09\/IMG_2345-1024x682.jpg 1024w, https:\/\/legado.redeicm.org.br\/providencia\/wp-content\/uploads\/sites\/19\/2023\/09\/IMG_2345-600x400.jpg 600w, https:\/\/legado.redeicm.org.br\/providencia\/wp-content\/uploads\/sites\/19\/2023\/09\/IMG_2345-768x512.jpg 768w, https:\/\/legado.redeicm.org.br\/providencia\/wp-content\/uploads\/sites\/19\/2023\/09\/IMG_2345.jpg 1280w\" sizes=\"(max-width: 300px) 100vw, 300px\" \/><\/div><\/a><a class=\"w-gallery-item order_8\" href=\"https:\/\/legado.redeicm.org.br\/providencia\/wp-content\/uploads\/sites\/19\/2023\/09\/IMG_2421.jpg\" title=\"IMG_2421\"><div class=\"w-gallery-item-img\"><img loading=\"lazy\" decoding=\"async\" width=\"300\" height=\"200\" src=\"https:\/\/legado.redeicm.org.br\/providencia\/wp-content\/uploads\/sites\/19\/2023\/09\/IMG_2421-300x200.jpg\" class=\"attachment-medium size-medium\" alt=\"\" srcset=\"https:\/\/legado.redeicm.org.br\/providencia\/wp-content\/uploads\/sites\/19\/2023\/09\/IMG_2421-300x200.jpg 300w, https:\/\/legado.redeicm.org.br\/providencia\/wp-content\/uploads\/sites\/19\/2023\/09\/IMG_2421-1024x682.jpg 1024w, https:\/\/legado.redeicm.org.br\/providencia\/wp-content\/uploads\/sites\/19\/2023\/09\/IMG_2421-600x400.jpg 600w, https:\/\/legado.redeicm.org.br\/providencia\/wp-content\/uploads\/sites\/19\/2023\/09\/IMG_2421-768x512.jpg 768w, https:\/\/legado.redeicm.org.br\/providencia\/wp-content\/uploads\/sites\/19\/2023\/09\/IMG_2421.jpg 1280w\" sizes=\"(max-width: 300px) 100vw, 300px\" \/><\/div><\/a><a class=\"w-gallery-item order_9\" href=\"https:\/\/legado.redeicm.org.br\/providencia\/wp-content\/uploads\/sites\/19\/2023\/09\/IMG_0675-1.jpg\" title=\"IMG_0675 (1)\"><div class=\"w-gallery-item-img\"><img loading=\"lazy\" decoding=\"async\" width=\"300\" height=\"200\" src=\"https:\/\/legado.redeicm.org.br\/providencia\/wp-content\/uploads\/sites\/19\/2023\/09\/IMG_0675-1-300x200.jpg\" class=\"attachment-medium size-medium\" alt=\"\" srcset=\"https:\/\/legado.redeicm.org.br\/providencia\/wp-content\/uploads\/sites\/19\/2023\/09\/IMG_0675-1-300x200.jpg 300w, https:\/\/legado.redeicm.org.br\/providencia\/wp-content\/uploads\/sites\/19\/2023\/09\/IMG_0675-1-1024x682.jpg 1024w, https:\/\/legado.redeicm.org.br\/providencia\/wp-content\/uploads\/sites\/19\/2023\/09\/IMG_0675-1-600x400.jpg 600w, https:\/\/legado.redeicm.org.br\/providencia\/wp-content\/uploads\/sites\/19\/2023\/09\/IMG_0675-1-768x512.jpg 768w, https:\/\/legado.redeicm.org.br\/providencia\/wp-content\/uploads\/sites\/19\/2023\/09\/IMG_0675-1.jpg 1280w\" sizes=\"(max-width: 300px) 100vw, 300px\" \/><\/div><\/a><a class=\"w-gallery-item order_10\" href=\"https:\/\/legado.redeicm.org.br\/providencia\/wp-content\/uploads\/sites\/19\/2023\/09\/IMG_3683.jpg\" title=\"IMG_3683\"><div class=\"w-gallery-item-img\"><img loading=\"lazy\" decoding=\"async\" width=\"300\" height=\"200\" src=\"https:\/\/legado.redeicm.org.br\/providencia\/wp-content\/uploads\/sites\/19\/2023\/09\/IMG_3683-300x200.jpg\" class=\"attachment-medium size-medium\" alt=\"\" srcset=\"https:\/\/legado.redeicm.org.br\/providencia\/wp-content\/uploads\/sites\/19\/2023\/09\/IMG_3683-300x200.jpg 300w, https:\/\/legado.redeicm.org.br\/providencia\/wp-content\/uploads\/sites\/19\/2023\/09\/IMG_3683-1024x682.jpg 1024w, https:\/\/legado.redeicm.org.br\/providencia\/wp-content\/uploads\/sites\/19\/2023\/09\/IMG_3683-600x400.jpg 600w, https:\/\/legado.redeicm.org.br\/providencia\/wp-content\/uploads\/sites\/19\/2023\/09\/IMG_3683-768x512.jpg 768w, https:\/\/legado.redeicm.org.br\/providencia\/wp-content\/uploads\/sites\/19\/2023\/09\/IMG_3683.jpg 1280w\" sizes=\"(max-width: 300px) 100vw, 300px\" \/><\/div><\/a><a class=\"w-gallery-item order_11\" href=\"https:\/\/legado.redeicm.org.br\/providencia\/wp-content\/uploads\/sites\/19\/2023\/09\/WhatsApp-Image-2023-03-29-at-14.56.01-1.jpg\" title=\"WhatsApp Image 2023-03-29 at 14.56.01 (1)\"><div class=\"w-gallery-item-img\"><img loading=\"lazy\" decoding=\"async\" width=\"300\" height=\"225\" src=\"https:\/\/legado.redeicm.org.br\/providencia\/wp-content\/uploads\/sites\/19\/2023\/09\/WhatsApp-Image-2023-03-29-at-14.56.01-1-300x225.jpg\" class=\"attachment-medium size-medium\" alt=\"\" srcset=\"https:\/\/legado.redeicm.org.br\/providencia\/wp-content\/uploads\/sites\/19\/2023\/09\/WhatsApp-Image-2023-03-29-at-14.56.01-1-300x225.jpg 300w, https:\/\/legado.redeicm.org.br\/providencia\/wp-content\/uploads\/sites\/19\/2023\/09\/WhatsApp-Image-2023-03-29-at-14.56.01-1-1024x768.jpg 1024w, https:\/\/legado.redeicm.org.br\/providencia\/wp-content\/uploads\/sites\/19\/2023\/09\/WhatsApp-Image-2023-03-29-at-14.56.01-1-600x450.jpg 600w, https:\/\/legado.redeicm.org.br\/providencia\/wp-content\/uploads\/sites\/19\/2023\/09\/WhatsApp-Image-2023-03-29-at-14.56.01-1-768x576.jpg 768w, https:\/\/legado.redeicm.org.br\/providencia\/wp-content\/uploads\/sites\/19\/2023\/09\/WhatsApp-Image-2023-03-29-at-14.56.01-1.jpg 1280w\" sizes=\"(max-width: 300px) 100vw, 300px\" \/><\/div><\/a><a class=\"w-gallery-item order_12\" href=\"https:\/\/legado.redeicm.org.br\/providencia\/wp-content\/uploads\/sites\/19\/2023\/09\/WhatsApp-Image-2023-05-10-at-09.40.49-2-Copia.jpg\" title=\"WhatsApp Image 2023-05-10 at 09.40.49 (2) - Copia\"><div class=\"w-gallery-item-img\"><img loading=\"lazy\" decoding=\"async\" width=\"300\" height=\"169\" src=\"https:\/\/legado.redeicm.org.br\/providencia\/wp-content\/uploads\/sites\/19\/2023\/09\/WhatsApp-Image-2023-05-10-at-09.40.49-2-Copia-300x169.jpg\" class=\"attachment-medium size-medium\" alt=\"\" srcset=\"https:\/\/legado.redeicm.org.br\/providencia\/wp-content\/uploads\/sites\/19\/2023\/09\/WhatsApp-Image-2023-05-10-at-09.40.49-2-Copia-300x169.jpg 300w, https:\/\/legado.redeicm.org.br\/providencia\/wp-content\/uploads\/sites\/19\/2023\/09\/WhatsApp-Image-2023-05-10-at-09.40.49-2-Copia-1024x576.jpg 1024w, https:\/\/legado.redeicm.org.br\/providencia\/wp-content\/uploads\/sites\/19\/2023\/09\/WhatsApp-Image-2023-05-10-at-09.40.49-2-Copia-600x338.jpg 600w, https:\/\/legado.redeicm.org.br\/providencia\/wp-content\/uploads\/sites\/19\/2023\/09\/WhatsApp-Image-2023-05-10-at-09.40.49-2-Copia-768x432.jpg 768w, https:\/\/legado.redeicm.org.br\/providencia\/wp-content\/uploads\/sites\/19\/2023\/09\/WhatsApp-Image-2023-05-10-at-09.40.49-2-Copia.jpg 1280w\" sizes=\"(max-width: 300px) 100vw, 300px\" \/><\/div><\/a><a class=\"w-gallery-item order_13\" href=\"https:\/\/legado.redeicm.org.br\/providencia\/wp-content\/uploads\/sites\/19\/2023\/09\/IMG_3665.jpg\" title=\"IMG_3665\"><div class=\"w-gallery-item-img\"><img loading=\"lazy\" decoding=\"async\" width=\"300\" height=\"200\" src=\"https:\/\/legado.redeicm.org.br\/providencia\/wp-content\/uploads\/sites\/19\/2023\/09\/IMG_3665-300x200.jpg\" class=\"attachment-medium size-medium\" alt=\"\" srcset=\"https:\/\/legado.redeicm.org.br\/providencia\/wp-content\/uploads\/sites\/19\/2023\/09\/IMG_3665-300x200.jpg 300w, https:\/\/legado.redeicm.org.br\/providencia\/wp-content\/uploads\/sites\/19\/2023\/09\/IMG_3665-1024x682.jpg 1024w, https:\/\/legado.redeicm.org.br\/providencia\/wp-content\/uploads\/sites\/19\/2023\/09\/IMG_3665-600x400.jpg 600w, https:\/\/legado.redeicm.org.br\/providencia\/wp-content\/uploads\/sites\/19\/2023\/09\/IMG_3665-768x512.jpg 768w, https:\/\/legado.redeicm.org.br\/providencia\/wp-content\/uploads\/sites\/19\/2023\/09\/IMG_3665.jpg 1280w\" sizes=\"(max-width: 300px) 100vw, 300px\" \/><\/div><\/a><\/div><\/div>\n<p>&nbsp;<\/p>\n","protected":false},"excerpt":{"rendered":"<p>Servi\u00e7o de Conviv\u00eancia e Fortalecimento de V\u00ednculos (SCFV) 6 aos 15 anos \u00a0\u00a0\u00a0\u00a0\u00a0\u00a0\u00a0\u00a0\u00a0\u00a0\u00a0\u00a0De acordo com a Tipifica\u00e7\u00e3o Nacional de Servi\u00e7os Socioassistenciais (Resolu\u00e7\u00e3o CNAS n\u00ba. 109\/2009) \u00e9 \u201co servi\u00e7o realizado em grupos, organizado a partir de percursos, de modo a garantir aquisi\u00e7\u00f5es progressivas aos seus usu\u00e1rios, de acordo com o seu ciclo de vida, a fim&#8230;<\/p>\n","protected":false},"author":141,"featured_media":0,"parent":0,"menu_order":0,"comment_status":"closed","ping_status":"closed","template":"","meta":{"_monsterinsights_skip_tracking":false,"_monsterinsights_sitenote_active":false,"_monsterinsights_sitenote_note":"","_monsterinsights_sitenote_category":0,"footnotes":""},"class_list":["post-39223","page","type-page","status-publish","hentry"],"acf":[],"_links":{"self":[{"href":"https:\/\/legado.redeicm.org.br\/providencia\/wp-json\/wp\/v2\/pages\/39223"}],"collection":[{"href":"https:\/\/legado.redeicm.org.br\/providencia\/wp-json\/wp\/v2\/pages"}],"about":[{"href":"https:\/\/legado.redeicm.org.br\/providencia\/wp-json\/wp\/v2\/types\/page"}],"author":[{"embeddable":true,"href":"https:\/\/legado.redeicm.org.br\/providencia\/wp-json\/wp\/v2\/users\/141"}],"replies":[{"embeddable":true,"href":"https:\/\/legado.redeicm.org.br\/providencia\/wp-json\/wp\/v2\/comments?post=39223"}],"version-history":[{"count":25,"href":"https:\/\/legado.redeicm.org.br\/providencia\/wp-json\/wp\/v2\/pages\/39223\/revisions"}],"predecessor-version":[{"id":46626,"href":"https:\/\/legado.redeicm.org.br\/providencia\/wp-json\/wp\/v2\/pages\/39223\/revisions\/46626"}],"wp:attachment":[{"href":"https:\/\/legado.redeicm.org.br\/providencia\/wp-json\/wp\/v2\/media?parent=39223"}],"curies":[{"name":"wp","href":"https:\/\/api.w.org\/{rel}","templated":true}]}}