{"id":39153,"date":"2017-01-12T23:10:44","date_gmt":"2017-01-13T01:10:44","guid":{"rendered":"https:\/\/redeicm.org.br\/maededeus\/?page_id=39153"},"modified":"2017-03-08T11:26:55","modified_gmt":"2017-03-08T14:26:55","slug":"historico","status":"publish","type":"page","link":"https:\/\/legado.redeicm.org.br\/pioxii\/historico\/","title":{"rendered":"Sobre a Unidade de Educa\u00e7\u00e3o"},"content":{"rendered":"<p class=\"western\" align=\"JUSTIFY\"><strong>Escola Pio XII &#8211; Rede ICM de Educa\u00e7\u00e3o<\/strong><\/p>\n<p class=\"western\" align=\"JUSTIFY\">A Escola \u00e9 mantida pela Sociedade Educa\u00e7\u00e3o e Caridade, personifica\u00e7\u00e3o civil da Congrega\u00e7\u00e3o das Irm\u00e3s do Imaculado Cora\u00e7\u00e3o de Maria, com sede em Porto Alegre.<\/p>\n<p class=\"western\" align=\"JUSTIFY\"><strong>Unidade de Ensino<\/strong><\/p>\n<p class=\"western\" align=\"JUSTIFY\">A Escola Pio XII localiza-se na Av. Meriti, 265, em Vila Kosmos, cidade do Rio de Janeiro C\u00f3digo Postal 21220-202, home page <span style=\"color: #0000ff\"><u><a href=\"http:\/\/www.escolapioxii.g12.br\/\">www.escolapioxii.g12.br<\/a><\/u><\/span> e e-mail escolapioxii@escolapioxii.g12.br.<\/p>\n<p class=\"western\" align=\"JUSTIFY\">Fundada em 1954 pela Sociedade Educa\u00e7\u00e3o e Caridade, est\u00e1 registrada sob o n\u00ba 2186 de julho de 1955, Secretaria de Educa\u00e7\u00e3o e Cultura, pertence \u00e0 5\u00aa CRE da XIV Regi\u00e3o Administrativa do Munic\u00edpio do Rio de Janeiro. Foi reconhecida pelo parecer 424\/84, publicado no DO de 17 de maio de 1985 e autorizada a ministrar o Ensino M\u00e9dio Regular pela Portaria N\u00ba 249\/05, publicada no DO de 09 de agosto de 2005.<\/p>\n<p class=\"western\" align=\"JUSTIFY\"><b>Proposta Pol\u00edtico-Pedag\u00f3gica<\/b><\/p>\n<p class=\"western\" align=\"JUSTIFY\">Nossa proposta segue o Projeto Educativo da Sociedade Educa\u00e7\u00e3o e Caridade Congrega\u00e7\u00e3o das Irm\u00e3s do Imaculado Cora\u00e7\u00e3o de Maria.<\/p>\n<p class=\"western\" align=\"JUSTIFY\"><b>Hist\u00f3rico<\/b><\/p>\n<p class=\"western\" align=\"JUSTIFY\">A Escola Pio XII, faz parte da hist\u00f3ria do Bairro Vila Kosmos e da Par\u00f3quia Nossa Senhora do Carmo.<\/p>\n<p class=\"western\" align=\"JUSTIFY\">Suas aulas come\u00e7aram em fevereiro de 1954. Enquanto o Bairro crescia e a Par\u00f3quia era constru\u00edda, a Escola iniciava suas atividades.<\/p>\n<p class=\"western\" align=\"JUSTIFY\">A partir de 1955, as Irm\u00e3s haviam adquirido, al\u00e9m do galp\u00e3o, a antiga Igreja de madeira e iniciaram a constru\u00e7\u00e3o da Escola.<\/p>\n<p class=\"western\" align=\"JUSTIFY\">A obra foi se expandindo at\u00e9 se tornar o pr\u00e9dio atual, com salas de aula espa\u00e7osas, refrigeradas e equipadas com multim\u00eddia, modernos laborat\u00f3rios de Biologia, Qu\u00edmica, F\u00edsica e Inform\u00e1tica, Sala de Leitura e Biblioteca atualizadas e informatizadas, piscina, tr\u00eas quadras esportivas, capela, dois parquinhos, salas de v\u00eddeo, restaurante, duas cantinas e amplo espa\u00e7o para recrea\u00e7\u00e3o.<\/p>\n<p class=\"western\" align=\"JUSTIFY\">A localiza\u00e7\u00e3o da Escola \u00e9 bastante privilegiada em termos de transportes, com \u00f4nibus, BRT e o metr\u00f4 atendendo \u00e0 comunidade. O bairro tornou-se mais movimentado com a inaugura\u00e7\u00e3o do Shopping Carioca, ampliando e diversificando seu com\u00e9rcio<strong>.<\/strong><\/p>\n<p class=\"western\" align=\"JUSTIFY\"><strong>Cursos Mantidos<\/strong><\/p>\n<p class=\"western\" align=\"JUSTIFY\">A Escola Pio XII mant\u00e9m:<\/p>\n<ul>\n<li class=\"western\">Maternal;<\/li>\n<li class=\"western\">Educa\u00e7\u00e3o Infantil;<\/li>\n<li class=\"western\">Ensino Fundamental;<\/li>\n<li class=\"western\">Ensino M\u00e9dio;<\/li>\n<li class=\"western\">Turno Extraclasse &#8211; Integral.<\/li>\n<\/ul>\n<div class=\"angwp_41112 _ning_cont _ning_hidden _ning_outer _align_center responsive\" data-size=\"300x250\" data-bid=\"41112\" data-aid=\"0\" style=\"max-width:300px; width:100%;height:inherit;\"><div class=\"_ning_label _left\" style=\"\"><\/div><div class=\"_ning_inner\" style=\"\"><\/div><\/div><div class=\"clear\"><\/div>","protected":false},"excerpt":{"rendered":"<p>Escola Pio XII &#8211; Rede ICM de Educa\u00e7\u00e3o A Escola \u00e9 mantida pela Sociedade Educa\u00e7\u00e3o e Caridade, personifica\u00e7\u00e3o civil da Congrega\u00e7\u00e3o das Irm\u00e3s do Imaculado Cora\u00e7\u00e3o de Maria, com sede em Porto Alegre. Unidade de Ensino A Escola Pio XII localiza-se na Av. Meriti, 265, em Vila Kosmos, cidade do Rio de Janeiro C\u00f3digo Postal&#8230;<\/p>\n","protected":false},"author":50,"featured_media":0,"parent":0,"menu_order":0,"comment_status":"closed","ping_status":"closed","template":"","meta":{"_acf_changed":false,"_monsterinsights_skip_tracking":false,"_monsterinsights_sitenote_active":false,"_monsterinsights_sitenote_note":"","_monsterinsights_sitenote_category":0,"footnotes":""},"class_list":["post-39153","page","type-page","status-publish","hentry"],"acf":[],"_links":{"self":[{"href":"https:\/\/legado.redeicm.org.br\/pioxii\/wp-json\/wp\/v2\/pages\/39153"}],"collection":[{"href":"https:\/\/legado.redeicm.org.br\/pioxii\/wp-json\/wp\/v2\/pages"}],"about":[{"href":"https:\/\/legado.redeicm.org.br\/pioxii\/wp-json\/wp\/v2\/types\/page"}],"author":[{"embeddable":true,"href":"https:\/\/legado.redeicm.org.br\/pioxii\/wp-json\/wp\/v2\/users\/50"}],"replies":[{"embeddable":true,"href":"https:\/\/legado.redeicm.org.br\/pioxii\/wp-json\/wp\/v2\/comments?post=39153"}],"version-history":[{"count":2,"href":"https:\/\/legado.redeicm.org.br\/pioxii\/wp-json\/wp\/v2\/pages\/39153\/revisions"}],"predecessor-version":[{"id":39417,"href":"https:\/\/legado.redeicm.org.br\/pioxii\/wp-json\/wp\/v2\/pages\/39153\/revisions\/39417"}],"wp:attachment":[{"href":"https:\/\/legado.redeicm.org.br\/pioxii\/wp-json\/wp\/v2\/media?parent=39153"}],"curies":[{"name":"wp","href":"https:\/\/api.w.org\/{rel}","templated":true}]}}