{"id":39128,"date":"2017-01-12T20:33:22","date_gmt":"2017-01-12T22:33:22","guid":{"rendered":"https:\/\/redeicm.org.br\/maededeus\/?page_id=39128"},"modified":"2017-01-12T20:33:22","modified_gmt":"2017-01-12T22:33:22","slug":"fundadora-barbara-maix","status":"publish","type":"page","link":"https:\/\/legado.redeicm.org.br\/pioxii\/fundadora-barbara-maix\/","title":{"rendered":"Fundadora &#8211; B\u00e1rbara Maix"},"content":{"rendered":"<div class=\"l-main\">\n<div class=\"l-main-h i-cf\">\n<div class=\"l-content\">\n<section class=\"l-section\">\n<div class=\"l-section-h i-cf\">\n<h3 class=\"post-title\">B\u00e1rbara Maix<\/h3>\n<div class=\"excerpt\">\n<div class=\"pf-content\">\n<p><strong>Natural de<\/strong>\u00a0<strong>Viena, \u00c1ustria, filha de Jos\u00e9 Maix e Ros\u00e1lia Mauritz, nasceu no dia 27 de junho de 1818.<\/strong><\/p>\n<p>Registros hist\u00f3ricos nos relatam que Jos\u00e9 Maix era funcion\u00e1rio p\u00fablico. No ano de 1782, encontramo-lo trabalhando como ajudante de cozinha junto ao pr\u00edncipe Luis Jos\u00e9 Liechtenstein. Pouco tempo depois, em 1786, passa a ser funcion\u00e1rio no Pal\u00e1cio de Sch\u00f6nbrunn, na fun\u00e7\u00e3o de criado dom\u00e9stico e depois camareiro do imperador Ferdinand.<\/p>\n<p>As mortes na fam\u00edlia Maix eram frequentes e a doen\u00e7a, cont\u00ednua. B\u00e1rbara, a ca\u00e7ula de 09 filhos do segundo matrim\u00f4nio, teve sua inf\u00e2ncia e adolesc\u00eancia marcadas por sequelas do tifo e priva\u00e7\u00f5es, o que lhe causou debilidade org\u00e2nica.<\/p>\n<p>Certamente, era muito duro para o pai, Jos\u00e9 Maix, trabalhar no pal\u00e1cio onde se realizavam muitas festas, com requintes e luxo, e ver os filhos morrerem, por n\u00e3o conseguir vencer com o fruto de seu trabalho. Morava na casa n\u00famero um (1) dos empregados, ao lado do pal\u00e1cio.<\/p>\n<p>Neste ambiente de contrastes, entre o luxo do pal\u00e1cio e a pobreza e a dor na fam\u00edlia, a personalidade de B\u00e1rbara vai-se formando. Dos pais herda a f\u00e9 crist\u00e3, o esp\u00edrito de fortaleza e perseveran\u00e7a diante dos desafios. Desde a tenra idade e na juventude, capta a realidade que a cerca e j\u00e1 manifesta \u00e2nimo mission\u00e1rio e prof\u00e9tico. Vai-se tornando audaciosa, destemida, a ponto de dirigir-se \u00e0s autoridades do Imp\u00e9rio e da Igreja para alcan\u00e7ar seus objetivos. Vendo a situa\u00e7\u00e3o social de desemprego e percebendo que o maior n\u00famero de crian\u00e7as nascidas era oriundo de m\u00e3es solteiras, abre um pensionato visando \u00e0 orienta\u00e7\u00e3o e assist\u00eancia a jovens desempregadas e empregadas dom\u00e9sticas, prevenindo-as da prostitui\u00e7\u00e3o e demais desigualdades sociais.<\/p>\n<p>Em torno da jovem Maix se re\u00fanem outras jovens com esp\u00edrito de ora\u00e7\u00e3o e solidariedade. Com elas, inicia o Projeto das Irm\u00e3s do Imaculado Cora\u00e7\u00e3o de Maria, inspirado no modo de ser das primeiras comunidades crist\u00e3s, desejando dedicar-se tamb\u00e9m \u00e0 educa\u00e7\u00e3o de crian\u00e7as.<\/p>\n<p>A situa\u00e7\u00e3o s\u00f3cio-pol\u00edtico-cultural e religiosa de Viena e de toda a Europa era de tens\u00e3o e conflito pela difus\u00e3o das ideias liberais.\u00a0\u00a0Durante a revolu\u00e7\u00e3o de 1848, que tinha como base a Revolu\u00e7\u00e3o Francesa, moveu-se uma verdadeira persegui\u00e7\u00e3o \u00e0s Ordens Religiosas. As leis proibiam novas funda\u00e7\u00f5es e a entrada de novos membros. Essa situa\u00e7\u00e3o fez com que B\u00e1rbara e suas 21 companheiras aceitassem a proposta de sa\u00edrem do pa\u00eds.<\/p>\n<p>As jovens pretendiam estabelecer-se na Am\u00e9rica do Norte, por\u00e9m, enquanto aguardavam, no Porto de Hamburgo, um navio que as transportasse para l\u00e1, aportou o \u201cMerk\u201d, um mercantil, que tinha como destino o Brasil. B\u00e1rbara compreendeu ser esta \u201ca vontade de Deus\u201d. Partiram. Sobre a viagem, escreveu Madre Isabel: <em>\u201cChegamos ao Rio de Janeiro, em novembro (09\/11\/1848), sem dinheiro, sem conhecimento de ningu\u00e9m, sem saber a l\u00edngua, com muita fome, mas cheias de confian\u00e7a em Deus e em Nossa Senhora.\u201d<\/em><\/p>\n<p>Em 08 de maio de 1849, celebram, enfim, sua consagra\u00e7\u00e3o religiosa e p\u00f5em-se a servi\u00e7o da popula\u00e7\u00e3o. Numa \u00e9poca em que a mulher n\u00e3o tinha participa\u00e7\u00e3o social e acesso \u00e0 Escola, B\u00e1rbara se fez educadora, permitindo o estudo \u00e0s meninas. Atenta \u00e0 realidade brasileira, com suas Irm\u00e3s, vai ao encontro das necessidades mais urgentes e passa a assumir Asilos onde acolhe \u00f3rf\u00e3os e pobres e abre Pensionatos para jovens estudantes. Por ocasi\u00e3o das epidemias do c\u00f3lera e febre amarela, bem como durante a Guerra do Paraguai, assume atividades em enfermarias e Hospitais.<\/p>\n<p>Diante de uma sociedade que mant\u00e9m o regime de escravid\u00e3o, B\u00e1rbara n\u00e3o aceita que pessoas trabalhem em condi\u00e7\u00e3o de escravas junto \u00e0s Irm\u00e3s. Todas realizam os mesmos servi\u00e7os e t\u00eam os mesmos direitos numa rela\u00e7\u00e3o de igualdade e partilha.<\/p>\n<p>As Ordens Religiosas eram de estilo contemplativo, viviam como em claustros. B\u00e1rbara apresenta uma inova\u00e7\u00e3o: uma forma de Vida Religiosa Consagrada com dinamismo mission\u00e1rio, que une f\u00e9 e servi\u00e7o social. Esse modelo de Vida Religiosa era novo para a Igreja e para o Estado.<\/p>\n<p>Com perspicaz intelig\u00eancia, abre novos caminhos, supera obst\u00e1culos. Discerne e posiciona-se com firmeza na defesa e promo\u00e7\u00e3o da vida, especialmente dos pobres. Quando sua f\u00e9 e esperan\u00e7a s\u00e3o hostilizadas, n\u00e3o se confunde. Rejeitada e desprezada, segue confiante, certa de que <em>\u201ca Obra \u00e9 de Deus\u201d.<\/em> \u00c0s contraposi\u00e7\u00f5es ao esp\u00edrito do Carisma e da Miss\u00e3o da Congrega\u00e7\u00e3o responde: \u201c\u2026 <em>n\u00e3o creio<\/em> q<em>ue haja autoridade na terra que me possa obrigar a fazer coisa alguma contra minha consci\u00eancia. N\u00e3o somos escravas, Senhor Administrador. Somos <\/em><em>livres pela miseric\u00f3rdia de Deus<\/em>.\u201d (B. Maix)<\/p>\n<p>Madre B\u00e1rbara, pela sua firmeza na f\u00e9, esperan\u00e7a inabal\u00e1vel e amor misericordioso, superou muitas dificuldades: limites de sa\u00fade, falta de dinheiro, incompreens\u00f5es, desprezo, perdas\u2026 Tudo viveu tendo o Imaculado Cora\u00e7\u00e3o de Maria como <em>\u201cM\u00e3e e modelo de todas as virtudes\u201d<\/em>, confiando-se \u00e0 sua prote\u00e7\u00e3o e ajuda para, como Ela, seguir a estrada de Jesus, dando a vida para que outros a tivessem.<\/p>\n<p>Faleceu no dia 17 de mar\u00e7o de 1873, deixando como heran\u00e7a o grande exemplo de \u201cperdoar sempre, com todo gosto e consolo do Cora\u00e7\u00e3o\u201d e o amor \u00e0 Verdade.<\/p>\n<p><strong>\u00a0Algumas frases de B\u00e1rbara Maix:<\/strong><\/p>\n<ul>\n<li><em>\u201cDizei muitas vezes: Meu Jesus, aqui estou. Fazei de mim o que vos aprouver! outra coisa eu n\u00e3o quero a n\u00e3o ser cumprir a vossa Sant\u00edssima Vontade!\u201d (03.04.1860)<\/em><\/li>\n<li><em>\u201cMaria, nossa M\u00e3e, nos ajuda a cumprir nossa miss\u00e3o.\u201d (1\u00ba.08.1868)<\/em><\/li>\n<li><em>\u201cDeus n\u00e3o permitir\u00e1 que sejamos iludidas em nossa confian\u00e7a.\u201d (junho-1866)<\/em><\/li>\n<li><em>\u201cAssim como o corpo t\u00e3o somente recebe o seu vigor, porte e beleza quando todos os membros prestam o seu auxilio m\u00fatuo, assim uma comunidade adquire a sua beleza, vigor e poder, somente quando o amor fraterno impulsiona os membros a doar-se mutuamente.\u201d (14.10.1869)<\/em><\/li>\n<li><em>\u201cDepois de horas sombrias, v\u00eam horas alegres.\u201d (14.09.1871)<\/em><\/li>\n<li><em>\u201cA SS. Trindade iniciou a obra da funda\u00e7\u00e3o e h\u00e1 de complet\u00e1-la. E porque \u00e9 de Deus e n\u00e3o minha, n\u00e3o importa nada se ele deixa que tudo seja, aparentemente, aniquilado, porque em sua onipot\u00eancia,com um s\u00f3 aceno, a reerguer\u00e1.\u201d (19.02.1872)<\/em><\/li>\n<li>\u201c<em>Mostremos com nosso exemplo aquilo que com palavras ensinamos.\u201d (1872)<\/em><\/li>\n<li><em>\u201c\u00c2nimo, Coragem, Deus v\u00ea o nosso lutar!\u201d (1872)<\/em><\/li>\n<\/ul>\n<p><em>\u00a0A Congrega\u00e7\u00e3o das Irm\u00e3s do Imaculado Cora\u00e7\u00e3o de Maria\u00a0\u00a0expandiu-se pelo Brasil e em mais 7 pa\u00edses: Argentina, Paraguai, Venezuela, Mo\u00e7ambique, Bol\u00edvia, It\u00e1lia e Haiti. <\/em><em>A sede geral da Congrega\u00e7\u00e3o est\u00e1 estabelecida em Porto Alegre\/RS. <\/em><em>As Irm\u00e3s, juntamente com leigos, atuam nas \u00e1reas da: educa\u00e7\u00e3o, pastoral, servi\u00e7o social e a\u00e7\u00e3o mission\u00e1ria.<\/em><\/p>\n<h2>Beatifica\u00e7\u00e3o e Canoniza\u00e7\u00e3o<\/h2>\n<p>Beatifica\u00e7\u00e3o \u00e9 a inclus\u00e3o de algu\u00e9m na lista dos Bem-aventurados! Assim reconhecidos porque amaram como Jesus amou (Mt 5, 3-12). Ele os proclamou Felizes! A Canoniza\u00e7\u00e3o \u00e9 a inclus\u00e3o na lista (c\u00e2none) dos santos, dos que viveram o Evangelho, heroicamente, e que s\u00e3o propostos como est\u00edmulo e apoio para a humanidade. Para isto \u00e9 necess\u00e1rio um processo que se realiza em duas etapas, a primeira \u00e9 a Beatifica\u00e7\u00e3o. De acordo com as Normas de 1983, o processo j\u00e1 pode ser aberto cinco anos ap\u00f3s a morte do(a) candidato(a). \u00c9 necess\u00e1rio um certo controle, para evitar abusos e precipita\u00e7\u00f5es.<\/p>\n<p>O bispo consulta o povo sobre \u201c<em>a vida, as virtudes e as obras\u201d<\/em> daquele que goza de \u201c<em>fama de santidade\u201d<\/em> e encaminha o pedido para a Santa S\u00e9. Esta verifica se \u201cnada consta contra ele(a)\u201d, e autoriza a abertura do processo. A partir desse momento, o(a) candidato(a) recebe o t\u00edtulo de SERVO(A) DE DEUS.<\/p>\n<p>Os escritos do(a) servo(a) e a seu respeito e os depoimentos das testemunhas s\u00e3o compilados, lacrados e enviados a Roma, onde s\u00e3o analisados pelos peritos. Se o parecer for favor\u00e1vel, o(a) candidato(a) \u00e9 declarado(a) VENER\u00c1VEL.<\/p>\n<p>A Igreja pede a apresenta\u00e7\u00e3o de \u201c<em>um milagre\u201d<\/em>, comprovado, acontecido ap\u00f3s a morte deste seu membro e alcan\u00e7ado atrav\u00e9s da sua intercess\u00e3o.<\/p>\n<p>Para os <em>m\u00e1rtires<\/em> basta provar que morreram pela F\u00e9. N\u00e3o se exige milagre, porque o derramamento do seu sangue vale por si.<\/p>\n<p>A beatifica\u00e7\u00e3o \u00e9 celebrada em n\u00edvel local e pode ser presidida por um delegado do Papa, como foi o caso da Bem-Aventurada B\u00e1rbara Maix.<\/p>\n<p>Com a Canoniza\u00e7\u00e3o, o(a) Bem-Aventurado(a) \u00e9 proclamado(a) \u201cSanto(a)\u201d e passa a ser cultuado(a) no mundo todo. Por isso, o Papa se reserva o poder de presidir esta celebra\u00e7\u00e3o, que pode ser em Roma ou onde ele estiver.<\/p>\n<h2>Beatifica\u00e7\u00e3o de Madre B\u00e1rbara Maix<\/h2>\n<p><a ref=\"magnificPopup\" href=\"http:\/\/www.icm-sec.org.br\/wp-content\/uploads\/2014\/03\/barbara.jpg\"><img loading=\"lazy\" decoding=\"async\" class=\"alignnone size-full wp-image-4431\" src=\"http:\/\/www.icm-sec.org.br\/wp-content\/uploads\/2014\/03\/barbara.jpg\" alt=\"barbara\" width=\"161\" height=\"241\" \/><\/a><\/p>\n<p><em>\u201c\u00d3 B\u00e1rbara, bendita \u00e9s tu,<\/em><br \/>\n<em>Fiel serva do Senhor!<\/em><br \/>\n<em>Anima nosso caminhar<\/em><br \/>\n<em>Na esperan\u00e7a, f\u00e9 e amor\u201d<\/em><br \/>\n<strong><em>(Hino de Beatifica\u00e7\u00e3o)<\/em><\/strong><\/p>\n<p><em><strong>Madre Barbara Maix<\/strong><\/em><em>, conhecida tamb\u00e9m por seu nome Religioso, <strong>Maria Barbara da Sant\u00edssima Trindade, foi Beatificada <\/strong>em Porto Alegre\/RS, aos<strong> 06 de novembro de 2010.<\/strong><\/em><\/p>\n<p><em>Para chegar a este acontecimento extraordin\u00e1rio, um longo caminho foi percorrido.<\/em> <em>Em 02.02.1993, a Congrega\u00e7\u00e3o das Causas dos Santos, em Roma, informava ao Arcebispo de Porto Alegre, Dom Altamiro Rossato, que \u201cNada Obsta\u201d, a que a dita Causa possa instruir-se, atendidas as \u201cNormas que se devem observar nos inqu\u00e9ritos a fazer pelos Bispos\u201d.<\/em><\/p>\n<p>Em 19 de junho de 1993 \u2013 Festa do Imaculado Cora\u00e7\u00e3o de Maria, foi realizada, em Porto Alegre (RS), a Sess\u00e3o de Abertura do <strong>PROCESSO SOBRE A VIDA, VIRTUDES E FAMA DE SANTIDADE<\/strong> da Serva de Deus, B\u00e1rbara Maix. Tratando-se de um Processo Hist\u00f3rico, toda a documenta\u00e7\u00e3o a seu respeito foi submetida a estudo por uma comiss\u00e3o de \u201cPeritos em Hist\u00f3ria Eclesi\u00e1stica e Arquiv\u00edstica\u201d e a exame por um Te\u00f3logo.<\/p>\n<p>Em 17 de mar\u00e7o de 1997, data do Anivers\u00e1rio da morte de B\u00e1rbara Maix, o processo foi aberto na Congrega\u00e7\u00e3o das Causas dos Santos, em Roma. Em 03 de julho de 2008, o Papa Bento XVI autorizou a publica\u00e7\u00e3o do Decreto referente \u00e0s virtudes heroicas de B\u00e1rbara Maix, que a partir da data passou a ser \u201c<em>Vener\u00e1vel\u201d <\/em>na Igreja. Durante esta fase, foi-se encaminhando tamb\u00e9m o processo sobre o presumido milagre, conforme as Normas.<\/p>\n<h2><strong>PROCESSO SOBRE O MILAGRE<\/strong><\/h2>\n<p>Para celebrar a Beatifica\u00e7\u00e3o e a Canoniza\u00e7\u00e3o de um de seus membros, a Igreja pede a Deus que a confirme, selando a vida \u00e0 obra dos Seus Servos. Os Milagres d\u00e3o testemunho de que Jesus \u00e9 Deus e s\u00f3 Ele os opera, confirmam os que creem e suscitam a f\u00e9 de quem n\u00e3o cr\u00ea.<\/p>\n<p>O Processo sobre o PRESUMIDO MILAGRE da cura do <em>menino<\/em> Onorino Ecker foi <em>instru\u00eddo na Arquidiocese de Porto Alegre, de 13 de maio de 1997 a 21 de maio de 1998. Enviado a Roma, foi submetido a nova per\u00edcia. Trata-se de um caso de queimadura grave. <\/em><\/p>\n<p><a ref=\"magnificPopup\" href=\"http:\/\/www.icm-sec.org.br\/wp-content\/uploads\/2014\/03\/Untitled-2.jpg\"><img loading=\"lazy\" decoding=\"async\" class=\"alignleft wp-image-4432 size-full\" src=\"http:\/\/www.icm-sec.org.br\/wp-content\/uploads\/2014\/03\/Untitled-2.jpg\" alt=\"Untitled-2\" width=\"313\" height=\"190\" \/><\/a>Em julho, inverno de 1944, <em>em de Santa L\u00facia<\/em><em> do Pia\u00ed, Caxias do Sul, Onorino Ecker<\/em> brincava com seus irm\u00e3os ao redor do fogo. O acidente aconteceu, derramando sobre ele uma panela de \u00e1gua fervente. Isto fez com que o garoto ca\u00edsse sobre as brasas e respirasse tamb\u00e9m vapor e cinzas quentes. Motivados pela Irm\u00e3 Dulc\u00eddia (Elisia) Granzotto, os familiares e a comunidade local uniram-se em ora\u00e7\u00e3o, invocando a intercess\u00e3o de Madre B\u00e1rbara Maix.<\/p>\n<p>No espa\u00e7o de 15 dias, Onorino estava completamente curado.<\/p>\n<p>O processo sobre este fato constituiu o passo decisivo na etapa da Beatifica\u00e7\u00e3o. <em>Durante a Sess\u00e3o da Consulta M\u00e9dica, na Congrega\u00e7\u00e3o das Causas dos Santos, realizada aos 13.11.2008, os m\u00e9dicos foram un\u00e2nimes em reafirmar o car\u00e1ter extraordin\u00e1rio desta cura<\/em><em>, \u201ctotalmente excepcional, inexplic\u00e1vel com os atuais e modernos conhecimentos cient\u00edficos\u201d<\/em><em>. <\/em>J\u00e1 no dia 22 de abril de 2009, o Congresso dos Te\u00f3logos reconheceu por unanimidade, ser MILAGRE a cura de Onorino, obtida pela intercess\u00e3o da Vener\u00e1vel Serva de Deus, B\u00e1rbara Maix. <em>Em 12.01.2010, na Sess\u00e3o Ordin\u00e1ria dos Cardeais e Bispos, tamb\u00e9m reconheceram. <\/em><\/p>\n<p><a ref=\"magnificPopup\" href=\"http:\/\/www.icm-sec.org.br\/wp-content\/uploads\/2014\/03\/papa.jpg\"><img loading=\"lazy\" decoding=\"async\" class=\"alignleft wp-image-4433 size-full\" src=\"http:\/\/www.icm-sec.org.br\/wp-content\/uploads\/2014\/03\/papa.jpg\" alt=\"papa\" width=\"158\" height=\"177\" \/><\/a><em>Pela manh\u00e3 do S\u00e1bado 27.03.2010, o Papa Bento XVI, em Audi\u00eancia com Mons. \u00c2ngelo Amato, Prefeito da Congrega\u00e7\u00e3o das Causas dos Santos, autorizou-o a Promulgar o Decreto sobre o <strong>Milagre<\/strong>. <\/em><\/p>\n<p>J\u00fabilo e A\u00e7\u00e3o de Gra\u00e7as perpassam a Igreja, cada Irm\u00e3 do Imaculado Cora\u00e7\u00e3o de Maria e a Vida Religiosa Consagrada, visto que B\u00e1rbara Maix viveu as Virtudes Teologais e Cardinais de forma heroica, evang\u00e9lica, no mais alto grau, sendo apresentada como modelo de vida e de virtudes crist\u00e3s para os tempos atuais.<\/p>\n<p>Segundo Irm\u00e3 Marlise Hendges, Diretora Geral da Congrega\u00e7\u00e3o, a beatifica\u00e7\u00e3o oportuniza a mais ampla divulga\u00e7\u00e3o do legado deixado pela Fundadora e \u201cSer\u00e1 um revigoramento para toda a Congrega\u00e7\u00e3o, levando-nos a buscar na fonte original a for\u00e7a dinamizadora para darmos continuidade a esta obra que, conforme B\u00e1rbara afirmou,\u201c\u00e9 de Deus\u201d. \u00c0 medida que a Congrega\u00e7\u00e3o foi conhecendo mais a vida da Fundadora, sua miss\u00e3o, seus escritos, foi percebendo que n\u00e3o poderia reter esta riqueza de vida apenas para si. Era preciso que o seu exemplo fosse divulgado, para que outras pessoas pudessem se inspirar e perceber que a doa\u00e7\u00e3o da vida, apesar dos sofrimentos, vale a pena e que leva \u00e0 verdadeira realiza\u00e7\u00e3o\u201d, afirmou.<\/p>\n<p><a ref=\"magnificPopup\" href=\"http:\/\/www.icm-sec.org.br\/wp-content\/uploads\/2014\/03\/Untitled-4.jpg\"><img loading=\"lazy\" decoding=\"async\" class=\"alignleft wp-image-4434 size-full\" src=\"http:\/\/www.icm-sec.org.br\/wp-content\/uploads\/2014\/03\/Untitled-4.jpg\" alt=\"Untitled-4\" width=\"347\" height=\"261\" \/><\/a><em>Em Santa L\u00facia do Pia\u00ed, distrito de Caxias do Sul, o povo diz: \u201cDeus visitou nossa terra\u201d! Tornou-se lugar de peregrina\u00e7\u00e3o, de visita ao monumento em mem\u00f3ria desta maravilha operada por Deus, em 1944. <\/em><\/p>\n<h2><strong>RECONHECIMENTO DOS RESTOS MORTAIS DE B\u00c1RBARA MAIX<\/strong><\/h2>\n<p>Aos 31.07.2009, o Sr. Arcebispo Dom Dadeus Grings enviou o pedido de Autoriza\u00e7\u00e3o \u00e0 Congrega\u00e7\u00e3o das Causas dos Santos, para proceder \u00e0 abertura da Urna em que s\u00e3o guardados os restos mortais de Barbara Maix, a fim observar-lhes as condi\u00e7\u00f5es em que se encontram, descrev\u00ea-los, trat\u00e1-los para conserva\u00e7\u00e3o e reconhecer sua autenticidade.<\/p>\n<p>Emanada a Instru\u00e7\u00e3o pela referida Congrega\u00e7\u00e3o (08.09.2009), sob Protocolo n\u00ba 1868-30\/09, Dom Dadeus constituiu o tribunal eclesi\u00e1stico para tal procedimento. Aos 16.12.2009, realizou-se a 1\u00aa Sess\u00e3o do Reconhecimento dos Restos Mortais e extra\u00e7\u00e3o das Rel\u00edquias.<\/p>\n<p>Feita a adapta\u00e7\u00e3o do Relic\u00e1rio, aos 23.10.2010, procedeu-se, em 2\u00aa Sess\u00e3o, \u00e0 Reposi\u00e7\u00e3o da Urna que cont\u00e9m os ossos de B\u00e1rbara Maix, na Capela S\u00e3o Rafael, em Porto Alegre, Rua Riachuelo 508.<\/p>\n<div id=\"gallery-1\" class=\"gallery galleryid-474 gallery-columns-3 gallery-size-thumbnail\">\n<dl class=\"gallery-item\">\n<dt class=\"gallery-icon landscape\"><a class=\"view\" ref=\"magnificPopup\" href=\"http:\/\/www.icm-sec.org.br\/wp-content\/uploads\/2014\/03\/Untitled-5.jpg\" rel=\"prettyPhoto[slides]-474\"><img loading=\"lazy\" decoding=\"async\" class=\"attachment-thumbnail\" src=\"http:\/\/www.icm-sec.org.br\/wp-content\/uploads\/2014\/03\/Untitled-5-150x150.jpg\" alt=\"Untitled-5\" width=\"150\" height=\"150\" \/><\/a><\/dt>\n<\/dl>\n<dl class=\"gallery-item\">\n<dt class=\"gallery-icon landscape\"><a class=\"view\" ref=\"magnificPopup\" href=\"http:\/\/www.icm-sec.org.br\/wp-content\/uploads\/2014\/03\/Untitled-6.jpg\" rel=\"prettyPhoto[slides]-474\"><img loading=\"lazy\" decoding=\"async\" class=\"attachment-thumbnail\" src=\"http:\/\/www.icm-sec.org.br\/wp-content\/uploads\/2014\/03\/Untitled-6-150x150.jpg\" alt=\"Untitled-6\" width=\"150\" height=\"150\" \/><\/a><\/dt>\n<\/dl>\n<\/div>\n<h2><strong>DATA E LOCAL DA BEATIFICA\u00c7\u00c3O:<\/strong><\/h2>\n<p>Em 29.03.2010, o Arcebispo de Porto Alegre, Dom Dadeus Grings, enviou carta \u00e0 Santa S\u00e9, propondo que a Beatifica\u00e7\u00e3o de B\u00e1rbara Maix fosse celebrada no Ano Jubilar da Arquidiocese.<\/p>\n<p>No dia 11.05.2010, Ir. Marlise Hendges, Diretora Geral da Congrega\u00e7\u00e3o e Ir. Gema Tonial, Secret\u00e1ria da SEC, obtiveram audi\u00eancia com o Prefeito da Congrega\u00e7\u00e3o das Causas dos Santos, Mons. \u00c2ngelo Amato.<\/p>\n<p>Finalmente, para a imensa alegria que se propagou pelos diversos meios de comunica\u00e7\u00e3o, no dia 12 de maio de 2010, a Secretaria do Estado Vaticano confirmava a <strong>data da Beatifica\u00e7\u00e3o de B\u00e1rbara Maix, a ser celebrada no dia 06.11.2010 \u2013 no Gin\u00e1sio de Esportes \u201cGigantinho\u201d, em Porto Alegre.<\/strong><\/p>\n<p><a ref=\"magnificPopup\" href=\"http:\/\/www.icm-sec.org.br\/wp-content\/uploads\/2014\/03\/Untitled-7.jpg\"><img loading=\"lazy\" decoding=\"async\" class=\"size-full wp-image-4437 aligncenter\" src=\"http:\/\/www.icm-sec.org.br\/wp-content\/uploads\/2014\/03\/Untitled-7.jpg\" alt=\"Untitled-7\" width=\"545\" height=\"315\" \/><\/a><\/p>\n<h2><strong>CAPELA S\u00c3O RAFAEL \u00c9 ELEVADA A SANTU\u00c1RIO<\/strong><\/h2>\n<p>Em louvor a Deus e considerando o aumento do n\u00famero de peregrinos \u00e0 Capela S\u00e3o Rafael e \u00e0 Rel\u00edquia da Bem-Aventurada B\u00e1rbara Maix, no dia 30 de novembro de 2010, S. Excia. Dom Dadeus Grings, Arcebispo da Arquidiocese, emitiu o Decreto de eleva\u00e7\u00e3o da Capela \u00e0 dignidade de Santu\u00e1rio. Celebrou-se este acontecimento com Solene Celebra\u00e7\u00e3o Eucar\u00edstica, no dia 06 de mar\u00e7o de 2011.<\/p>\n<p><a ref=\"magnificPopup\" href=\"http:\/\/www.icm-sec.org.br\/wp-content\/uploads\/2014\/03\/Untitled-8.jpg\"><img loading=\"lazy\" decoding=\"async\" class=\"alignnone size-full wp-image-4438\" src=\"http:\/\/www.icm-sec.org.br\/wp-content\/uploads\/2014\/03\/Untitled-8.jpg\" alt=\"Untitled-8\" width=\"301\" height=\"203\" \/><\/a> <a ref=\"magnificPopup\" href=\"http:\/\/www.icm-sec.org.br\/wp-content\/uploads\/2014\/03\/Untitled-9.jpg\"><img loading=\"lazy\" decoding=\"async\" class=\"alignnone size-full wp-image-4439\" src=\"http:\/\/www.icm-sec.org.br\/wp-content\/uploads\/2014\/03\/Untitled-9.jpg\" alt=\"Untitled-9\" width=\"277\" height=\"214\" \/><\/a><\/p>\n<h2><strong>Canoniza\u00e7\u00e3o de Barbara Maix<br \/>\n<\/strong><strong>A ser proclamada SANTA\u00a0<\/strong><\/h2>\n<p>A Igreja requer um milagre pela intercess\u00e3o da Bem-Aventurada, acontecido ap\u00f3s a Beatifica\u00e7\u00e3o. Madre B\u00e1rbara ser\u00e1, ent\u00e3o, canonizada, inclu\u00edda no \u201cc\u00e2none\u201d ou lista dos santos e passar\u00e1 a ser cultuada em toda a Igreja.<\/p>\n<p>Canonizar significa tamb\u00e9m reconhecer que a pessoa goza de uma predile\u00e7\u00e3o especial de Deus, devido \u00e0 vida santa que levou na terra.<\/p>\n<p>Ap\u00f3s a beatifica\u00e7\u00e3o de Madre B\u00e1rbara s\u00e3o milhares as pessoas que, em diversas localidades, rezam pela sua Canoniza\u00e7\u00e3o, procuram viver as virtudes crist\u00e3s de forma generosa como ela. Formam-se grupos de ora\u00e7\u00e3o e de leigos que optam por viver o Carisma, Espiritualidade e Miss\u00e3o legados por ela. A rel\u00edquia da part\u00edcula dos seus ossos \u201cex ossibus\u201d ou do tecido \u201cex indumentis\u201d vem sendo solicitada para a a\u00e7\u00e3o pastoral, em v\u00e1rias par\u00f3quias, capelas, santu\u00e1rios, semin\u00e1rios, institutos\u2026 no Brasil e no Exterior.<\/p>\n<p>A Bem-Aventurada B\u00e1rbara Maix vai-se tornando conhecida e amada, mesmo onde as suas Irm\u00e3s n\u00e3o se encontram. Isso acontece porque sua palavra e seu testemunho t\u00eam for\u00e7a de \u201c\u00e2nimo, coragem\u201d de manter viva a f\u00e9 e a esperan\u00e7a, em qualquer situa\u00e7\u00e3o da vida, como sempre dizia e viveu.<\/p>\n<p><strong>\u00a0<\/strong><\/p>\n<h2><strong>Ora\u00e7\u00e3o \u00e0 Bem-Aventurada B\u00e1rbara Maix<\/strong><\/h2>\n<p>Deus, Pai de bondade e miseric\u00f3rdia, que escolhestes <strong>B\u00c1RBARA MAIX<\/strong> para cumprir sempre e em tudo a Vossa Vontade, especialmente junto aos mais necessitados, concedei-nos, V\u00f3s que conheceis nossas esperan\u00e7as e sofrimentos, a GRA\u00c7A de que tanto precisamos\u2026 (pedido)<\/p>\n<p>Pedimos, tamb\u00e9m, por interm\u00e9dio do Imaculado Cora\u00e7\u00e3o de Maria, a <strong>CANONIZA\u00c7\u00c3O <\/strong>de Vossa fiel serva, a Bem- Aventurada B\u00e1rbara Maix.<\/p>\n<p>Pai Nosso, Ave Maria, Gl\u00f3ria ao Pai.<\/p>\n<p>Imaculado Cora\u00e7\u00e3o de Maria, rogai por n\u00f3s!<br \/>\nBem- Aventurada B\u00e1rbara Maix, rogai por n\u00f3s.<\/p>\n<p><strong>Envie seu pedido de ora\u00e7\u00e3o! Se receber gra\u00e7as por\u00a0 intercess\u00e3o de B\u00e1rbara Maix, comunique:<\/strong><br \/>\nSede Geral \u2013 Irm\u00e3s Imac. Cora\u00e7\u00e3o de Maria<br \/>\nRua Ramiro Barcelos, 1001<br \/>\nBairro Independ\u00eancia<br \/>\nCEP: 90035-150<br \/>\nPorto Alegre \u2013 RS<\/p>\n<p>Santu\u00e1rio S\u00e3o Rafael<br \/>\nRua Riachuelo, 508<br \/>\n90010-272 \u2013 Porto Alegre\/RS<br \/>\nE-mail: canonizacao@memorialbarbaramaix.com.br<\/p>\n<\/div>\n<\/div>\n<\/div>\n<\/section>\n<\/div>\n<\/div>\n<\/div>\n<div class=\"angwp_41112 _ning_cont _ning_hidden _ning_outer _align_center responsive\" data-size=\"300x250\" data-bid=\"41112\" data-aid=\"0\" style=\"max-width:300px; width:100%;height:inherit;\"><div class=\"_ning_label _left\" style=\"\"><\/div><div class=\"_ning_inner\" style=\"\"><\/div><\/div><div class=\"clear\"><\/div>","protected":false},"excerpt":{"rendered":"<p>B\u00e1rbara Maix Natural de\u00a0Viena, \u00c1ustria, filha de Jos\u00e9 Maix e Ros\u00e1lia Mauritz, nasceu no dia 27 de junho de 1818. Registros hist\u00f3ricos nos relatam que Jos\u00e9 Maix era funcion\u00e1rio p\u00fablico. No ano de 1782, encontramo-lo trabalhando como ajudante de cozinha junto ao pr\u00edncipe Luis Jos\u00e9 Liechtenstein. Pouco tempo depois, em 1786, passa a ser funcion\u00e1rio&#8230;<\/p>\n","protected":false},"author":15,"featured_media":0,"parent":0,"menu_order":0,"comment_status":"closed","ping_status":"closed","template":"","meta":{"_acf_changed":false,"_monsterinsights_skip_tracking":false,"_monsterinsights_sitenote_active":false,"_monsterinsights_sitenote_note":"","_monsterinsights_sitenote_category":0,"footnotes":""},"class_list":["post-39128","page","type-page","status-publish","hentry"],"acf":[],"_links":{"self":[{"href":"https:\/\/legado.redeicm.org.br\/pioxii\/wp-json\/wp\/v2\/pages\/39128"}],"collection":[{"href":"https:\/\/legado.redeicm.org.br\/pioxii\/wp-json\/wp\/v2\/pages"}],"about":[{"href":"https:\/\/legado.redeicm.org.br\/pioxii\/wp-json\/wp\/v2\/types\/page"}],"author":[{"embeddable":true,"href":"https:\/\/legado.redeicm.org.br\/pioxii\/wp-json\/wp\/v2\/users\/15"}],"replies":[{"embeddable":true,"href":"https:\/\/legado.redeicm.org.br\/pioxii\/wp-json\/wp\/v2\/comments?post=39128"}],"version-history":[{"count":0,"href":"https:\/\/legado.redeicm.org.br\/pioxii\/wp-json\/wp\/v2\/pages\/39128\/revisions"}],"wp:attachment":[{"href":"https:\/\/legado.redeicm.org.br\/pioxii\/wp-json\/wp\/v2\/media?parent=39128"}],"curies":[{"name":"wp","href":"https:\/\/api.w.org\/{rel}","templated":true}]}}