{"id":39108,"date":"2017-01-12T20:14:27","date_gmt":"2017-01-12T22:14:27","guid":{"rendered":"https:\/\/redeicm.org.br\/maededeus\/?page_id=39108"},"modified":"2020-10-21T11:37:58","modified_gmt":"2020-10-21T14:37:58","slug":"secretaria","status":"publish","type":"page","link":"https:\/\/legado.redeicm.org.br\/pioxii\/secretaria\/","title":{"rendered":"Secretaria"},"content":{"rendered":"<div class=\"l-main\">\n<div class=\"l-main-h i-cf\">\n<div class=\"l-content\">\n<section class=\"l-section\">\n<div class=\"l-section-h i-cf\">\n<p><strong>Respons\u00e1veis:<\/strong><\/p>\n<p class=\"western\">Lana Cristina Herreira Zeca e Rejane Santos<\/p>\n<p class=\"western\" align=\"JUSTIFY\">O Servi\u00e7o de Secretaria se processa sob a responsabilidade de secret\u00e1ria habilitada conforme a legisla\u00e7\u00e3o vigente, podendo ser auxiliada por outros profissionais.<\/p>\n<p class=\"western\" align=\"JUSTIFY\">Compete aos Profissionais da Secretaria:<\/p>\n<ul>\n<li class=\"western\"><b><\/b>concentrar e organizar toda a escritura\u00e7\u00e3o escolar da unidade;<\/li>\n<li class=\"western\"><b><\/b>manter em ordem o arquivo, de maneira a assegurar a preserva\u00e7\u00e3o dos documentos e poder atender prontamente a qualquer pedido de informa\u00e7\u00e3o;<\/li>\n<li class=\"western\"><b><\/b>possibilitar aos respons\u00e1veis legais, meios de acesso aos dados que dizem respeito a vida escolar dos alunos;<\/li>\n<li class=\"western\"><b><\/b>expedir a correspond\u00eancia oficial, depois de submet\u00ea-la ao visto da Dire\u00e7\u00e3o;<\/li>\n<li class=\"western\">manter em dia e conhecer a cole\u00e7\u00e3o de Leis, Regulamentos, Instru\u00e7\u00f5es, Circulares, Pareceres e Decretos relativos ao ensino;<\/li>\n<li class=\"western\">elaborar os relat\u00f3rios oficiais;<\/li>\n<li class=\"western\">escriturar livros, fichas e demais documentos que dizem respeito ao registro da vida escolar dos alunos;<\/li>\n<li class=\"western\">lavrar e subscrever as atas e termos referentes a resultados de trabalhos escolares;<\/li>\n<li class=\"western\"><b><\/b>manter em dia toda a documenta\u00e7\u00e3o dos alunos e professores;<\/li>\n<li class=\"western\"><b><\/b>assinar, juntamente com a Dire\u00e7\u00e3o, os documentos dos alunos;<\/li>\n<li class=\"western\">coordenar e supervisionar os trabalhos dos auxiliares de secretaria.<\/li>\n<\/ul>\n<\/div>\n<\/section>\n<\/div>\n<\/div>\n<\/div>\n<div class=\"angwp_41112 _ning_cont _ning_hidden _ning_outer _align_center responsive\" data-size=\"300x250\" data-bid=\"41112\" data-aid=\"0\" style=\"max-width:300px; width:100%;height:inherit;\"><div class=\"_ning_label _left\" style=\"\"><\/div><div class=\"_ning_inner\" style=\"\"><\/div><\/div><div class=\"clear\"><\/div>","protected":false},"excerpt":{"rendered":"<p>Respons\u00e1veis: Lana Cristina Herreira Zeca e Rejane Santos O Servi\u00e7o de Secretaria se processa sob a responsabilidade de secret\u00e1ria habilitada conforme a legisla\u00e7\u00e3o vigente, podendo ser auxiliada por outros profissionais. Compete aos Profissionais da Secretaria: concentrar e organizar toda a escritura\u00e7\u00e3o escolar da unidade; manter em ordem o arquivo, de maneira a assegurar a preserva\u00e7\u00e3o&#8230;<\/p>\n","protected":false},"author":50,"featured_media":0,"parent":0,"menu_order":0,"comment_status":"closed","ping_status":"closed","template":"","meta":{"_acf_changed":false,"_monsterinsights_skip_tracking":false,"_monsterinsights_sitenote_active":false,"_monsterinsights_sitenote_note":"","_monsterinsights_sitenote_category":0,"footnotes":""},"class_list":["post-39108","page","type-page","status-publish","hentry"],"acf":[],"_links":{"self":[{"href":"https:\/\/legado.redeicm.org.br\/pioxii\/wp-json\/wp\/v2\/pages\/39108"}],"collection":[{"href":"https:\/\/legado.redeicm.org.br\/pioxii\/wp-json\/wp\/v2\/pages"}],"about":[{"href":"https:\/\/legado.redeicm.org.br\/pioxii\/wp-json\/wp\/v2\/types\/page"}],"author":[{"embeddable":true,"href":"https:\/\/legado.redeicm.org.br\/pioxii\/wp-json\/wp\/v2\/users\/50"}],"replies":[{"embeddable":true,"href":"https:\/\/legado.redeicm.org.br\/pioxii\/wp-json\/wp\/v2\/comments?post=39108"}],"version-history":[{"count":6,"href":"https:\/\/legado.redeicm.org.br\/pioxii\/wp-json\/wp\/v2\/pages\/39108\/revisions"}],"predecessor-version":[{"id":45207,"href":"https:\/\/legado.redeicm.org.br\/pioxii\/wp-json\/wp\/v2\/pages\/39108\/revisions\/45207"}],"wp:attachment":[{"href":"https:\/\/legado.redeicm.org.br\/pioxii\/wp-json\/wp\/v2\/media?parent=39108"}],"curies":[{"name":"wp","href":"https:\/\/api.w.org\/{rel}","templated":true}]}}