{"id":39078,"date":"2017-01-12T18:49:07","date_gmt":"2017-01-12T20:49:07","guid":{"rendered":"https:\/\/redeicm.org.br\/maededeus\/?page_id=39078"},"modified":"2020-09-16T16:05:10","modified_gmt":"2020-09-16T19:05:10","slug":"educacao-infantil","status":"publish","type":"page","link":"https:\/\/legado.redeicm.org.br\/pioxii\/educacao-infantil\/","title":{"rendered":"Educa\u00e7\u00e3o Infantil"},"content":{"rendered":"<section class=\"wpb-content-wrapper\"><section class=\"l-section wpb_row height_medium\"><div class=\"l-section-h i-cf\"><div class=\"g-cols vc_row via_grid cols_1 laptops-cols_inherit tablets-cols_inherit mobiles-cols_1 valign_top type_default stacking_default\"><div class=\"wpb_column vc_column_container\"><div class=\"vc_column-inner\"><div class=\"wpb_text_column\"><div class=\"wpb_wrapper\"><p style=\"text-align: justify\">Compreendemos a crian\u00e7a como um ser que age, questiona e faz descobertas sobre o mundo onde vive; pensa criticamente sobre os objetos e as situa\u00e7\u00f5es que a rodeiam e constr\u00f3i, atrav\u00e9s das rela\u00e7\u00f5es no coletivo, seus conhecimentos e valores humanos.<\/p>\n<p style=\"text-align: justify\">Nossa sala de aula \u00e9 espa\u00e7o de liberdade onde a crian\u00e7a pode escolher parceiros, brinquedos e ajudar no planejamento coletivo das atividades. \u00c9 espa\u00e7o de acolhimento,\u00a0onde a crian\u00e7a \u00e9 compreendida e acompanhada pelo adulto, pronto a ampar\u00e1-la, a conversar com ela, a dar-lhe afeto e orienta\u00e7\u00e3o. \u00c9, ao mesmo tempo, espa\u00e7o de desafio, por ser um ambiente planejado e organizado pelo professor com base nos princ\u00edpios da educa\u00e7\u00e3o crist\u00e3 que busca promover seu desenvolvimento integral.<\/p>\n<\/div><\/div><\/div><\/div><\/div><\/div><\/section><section class=\"l-section wpb_row height_medium\"><div class=\"l-section-h i-cf\"><div class=\"g-cols vc_row via_grid cols_1 laptops-cols_inherit tablets-cols_inherit mobiles-cols_1 valign_top type_default stacking_default\"><div class=\"wpb_column vc_column_container\"><div class=\"vc_column-inner\"><\/div><\/div><\/div><\/div><\/section>\n<div class=\"angwp_41112 _ning_cont _ning_hidden _ning_outer _align_center responsive\" data-size=\"300x250\" data-bid=\"41112\" data-aid=\"0\" style=\"max-width:300px; width:100%;height:inherit;\"><div class=\"_ning_label _left\" style=\"\"><\/div><div class=\"_ning_inner\" style=\"\"><\/div><\/div><div class=\"clear\"><\/div><\/section>","protected":false},"excerpt":{"rendered":"Compreendemos a crian\u00e7a como um ser que age, questiona e faz descobertas sobre o mundo onde vive; pensa criticamente sobre os objetos e as situa\u00e7\u00f5es que a rodeiam e constr\u00f3i, atrav\u00e9s das rela\u00e7\u00f5es no coletivo, seus conhecimentos e valores humanos. Nossa sala de aula \u00e9 espa\u00e7o de liberdade onde a crian\u00e7a pode escolher parceiros, brinquedos...","protected":false},"author":101,"featured_media":0,"parent":0,"menu_order":0,"comment_status":"closed","ping_status":"closed","template":"","meta":{"_acf_changed":false,"_monsterinsights_skip_tracking":false,"_monsterinsights_sitenote_active":false,"_monsterinsights_sitenote_note":"","_monsterinsights_sitenote_category":0,"footnotes":""},"class_list":["post-39078","page","type-page","status-publish","hentry"],"acf":[],"_links":{"self":[{"href":"https:\/\/legado.redeicm.org.br\/pioxii\/wp-json\/wp\/v2\/pages\/39078"}],"collection":[{"href":"https:\/\/legado.redeicm.org.br\/pioxii\/wp-json\/wp\/v2\/pages"}],"about":[{"href":"https:\/\/legado.redeicm.org.br\/pioxii\/wp-json\/wp\/v2\/types\/page"}],"author":[{"embeddable":true,"href":"https:\/\/legado.redeicm.org.br\/pioxii\/wp-json\/wp\/v2\/users\/101"}],"replies":[{"embeddable":true,"href":"https:\/\/legado.redeicm.org.br\/pioxii\/wp-json\/wp\/v2\/comments?post=39078"}],"version-history":[{"count":9,"href":"https:\/\/legado.redeicm.org.br\/pioxii\/wp-json\/wp\/v2\/pages\/39078\/revisions"}],"predecessor-version":[{"id":44948,"href":"https:\/\/legado.redeicm.org.br\/pioxii\/wp-json\/wp\/v2\/pages\/39078\/revisions\/44948"}],"wp:attachment":[{"href":"https:\/\/legado.redeicm.org.br\/pioxii\/wp-json\/wp\/v2\/media?parent=39078"}],"curies":[{"name":"wp","href":"https:\/\/api.w.org\/{rel}","templated":true}]}}