{"id":44576,"date":"2017-10-10T20:34:24","date_gmt":"2017-10-10T23:34:24","guid":{"rendered":"https:\/\/redeicm.org.br\/maededeus\/?page_id=44576"},"modified":"2020-06-17T21:59:05","modified_gmt":"2020-06-18T00:59:05","slug":"certificado-de-entidade-beneficente-de-assistencia-social","status":"publish","type":"page","link":"https:\/\/legado.redeicm.org.br\/maededeus\/certificado-de-entidade-beneficente-de-assistencia-social\/","title":{"rendered":"CERTIFICADO DE ENTIDADE BENEFICENTE DE ASSIST\u00caNCIA SOCIAL"},"content":{"rendered":"<section class=\"wpb-content-wrapper\"><section class=\"l-section wpb_row height_medium\"><div class=\"l-section-h i-cf\"><div class=\"g-cols vc_row via_grid cols_1 laptops-cols_inherit tablets-cols_inherit mobiles-cols_1 valign_top type_default stacking_default\"><div class=\"wpb_column vc_column_container\"><div class=\"vc_column-inner\"><div class=\"w-image align_center\"><div class=\"w-image-h\"><img loading=\"lazy\" decoding=\"async\" width=\"1024\" height=\"719\" src=\"https:\/\/legado.redeicm.org.br\/maededeus\/wp-content\/uploads\/sites\/14\/2017\/10\/Entidade-Beneficiente-1024x719.png\" class=\"attachment-large size-large\" alt=\"\" srcset=\"https:\/\/legado.redeicm.org.br\/maededeus\/wp-content\/uploads\/sites\/14\/2017\/10\/Entidade-Beneficiente-1024x719.png 1024w, https:\/\/legado.redeicm.org.br\/maededeus\/wp-content\/uploads\/sites\/14\/2017\/10\/Entidade-Beneficiente-300x211.png 300w, https:\/\/legado.redeicm.org.br\/maededeus\/wp-content\/uploads\/sites\/14\/2017\/10\/Entidade-Beneficiente-768x539.png 768w, https:\/\/legado.redeicm.org.br\/maededeus\/wp-content\/uploads\/sites\/14\/2017\/10\/Entidade-Beneficiente-600x421.png 600w, https:\/\/legado.redeicm.org.br\/maededeus\/wp-content\/uploads\/sites\/14\/2017\/10\/Entidade-Beneficiente.png 1144w\" sizes=\"(max-width: 1024px) 100vw, 1024px\" \/><\/div><\/div><\/div><\/div><\/div><\/div><\/section>\n<div class=\"angwp_55514 _ning_cont _ning_hidden _ning_outer _align_center responsive\" data-size=\"300x250\" data-bid=\"55514\" data-aid=\"0\" style=\"max-width:300px; width:100%;height:inherit;\"><div class=\"_ning_label _left\" style=\"\"><\/div><div class=\"_ning_inner\" style=\"\"><\/div><\/div><div class=\"clear\"><\/div><\/section>","protected":false},"excerpt":{"rendered":"","protected":false},"author":1,"featured_media":0,"parent":0,"menu_order":0,"comment_status":"closed","ping_status":"closed","template":"","meta":{"_acf_changed":false,"_monsterinsights_skip_tracking":false,"_monsterinsights_sitenote_active":false,"_monsterinsights_sitenote_note":"","_monsterinsights_sitenote_category":0,"footnotes":""},"class_list":["post-44576","page","type-page","status-publish","hentry"],"acf":[],"yoast_head":"<!-- This site is optimized with the Yoast SEO plugin v24.9 - https:\/\/yoast.com\/wordpress\/plugins\/seo\/ -->\n<title>CERTIFICADO DE ENTIDADE BENEFICENTE DE ASSIST\u00caNCIA SOCIAL - Col\u00e9gio M\u00e3e de Deus | Rede ICM de educa\u00e7\u00e3o<\/title>\n<meta name=\"robots\" content=\"index, follow, max-snippet:-1, max-image-preview:large, max-video-preview:-1\" \/>\n<link rel=\"canonical\" href=\"https:\/\/legado.redeicm.org.br\/maededeus\/certificado-de-entidade-beneficente-de-assistencia-social\/\" \/>\n<meta property=\"og:locale\" content=\"pt_BR\" \/>\n<meta property=\"og:type\" content=\"article\" \/>\n<meta property=\"og:title\" content=\"CERTIFICADO DE ENTIDADE BENEFICENTE DE ASSIST\u00caNCIA SOCIAL - Col\u00e9gio M\u00e3e de Deus | Rede ICM de educa\u00e7\u00e3o\" \/>\n<meta property=\"og:url\" content=\"https:\/\/legado.redeicm.org.br\/maededeus\/certificado-de-entidade-beneficente-de-assistencia-social\/\" \/>\n<meta property=\"og:site_name\" content=\"Col\u00e9gio M\u00e3e de Deus | Rede ICM de educa\u00e7\u00e3o\" \/>\n<meta property=\"article:modified_time\" content=\"2020-06-18T00:59:05+00:00\" \/>\n<meta name=\"twitter:card\" content=\"summary_large_image\" \/>\n<script type=\"application\/ld+json\" class=\"yoast-schema-graph\">{\"@context\":\"https:\/\/schema.org\",\"@graph\":[{\"@type\":\"WebPage\",\"@id\":\"https:\/\/legado.redeicm.org.br\/maededeus\/certificado-de-entidade-beneficente-de-assistencia-social\/\",\"url\":\"https:\/\/legado.redeicm.org.br\/maededeus\/certificado-de-entidade-beneficente-de-assistencia-social\/\",\"name\":\"CERTIFICADO DE ENTIDADE BENEFICENTE DE ASSIST\u00caNCIA SOCIAL - Col\u00e9gio M\u00e3e de Deus | Rede ICM de educa\u00e7\u00e3o\",\"isPartOf\":{\"@id\":\"https:\/\/legado.redeicm.org.br\/maededeus\/#website\"},\"datePublished\":\"2017-10-10T23:34:24+00:00\",\"dateModified\":\"2020-06-18T00:59:05+00:00\",\"breadcrumb\":{\"@id\":\"https:\/\/legado.redeicm.org.br\/maededeus\/certificado-de-entidade-beneficente-de-assistencia-social\/#breadcrumb\"},\"inLanguage\":\"pt-BR\",\"potentialAction\":[{\"@type\":\"ReadAction\",\"target\":[\"https:\/\/legado.redeicm.org.br\/maededeus\/certificado-de-entidade-beneficente-de-assistencia-social\/\"]}]},{\"@type\":\"BreadcrumbList\",\"@id\":\"https:\/\/legado.redeicm.org.br\/maededeus\/certificado-de-entidade-beneficente-de-assistencia-social\/#breadcrumb\",\"itemListElement\":[{\"@type\":\"ListItem\",\"position\":1,\"name\":\"In\u00edcio\",\"item\":\"https:\/\/legado.redeicm.org.br\/maededeus\/\"},{\"@type\":\"ListItem\",\"position\":2,\"name\":\"CERTIFICADO DE ENTIDADE BENEFICENTE DE ASSIST\u00caNCIA SOCIAL\"}]},{\"@type\":\"WebSite\",\"@id\":\"https:\/\/legado.redeicm.org.br\/maededeus\/#website\",\"url\":\"https:\/\/legado.redeicm.org.br\/maededeus\/\",\"name\":\"Col\u00e9gio M\u00e3e de Deus | Rede ICM de educa\u00e7\u00e3o\",\"description\":\"\",\"potentialAction\":[{\"@type\":\"SearchAction\",\"target\":{\"@type\":\"EntryPoint\",\"urlTemplate\":\"https:\/\/legado.redeicm.org.br\/maededeus\/?s={search_term_string}\"},\"query-input\":{\"@type\":\"PropertyValueSpecification\",\"valueRequired\":true,\"valueName\":\"search_term_string\"}}],\"inLanguage\":\"pt-BR\"}]}<\/script>\n<!-- \/ Yoast SEO plugin. -->","yoast_head_json":{"title":"CERTIFICADO DE ENTIDADE BENEFICENTE DE ASSIST\u00caNCIA SOCIAL - Col\u00e9gio M\u00e3e de Deus | Rede ICM de educa\u00e7\u00e3o","robots":{"index":"index","follow":"follow","max-snippet":"max-snippet:-1","max-image-preview":"max-image-preview:large","max-video-preview":"max-video-preview:-1"},"canonical":"https:\/\/legado.redeicm.org.br\/maededeus\/certificado-de-entidade-beneficente-de-assistencia-social\/","og_locale":"pt_BR","og_type":"article","og_title":"CERTIFICADO DE ENTIDADE BENEFICENTE DE ASSIST\u00caNCIA SOCIAL - Col\u00e9gio M\u00e3e de Deus | Rede ICM de educa\u00e7\u00e3o","og_url":"https:\/\/legado.redeicm.org.br\/maededeus\/certificado-de-entidade-beneficente-de-assistencia-social\/","og_site_name":"Col\u00e9gio M\u00e3e de Deus | Rede ICM de educa\u00e7\u00e3o","article_modified_time":"2020-06-18T00:59:05+00:00","twitter_card":"summary_large_image","schema":{"@context":"https:\/\/schema.org","@graph":[{"@type":"WebPage","@id":"https:\/\/legado.redeicm.org.br\/maededeus\/certificado-de-entidade-beneficente-de-assistencia-social\/","url":"https:\/\/legado.redeicm.org.br\/maededeus\/certificado-de-entidade-beneficente-de-assistencia-social\/","name":"CERTIFICADO DE ENTIDADE BENEFICENTE DE ASSIST\u00caNCIA SOCIAL - Col\u00e9gio M\u00e3e de Deus | Rede ICM de educa\u00e7\u00e3o","isPartOf":{"@id":"https:\/\/legado.redeicm.org.br\/maededeus\/#website"},"datePublished":"2017-10-10T23:34:24+00:00","dateModified":"2020-06-18T00:59:05+00:00","breadcrumb":{"@id":"https:\/\/legado.redeicm.org.br\/maededeus\/certificado-de-entidade-beneficente-de-assistencia-social\/#breadcrumb"},"inLanguage":"pt-BR","potentialAction":[{"@type":"ReadAction","target":["https:\/\/legado.redeicm.org.br\/maededeus\/certificado-de-entidade-beneficente-de-assistencia-social\/"]}]},{"@type":"BreadcrumbList","@id":"https:\/\/legado.redeicm.org.br\/maededeus\/certificado-de-entidade-beneficente-de-assistencia-social\/#breadcrumb","itemListElement":[{"@type":"ListItem","position":1,"name":"In\u00edcio","item":"https:\/\/legado.redeicm.org.br\/maededeus\/"},{"@type":"ListItem","position":2,"name":"CERTIFICADO DE ENTIDADE BENEFICENTE DE ASSIST\u00caNCIA SOCIAL"}]},{"@type":"WebSite","@id":"https:\/\/legado.redeicm.org.br\/maededeus\/#website","url":"https:\/\/legado.redeicm.org.br\/maededeus\/","name":"Col\u00e9gio M\u00e3e de Deus | Rede ICM de educa\u00e7\u00e3o","description":"","potentialAction":[{"@type":"SearchAction","target":{"@type":"EntryPoint","urlTemplate":"https:\/\/legado.redeicm.org.br\/maededeus\/?s={search_term_string}"},"query-input":{"@type":"PropertyValueSpecification","valueRequired":true,"valueName":"search_term_string"}}],"inLanguage":"pt-BR"}]}},"_links":{"self":[{"href":"https:\/\/legado.redeicm.org.br\/maededeus\/wp-json\/wp\/v2\/pages\/44576"}],"collection":[{"href":"https:\/\/legado.redeicm.org.br\/maededeus\/wp-json\/wp\/v2\/pages"}],"about":[{"href":"https:\/\/legado.redeicm.org.br\/maededeus\/wp-json\/wp\/v2\/types\/page"}],"author":[{"embeddable":true,"href":"https:\/\/legado.redeicm.org.br\/maededeus\/wp-json\/wp\/v2\/users\/1"}],"replies":[{"embeddable":true,"href":"https:\/\/legado.redeicm.org.br\/maededeus\/wp-json\/wp\/v2\/comments?post=44576"}],"version-history":[{"count":2,"href":"https:\/\/legado.redeicm.org.br\/maededeus\/wp-json\/wp\/v2\/pages\/44576\/revisions"}],"predecessor-version":[{"id":61974,"href":"https:\/\/legado.redeicm.org.br\/maededeus\/wp-json\/wp\/v2\/pages\/44576\/revisions\/61974"}],"wp:attachment":[{"href":"https:\/\/legado.redeicm.org.br\/maededeus\/wp-json\/wp\/v2\/media?parent=44576"}],"curies":[{"name":"wp","href":"https:\/\/api.w.org\/{rel}","templated":true}]}}