{"id":39268,"date":"2017-02-14T22:01:33","date_gmt":"2017-02-15T00:01:33","guid":{"rendered":"https:\/\/redeicm.org.br\/maededeus\/?page_id=39268"},"modified":"2021-10-26T16:31:13","modified_gmt":"2021-10-26T19:31:13","slug":"manual-da-marca","status":"publish","type":"page","link":"https:\/\/legado.redeicm.org.br\/maededeus\/manual-da-marca\/","title":{"rendered":"Manual da Marca"},"content":{"rendered":"<p style=\"text-align: justify\">Para aplica\u00e7\u00f5es da\u00a0<strong>ASSINATURA VISUAL DO COL\u00c9GIO M\u00c3E DE DEUS<\/strong>, dever\u00e3o ser observados os conceitos e regras estabelecidas atrav\u00e9s do\u00a0<strong>Manual de Identidade Visual<\/strong>\u00a0do Col\u00e9gio.<\/p>\n<h4><a href=\"https:\/\/redeicm.org.br\/maededeus\/wp-content\/uploads\/sites\/14\/2017\/02\/ICM_IDV_guia-de-reproducao_Maededeus.pdf\">Manual de Identidade Visual do Col\u00e9gio M\u00e3e de Deus<img loading=\"lazy\" decoding=\"async\" class=\"wp-image-39274 alignleft\" src=\"https:\/\/redeicm.org.br\/maededeus\/wp-content\/uploads\/sites\/14\/2017\/02\/unnamed.png\" alt=\"\" width=\"52\" height=\"52\" srcset=\"https:\/\/legado.redeicm.org.br\/maededeus\/wp-content\/uploads\/sites\/14\/2017\/02\/unnamed.png 300w, https:\/\/legado.redeicm.org.br\/maededeus\/wp-content\/uploads\/sites\/14\/2017\/02\/unnamed-150x150.png 150w\" sizes=\"(max-width: 52px) 100vw, 52px\" \/><\/a><\/h4>\n<p>&nbsp;<\/p>\n<p>&nbsp;<\/p>\n<p>&nbsp;<\/p>\n<p>&nbsp;<\/p>\n<div class=\"angwp_55514 _ning_cont _ning_hidden _ning_outer _align_center responsive\" data-size=\"300x250\" data-bid=\"55514\" data-aid=\"0\" style=\"max-width:300px; width:100%;height:inherit;\"><div class=\"_ning_label _left\" style=\"\"><\/div><div class=\"_ning_inner\" style=\"\"><\/div><\/div><div class=\"clear\"><\/div>","protected":false},"excerpt":{"rendered":"<p>Para aplica\u00e7\u00f5es da\u00a0ASSINATURA VISUAL DO COL\u00c9GIO M\u00c3E DE DEUS, dever\u00e3o ser observados os conceitos e regras estabelecidas atrav\u00e9s do\u00a0Manual de Identidade Visual\u00a0do Col\u00e9gio. Manual de Identidade Visual do Col\u00e9gio M\u00e3e de Deus &nbsp; &nbsp; &nbsp; &nbsp;<\/p>\n","protected":false},"author":1,"featured_media":0,"parent":0,"menu_order":0,"comment_status":"closed","ping_status":"closed","template":"","meta":{"_acf_changed":false,"_monsterinsights_skip_tracking":false,"_monsterinsights_sitenote_active":false,"_monsterinsights_sitenote_note":"","_monsterinsights_sitenote_category":0,"footnotes":""},"class_list":["post-39268","page","type-page","status-publish","hentry"],"acf":[],"yoast_head":"<!-- This site is optimized with the Yoast SEO plugin v24.9 - https:\/\/yoast.com\/wordpress\/plugins\/seo\/ -->\n<title>Manual da Marca - Col\u00e9gio M\u00e3e de Deus | Rede ICM de educa\u00e7\u00e3o<\/title>\n<meta name=\"robots\" content=\"index, follow, max-snippet:-1, max-image-preview:large, max-video-preview:-1\" \/>\n<link rel=\"canonical\" href=\"https:\/\/legado.redeicm.org.br\/maededeus\/manual-da-marca\/\" \/>\n<meta property=\"og:locale\" content=\"pt_BR\" \/>\n<meta property=\"og:type\" content=\"article\" \/>\n<meta property=\"og:title\" content=\"Manual da Marca - Col\u00e9gio M\u00e3e de Deus | Rede ICM de educa\u00e7\u00e3o\" \/>\n<meta property=\"og:description\" content=\"Para aplica\u00e7\u00f5es da\u00a0ASSINATURA VISUAL DO COL\u00c9GIO M\u00c3E DE DEUS, dever\u00e3o ser observados os conceitos e regras estabelecidas atrav\u00e9s do\u00a0Manual de Identidade Visual\u00a0do Col\u00e9gio. Manual de Identidade Visual do Col\u00e9gio M\u00e3e de Deus &nbsp; &nbsp; &nbsp; &nbsp;\" \/>\n<meta property=\"og:url\" content=\"https:\/\/legado.redeicm.org.br\/maededeus\/manual-da-marca\/\" \/>\n<meta property=\"og:site_name\" content=\"Col\u00e9gio M\u00e3e de Deus | Rede ICM de educa\u00e7\u00e3o\" \/>\n<meta property=\"article:modified_time\" content=\"2021-10-26T19:31:13+00:00\" \/>\n<meta property=\"og:image\" content=\"https:\/\/redeicm.org.br\/maededeus\/wp-content\/uploads\/sites\/14\/2017\/02\/unnamed.png\" \/>\n<meta name=\"twitter:card\" content=\"summary_large_image\" \/>\n<meta name=\"twitter:label1\" content=\"Est. tempo de leitura\" \/>\n\t<meta name=\"twitter:data1\" content=\"1 minuto\" \/>\n<script type=\"application\/ld+json\" class=\"yoast-schema-graph\">{\"@context\":\"https:\/\/schema.org\",\"@graph\":[{\"@type\":\"WebPage\",\"@id\":\"https:\/\/legado.redeicm.org.br\/maededeus\/manual-da-marca\/\",\"url\":\"https:\/\/legado.redeicm.org.br\/maededeus\/manual-da-marca\/\",\"name\":\"Manual da Marca - Col\u00e9gio M\u00e3e de Deus | Rede ICM de educa\u00e7\u00e3o\",\"isPartOf\":{\"@id\":\"https:\/\/legado.redeicm.org.br\/maededeus\/#website\"},\"primaryImageOfPage\":{\"@id\":\"https:\/\/legado.redeicm.org.br\/maededeus\/manual-da-marca\/#primaryimage\"},\"image\":{\"@id\":\"https:\/\/legado.redeicm.org.br\/maededeus\/manual-da-marca\/#primaryimage\"},\"thumbnailUrl\":\"https:\/\/redeicm.org.br\/maededeus\/wp-content\/uploads\/sites\/14\/2017\/02\/unnamed.png\",\"datePublished\":\"2017-02-15T00:01:33+00:00\",\"dateModified\":\"2021-10-26T19:31:13+00:00\",\"breadcrumb\":{\"@id\":\"https:\/\/legado.redeicm.org.br\/maededeus\/manual-da-marca\/#breadcrumb\"},\"inLanguage\":\"pt-BR\",\"potentialAction\":[{\"@type\":\"ReadAction\",\"target\":[\"https:\/\/legado.redeicm.org.br\/maededeus\/manual-da-marca\/\"]}]},{\"@type\":\"ImageObject\",\"inLanguage\":\"pt-BR\",\"@id\":\"https:\/\/legado.redeicm.org.br\/maededeus\/manual-da-marca\/#primaryimage\",\"url\":\"https:\/\/redeicm.org.br\/maededeus\/wp-content\/uploads\/sites\/14\/2017\/02\/unnamed.png\",\"contentUrl\":\"https:\/\/redeicm.org.br\/maededeus\/wp-content\/uploads\/sites\/14\/2017\/02\/unnamed.png\"},{\"@type\":\"BreadcrumbList\",\"@id\":\"https:\/\/legado.redeicm.org.br\/maededeus\/manual-da-marca\/#breadcrumb\",\"itemListElement\":[{\"@type\":\"ListItem\",\"position\":1,\"name\":\"In\u00edcio\",\"item\":\"https:\/\/legado.redeicm.org.br\/maededeus\/\"},{\"@type\":\"ListItem\",\"position\":2,\"name\":\"Manual da Marca\"}]},{\"@type\":\"WebSite\",\"@id\":\"https:\/\/legado.redeicm.org.br\/maededeus\/#website\",\"url\":\"https:\/\/legado.redeicm.org.br\/maededeus\/\",\"name\":\"Col\u00e9gio M\u00e3e de Deus | Rede ICM de educa\u00e7\u00e3o\",\"description\":\"\",\"potentialAction\":[{\"@type\":\"SearchAction\",\"target\":{\"@type\":\"EntryPoint\",\"urlTemplate\":\"https:\/\/legado.redeicm.org.br\/maededeus\/?s={search_term_string}\"},\"query-input\":{\"@type\":\"PropertyValueSpecification\",\"valueRequired\":true,\"valueName\":\"search_term_string\"}}],\"inLanguage\":\"pt-BR\"}]}<\/script>\n<!-- \/ Yoast SEO plugin. -->","yoast_head_json":{"title":"Manual da Marca - Col\u00e9gio M\u00e3e de Deus | Rede ICM de educa\u00e7\u00e3o","robots":{"index":"index","follow":"follow","max-snippet":"max-snippet:-1","max-image-preview":"max-image-preview:large","max-video-preview":"max-video-preview:-1"},"canonical":"https:\/\/legado.redeicm.org.br\/maededeus\/manual-da-marca\/","og_locale":"pt_BR","og_type":"article","og_title":"Manual da Marca - Col\u00e9gio M\u00e3e de Deus | Rede ICM de educa\u00e7\u00e3o","og_description":"Para aplica\u00e7\u00f5es da\u00a0ASSINATURA VISUAL DO COL\u00c9GIO M\u00c3E DE DEUS, dever\u00e3o ser observados os conceitos e regras estabelecidas atrav\u00e9s do\u00a0Manual de Identidade Visual\u00a0do Col\u00e9gio. Manual de Identidade Visual do Col\u00e9gio M\u00e3e de Deus &nbsp; &nbsp; &nbsp; &nbsp;","og_url":"https:\/\/legado.redeicm.org.br\/maededeus\/manual-da-marca\/","og_site_name":"Col\u00e9gio M\u00e3e de Deus | Rede ICM de educa\u00e7\u00e3o","article_modified_time":"2021-10-26T19:31:13+00:00","og_image":[{"url":"https:\/\/redeicm.org.br\/maededeus\/wp-content\/uploads\/sites\/14\/2017\/02\/unnamed.png","type":"","width":"","height":""}],"twitter_card":"summary_large_image","twitter_misc":{"Est. tempo de leitura":"1 minuto"},"schema":{"@context":"https:\/\/schema.org","@graph":[{"@type":"WebPage","@id":"https:\/\/legado.redeicm.org.br\/maededeus\/manual-da-marca\/","url":"https:\/\/legado.redeicm.org.br\/maededeus\/manual-da-marca\/","name":"Manual da Marca - Col\u00e9gio M\u00e3e de Deus | Rede ICM de educa\u00e7\u00e3o","isPartOf":{"@id":"https:\/\/legado.redeicm.org.br\/maededeus\/#website"},"primaryImageOfPage":{"@id":"https:\/\/legado.redeicm.org.br\/maededeus\/manual-da-marca\/#primaryimage"},"image":{"@id":"https:\/\/legado.redeicm.org.br\/maededeus\/manual-da-marca\/#primaryimage"},"thumbnailUrl":"https:\/\/redeicm.org.br\/maededeus\/wp-content\/uploads\/sites\/14\/2017\/02\/unnamed.png","datePublished":"2017-02-15T00:01:33+00:00","dateModified":"2021-10-26T19:31:13+00:00","breadcrumb":{"@id":"https:\/\/legado.redeicm.org.br\/maededeus\/manual-da-marca\/#breadcrumb"},"inLanguage":"pt-BR","potentialAction":[{"@type":"ReadAction","target":["https:\/\/legado.redeicm.org.br\/maededeus\/manual-da-marca\/"]}]},{"@type":"ImageObject","inLanguage":"pt-BR","@id":"https:\/\/legado.redeicm.org.br\/maededeus\/manual-da-marca\/#primaryimage","url":"https:\/\/redeicm.org.br\/maededeus\/wp-content\/uploads\/sites\/14\/2017\/02\/unnamed.png","contentUrl":"https:\/\/redeicm.org.br\/maededeus\/wp-content\/uploads\/sites\/14\/2017\/02\/unnamed.png"},{"@type":"BreadcrumbList","@id":"https:\/\/legado.redeicm.org.br\/maededeus\/manual-da-marca\/#breadcrumb","itemListElement":[{"@type":"ListItem","position":1,"name":"In\u00edcio","item":"https:\/\/legado.redeicm.org.br\/maededeus\/"},{"@type":"ListItem","position":2,"name":"Manual da Marca"}]},{"@type":"WebSite","@id":"https:\/\/legado.redeicm.org.br\/maededeus\/#website","url":"https:\/\/legado.redeicm.org.br\/maededeus\/","name":"Col\u00e9gio M\u00e3e de Deus | Rede ICM de educa\u00e7\u00e3o","description":"","potentialAction":[{"@type":"SearchAction","target":{"@type":"EntryPoint","urlTemplate":"https:\/\/legado.redeicm.org.br\/maededeus\/?s={search_term_string}"},"query-input":{"@type":"PropertyValueSpecification","valueRequired":true,"valueName":"search_term_string"}}],"inLanguage":"pt-BR"}]}},"_links":{"self":[{"href":"https:\/\/legado.redeicm.org.br\/maededeus\/wp-json\/wp\/v2\/pages\/39268"}],"collection":[{"href":"https:\/\/legado.redeicm.org.br\/maededeus\/wp-json\/wp\/v2\/pages"}],"about":[{"href":"https:\/\/legado.redeicm.org.br\/maededeus\/wp-json\/wp\/v2\/types\/page"}],"author":[{"embeddable":true,"href":"https:\/\/legado.redeicm.org.br\/maededeus\/wp-json\/wp\/v2\/users\/1"}],"replies":[{"embeddable":true,"href":"https:\/\/legado.redeicm.org.br\/maededeus\/wp-json\/wp\/v2\/comments?post=39268"}],"version-history":[{"count":6,"href":"https:\/\/legado.redeicm.org.br\/maededeus\/wp-json\/wp\/v2\/pages\/39268\/revisions"}],"predecessor-version":[{"id":65131,"href":"https:\/\/legado.redeicm.org.br\/maededeus\/wp-json\/wp\/v2\/pages\/39268\/revisions\/65131"}],"wp:attachment":[{"href":"https:\/\/legado.redeicm.org.br\/maededeus\/wp-json\/wp\/v2\/media?parent=39268"}],"curies":[{"name":"wp","href":"https:\/\/api.w.org\/{rel}","templated":true}]}}