{"id":39248,"date":"2017-02-14T21:47:12","date_gmt":"2017-02-14T23:47:12","guid":{"rendered":"https:\/\/redeicm.org.br\/maededeus\/?page_id=39248"},"modified":"2023-05-31T15:17:45","modified_gmt":"2023-05-31T18:17:45","slug":"oficinas","status":"publish","type":"page","link":"https:\/\/legado.redeicm.org.br\/maededeus\/oficinas\/","title":{"rendered":"Oficinas"},"content":{"rendered":"<p style=\"text-align: justify\">As atividades e oficinas s\u00e3o voltadas para as \u00e1reas do conhecimento, das rela\u00e7\u00f5es interpessoais e das pr\u00e1ticas culturais, realizando tarefas que atendam o interesse, a curiosidade e as necessidades das crian\u00e7as, onde o objetivo \u00e9 trabalhar educa\u00e7\u00e3o, recrea\u00e7\u00e3o e forma\u00e7\u00e3o por meio do suporte pedag\u00f3gico.<\/p>\n<p style=\"text-align: justify\">OFICINAS: <strong>Arte, Express\u00e3o Corporal, Teatro, Ci\u00eancias e Rob\u00f3tica.<\/strong><\/p>\n<p>ATIVIDADES: <strong>Brincadeiras, Recrea\u00e7\u00e3o, Pra\u00e7a, Descanso, Sess\u00f5es de v\u00eddeo, Aux\u00edlio ao Tema, Hora do conto,\u00a0<\/strong><\/p>\n<ul>\n<li style=\"font-weight: 400\"><span style=\"font-weight: 400\">Trabalhos em grupo e individuais, estabelecendo o bom conv\u00edvio.<\/span><\/li>\n<li style=\"font-weight: 400\"><span style=\"font-weight: 400\">Atividades l\u00fadicas em ambientes variados do nosso col\u00e9gio.<\/span><\/li>\n<li style=\"font-weight: 400\"><span style=\"font-weight: 400\">Jogos e brincadeiras que refor\u00e7am a mem\u00f3ria, aten\u00e7\u00e3o e concentra\u00e7\u00e3o.<\/span><\/li>\n<li style=\"font-weight: 400\"><span style=\"font-weight: 400\">Cuidado da natureza atrav\u00e9s de confec\u00e7\u00e3o com sucatas.<\/span><\/li>\n<li style=\"font-weight: 400\"><span style=\"font-weight: 400\">Express\u00e3o art\u00edstica: desenho, pintura, modelagem, dobradura.<\/span><\/li>\n<li style=\"font-weight: 400\"><span style=\"font-weight: 400\">Jogos teatrais que ampliam os potenciais do indiv\u00edduo, seus processos criativos e cognitivos.<\/span><\/li>\n<li style=\"font-weight: 400\"><span style=\"font-weight: 400\">Experi\u00eancias simples para facilitar a compreens\u00e3o, usando materiais do cotidiano do aluno.<\/span><\/li>\n<li style=\"font-weight: 400\"><span style=\"font-weight: 400\">Rob\u00f3tica, como metodologia de aprendizagem, motivar os educandos a serem proativos, assim assumindo o comprometimento por seu processo de aprendizado.<\/span><\/li>\n<\/ul>\n<div class=\"angwp_55514 _ning_cont _ning_hidden _ning_outer _align_center responsive\" data-size=\"300x250\" data-bid=\"55514\" data-aid=\"0\" style=\"max-width:300px; width:100%;height:inherit;\"><div class=\"_ning_label _left\" style=\"\"><\/div><div class=\"_ning_inner\" style=\"\"><\/div><\/div><div class=\"clear\"><\/div>","protected":false},"excerpt":{"rendered":"<p>As atividades e oficinas s\u00e3o voltadas para as \u00e1reas do conhecimento, das rela\u00e7\u00f5es interpessoais e das pr\u00e1ticas culturais, realizando tarefas que atendam o interesse, a curiosidade e as necessidades das crian\u00e7as, onde o objetivo \u00e9 trabalhar educa\u00e7\u00e3o, recrea\u00e7\u00e3o e forma\u00e7\u00e3o por meio do suporte pedag\u00f3gico. OFICINAS: Arte, Express\u00e3o Corporal, Teatro, Ci\u00eancias e Rob\u00f3tica. ATIVIDADES: Brincadeiras,&#8230;<\/p>\n","protected":false},"author":32,"featured_media":0,"parent":0,"menu_order":0,"comment_status":"closed","ping_status":"closed","template":"","meta":{"_acf_changed":false,"_monsterinsights_skip_tracking":false,"_monsterinsights_sitenote_active":false,"_monsterinsights_sitenote_note":"","_monsterinsights_sitenote_category":0,"footnotes":""},"class_list":["post-39248","page","type-page","status-publish","hentry"],"acf":[],"yoast_head":"<!-- This site is optimized with the Yoast SEO plugin v24.9 - https:\/\/yoast.com\/wordpress\/plugins\/seo\/ -->\n<title>Oficinas - Col\u00e9gio M\u00e3e de Deus | Rede ICM de educa\u00e7\u00e3o<\/title>\n<meta name=\"robots\" content=\"index, follow, max-snippet:-1, max-image-preview:large, max-video-preview:-1\" \/>\n<link rel=\"canonical\" href=\"https:\/\/legado.redeicm.org.br\/maededeus\/oficinas\/\" \/>\n<meta property=\"og:locale\" content=\"pt_BR\" \/>\n<meta property=\"og:type\" content=\"article\" \/>\n<meta property=\"og:title\" content=\"Oficinas - Col\u00e9gio M\u00e3e de Deus | Rede ICM de educa\u00e7\u00e3o\" \/>\n<meta property=\"og:description\" content=\"As atividades e oficinas s\u00e3o voltadas para as \u00e1reas do conhecimento, das rela\u00e7\u00f5es interpessoais e das pr\u00e1ticas culturais, realizando tarefas que atendam o interesse, a curiosidade e as necessidades das crian\u00e7as, onde o objetivo \u00e9 trabalhar educa\u00e7\u00e3o, recrea\u00e7\u00e3o e forma\u00e7\u00e3o por meio do suporte pedag\u00f3gico. OFICINAS: Arte, Express\u00e3o Corporal, Teatro, Ci\u00eancias e Rob\u00f3tica. ATIVIDADES: Brincadeiras,...\" \/>\n<meta property=\"og:url\" content=\"https:\/\/legado.redeicm.org.br\/maededeus\/oficinas\/\" \/>\n<meta property=\"og:site_name\" content=\"Col\u00e9gio M\u00e3e de Deus | Rede ICM de educa\u00e7\u00e3o\" \/>\n<meta property=\"article:modified_time\" content=\"2023-05-31T18:17:45+00:00\" \/>\n<meta name=\"twitter:card\" content=\"summary_large_image\" \/>\n<meta name=\"twitter:label1\" content=\"Est. tempo de leitura\" \/>\n\t<meta name=\"twitter:data1\" content=\"1 minuto\" \/>\n<script type=\"application\/ld+json\" class=\"yoast-schema-graph\">{\"@context\":\"https:\/\/schema.org\",\"@graph\":[{\"@type\":\"WebPage\",\"@id\":\"https:\/\/legado.redeicm.org.br\/maededeus\/oficinas\/\",\"url\":\"https:\/\/legado.redeicm.org.br\/maededeus\/oficinas\/\",\"name\":\"Oficinas - Col\u00e9gio M\u00e3e de Deus | Rede ICM de educa\u00e7\u00e3o\",\"isPartOf\":{\"@id\":\"https:\/\/legado.redeicm.org.br\/maededeus\/#website\"},\"datePublished\":\"2017-02-14T23:47:12+00:00\",\"dateModified\":\"2023-05-31T18:17:45+00:00\",\"breadcrumb\":{\"@id\":\"https:\/\/legado.redeicm.org.br\/maededeus\/oficinas\/#breadcrumb\"},\"inLanguage\":\"pt-BR\",\"potentialAction\":[{\"@type\":\"ReadAction\",\"target\":[\"https:\/\/legado.redeicm.org.br\/maededeus\/oficinas\/\"]}]},{\"@type\":\"BreadcrumbList\",\"@id\":\"https:\/\/legado.redeicm.org.br\/maededeus\/oficinas\/#breadcrumb\",\"itemListElement\":[{\"@type\":\"ListItem\",\"position\":1,\"name\":\"In\u00edcio\",\"item\":\"https:\/\/legado.redeicm.org.br\/maededeus\/\"},{\"@type\":\"ListItem\",\"position\":2,\"name\":\"Oficinas\"}]},{\"@type\":\"WebSite\",\"@id\":\"https:\/\/legado.redeicm.org.br\/maededeus\/#website\",\"url\":\"https:\/\/legado.redeicm.org.br\/maededeus\/\",\"name\":\"Col\u00e9gio M\u00e3e de Deus | Rede ICM de educa\u00e7\u00e3o\",\"description\":\"\",\"potentialAction\":[{\"@type\":\"SearchAction\",\"target\":{\"@type\":\"EntryPoint\",\"urlTemplate\":\"https:\/\/legado.redeicm.org.br\/maededeus\/?s={search_term_string}\"},\"query-input\":{\"@type\":\"PropertyValueSpecification\",\"valueRequired\":true,\"valueName\":\"search_term_string\"}}],\"inLanguage\":\"pt-BR\"}]}<\/script>\n<!-- \/ Yoast SEO plugin. -->","yoast_head_json":{"title":"Oficinas - Col\u00e9gio M\u00e3e de Deus | Rede ICM de educa\u00e7\u00e3o","robots":{"index":"index","follow":"follow","max-snippet":"max-snippet:-1","max-image-preview":"max-image-preview:large","max-video-preview":"max-video-preview:-1"},"canonical":"https:\/\/legado.redeicm.org.br\/maededeus\/oficinas\/","og_locale":"pt_BR","og_type":"article","og_title":"Oficinas - Col\u00e9gio M\u00e3e de Deus | Rede ICM de educa\u00e7\u00e3o","og_description":"As atividades e oficinas s\u00e3o voltadas para as \u00e1reas do conhecimento, das rela\u00e7\u00f5es interpessoais e das pr\u00e1ticas culturais, realizando tarefas que atendam o interesse, a curiosidade e as necessidades das crian\u00e7as, onde o objetivo \u00e9 trabalhar educa\u00e7\u00e3o, recrea\u00e7\u00e3o e forma\u00e7\u00e3o por meio do suporte pedag\u00f3gico. OFICINAS: Arte, Express\u00e3o Corporal, Teatro, Ci\u00eancias e Rob\u00f3tica. ATIVIDADES: Brincadeiras,...","og_url":"https:\/\/legado.redeicm.org.br\/maededeus\/oficinas\/","og_site_name":"Col\u00e9gio M\u00e3e de Deus | Rede ICM de educa\u00e7\u00e3o","article_modified_time":"2023-05-31T18:17:45+00:00","twitter_card":"summary_large_image","twitter_misc":{"Est. tempo de leitura":"1 minuto"},"schema":{"@context":"https:\/\/schema.org","@graph":[{"@type":"WebPage","@id":"https:\/\/legado.redeicm.org.br\/maededeus\/oficinas\/","url":"https:\/\/legado.redeicm.org.br\/maededeus\/oficinas\/","name":"Oficinas - Col\u00e9gio M\u00e3e de Deus | Rede ICM de educa\u00e7\u00e3o","isPartOf":{"@id":"https:\/\/legado.redeicm.org.br\/maededeus\/#website"},"datePublished":"2017-02-14T23:47:12+00:00","dateModified":"2023-05-31T18:17:45+00:00","breadcrumb":{"@id":"https:\/\/legado.redeicm.org.br\/maededeus\/oficinas\/#breadcrumb"},"inLanguage":"pt-BR","potentialAction":[{"@type":"ReadAction","target":["https:\/\/legado.redeicm.org.br\/maededeus\/oficinas\/"]}]},{"@type":"BreadcrumbList","@id":"https:\/\/legado.redeicm.org.br\/maededeus\/oficinas\/#breadcrumb","itemListElement":[{"@type":"ListItem","position":1,"name":"In\u00edcio","item":"https:\/\/legado.redeicm.org.br\/maededeus\/"},{"@type":"ListItem","position":2,"name":"Oficinas"}]},{"@type":"WebSite","@id":"https:\/\/legado.redeicm.org.br\/maededeus\/#website","url":"https:\/\/legado.redeicm.org.br\/maededeus\/","name":"Col\u00e9gio M\u00e3e de Deus | Rede ICM de educa\u00e7\u00e3o","description":"","potentialAction":[{"@type":"SearchAction","target":{"@type":"EntryPoint","urlTemplate":"https:\/\/legado.redeicm.org.br\/maededeus\/?s={search_term_string}"},"query-input":{"@type":"PropertyValueSpecification","valueRequired":true,"valueName":"search_term_string"}}],"inLanguage":"pt-BR"}]}},"_links":{"self":[{"href":"https:\/\/legado.redeicm.org.br\/maededeus\/wp-json\/wp\/v2\/pages\/39248"}],"collection":[{"href":"https:\/\/legado.redeicm.org.br\/maededeus\/wp-json\/wp\/v2\/pages"}],"about":[{"href":"https:\/\/legado.redeicm.org.br\/maededeus\/wp-json\/wp\/v2\/types\/page"}],"author":[{"embeddable":true,"href":"https:\/\/legado.redeicm.org.br\/maededeus\/wp-json\/wp\/v2\/users\/32"}],"replies":[{"embeddable":true,"href":"https:\/\/legado.redeicm.org.br\/maededeus\/wp-json\/wp\/v2\/comments?post=39248"}],"version-history":[{"count":21,"href":"https:\/\/legado.redeicm.org.br\/maededeus\/wp-json\/wp\/v2\/pages\/39248\/revisions"}],"predecessor-version":[{"id":71373,"href":"https:\/\/legado.redeicm.org.br\/maededeus\/wp-json\/wp\/v2\/pages\/39248\/revisions\/71373"}],"wp:attachment":[{"href":"https:\/\/legado.redeicm.org.br\/maededeus\/wp-json\/wp\/v2\/media?parent=39248"}],"curies":[{"name":"wp","href":"https:\/\/api.w.org\/{rel}","templated":true}]}}