{"id":39244,"date":"2017-02-14T21:44:35","date_gmt":"2017-02-14T23:44:35","guid":{"rendered":"https:\/\/redeicm.org.br\/maededeus\/?page_id=39244"},"modified":"2021-08-23T08:19:29","modified_gmt":"2021-08-23T11:19:29","slug":"objetivos","status":"publish","type":"page","link":"https:\/\/legado.redeicm.org.br\/maededeus\/objetivos\/","title":{"rendered":"Sobre"},"content":{"rendered":"<p style=\"text-align: justify\">Oferecemos o Turno Extracurricular (TuiMD) para os estudantes do <strong>Maternal at\u00e9 o 5\u00ba ano do Ensino Fundamental &#8211; Anos Iniciais<\/strong>.\u00a0 O TuiMD possui pr\u00e9dio pr\u00f3prio com quatro andares, composto por salas de estudo e espa\u00e7os para descanso, para atividades m\u00faltiplas e refeit\u00f3rio. Oferece um espa\u00e7o seguro, tranquilo, agrad\u00e1vel, com ampla \u00e1rea de lazer para a realiza\u00e7\u00e3o de atividades recreativas e l\u00fadicas. Entre os objetivos que temos com o trabalho est\u00e1 em oportunizar aos alunos viv\u00eancias para o pleno exerc\u00edcio da cidadania, orientando-os para a vida; criar h\u00e1bitos de estudo, aprofundar os conte\u00fados vivenciados no turno regular; vincular as atividades pedag\u00f3gicas \u00e0s rotinas di\u00e1rias de alimenta\u00e7\u00e3o, higiene, recrea\u00e7\u00e3o e estudos complementares. Al\u00e9m da rotina regular, ofertamos esta modalidade tamb\u00e9m como clube de f\u00e9rias.<\/p>\n<p><img loading=\"lazy\" decoding=\"async\" class=\"aligncenter wp-image-63067 size-large\" src=\"https:\/\/legado.redeicm.org.br\/maededeus\/wp-content\/uploads\/sites\/14\/2020\/12\/predio-1024x768.jpg\" alt=\"\" width=\"1024\" height=\"768\" srcset=\"https:\/\/legado.redeicm.org.br\/maededeus\/wp-content\/uploads\/sites\/14\/2020\/12\/predio-1024x768.jpg 1024w, https:\/\/legado.redeicm.org.br\/maededeus\/wp-content\/uploads\/sites\/14\/2020\/12\/predio-300x225.jpg 300w, https:\/\/legado.redeicm.org.br\/maededeus\/wp-content\/uploads\/sites\/14\/2020\/12\/predio-600x450.jpg 600w, https:\/\/legado.redeicm.org.br\/maededeus\/wp-content\/uploads\/sites\/14\/2020\/12\/predio-768x576.jpg 768w, https:\/\/legado.redeicm.org.br\/maededeus\/wp-content\/uploads\/sites\/14\/2020\/12\/predio.jpg 2016w\" sizes=\"(max-width: 1024px) 100vw, 1024px\" \/><\/p>\n<div class=\"angwp_55514 _ning_cont _ning_hidden _ning_outer _align_center responsive\" data-size=\"300x250\" data-bid=\"55514\" data-aid=\"0\" style=\"max-width:300px; width:100%;height:inherit;\"><div class=\"_ning_label _left\" style=\"\"><\/div><div class=\"_ning_inner\" style=\"\"><\/div><\/div><div class=\"clear\"><\/div>","protected":false},"excerpt":{"rendered":"<p>Oferecemos o Turno Extracurricular (TuiMD) para os estudantes do Maternal at\u00e9 o 5\u00ba ano do Ensino Fundamental &#8211; Anos Iniciais.\u00a0 O TuiMD possui pr\u00e9dio pr\u00f3prio com quatro andares, composto por salas de estudo e espa\u00e7os para descanso, para atividades m\u00faltiplas e refeit\u00f3rio. Oferece um espa\u00e7o seguro, tranquilo, agrad\u00e1vel, com ampla \u00e1rea de lazer para a&#8230;<\/p>\n","protected":false},"author":1,"featured_media":0,"parent":0,"menu_order":0,"comment_status":"closed","ping_status":"closed","template":"","meta":{"_acf_changed":false,"_monsterinsights_skip_tracking":false,"_monsterinsights_sitenote_active":false,"_monsterinsights_sitenote_note":"","_monsterinsights_sitenote_category":0,"footnotes":""},"class_list":["post-39244","page","type-page","status-publish","hentry"],"acf":[],"yoast_head":"<!-- This site is optimized with the Yoast SEO plugin v24.9 - https:\/\/yoast.com\/wordpress\/plugins\/seo\/ -->\n<title>Sobre - Col\u00e9gio M\u00e3e de Deus | Rede ICM de educa\u00e7\u00e3o<\/title>\n<meta name=\"robots\" content=\"index, follow, max-snippet:-1, max-image-preview:large, max-video-preview:-1\" \/>\n<link rel=\"canonical\" href=\"https:\/\/legado.redeicm.org.br\/maededeus\/objetivos\/\" \/>\n<meta property=\"og:locale\" content=\"pt_BR\" \/>\n<meta property=\"og:type\" content=\"article\" \/>\n<meta property=\"og:title\" content=\"Sobre - Col\u00e9gio M\u00e3e de Deus | Rede ICM de educa\u00e7\u00e3o\" \/>\n<meta property=\"og:description\" content=\"Oferecemos o Turno Extracurricular (TuiMD) para os estudantes do Maternal at\u00e9 o 5\u00ba ano do Ensino Fundamental &#8211; Anos Iniciais.\u00a0 O TuiMD possui pr\u00e9dio pr\u00f3prio com quatro andares, composto por salas de estudo e espa\u00e7os para descanso, para atividades m\u00faltiplas e refeit\u00f3rio. Oferece um espa\u00e7o seguro, tranquilo, agrad\u00e1vel, com ampla \u00e1rea de lazer para a...\" \/>\n<meta property=\"og:url\" content=\"https:\/\/legado.redeicm.org.br\/maededeus\/objetivos\/\" \/>\n<meta property=\"og:site_name\" content=\"Col\u00e9gio M\u00e3e de Deus | Rede ICM de educa\u00e7\u00e3o\" \/>\n<meta property=\"article:modified_time\" content=\"2021-08-23T11:19:29+00:00\" \/>\n<meta property=\"og:image\" content=\"https:\/\/legado.redeicm.org.br\/maededeus\/wp-content\/uploads\/sites\/14\/2020\/12\/predio-1024x768.jpg\" \/>\n<meta name=\"twitter:card\" content=\"summary_large_image\" \/>\n<meta name=\"twitter:label1\" content=\"Est. tempo de leitura\" \/>\n\t<meta name=\"twitter:data1\" content=\"1 minuto\" \/>\n<script type=\"application\/ld+json\" class=\"yoast-schema-graph\">{\"@context\":\"https:\/\/schema.org\",\"@graph\":[{\"@type\":\"WebPage\",\"@id\":\"https:\/\/legado.redeicm.org.br\/maededeus\/objetivos\/\",\"url\":\"https:\/\/legado.redeicm.org.br\/maededeus\/objetivos\/\",\"name\":\"Sobre - Col\u00e9gio M\u00e3e de Deus | Rede ICM de educa\u00e7\u00e3o\",\"isPartOf\":{\"@id\":\"https:\/\/legado.redeicm.org.br\/maededeus\/#website\"},\"primaryImageOfPage\":{\"@id\":\"https:\/\/legado.redeicm.org.br\/maededeus\/objetivos\/#primaryimage\"},\"image\":{\"@id\":\"https:\/\/legado.redeicm.org.br\/maededeus\/objetivos\/#primaryimage\"},\"thumbnailUrl\":\"https:\/\/legado.redeicm.org.br\/maededeus\/wp-content\/uploads\/sites\/14\/2020\/12\/predio-1024x768.jpg\",\"datePublished\":\"2017-02-14T23:44:35+00:00\",\"dateModified\":\"2021-08-23T11:19:29+00:00\",\"breadcrumb\":{\"@id\":\"https:\/\/legado.redeicm.org.br\/maededeus\/objetivos\/#breadcrumb\"},\"inLanguage\":\"pt-BR\",\"potentialAction\":[{\"@type\":\"ReadAction\",\"target\":[\"https:\/\/legado.redeicm.org.br\/maededeus\/objetivos\/\"]}]},{\"@type\":\"ImageObject\",\"inLanguage\":\"pt-BR\",\"@id\":\"https:\/\/legado.redeicm.org.br\/maededeus\/objetivos\/#primaryimage\",\"url\":\"https:\/\/legado.redeicm.org.br\/maededeus\/wp-content\/uploads\/sites\/14\/2020\/12\/predio.jpg\",\"contentUrl\":\"https:\/\/legado.redeicm.org.br\/maededeus\/wp-content\/uploads\/sites\/14\/2020\/12\/predio.jpg\",\"width\":2016,\"height\":1512},{\"@type\":\"BreadcrumbList\",\"@id\":\"https:\/\/legado.redeicm.org.br\/maededeus\/objetivos\/#breadcrumb\",\"itemListElement\":[{\"@type\":\"ListItem\",\"position\":1,\"name\":\"In\u00edcio\",\"item\":\"https:\/\/legado.redeicm.org.br\/maededeus\/\"},{\"@type\":\"ListItem\",\"position\":2,\"name\":\"Sobre\"}]},{\"@type\":\"WebSite\",\"@id\":\"https:\/\/legado.redeicm.org.br\/maededeus\/#website\",\"url\":\"https:\/\/legado.redeicm.org.br\/maededeus\/\",\"name\":\"Col\u00e9gio M\u00e3e de Deus | Rede ICM de educa\u00e7\u00e3o\",\"description\":\"\",\"potentialAction\":[{\"@type\":\"SearchAction\",\"target\":{\"@type\":\"EntryPoint\",\"urlTemplate\":\"https:\/\/legado.redeicm.org.br\/maededeus\/?s={search_term_string}\"},\"query-input\":{\"@type\":\"PropertyValueSpecification\",\"valueRequired\":true,\"valueName\":\"search_term_string\"}}],\"inLanguage\":\"pt-BR\"}]}<\/script>\n<!-- \/ Yoast SEO plugin. -->","yoast_head_json":{"title":"Sobre - Col\u00e9gio M\u00e3e de Deus | Rede ICM de educa\u00e7\u00e3o","robots":{"index":"index","follow":"follow","max-snippet":"max-snippet:-1","max-image-preview":"max-image-preview:large","max-video-preview":"max-video-preview:-1"},"canonical":"https:\/\/legado.redeicm.org.br\/maededeus\/objetivos\/","og_locale":"pt_BR","og_type":"article","og_title":"Sobre - Col\u00e9gio M\u00e3e de Deus | Rede ICM de educa\u00e7\u00e3o","og_description":"Oferecemos o Turno Extracurricular (TuiMD) para os estudantes do Maternal at\u00e9 o 5\u00ba ano do Ensino Fundamental &#8211; Anos Iniciais.\u00a0 O TuiMD possui pr\u00e9dio pr\u00f3prio com quatro andares, composto por salas de estudo e espa\u00e7os para descanso, para atividades m\u00faltiplas e refeit\u00f3rio. Oferece um espa\u00e7o seguro, tranquilo, agrad\u00e1vel, com ampla \u00e1rea de lazer para a...","og_url":"https:\/\/legado.redeicm.org.br\/maededeus\/objetivos\/","og_site_name":"Col\u00e9gio M\u00e3e de Deus | Rede ICM de educa\u00e7\u00e3o","article_modified_time":"2021-08-23T11:19:29+00:00","og_image":[{"url":"https:\/\/legado.redeicm.org.br\/maededeus\/wp-content\/uploads\/sites\/14\/2020\/12\/predio-1024x768.jpg","type":"","width":"","height":""}],"twitter_card":"summary_large_image","twitter_misc":{"Est. tempo de leitura":"1 minuto"},"schema":{"@context":"https:\/\/schema.org","@graph":[{"@type":"WebPage","@id":"https:\/\/legado.redeicm.org.br\/maededeus\/objetivos\/","url":"https:\/\/legado.redeicm.org.br\/maededeus\/objetivos\/","name":"Sobre - Col\u00e9gio M\u00e3e de Deus | Rede ICM de educa\u00e7\u00e3o","isPartOf":{"@id":"https:\/\/legado.redeicm.org.br\/maededeus\/#website"},"primaryImageOfPage":{"@id":"https:\/\/legado.redeicm.org.br\/maededeus\/objetivos\/#primaryimage"},"image":{"@id":"https:\/\/legado.redeicm.org.br\/maededeus\/objetivos\/#primaryimage"},"thumbnailUrl":"https:\/\/legado.redeicm.org.br\/maededeus\/wp-content\/uploads\/sites\/14\/2020\/12\/predio-1024x768.jpg","datePublished":"2017-02-14T23:44:35+00:00","dateModified":"2021-08-23T11:19:29+00:00","breadcrumb":{"@id":"https:\/\/legado.redeicm.org.br\/maededeus\/objetivos\/#breadcrumb"},"inLanguage":"pt-BR","potentialAction":[{"@type":"ReadAction","target":["https:\/\/legado.redeicm.org.br\/maededeus\/objetivos\/"]}]},{"@type":"ImageObject","inLanguage":"pt-BR","@id":"https:\/\/legado.redeicm.org.br\/maededeus\/objetivos\/#primaryimage","url":"https:\/\/legado.redeicm.org.br\/maededeus\/wp-content\/uploads\/sites\/14\/2020\/12\/predio.jpg","contentUrl":"https:\/\/legado.redeicm.org.br\/maededeus\/wp-content\/uploads\/sites\/14\/2020\/12\/predio.jpg","width":2016,"height":1512},{"@type":"BreadcrumbList","@id":"https:\/\/legado.redeicm.org.br\/maededeus\/objetivos\/#breadcrumb","itemListElement":[{"@type":"ListItem","position":1,"name":"In\u00edcio","item":"https:\/\/legado.redeicm.org.br\/maededeus\/"},{"@type":"ListItem","position":2,"name":"Sobre"}]},{"@type":"WebSite","@id":"https:\/\/legado.redeicm.org.br\/maededeus\/#website","url":"https:\/\/legado.redeicm.org.br\/maededeus\/","name":"Col\u00e9gio M\u00e3e de Deus | Rede ICM de educa\u00e7\u00e3o","description":"","potentialAction":[{"@type":"SearchAction","target":{"@type":"EntryPoint","urlTemplate":"https:\/\/legado.redeicm.org.br\/maededeus\/?s={search_term_string}"},"query-input":{"@type":"PropertyValueSpecification","valueRequired":true,"valueName":"search_term_string"}}],"inLanguage":"pt-BR"}]}},"_links":{"self":[{"href":"https:\/\/legado.redeicm.org.br\/maededeus\/wp-json\/wp\/v2\/pages\/39244"}],"collection":[{"href":"https:\/\/legado.redeicm.org.br\/maededeus\/wp-json\/wp\/v2\/pages"}],"about":[{"href":"https:\/\/legado.redeicm.org.br\/maededeus\/wp-json\/wp\/v2\/types\/page"}],"author":[{"embeddable":true,"href":"https:\/\/legado.redeicm.org.br\/maededeus\/wp-json\/wp\/v2\/users\/1"}],"replies":[{"embeddable":true,"href":"https:\/\/legado.redeicm.org.br\/maededeus\/wp-json\/wp\/v2\/comments?post=39244"}],"version-history":[{"count":7,"href":"https:\/\/legado.redeicm.org.br\/maededeus\/wp-json\/wp\/v2\/pages\/39244\/revisions"}],"predecessor-version":[{"id":64780,"href":"https:\/\/legado.redeicm.org.br\/maededeus\/wp-json\/wp\/v2\/pages\/39244\/revisions\/64780"}],"wp:attachment":[{"href":"https:\/\/legado.redeicm.org.br\/maededeus\/wp-json\/wp\/v2\/media?parent=39244"}],"curies":[{"name":"wp","href":"https:\/\/api.w.org\/{rel}","templated":true}]}}