{"id":39155,"date":"2017-01-12T23:11:35","date_gmt":"2017-01-13T01:11:35","guid":{"rendered":"https:\/\/redeicm.org.br\/maededeus\/?page_id=39155"},"modified":"2021-10-26T16:28:48","modified_gmt":"2021-10-26T19:28:48","slug":"rede-icm","status":"publish","type":"page","link":"https:\/\/legado.redeicm.org.br\/maededeus\/rede-icm\/","title":{"rendered":"Rede ICM"},"content":{"rendered":"<p>Somos a Rede ICM de Educa\u00e7\u00e3o e Assist\u00eancia Social que, fiel \u00e0s suas origens, acolhe e educa crian\u00e7as, adolescentes e jovens, garantindo um processo formativo integral e inovador, que possibilita o desenvolvimento do senso cr\u00edtico, da \u00e9tica, da solidariedade e da cidadania.<br \/>\nAs unidades de ensino e socioassistenciais, em seu fazer educativo, favorecem a constru\u00e7\u00e3o do conhecimento e do desenvolvimento humano, cient\u00edfico, tecnol\u00f3gico e espiritual; contribuem para a forma\u00e7\u00e3o de cidad\u00e3os capazes de analisar, compreender, posicionar-se e intervir na realidade, promovendo transforma\u00e7\u00f5es sociais, com vistas ao bem estar da pessoa, no plano pessoal e coletivo.<br \/>\nAssim, a Rede ICM de Educa\u00e7\u00e3o e Assist\u00eancia Social garante a excel\u00eancia humana e pedag\u00f3gica, sempre Comprometida com o Futuro.<\/p>\n<p>&nbsp;<\/p>\n<p>&nbsp;<\/p>\n<p>&nbsp;<\/p>\n<div class=\"angwp_55514 _ning_cont _ning_hidden _ning_outer _align_center responsive\" data-size=\"300x250\" data-bid=\"55514\" data-aid=\"0\" style=\"max-width:300px; width:100%;height:inherit;\"><div class=\"_ning_label _left\" style=\"\"><\/div><div class=\"_ning_inner\" style=\"\"><\/div><\/div><div class=\"clear\"><\/div>","protected":false},"excerpt":{"rendered":"<p>Somos a Rede ICM de Educa\u00e7\u00e3o e Assist\u00eancia Social que, fiel \u00e0s suas origens, acolhe e educa crian\u00e7as, adolescentes e jovens, garantindo um processo formativo integral e inovador, que possibilita o desenvolvimento do senso cr\u00edtico, da \u00e9tica, da solidariedade e da cidadania. As unidades de ensino e socioassistenciais, em seu fazer educativo, favorecem a constru\u00e7\u00e3o&#8230;<\/p>\n","protected":false},"author":1,"featured_media":0,"parent":0,"menu_order":0,"comment_status":"closed","ping_status":"closed","template":"","meta":{"_acf_changed":false,"_monsterinsights_skip_tracking":false,"_monsterinsights_sitenote_active":false,"_monsterinsights_sitenote_note":"","_monsterinsights_sitenote_category":0,"footnotes":""},"class_list":["post-39155","page","type-page","status-publish","hentry"],"acf":[],"yoast_head":"<!-- This site is optimized with the Yoast SEO plugin v24.9 - https:\/\/yoast.com\/wordpress\/plugins\/seo\/ -->\n<title>Rede ICM - Col\u00e9gio M\u00e3e de Deus | Rede ICM de educa\u00e7\u00e3o<\/title>\n<meta name=\"robots\" content=\"index, follow, max-snippet:-1, max-image-preview:large, max-video-preview:-1\" \/>\n<link rel=\"canonical\" href=\"https:\/\/legado.redeicm.org.br\/maededeus\/rede-icm\/\" \/>\n<meta property=\"og:locale\" content=\"pt_BR\" \/>\n<meta property=\"og:type\" content=\"article\" \/>\n<meta property=\"og:title\" content=\"Rede ICM - Col\u00e9gio M\u00e3e de Deus | Rede ICM de educa\u00e7\u00e3o\" \/>\n<meta property=\"og:description\" content=\"Somos a Rede ICM de Educa\u00e7\u00e3o e Assist\u00eancia Social que, fiel \u00e0s suas origens, acolhe e educa crian\u00e7as, adolescentes e jovens, garantindo um processo formativo integral e inovador, que possibilita o desenvolvimento do senso cr\u00edtico, da \u00e9tica, da solidariedade e da cidadania. As unidades de ensino e socioassistenciais, em seu fazer educativo, favorecem a constru\u00e7\u00e3o...\" \/>\n<meta property=\"og:url\" content=\"https:\/\/legado.redeicm.org.br\/maededeus\/rede-icm\/\" \/>\n<meta property=\"og:site_name\" content=\"Col\u00e9gio M\u00e3e de Deus | Rede ICM de educa\u00e7\u00e3o\" \/>\n<meta property=\"article:modified_time\" content=\"2021-10-26T19:28:48+00:00\" \/>\n<meta name=\"twitter:card\" content=\"summary_large_image\" \/>\n<meta name=\"twitter:label1\" content=\"Est. tempo de leitura\" \/>\n\t<meta name=\"twitter:data1\" content=\"1 minuto\" \/>\n<script type=\"application\/ld+json\" class=\"yoast-schema-graph\">{\"@context\":\"https:\/\/schema.org\",\"@graph\":[{\"@type\":\"WebPage\",\"@id\":\"https:\/\/legado.redeicm.org.br\/maededeus\/rede-icm\/\",\"url\":\"https:\/\/legado.redeicm.org.br\/maededeus\/rede-icm\/\",\"name\":\"Rede ICM - Col\u00e9gio M\u00e3e de Deus | Rede ICM de educa\u00e7\u00e3o\",\"isPartOf\":{\"@id\":\"https:\/\/legado.redeicm.org.br\/maededeus\/#website\"},\"datePublished\":\"2017-01-13T01:11:35+00:00\",\"dateModified\":\"2021-10-26T19:28:48+00:00\",\"breadcrumb\":{\"@id\":\"https:\/\/legado.redeicm.org.br\/maededeus\/rede-icm\/#breadcrumb\"},\"inLanguage\":\"pt-BR\",\"potentialAction\":[{\"@type\":\"ReadAction\",\"target\":[\"https:\/\/legado.redeicm.org.br\/maededeus\/rede-icm\/\"]}]},{\"@type\":\"BreadcrumbList\",\"@id\":\"https:\/\/legado.redeicm.org.br\/maededeus\/rede-icm\/#breadcrumb\",\"itemListElement\":[{\"@type\":\"ListItem\",\"position\":1,\"name\":\"In\u00edcio\",\"item\":\"https:\/\/legado.redeicm.org.br\/maededeus\/\"},{\"@type\":\"ListItem\",\"position\":2,\"name\":\"Rede ICM\"}]},{\"@type\":\"WebSite\",\"@id\":\"https:\/\/legado.redeicm.org.br\/maededeus\/#website\",\"url\":\"https:\/\/legado.redeicm.org.br\/maededeus\/\",\"name\":\"Col\u00e9gio M\u00e3e de Deus | Rede ICM de educa\u00e7\u00e3o\",\"description\":\"\",\"potentialAction\":[{\"@type\":\"SearchAction\",\"target\":{\"@type\":\"EntryPoint\",\"urlTemplate\":\"https:\/\/legado.redeicm.org.br\/maededeus\/?s={search_term_string}\"},\"query-input\":{\"@type\":\"PropertyValueSpecification\",\"valueRequired\":true,\"valueName\":\"search_term_string\"}}],\"inLanguage\":\"pt-BR\"}]}<\/script>\n<!-- \/ Yoast SEO plugin. -->","yoast_head_json":{"title":"Rede ICM - Col\u00e9gio M\u00e3e de Deus | Rede ICM de educa\u00e7\u00e3o","robots":{"index":"index","follow":"follow","max-snippet":"max-snippet:-1","max-image-preview":"max-image-preview:large","max-video-preview":"max-video-preview:-1"},"canonical":"https:\/\/legado.redeicm.org.br\/maededeus\/rede-icm\/","og_locale":"pt_BR","og_type":"article","og_title":"Rede ICM - Col\u00e9gio M\u00e3e de Deus | Rede ICM de educa\u00e7\u00e3o","og_description":"Somos a Rede ICM de Educa\u00e7\u00e3o e Assist\u00eancia Social que, fiel \u00e0s suas origens, acolhe e educa crian\u00e7as, adolescentes e jovens, garantindo um processo formativo integral e inovador, que possibilita o desenvolvimento do senso cr\u00edtico, da \u00e9tica, da solidariedade e da cidadania. As unidades de ensino e socioassistenciais, em seu fazer educativo, favorecem a constru\u00e7\u00e3o...","og_url":"https:\/\/legado.redeicm.org.br\/maededeus\/rede-icm\/","og_site_name":"Col\u00e9gio M\u00e3e de Deus | Rede ICM de educa\u00e7\u00e3o","article_modified_time":"2021-10-26T19:28:48+00:00","twitter_card":"summary_large_image","twitter_misc":{"Est. tempo de leitura":"1 minuto"},"schema":{"@context":"https:\/\/schema.org","@graph":[{"@type":"WebPage","@id":"https:\/\/legado.redeicm.org.br\/maededeus\/rede-icm\/","url":"https:\/\/legado.redeicm.org.br\/maededeus\/rede-icm\/","name":"Rede ICM - Col\u00e9gio M\u00e3e de Deus | Rede ICM de educa\u00e7\u00e3o","isPartOf":{"@id":"https:\/\/legado.redeicm.org.br\/maededeus\/#website"},"datePublished":"2017-01-13T01:11:35+00:00","dateModified":"2021-10-26T19:28:48+00:00","breadcrumb":{"@id":"https:\/\/legado.redeicm.org.br\/maededeus\/rede-icm\/#breadcrumb"},"inLanguage":"pt-BR","potentialAction":[{"@type":"ReadAction","target":["https:\/\/legado.redeicm.org.br\/maededeus\/rede-icm\/"]}]},{"@type":"BreadcrumbList","@id":"https:\/\/legado.redeicm.org.br\/maededeus\/rede-icm\/#breadcrumb","itemListElement":[{"@type":"ListItem","position":1,"name":"In\u00edcio","item":"https:\/\/legado.redeicm.org.br\/maededeus\/"},{"@type":"ListItem","position":2,"name":"Rede ICM"}]},{"@type":"WebSite","@id":"https:\/\/legado.redeicm.org.br\/maededeus\/#website","url":"https:\/\/legado.redeicm.org.br\/maededeus\/","name":"Col\u00e9gio M\u00e3e de Deus | Rede ICM de educa\u00e7\u00e3o","description":"","potentialAction":[{"@type":"SearchAction","target":{"@type":"EntryPoint","urlTemplate":"https:\/\/legado.redeicm.org.br\/maededeus\/?s={search_term_string}"},"query-input":{"@type":"PropertyValueSpecification","valueRequired":true,"valueName":"search_term_string"}}],"inLanguage":"pt-BR"}]}},"_links":{"self":[{"href":"https:\/\/legado.redeicm.org.br\/maededeus\/wp-json\/wp\/v2\/pages\/39155"}],"collection":[{"href":"https:\/\/legado.redeicm.org.br\/maededeus\/wp-json\/wp\/v2\/pages"}],"about":[{"href":"https:\/\/legado.redeicm.org.br\/maededeus\/wp-json\/wp\/v2\/types\/page"}],"author":[{"embeddable":true,"href":"https:\/\/legado.redeicm.org.br\/maededeus\/wp-json\/wp\/v2\/users\/1"}],"replies":[{"embeddable":true,"href":"https:\/\/legado.redeicm.org.br\/maededeus\/wp-json\/wp\/v2\/comments?post=39155"}],"version-history":[{"count":3,"href":"https:\/\/legado.redeicm.org.br\/maededeus\/wp-json\/wp\/v2\/pages\/39155\/revisions"}],"predecessor-version":[{"id":65128,"href":"https:\/\/legado.redeicm.org.br\/maededeus\/wp-json\/wp\/v2\/pages\/39155\/revisions\/65128"}],"wp:attachment":[{"href":"https:\/\/legado.redeicm.org.br\/maededeus\/wp-json\/wp\/v2\/media?parent=39155"}],"curies":[{"name":"wp","href":"https:\/\/api.w.org\/{rel}","templated":true}]}}