{"id":39153,"date":"2017-01-12T23:10:44","date_gmt":"2017-01-13T01:10:44","guid":{"rendered":"https:\/\/redeicm.org.br\/maededeus\/?page_id=39153"},"modified":"2022-09-30T16:13:00","modified_gmt":"2022-09-30T19:13:00","slug":"historico","status":"publish","type":"page","link":"https:\/\/legado.redeicm.org.br\/maededeus\/historico\/","title":{"rendered":"Sobre a Unidade de Educa\u00e7\u00e3o"},"content":{"rendered":"<p style=\"text-align: justify\"><strong>HIST\u00d3RICO<\/strong><br \/>\nAs ra\u00edzes da hist\u00f3ria do Col\u00e9gio M\u00e3e de Deus, no Bairro Tristeza, remontam ao in\u00edcio do s\u00e9culo, quando Dona Miguelina da Concei\u00e7\u00e3o comprou um s\u00edtio na rua Dr. M\u00e1rio Totta e doou-o \u00e0 filha Rafaela. Mais tarde, a Irm\u00e3 Rafaela da Concei\u00e7\u00e3o doou o terreno que herdara da m\u00e3e para sua Congrega\u00e7\u00e3o \u2013 a das Irm\u00e3s do Imaculado Cora\u00e7\u00e3o de Maria \u2013 que logo decidiu pela constru\u00e7\u00e3o de um Col\u00e9gio.<\/p>\n<p style=\"text-align: justify\">O Col\u00e9gio M\u00e3e de Deus \u00e9 uma obra pertencente \u00e0 Congrega\u00e7\u00e3o das Irm\u00e3s do Imaculado Cora\u00e7\u00e3o de Maria, que tem como fonte de inspira\u00e7\u00e3o e modelo de educa\u00e7\u00e3o B\u00e1rbara Maix, sua fundadora. O Col\u00e9gio foi inaugurado com o nome COL\u00c9GIO SANTA RITA, a 10 de janeiro de 1904, em uma missa festiva celebrada pelo Padre Pedro Weimer. A dire\u00e7\u00e3o do Col\u00e9gio foi entregue \u00e0 Madre Maria Angelina do Sant\u00edssimo Sacramento que iniciou as atividades escolares com 80 alunas.<\/p>\n<p style=\"text-align: justify\">Quatro anos ap\u00f3s, em 1908, as irm\u00e3s adquiriram o \u201cHOTEL DA PRAIA\u201d, na mesma rua e, para l\u00e1, transferiram a sede atual do Col\u00e9gio, passando a ser o Noviciado da Congrega\u00e7\u00e3o. Depois de seis anos de funcionamento, o Col\u00e9gio Santa Rita teve suas atividades suspensas por dois anos, devido \u00e0 ocupa\u00e7\u00e3o do pr\u00e9dio pelas \u00f3rf\u00e3s do Asilo S\u00e3o Benedito.\u00a0Em 1918, o Asilo retornou para o centro da cidade e, ent\u00e3o, o Col\u00e9gio foi reativado em seu lugar de origem, por\u00e9m com outro nome: COL\u00c9GIO NOSSA SENHORA DO SAGRADO CORA\u00c7\u00c3O. As alunas, no in\u00edcio, eram em pequeno n\u00famero, mas, gradativamente, foram aumentando. Nesse crescimento, a colabora\u00e7\u00e3o da comunidade, juntamente com o esfor\u00e7o e dedica\u00e7\u00e3o das Irm\u00e3s, foi fator decisivo.<\/p>\n<p style=\"text-align: justify\">Com o passar do tempo, foram necess\u00e1rias algumas reformas no pr\u00e9dio do Col\u00e9gio, visando a uma expans\u00e3o f\u00edsica para a absor\u00e7\u00e3o dos novos alunos. Em 1961, foi iniciada a constru\u00e7\u00e3o do atual pr\u00e9dio do col\u00e9gio, pois a clientela escolar, sempre mais numerosa, exigia nova amplia\u00e7\u00e3o do espa\u00e7o f\u00edsico. As obras foram conclu\u00eddas em 1967.\u00a0Uma nova p\u00e1gina na hist\u00f3ria do Col\u00e9gio come\u00e7a a ser escrita em 1968. A comunidade desejava que, al\u00e9m do eficiente curso prim\u00e1rio, o Col\u00e9gio iniciasse o Curso Ginasial. Surgiu, ent\u00e3o, um grupo de pais que, apoiados pelas Irm\u00e3s, come\u00e7aram a se mobilizar em torno do objetivo e fundaram o Centro Educacional Comunit\u00e1rio da Tristeza \u2013 CECT. Com o empenho desse centro junto \u00e0 Dire\u00e7\u00e3o, em 1970, foi autorizado o Curso Ginasial, denominado GIN\u00c1SIO M\u00c3E DE DEUS.\u00a0Posteriormente, com a reforma do Ensino, os cursos prim\u00e1rio e ginasial passaram a constituir o Ensino de 1\u00ba Grau, implicando em nova altera\u00e7\u00e3o do nome. Passou a ser: ESCOLA M\u00c3E DE DEUS \u2013 JARDIM DE INF\u00c2NCIA E 1\u00ba GRAU.<\/p>\n<p style=\"text-align: justify\">Com a amplia\u00e7\u00e3o de sua atua\u00e7\u00e3o na \u00e1rea de ensino, servi\u00e7os e associa\u00e7\u00f5es foram se constituindo dentro da Escola. J\u00e1 em 1969, havia sido fundado o CLUBE DE M\u00c3ES. Em 1970, o GR\u00caMIO ESTUDANTIL. Em 1971, a ASSOCIA\u00c7\u00c3O DE PAIS E MESTRES como continuidade da CECT.<\/p>\n<p style=\"text-align: justify\">O Bairro Tristeza expandiu-se e os eventos do mundo moderno trouxeram consigo novos desafios \u00e0 miss\u00e3o de educar. Miss\u00e3o essa que o Col\u00e9gio M\u00e3e de Deus abra\u00e7ou e, de m\u00e3os dadas com a Comunidade, avan\u00e7ou, cresceu e consolidou caminhos de credibilidade e participa\u00e7\u00e3o. No ano de 1971, concretizou-se o sonho de um local destinado somente aos pequenos do Jardim com a constru\u00e7\u00e3o de um pr\u00e9dio mais moderno, respondendo \u00e0s exig\u00eancias da atualidade. A ideia da constru\u00e7\u00e3o do Gin\u00e1sio de Esportes nasceu em 1976 e foi concretizada em 11 de agosto de 1979.<br \/>\nBuscando sempre uma atualiza\u00e7\u00e3o e adequa\u00e7\u00e3o \u00e0 melhoria da qualidade de ensino, houve em 1993, a preocupa\u00e7\u00e3o em dar origem ao Laborat\u00f3rio de Inform\u00e1tica, como mais um instrumento \u00e0 disposi\u00e7\u00e3o dos professores e alunos, auxiliando no processo de ensino e aprendizagem. Em 1994, atendendo a uma solicita\u00e7\u00e3o dos professores e \u00e0 necessidade de melhor atendimento aos alunos do Jardim de Inf\u00e2ncia, construiu-se um sal\u00e3o no pr\u00f3prio pr\u00e9dio do Jardim, a fim de propiciar a realiza\u00e7\u00e3o de uma caminhada que respondesse aos reais interesses do dia-a-dia.<\/p>\n<p style=\"text-align: justify\">Em 1998, assumiu-se um marco muito importante na vida do Col\u00e9gio M\u00e3e de Deus \u2013 a implanta\u00e7\u00e3o do Ensino M\u00e9dio. Foi a concretiza\u00e7\u00e3o de um sonho acalentado por longos anos e a express\u00e3o da luta incans\u00e1vel dos pais, representados pela Associa\u00e7\u00e3o de Pais e Mestres, que apostaram neste sonho e acreditaram no esfor\u00e7o conjunto. \u201cSonho que se sonha s\u00f3 \u00e9 pura ilus\u00e3o, sonho sonhado por todos, \u00e9 sinal de solu\u00e7\u00e3o\u201d.<\/p>\n<p style=\"text-align: justify\">No ano de 1999 inaugurou-se um novo pr\u00e9dio, abrigando o Ensino M\u00e9dio que havia sido implantado no ano anterior. J\u00e1 em 2016, depois de 03 anos de planejamento, iniciou-se a constru\u00e7\u00e3o de um novo pr\u00e9dio, com a finalidade de aprimorar o atendimento para as crian\u00e7as, especialmente no turno extraclasse (TuiMD e estendido), a ser inaugurado no ano de 2017.<br \/>\nA credibilidade e a confian\u00e7a das fam\u00edlias, depositada na Proposta de Educa\u00e7\u00e3o que o Col\u00e9gio oferece e nos valores que ele cultiva na forma\u00e7\u00e3o dos seus educandos, anima a caminhada.<\/p>\n<p style=\"text-align: justify\">O ano de 2017 inicia tamb\u00e9m com um importante marco para o Col\u00e9gio M\u00e3e de Deus: uma nova marca visual. Esta marca resgata a origem desta institui\u00e7\u00e3o, pois a identifica como parte da Rede ICM de Educa\u00e7\u00e3o. O Col\u00e9gio M\u00e3e de Deus \u00e9 uma Unidade de Ensino, dentre as 16 unidades de ensino da rede, pertencente a Congrega\u00e7\u00e3o das Irm\u00e3s ICM (Imaculado Cora\u00e7\u00e3o de Maria), que neste momento da hist\u00f3ria assumem uma marca comum, fortalecendo e renovando seu compromisso com a educa\u00e7\u00e3o, atrav\u00e9s de sua miss\u00e3o e seus princ\u00edpios, onde a solidariedade, a coopera\u00e7\u00e3o , a dignidade da pessoa e a compet\u00eancia t\u00e9cnica constituem base para uma educa\u00e7\u00e3o de excel\u00eancia.<\/p>\n<p style=\"text-align: justify\">Junto \u00e0s irm\u00e3s, muitos leigos e leigas doam sua vida e compartilham da miss\u00e3o educativa, assumindo diferentes servi\u00e7os no Col\u00e9gio M\u00e3e de Deus, formando o corpo que acredita, empenha esfor\u00e7os e vibra com este projeto de educa\u00e7\u00e3o preconizado por B\u00e1rbara Maix, na certeza que este modelo de educa\u00e7\u00e3o est\u00e1 comprometido com o futuro, contribuindo na constru\u00e7\u00e3o de uma nova sociedade, mais justa e solid\u00e1ria.<\/p>\n<p style=\"text-align: justify\">A semente lan\u00e7ada a mais de um s\u00e9culo germinou, brotou, cresceu e se desenvolveu, constituindo-se assim, o t\u00e3o querido Col\u00e9gio M\u00e3e de Deus, junto ao qual, acorrem ano a ano, centenas de crian\u00e7as e jovens que buscam respostas para suas interroga\u00e7\u00f5es existenciais, conhecimento e compet\u00eancia para os desafios da vida e do mundo, motiva\u00e7\u00e3o para cultivar a f\u00e9, coragem para viver a fraternidade, a justi\u00e7a, a solidariedade, a partilha e tantos outros valores que o Evangelho prop\u00f5e.<br \/>\nSinta-se parte desta hist\u00f3ria, conhe\u00e7a o Col\u00e9gio M\u00e3e de Deus!<\/p>\n<div class=\"angwp_55514 _ning_cont _ning_hidden _ning_outer _align_center responsive\" data-size=\"300x250\" data-bid=\"55514\" data-aid=\"0\" style=\"max-width:300px; width:100%;height:inherit;\"><div class=\"_ning_label _left\" style=\"\"><\/div><div class=\"_ning_inner\" style=\"\"><\/div><\/div><div class=\"clear\"><\/div>","protected":false},"excerpt":{"rendered":"<p>HIST\u00d3RICO As ra\u00edzes da hist\u00f3ria do Col\u00e9gio M\u00e3e de Deus, no Bairro Tristeza, remontam ao in\u00edcio do s\u00e9culo, quando Dona Miguelina da Concei\u00e7\u00e3o comprou um s\u00edtio na rua Dr. M\u00e1rio Totta e doou-o \u00e0 filha Rafaela. Mais tarde, a Irm\u00e3 Rafaela da Concei\u00e7\u00e3o doou o terreno que herdara da m\u00e3e para sua Congrega\u00e7\u00e3o \u2013 a&#8230;<\/p>\n","protected":false},"author":1,"featured_media":0,"parent":0,"menu_order":0,"comment_status":"closed","ping_status":"closed","template":"","meta":{"_acf_changed":false,"_monsterinsights_skip_tracking":false,"_monsterinsights_sitenote_active":false,"_monsterinsights_sitenote_note":"","_monsterinsights_sitenote_category":0,"footnotes":""},"class_list":["post-39153","page","type-page","status-publish","hentry"],"acf":[],"yoast_head":"<!-- This site is optimized with the Yoast SEO plugin v24.9 - https:\/\/yoast.com\/wordpress\/plugins\/seo\/ -->\n<title>Sobre a Unidade de Educa\u00e7\u00e3o - Col\u00e9gio M\u00e3e de Deus | Rede ICM de educa\u00e7\u00e3o<\/title>\n<meta name=\"robots\" content=\"index, follow, max-snippet:-1, max-image-preview:large, max-video-preview:-1\" \/>\n<link rel=\"canonical\" href=\"https:\/\/legado.redeicm.org.br\/maededeus\/historico\/\" \/>\n<meta property=\"og:locale\" content=\"pt_BR\" \/>\n<meta property=\"og:type\" content=\"article\" \/>\n<meta property=\"og:title\" content=\"Sobre a Unidade de Educa\u00e7\u00e3o - Col\u00e9gio M\u00e3e de Deus | Rede ICM de educa\u00e7\u00e3o\" \/>\n<meta property=\"og:description\" content=\"HIST\u00d3RICO As ra\u00edzes da hist\u00f3ria do Col\u00e9gio M\u00e3e de Deus, no Bairro Tristeza, remontam ao in\u00edcio do s\u00e9culo, quando Dona Miguelina da Concei\u00e7\u00e3o comprou um s\u00edtio na rua Dr. M\u00e1rio Totta e doou-o \u00e0 filha Rafaela. Mais tarde, a Irm\u00e3 Rafaela da Concei\u00e7\u00e3o doou o terreno que herdara da m\u00e3e para sua Congrega\u00e7\u00e3o \u2013 a...\" \/>\n<meta property=\"og:url\" content=\"https:\/\/legado.redeicm.org.br\/maededeus\/historico\/\" \/>\n<meta property=\"og:site_name\" content=\"Col\u00e9gio M\u00e3e de Deus | Rede ICM de educa\u00e7\u00e3o\" \/>\n<meta property=\"article:modified_time\" content=\"2022-09-30T19:13:00+00:00\" \/>\n<meta name=\"twitter:card\" content=\"summary_large_image\" \/>\n<meta name=\"twitter:label1\" content=\"Est. tempo de leitura\" \/>\n\t<meta name=\"twitter:data1\" content=\"6 minutos\" \/>\n<script type=\"application\/ld+json\" class=\"yoast-schema-graph\">{\"@context\":\"https:\/\/schema.org\",\"@graph\":[{\"@type\":\"WebPage\",\"@id\":\"https:\/\/legado.redeicm.org.br\/maededeus\/historico\/\",\"url\":\"https:\/\/legado.redeicm.org.br\/maededeus\/historico\/\",\"name\":\"Sobre a Unidade de Educa\u00e7\u00e3o - Col\u00e9gio M\u00e3e de Deus | Rede ICM de educa\u00e7\u00e3o\",\"isPartOf\":{\"@id\":\"https:\/\/legado.redeicm.org.br\/maededeus\/#website\"},\"datePublished\":\"2017-01-13T01:10:44+00:00\",\"dateModified\":\"2022-09-30T19:13:00+00:00\",\"breadcrumb\":{\"@id\":\"https:\/\/legado.redeicm.org.br\/maededeus\/historico\/#breadcrumb\"},\"inLanguage\":\"pt-BR\",\"potentialAction\":[{\"@type\":\"ReadAction\",\"target\":[\"https:\/\/legado.redeicm.org.br\/maededeus\/historico\/\"]}]},{\"@type\":\"BreadcrumbList\",\"@id\":\"https:\/\/legado.redeicm.org.br\/maededeus\/historico\/#breadcrumb\",\"itemListElement\":[{\"@type\":\"ListItem\",\"position\":1,\"name\":\"In\u00edcio\",\"item\":\"https:\/\/legado.redeicm.org.br\/maededeus\/\"},{\"@type\":\"ListItem\",\"position\":2,\"name\":\"Sobre a Unidade de Educa\u00e7\u00e3o\"}]},{\"@type\":\"WebSite\",\"@id\":\"https:\/\/legado.redeicm.org.br\/maededeus\/#website\",\"url\":\"https:\/\/legado.redeicm.org.br\/maededeus\/\",\"name\":\"Col\u00e9gio M\u00e3e de Deus | Rede ICM de educa\u00e7\u00e3o\",\"description\":\"\",\"potentialAction\":[{\"@type\":\"SearchAction\",\"target\":{\"@type\":\"EntryPoint\",\"urlTemplate\":\"https:\/\/legado.redeicm.org.br\/maededeus\/?s={search_term_string}\"},\"query-input\":{\"@type\":\"PropertyValueSpecification\",\"valueRequired\":true,\"valueName\":\"search_term_string\"}}],\"inLanguage\":\"pt-BR\"}]}<\/script>\n<!-- \/ Yoast SEO plugin. -->","yoast_head_json":{"title":"Sobre a Unidade de Educa\u00e7\u00e3o - Col\u00e9gio M\u00e3e de Deus | Rede ICM de educa\u00e7\u00e3o","robots":{"index":"index","follow":"follow","max-snippet":"max-snippet:-1","max-image-preview":"max-image-preview:large","max-video-preview":"max-video-preview:-1"},"canonical":"https:\/\/legado.redeicm.org.br\/maededeus\/historico\/","og_locale":"pt_BR","og_type":"article","og_title":"Sobre a Unidade de Educa\u00e7\u00e3o - Col\u00e9gio M\u00e3e de Deus | Rede ICM de educa\u00e7\u00e3o","og_description":"HIST\u00d3RICO As ra\u00edzes da hist\u00f3ria do Col\u00e9gio M\u00e3e de Deus, no Bairro Tristeza, remontam ao in\u00edcio do s\u00e9culo, quando Dona Miguelina da Concei\u00e7\u00e3o comprou um s\u00edtio na rua Dr. M\u00e1rio Totta e doou-o \u00e0 filha Rafaela. Mais tarde, a Irm\u00e3 Rafaela da Concei\u00e7\u00e3o doou o terreno que herdara da m\u00e3e para sua Congrega\u00e7\u00e3o \u2013 a...","og_url":"https:\/\/legado.redeicm.org.br\/maededeus\/historico\/","og_site_name":"Col\u00e9gio M\u00e3e de Deus | Rede ICM de educa\u00e7\u00e3o","article_modified_time":"2022-09-30T19:13:00+00:00","twitter_card":"summary_large_image","twitter_misc":{"Est. tempo de leitura":"6 minutos"},"schema":{"@context":"https:\/\/schema.org","@graph":[{"@type":"WebPage","@id":"https:\/\/legado.redeicm.org.br\/maededeus\/historico\/","url":"https:\/\/legado.redeicm.org.br\/maededeus\/historico\/","name":"Sobre a Unidade de Educa\u00e7\u00e3o - Col\u00e9gio M\u00e3e de Deus | Rede ICM de educa\u00e7\u00e3o","isPartOf":{"@id":"https:\/\/legado.redeicm.org.br\/maededeus\/#website"},"datePublished":"2017-01-13T01:10:44+00:00","dateModified":"2022-09-30T19:13:00+00:00","breadcrumb":{"@id":"https:\/\/legado.redeicm.org.br\/maededeus\/historico\/#breadcrumb"},"inLanguage":"pt-BR","potentialAction":[{"@type":"ReadAction","target":["https:\/\/legado.redeicm.org.br\/maededeus\/historico\/"]}]},{"@type":"BreadcrumbList","@id":"https:\/\/legado.redeicm.org.br\/maededeus\/historico\/#breadcrumb","itemListElement":[{"@type":"ListItem","position":1,"name":"In\u00edcio","item":"https:\/\/legado.redeicm.org.br\/maededeus\/"},{"@type":"ListItem","position":2,"name":"Sobre a Unidade de Educa\u00e7\u00e3o"}]},{"@type":"WebSite","@id":"https:\/\/legado.redeicm.org.br\/maededeus\/#website","url":"https:\/\/legado.redeicm.org.br\/maededeus\/","name":"Col\u00e9gio M\u00e3e de Deus | Rede ICM de educa\u00e7\u00e3o","description":"","potentialAction":[{"@type":"SearchAction","target":{"@type":"EntryPoint","urlTemplate":"https:\/\/legado.redeicm.org.br\/maededeus\/?s={search_term_string}"},"query-input":{"@type":"PropertyValueSpecification","valueRequired":true,"valueName":"search_term_string"}}],"inLanguage":"pt-BR"}]}},"_links":{"self":[{"href":"https:\/\/legado.redeicm.org.br\/maededeus\/wp-json\/wp\/v2\/pages\/39153"}],"collection":[{"href":"https:\/\/legado.redeicm.org.br\/maededeus\/wp-json\/wp\/v2\/pages"}],"about":[{"href":"https:\/\/legado.redeicm.org.br\/maededeus\/wp-json\/wp\/v2\/types\/page"}],"author":[{"embeddable":true,"href":"https:\/\/legado.redeicm.org.br\/maededeus\/wp-json\/wp\/v2\/users\/1"}],"replies":[{"embeddable":true,"href":"https:\/\/legado.redeicm.org.br\/maededeus\/wp-json\/wp\/v2\/comments?post=39153"}],"version-history":[{"count":6,"href":"https:\/\/legado.redeicm.org.br\/maededeus\/wp-json\/wp\/v2\/pages\/39153\/revisions"}],"predecessor-version":[{"id":68170,"href":"https:\/\/legado.redeicm.org.br\/maededeus\/wp-json\/wp\/v2\/pages\/39153\/revisions\/68170"}],"wp:attachment":[{"href":"https:\/\/legado.redeicm.org.br\/maededeus\/wp-json\/wp\/v2\/media?parent=39153"}],"curies":[{"name":"wp","href":"https:\/\/api.w.org\/{rel}","templated":true}]}}