{"id":39125,"date":"2017-01-12T20:30:18","date_gmt":"2017-01-12T22:30:18","guid":{"rendered":"https:\/\/redeicm.org.br\/maededeus\/?page_id=39125"},"modified":"2021-10-26T16:41:13","modified_gmt":"2021-10-26T19:41:13","slug":"apm","status":"publish","type":"page","link":"https:\/\/legado.redeicm.org.br\/maededeus\/apm\/","title":{"rendered":"APM &#8211; Associa\u00e7\u00e3o de Pais e Mestres"},"content":{"rendered":"<p><strong>Integrantes da Associa\u00e7\u00e3o de Pais e Mestres\u00a0<span style=\"text-align: justify\">(APM)\u00a0<\/span>do Col\u00e9gio M\u00e3e de Deus<\/strong><\/p>\n<p style=\"text-align: justify\">Tem por finalidade primeira coordenar e harmonizar os esfor\u00e7os da Fam\u00edlia e da Escola, visando o aprimoramento do processo educativo e o crescimento de todos no compromiso com a Proposta Educacional.<\/p>\n<p><strong>Integrantes da Associa\u00e7\u00e3o de Pais e Mestres no ano de 2019:<\/strong><\/p>\n<p><strong>Presidente:\u00a0<\/strong>Fl\u00e1vio Luis Milczarski<\/p>\n<p><strong>Vice-Presidente: <\/strong>Jaqueline Costa da Silva<\/p>\n<p><strong>Secret\u00e1ria:<\/strong> Vanessa Arceno<br \/>\n<strong>1\u00ba Tesoureiro:<\/strong> Alexandre Tremper Farias<br \/>\n<strong>2\u00ba Tesoureiro:<\/strong> Roberto Bomfim Schmit<br \/>\n<strong>Conselho Fiscal:<\/strong> Giovana Giordano<br \/>\n<strong>Conselho Fiscal Suplente:<\/strong> Fabio Lima<br \/>\n<strong>Representante dos Professores e Funcion\u00e1rios:<\/strong> Rafael Kroth<br \/>\n<strong>Represente dos Pais:<\/strong> Luciana Martinez<\/p>\n<p><strong>Demais pais participantes:<\/strong><br \/>\nCl\u00e1udia Montier<br \/>\nDaniela Peppl<br \/>\nKarina Broetto Dias<br \/>\nLuciane Andriotti<br \/>\nLuciano Fernandes<br \/>\nRafael Volkmer<br \/>\nRicardo Baumhardt<br \/>\nRoberto Dias<\/p>\n<p><strong>Diretora do Col\u00e9gio<\/strong><br \/>\nIr. Sueli Rosane Gonzatti<\/p>\n<p><strong>Vice-Diretora<\/strong><br \/>\nMaria Ester Homem Machado<\/p>\n<p><strong>Coordenadora de Etapa (Educa\u00e7\u00e3o Infantil e Ensino Fundamental &#8211; Anos Iniciais)<\/strong><br \/>\nIr. Laura Pizzatto<\/p>\n<p>&nbsp;<\/p>\n<div class=\"angwp_55514 _ning_cont _ning_hidden _ning_outer _align_center responsive\" data-size=\"300x250\" data-bid=\"55514\" data-aid=\"0\" style=\"max-width:300px; width:100%;height:inherit;\"><div class=\"_ning_label _left\" style=\"\"><\/div><div class=\"_ning_inner\" style=\"\"><\/div><\/div><div class=\"clear\"><\/div>","protected":false},"excerpt":{"rendered":"<p>Integrantes da Associa\u00e7\u00e3o de Pais e Mestres\u00a0(APM)\u00a0do Col\u00e9gio M\u00e3e de Deus Tem por finalidade primeira coordenar e harmonizar os esfor\u00e7os da Fam\u00edlia e da Escola, visando o aprimoramento do processo educativo e o crescimento de todos no compromiso com a Proposta Educacional. Integrantes da Associa\u00e7\u00e3o de Pais e Mestres no ano de 2019: Presidente:\u00a0Fl\u00e1vio Luis&#8230;<\/p>\n","protected":false},"author":1,"featured_media":0,"parent":0,"menu_order":0,"comment_status":"closed","ping_status":"closed","template":"","meta":{"_acf_changed":false,"_monsterinsights_skip_tracking":false,"_monsterinsights_sitenote_active":false,"_monsterinsights_sitenote_note":"","_monsterinsights_sitenote_category":0,"footnotes":""},"class_list":["post-39125","page","type-page","status-publish","hentry"],"acf":[],"yoast_head":"<!-- This site is optimized with the Yoast SEO plugin v24.9 - https:\/\/yoast.com\/wordpress\/plugins\/seo\/ -->\n<title>APM - Associa\u00e7\u00e3o de Pais e Mestres - Col\u00e9gio M\u00e3e de Deus | Rede ICM de educa\u00e7\u00e3o<\/title>\n<meta name=\"robots\" content=\"index, follow, max-snippet:-1, max-image-preview:large, max-video-preview:-1\" \/>\n<link rel=\"canonical\" href=\"https:\/\/legado.redeicm.org.br\/maededeus\/apm\/\" \/>\n<meta property=\"og:locale\" content=\"pt_BR\" \/>\n<meta property=\"og:type\" content=\"article\" \/>\n<meta property=\"og:title\" content=\"APM - Associa\u00e7\u00e3o de Pais e Mestres - Col\u00e9gio M\u00e3e de Deus | Rede ICM de educa\u00e7\u00e3o\" \/>\n<meta property=\"og:description\" content=\"Integrantes da Associa\u00e7\u00e3o de Pais e Mestres\u00a0(APM)\u00a0do Col\u00e9gio M\u00e3e de Deus Tem por finalidade primeira coordenar e harmonizar os esfor\u00e7os da Fam\u00edlia e da Escola, visando o aprimoramento do processo educativo e o crescimento de todos no compromiso com a Proposta Educacional. Integrantes da Associa\u00e7\u00e3o de Pais e Mestres no ano de 2019: Presidente:\u00a0Fl\u00e1vio Luis...\" \/>\n<meta property=\"og:url\" content=\"https:\/\/legado.redeicm.org.br\/maededeus\/apm\/\" \/>\n<meta property=\"og:site_name\" content=\"Col\u00e9gio M\u00e3e de Deus | Rede ICM de educa\u00e7\u00e3o\" \/>\n<meta property=\"article:modified_time\" content=\"2021-10-26T19:41:13+00:00\" \/>\n<meta name=\"twitter:card\" content=\"summary_large_image\" \/>\n<meta name=\"twitter:label1\" content=\"Est. tempo de leitura\" \/>\n\t<meta name=\"twitter:data1\" content=\"1 minuto\" \/>\n<script type=\"application\/ld+json\" class=\"yoast-schema-graph\">{\"@context\":\"https:\/\/schema.org\",\"@graph\":[{\"@type\":\"WebPage\",\"@id\":\"https:\/\/legado.redeicm.org.br\/maededeus\/apm\/\",\"url\":\"https:\/\/legado.redeicm.org.br\/maededeus\/apm\/\",\"name\":\"APM - Associa\u00e7\u00e3o de Pais e Mestres - Col\u00e9gio M\u00e3e de Deus | Rede ICM de educa\u00e7\u00e3o\",\"isPartOf\":{\"@id\":\"https:\/\/legado.redeicm.org.br\/maededeus\/#website\"},\"datePublished\":\"2017-01-12T22:30:18+00:00\",\"dateModified\":\"2021-10-26T19:41:13+00:00\",\"breadcrumb\":{\"@id\":\"https:\/\/legado.redeicm.org.br\/maededeus\/apm\/#breadcrumb\"},\"inLanguage\":\"pt-BR\",\"potentialAction\":[{\"@type\":\"ReadAction\",\"target\":[\"https:\/\/legado.redeicm.org.br\/maededeus\/apm\/\"]}]},{\"@type\":\"BreadcrumbList\",\"@id\":\"https:\/\/legado.redeicm.org.br\/maededeus\/apm\/#breadcrumb\",\"itemListElement\":[{\"@type\":\"ListItem\",\"position\":1,\"name\":\"In\u00edcio\",\"item\":\"https:\/\/legado.redeicm.org.br\/maededeus\/\"},{\"@type\":\"ListItem\",\"position\":2,\"name\":\"APM &#8211; Associa\u00e7\u00e3o de Pais e Mestres\"}]},{\"@type\":\"WebSite\",\"@id\":\"https:\/\/legado.redeicm.org.br\/maededeus\/#website\",\"url\":\"https:\/\/legado.redeicm.org.br\/maededeus\/\",\"name\":\"Col\u00e9gio M\u00e3e de Deus | Rede ICM de educa\u00e7\u00e3o\",\"description\":\"\",\"potentialAction\":[{\"@type\":\"SearchAction\",\"target\":{\"@type\":\"EntryPoint\",\"urlTemplate\":\"https:\/\/legado.redeicm.org.br\/maededeus\/?s={search_term_string}\"},\"query-input\":{\"@type\":\"PropertyValueSpecification\",\"valueRequired\":true,\"valueName\":\"search_term_string\"}}],\"inLanguage\":\"pt-BR\"}]}<\/script>\n<!-- \/ Yoast SEO plugin. -->","yoast_head_json":{"title":"APM - Associa\u00e7\u00e3o de Pais e Mestres - Col\u00e9gio M\u00e3e de Deus | Rede ICM de educa\u00e7\u00e3o","robots":{"index":"index","follow":"follow","max-snippet":"max-snippet:-1","max-image-preview":"max-image-preview:large","max-video-preview":"max-video-preview:-1"},"canonical":"https:\/\/legado.redeicm.org.br\/maededeus\/apm\/","og_locale":"pt_BR","og_type":"article","og_title":"APM - Associa\u00e7\u00e3o de Pais e Mestres - Col\u00e9gio M\u00e3e de Deus | Rede ICM de educa\u00e7\u00e3o","og_description":"Integrantes da Associa\u00e7\u00e3o de Pais e Mestres\u00a0(APM)\u00a0do Col\u00e9gio M\u00e3e de Deus Tem por finalidade primeira coordenar e harmonizar os esfor\u00e7os da Fam\u00edlia e da Escola, visando o aprimoramento do processo educativo e o crescimento de todos no compromiso com a Proposta Educacional. Integrantes da Associa\u00e7\u00e3o de Pais e Mestres no ano de 2019: Presidente:\u00a0Fl\u00e1vio Luis...","og_url":"https:\/\/legado.redeicm.org.br\/maededeus\/apm\/","og_site_name":"Col\u00e9gio M\u00e3e de Deus | Rede ICM de educa\u00e7\u00e3o","article_modified_time":"2021-10-26T19:41:13+00:00","twitter_card":"summary_large_image","twitter_misc":{"Est. tempo de leitura":"1 minuto"},"schema":{"@context":"https:\/\/schema.org","@graph":[{"@type":"WebPage","@id":"https:\/\/legado.redeicm.org.br\/maededeus\/apm\/","url":"https:\/\/legado.redeicm.org.br\/maededeus\/apm\/","name":"APM - Associa\u00e7\u00e3o de Pais e Mestres - Col\u00e9gio M\u00e3e de Deus | Rede ICM de educa\u00e7\u00e3o","isPartOf":{"@id":"https:\/\/legado.redeicm.org.br\/maededeus\/#website"},"datePublished":"2017-01-12T22:30:18+00:00","dateModified":"2021-10-26T19:41:13+00:00","breadcrumb":{"@id":"https:\/\/legado.redeicm.org.br\/maededeus\/apm\/#breadcrumb"},"inLanguage":"pt-BR","potentialAction":[{"@type":"ReadAction","target":["https:\/\/legado.redeicm.org.br\/maededeus\/apm\/"]}]},{"@type":"BreadcrumbList","@id":"https:\/\/legado.redeicm.org.br\/maededeus\/apm\/#breadcrumb","itemListElement":[{"@type":"ListItem","position":1,"name":"In\u00edcio","item":"https:\/\/legado.redeicm.org.br\/maededeus\/"},{"@type":"ListItem","position":2,"name":"APM &#8211; Associa\u00e7\u00e3o de Pais e Mestres"}]},{"@type":"WebSite","@id":"https:\/\/legado.redeicm.org.br\/maededeus\/#website","url":"https:\/\/legado.redeicm.org.br\/maededeus\/","name":"Col\u00e9gio M\u00e3e de Deus | Rede ICM de educa\u00e7\u00e3o","description":"","potentialAction":[{"@type":"SearchAction","target":{"@type":"EntryPoint","urlTemplate":"https:\/\/legado.redeicm.org.br\/maededeus\/?s={search_term_string}"},"query-input":{"@type":"PropertyValueSpecification","valueRequired":true,"valueName":"search_term_string"}}],"inLanguage":"pt-BR"}]}},"_links":{"self":[{"href":"https:\/\/legado.redeicm.org.br\/maededeus\/wp-json\/wp\/v2\/pages\/39125"}],"collection":[{"href":"https:\/\/legado.redeicm.org.br\/maededeus\/wp-json\/wp\/v2\/pages"}],"about":[{"href":"https:\/\/legado.redeicm.org.br\/maededeus\/wp-json\/wp\/v2\/types\/page"}],"author":[{"embeddable":true,"href":"https:\/\/legado.redeicm.org.br\/maededeus\/wp-json\/wp\/v2\/users\/1"}],"replies":[{"embeddable":true,"href":"https:\/\/legado.redeicm.org.br\/maededeus\/wp-json\/wp\/v2\/comments?post=39125"}],"version-history":[{"count":8,"href":"https:\/\/legado.redeicm.org.br\/maededeus\/wp-json\/wp\/v2\/pages\/39125\/revisions"}],"predecessor-version":[{"id":65141,"href":"https:\/\/legado.redeicm.org.br\/maededeus\/wp-json\/wp\/v2\/pages\/39125\/revisions\/65141"}],"wp:attachment":[{"href":"https:\/\/legado.redeicm.org.br\/maededeus\/wp-json\/wp\/v2\/media?parent=39125"}],"curies":[{"name":"wp","href":"https:\/\/api.w.org\/{rel}","templated":true}]}}