{"id":39116,"date":"2017-01-12T20:19:36","date_gmt":"2017-01-12T22:19:36","guid":{"rendered":"https:\/\/redeicm.org.br\/maededeus\/?page_id=39116"},"modified":"2025-03-11T11:14:27","modified_gmt":"2025-03-11T14:14:27","slug":"biblioteca","status":"publish","type":"page","link":"https:\/\/legado.redeicm.org.br\/maededeus\/biblioteca\/","title":{"rendered":"Biblioteca"},"content":{"rendered":"<p><span style=\"color: #982632\"><strong>BIBLIOTECA MONTEIRO LOBATO<\/strong><\/span><\/p>\n<p>A Biblioteca Monteiro Lobato \u00e9 um espa\u00e7o de conviv\u00eancia que promove a integra\u00e7\u00e3o social e possibilita o acesso \u00e0s diversas fontes de informa\u00e7\u00e3o, pesquisa e media\u00e7\u00e3o da leitura. Serve como apoio pedag\u00f3gico, desenvolvendo compet\u00eancias e habilidades, voltadas \u00e0 qualidade da educa\u00e7\u00e3o, fazendo com que o educando se aproprie da leitura, compreendendo-a como um todo, auxiliando assim, no processo de ensino e aprendizagem.<\/p>\n<p>Hor\u00e1rios de Atendimento &#8211; De segunda a sexta-feira.<br \/>\nManh\u00e3 &#8211; Das 7h30min \u00e0s 12h30min<br \/>\nTarde &#8211; Das 13h \u00e0s 17h45min<\/p>\n<p>Possui um acervo com aproximadamente 20 mil exemplares, entre livros, revistas, multimeios e folhetos.<\/p>\n<p>A biblioteca presta os seguintes servi\u00e7os:<br \/>\n\u2013 Orienta\u00e7\u00e3o \u00e0 pesquisa bibliogr\u00e1fica e on-line;<br \/>\n\u2013 Empr\u00e9stimo local e domiciliar;<br \/>\n\u2013 Orienta\u00e7\u00e3o e treinamento de usu\u00e1rio;<br \/>\n\u2013 Levantamento bibliogr\u00e1fico e reservas;<br \/>\n\u2013 Orienta\u00e7\u00e3o quanto \u00e0 normaliza\u00e7\u00e3o de trabalhos escolares, conforme as normas da ABNT;<br \/>\n\u2013 Elabora\u00e7\u00e3o de ficha catalogr\u00e1fica;<br \/>\n\u2013 Realiza\u00e7\u00e3o da Hora do Conto e Hora da Leitura;<br \/>\n\u2013 Dissemina\u00e7\u00e3o seletiva da informa\u00e7\u00e3o, com dicas de leitura, pesquisa e divulga\u00e7\u00e3o dos itens atuais e rec\u00e9m-chegados \u00e0 biblioteca por assunto de interesse;<br \/>\n\u2013 Preserva\u00e7\u00e3o e recupera\u00e7\u00e3o do acervo.<\/p>\n<div><strong><span style=\"color: #000080\">Espa\u00e7os comuns de conviv\u00eancia<\/span><\/strong><\/div>\n<div>\n<p><img loading=\"lazy\" decoding=\"async\" class=\"size-medium wp-image-71390 alignright\" src=\"https:\/\/legado.redeicm.org.br\/maededeus\/wp-content\/uploads\/sites\/14\/2023\/06\/IMG_2793-300x200.jpg\" alt=\"\" width=\"300\" height=\"200\" srcset=\"https:\/\/legado.redeicm.org.br\/maededeus\/wp-content\/uploads\/sites\/14\/2023\/06\/IMG_2793-300x200.jpg 300w, https:\/\/legado.redeicm.org.br\/maededeus\/wp-content\/uploads\/sites\/14\/2023\/06\/IMG_2793-1024x683.jpg 1024w, https:\/\/legado.redeicm.org.br\/maededeus\/wp-content\/uploads\/sites\/14\/2023\/06\/IMG_2793-600x400.jpg 600w, https:\/\/legado.redeicm.org.br\/maededeus\/wp-content\/uploads\/sites\/14\/2023\/06\/IMG_2793-768x512.jpg 768w\" sizes=\"(max-width: 300px) 100vw, 300px\" \/><\/p>\n<p>O espa\u00e7o \u201cEra uma vez\u201d \u00e9 pensado para os pequenos. O ambiente \u00e9 l\u00fadico e acolhedor, no qual acontecem semanalmente, a Hora do Conto e Leitura direcionados aos alunos da Educa\u00e7\u00e3o Infantil e dos Anos Iniciais do Ensino Fundamental. Neste local, os leitores t\u00eam acesso ao acervo infanto-juvenil selecionado para atender esta faixa et\u00e1ria.<\/p>\n<\/div>\n<div>\u00a0<img loading=\"lazy\" decoding=\"async\" class=\"size-medium wp-image-71391 alignleft\" src=\"https:\/\/legado.redeicm.org.br\/maededeus\/wp-content\/uploads\/sites\/14\/2023\/06\/IMG_2780-300x200.jpg\" alt=\"\" width=\"300\" height=\"200\" srcset=\"https:\/\/legado.redeicm.org.br\/maededeus\/wp-content\/uploads\/sites\/14\/2023\/06\/IMG_2780-300x200.jpg 300w, https:\/\/legado.redeicm.org.br\/maededeus\/wp-content\/uploads\/sites\/14\/2023\/06\/IMG_2780-1024x683.jpg 1024w, https:\/\/legado.redeicm.org.br\/maededeus\/wp-content\/uploads\/sites\/14\/2023\/06\/IMG_2780-600x400.jpg 600w, https:\/\/legado.redeicm.org.br\/maededeus\/wp-content\/uploads\/sites\/14\/2023\/06\/IMG_2780-768x512.jpg 768w\" sizes=\"(max-width: 300px) 100vw, 300px\" \/><\/div>\n<p>A \u201cSala de Pesquisa\u201d \u00e9 interativa e aconchegante para a leitura. Disponibiliza computadores com acesso \u00e0 internet para auxiliar nos estudos, pesquisas e realiza\u00e7\u00e3o de trabalhos, com a orienta\u00e7\u00e3o dos educadores da biblioteca.<\/p>\n<div><\/div>\n<div><span style=\"color: #000080\"><strong>Projetos de media\u00e7\u00e3o da leitura<\/strong><\/span><\/div>\n<div>A biblioteca desenvolve projetos de media\u00e7\u00e3o da leitura, realiza eventos e atividades culturais, tais como: Feira Liter\u00e1ria; Hora do Conto e Leitura; Semana da Biblioteca; Clube de Leitura; Teatro; Sarau; Oficinas; Caf\u00e9 Liter\u00e1rio; Palestras; Exposi\u00e7\u00f5es Culturais, entre outras.<\/div>\n<div><\/div>\n<div><strong><span style=\"color: #000080\">Feira Liter\u00e1ria<\/span><\/strong><\/div>\n<div>A Feira Liter\u00e1ria do Col\u00e9gio M\u00e3e de Deus acontece no m\u00eas de maio. Este \u00e9 considerado o maior evento promovido pela biblioteca. Ele tem como objetivo, incentivar e integrar os leitores ao universo da literatura, oferecendo \u00e0 comunidade educativa, as mais variadas atividades, tais como: encontro com escritores e ilustradores, sess\u00f5es de aut\u00f3grafos, conta\u00e7\u00e3o de hist\u00f3rias, palestras, oficinas e a presen\u00e7a de bancas expositoras de comercializa\u00e7\u00e3o de livros, e muito mais.<\/div>\n<div><img loading=\"lazy\" decoding=\"async\" class=\"size-medium wp-image-71392 alignright\" src=\"https:\/\/legado.redeicm.org.br\/maededeus\/wp-content\/uploads\/sites\/14\/2023\/06\/IMG_2848-300x200.jpg\" alt=\"\" width=\"300\" height=\"200\" srcset=\"https:\/\/legado.redeicm.org.br\/maededeus\/wp-content\/uploads\/sites\/14\/2023\/06\/IMG_2848-300x200.jpg 300w, https:\/\/legado.redeicm.org.br\/maededeus\/wp-content\/uploads\/sites\/14\/2023\/06\/IMG_2848-1024x683.jpg 1024w, https:\/\/legado.redeicm.org.br\/maededeus\/wp-content\/uploads\/sites\/14\/2023\/06\/IMG_2848-600x400.jpg 600w, https:\/\/legado.redeicm.org.br\/maededeus\/wp-content\/uploads\/sites\/14\/2023\/06\/IMG_2848-768x512.jpg 768w\" sizes=\"(max-width: 300px) 100vw, 300px\" \/><\/div>\n<div><strong><span style=\"color: #000080\">Hora do Conto e Leitura<\/span><\/strong><\/div>\n<div>A equipe da biblioteca d\u00e1 vida a diversas hist\u00f3rias, utilizando entona\u00e7\u00e3o, linguagem corporal, musicalidade e elementos visuais, com o objetivo de despertar a imagina\u00e7\u00e3o, a criatividade e o interesse pela hist\u00f3ria.<\/div>\n<div>\u00c9 importante para a crian\u00e7a, a frequ\u00eancia em escutar e ler hist\u00f3rias, criando uma rotina e uma afinidade com os livros e com o universo liter\u00e1rio, a fim de estabelecer o gosto e o prazer pela leitura.<\/div>\n<div>Hora do Conto \u2013 Destinada aos alunos da Educa\u00e7\u00e3o Infantil ao 3\u00ba ano do Ensino Fundamental.<\/div>\n<div>Hora da Leitura \u2013 Destinada aos alunos do 4\u00ba e 5\u00ba ano do Ensino Fundamental.<\/div>\n<p>&nbsp;<\/p>\n<p><img loading=\"lazy\" decoding=\"async\" class=\"size-medium wp-image-71393 alignleft\" src=\"https:\/\/legado.redeicm.org.br\/maededeus\/wp-content\/uploads\/sites\/14\/2023\/06\/IMG_9266-300x200.jpg\" alt=\"\" width=\"300\" height=\"200\" srcset=\"https:\/\/legado.redeicm.org.br\/maededeus\/wp-content\/uploads\/sites\/14\/2023\/06\/IMG_9266-300x200.jpg 300w, https:\/\/legado.redeicm.org.br\/maededeus\/wp-content\/uploads\/sites\/14\/2023\/06\/IMG_9266-1024x683.jpg 1024w, https:\/\/legado.redeicm.org.br\/maededeus\/wp-content\/uploads\/sites\/14\/2023\/06\/IMG_9266-600x400.jpg 600w, https:\/\/legado.redeicm.org.br\/maededeus\/wp-content\/uploads\/sites\/14\/2023\/06\/IMG_9266-768x512.jpg 768w\" sizes=\"(max-width: 300px) 100vw, 300px\" \/><\/p>\n<p><strong><span style=\"color: #000080\">Clube de Leitura da Biblioteca<\/span><\/strong><\/p>\n<p>Os encontros do clube acontecem\u00a0uma vez por semana na biblioteca. Os alunos inscritos no projeto participam de uma roda de conversa, com o objetivo de estimular o interesse e a democratiza\u00e7\u00e3o da leitura, o debate, a intera\u00e7\u00e3o e a socializa\u00e7\u00e3o dos alunos atrav\u00e9s do contato com variados g\u00eaneros liter\u00e1rios.<\/p>\n<p>&nbsp;<\/p>\n<p>&nbsp;<\/p>\n<p><span style=\"color: #000080\"><strong>Orienta\u00e7\u00e3o e Treinamento de Usu\u00e1rio<\/strong><\/span><\/p>\n<p><img loading=\"lazy\" decoding=\"async\" class=\"size-medium wp-image-71395 alignright\" src=\"https:\/\/legado.redeicm.org.br\/maededeus\/wp-content\/uploads\/sites\/14\/2023\/06\/IMG_3129-300x200.jpg\" alt=\"\" width=\"300\" height=\"200\" srcset=\"https:\/\/legado.redeicm.org.br\/maededeus\/wp-content\/uploads\/sites\/14\/2023\/06\/IMG_3129-300x200.jpg 300w, https:\/\/legado.redeicm.org.br\/maededeus\/wp-content\/uploads\/sites\/14\/2023\/06\/IMG_3129-1024x683.jpg 1024w, https:\/\/legado.redeicm.org.br\/maededeus\/wp-content\/uploads\/sites\/14\/2023\/06\/IMG_3129-600x400.jpg 600w, https:\/\/legado.redeicm.org.br\/maededeus\/wp-content\/uploads\/sites\/14\/2023\/06\/IMG_3129-768x512.jpg 768w\" sizes=\"(max-width: 300px) 100vw, 300px\" \/>No in\u00edcio do ano letivo, os alunos da Educa\u00e7\u00e3o Infantil ao 6\u00ba ano do Ensino Fundamental, s\u00e3o convidados a participar da orienta\u00e7\u00e3o de usu\u00e1rio. Este servi\u00e7o permite ao estudante, conhecer a din\u00e2mica de funcionamento da biblioteca, localiza\u00e7\u00e3o dos livros nas estantes e sobre os cuidados de preserva\u00e7\u00e3o do material. Destacando\u00a0a import\u00e2ncia da leitura na rotina de estudos como fonte de aprendizado e imagina\u00e7\u00e3o.<br \/>\nDurante a orienta\u00e7\u00e3o, os alunos s\u00e3o incentivados a acessar tamb\u00e9m o acervo digital dispon\u00edvel nas plataformas de leitura que o col\u00e9gio oferece (Elefante Letrado e \u00c1rvore de Livros).<\/p>\n<p><img loading=\"lazy\" decoding=\"async\" class=\"size-medium wp-image-71396 alignnone\" src=\"https:\/\/legado.redeicm.org.br\/maededeus\/wp-content\/uploads\/sites\/14\/2023\/06\/elefante_logo-300x101.png\" alt=\"\" width=\"300\" height=\"101\" srcset=\"https:\/\/legado.redeicm.org.br\/maededeus\/wp-content\/uploads\/sites\/14\/2023\/06\/elefante_logo-300x101.png 300w, https:\/\/legado.redeicm.org.br\/maededeus\/wp-content\/uploads\/sites\/14\/2023\/06\/elefante_logo-1024x345.png 1024w, https:\/\/legado.redeicm.org.br\/maededeus\/wp-content\/uploads\/sites\/14\/2023\/06\/elefante_logo-600x202.png 600w, https:\/\/legado.redeicm.org.br\/maededeus\/wp-content\/uploads\/sites\/14\/2023\/06\/elefante_logo-768x259.png 768w\" sizes=\"(max-width: 300px) 100vw, 300px\" \/><img loading=\"lazy\" decoding=\"async\" class=\"size-medium wp-image-71397 alignnone\" src=\"https:\/\/legado.redeicm.org.br\/maededeus\/wp-content\/uploads\/sites\/14\/2023\/06\/logotipo_arvore_positivo.png-300x67.png\" alt=\"\" width=\"300\" height=\"67\" srcset=\"https:\/\/legado.redeicm.org.br\/maededeus\/wp-content\/uploads\/sites\/14\/2023\/06\/logotipo_arvore_positivo.png-300x67.png 300w, https:\/\/legado.redeicm.org.br\/maededeus\/wp-content\/uploads\/sites\/14\/2023\/06\/logotipo_arvore_positivo.png-600x133.png 600w, https:\/\/legado.redeicm.org.br\/maededeus\/wp-content\/uploads\/sites\/14\/2023\/06\/logotipo_arvore_positivo.png.png 679w\" sizes=\"(max-width: 300px) 100vw, 300px\" \/><\/p>\n<p><span style=\"color: #000080\">PRESERVA\u00c7\u00c3O E RECUPERA\u00c7\u00c3O DO ACERVO<\/span><br \/>\nA biblioteca realiza a\u00e7\u00f5es preventivas para a manuten\u00e7\u00e3o, preserva\u00e7\u00e3o e conserva\u00e7\u00e3o do acervo.<\/p>\n<p><span style=\"color: #000080\">Respons\u00e1vel<\/span><br \/>\nBibliotec\u00e1ria: Silvane Ruas Manhago (CRB10\/1783)<br \/>\nContato: biblioteca@colegiomaededeus.com.br<\/p>\n<p><span style=\"color: #000080\">Consulta ao acervo da biblioteca pelo Cat\u00e1logo on-line<\/span><br \/>\n<a href=\"https:\/\/biblioteca.redeicm.org.br\/?q=&amp;for=LIVRE&amp;id_biblioteca=4\">https:\/\/biblioteca.redeicm.org.br\/consulta\/biblioteca\/index.php?id=CMD<\/a><\/p>\n<p style=\"text-align: justify\">\n<div class=\"angwp_55514 _ning_cont _ning_hidden _ning_outer _align_center responsive\" data-size=\"300x250\" data-bid=\"55514\" data-aid=\"0\" style=\"max-width:300px; width:100%;height:inherit;\"><div class=\"_ning_label _left\" style=\"\"><\/div><div class=\"_ning_inner\" style=\"\"><\/div><\/div><div class=\"clear\"><\/div>","protected":false},"excerpt":{"rendered":"<p>BIBLIOTECA MONTEIRO LOBATO A Biblioteca Monteiro Lobato \u00e9 um espa\u00e7o de conviv\u00eancia que promove a integra\u00e7\u00e3o social e possibilita o acesso \u00e0s diversas fontes de informa\u00e7\u00e3o, pesquisa e media\u00e7\u00e3o da leitura. Serve como apoio pedag\u00f3gico, desenvolvendo compet\u00eancias e habilidades, voltadas \u00e0 qualidade da educa\u00e7\u00e3o, fazendo com que o educando se aproprie da leitura, compreendendo-a como&#8230;<\/p>\n","protected":false},"author":74,"featured_media":0,"parent":0,"menu_order":0,"comment_status":"closed","ping_status":"closed","template":"","meta":{"_acf_changed":false,"_monsterinsights_skip_tracking":false,"_monsterinsights_sitenote_active":false,"_monsterinsights_sitenote_note":"","_monsterinsights_sitenote_category":0,"footnotes":""},"class_list":["post-39116","page","type-page","status-publish","hentry"],"acf":[],"yoast_head":"<!-- This site is optimized with the Yoast SEO plugin v24.9 - https:\/\/yoast.com\/wordpress\/plugins\/seo\/ -->\n<title>Biblioteca - Col\u00e9gio M\u00e3e de Deus | Rede ICM de educa\u00e7\u00e3o<\/title>\n<meta name=\"robots\" content=\"index, follow, max-snippet:-1, max-image-preview:large, max-video-preview:-1\" \/>\n<link rel=\"canonical\" href=\"https:\/\/legado.redeicm.org.br\/maededeus\/biblioteca\/\" \/>\n<meta property=\"og:locale\" content=\"pt_BR\" \/>\n<meta property=\"og:type\" content=\"article\" \/>\n<meta property=\"og:title\" content=\"Biblioteca - Col\u00e9gio M\u00e3e de Deus | Rede ICM de educa\u00e7\u00e3o\" \/>\n<meta property=\"og:description\" content=\"BIBLIOTECA MONTEIRO LOBATO A Biblioteca Monteiro Lobato \u00e9 um espa\u00e7o de conviv\u00eancia que promove a integra\u00e7\u00e3o social e possibilita o acesso \u00e0s diversas fontes de informa\u00e7\u00e3o, pesquisa e media\u00e7\u00e3o da leitura. Serve como apoio pedag\u00f3gico, desenvolvendo compet\u00eancias e habilidades, voltadas \u00e0 qualidade da educa\u00e7\u00e3o, fazendo com que o educando se aproprie da leitura, compreendendo-a como...\" \/>\n<meta property=\"og:url\" content=\"https:\/\/legado.redeicm.org.br\/maededeus\/biblioteca\/\" \/>\n<meta property=\"og:site_name\" content=\"Col\u00e9gio M\u00e3e de Deus | Rede ICM de educa\u00e7\u00e3o\" \/>\n<meta property=\"article:modified_time\" content=\"2025-03-11T14:14:27+00:00\" \/>\n<meta property=\"og:image\" content=\"https:\/\/legado.redeicm.org.br\/maededeus\/wp-content\/uploads\/sites\/14\/2023\/06\/IMG_2793-300x200.jpg\" \/>\n<meta name=\"twitter:card\" content=\"summary_large_image\" \/>\n<meta name=\"twitter:label1\" content=\"Est. tempo de leitura\" \/>\n\t<meta name=\"twitter:data1\" content=\"6 minutos\" \/>\n<script type=\"application\/ld+json\" class=\"yoast-schema-graph\">{\"@context\":\"https:\/\/schema.org\",\"@graph\":[{\"@type\":\"WebPage\",\"@id\":\"https:\/\/legado.redeicm.org.br\/maededeus\/biblioteca\/\",\"url\":\"https:\/\/legado.redeicm.org.br\/maededeus\/biblioteca\/\",\"name\":\"Biblioteca - Col\u00e9gio M\u00e3e de Deus | Rede ICM de educa\u00e7\u00e3o\",\"isPartOf\":{\"@id\":\"https:\/\/legado.redeicm.org.br\/maededeus\/#website\"},\"primaryImageOfPage\":{\"@id\":\"https:\/\/legado.redeicm.org.br\/maededeus\/biblioteca\/#primaryimage\"},\"image\":{\"@id\":\"https:\/\/legado.redeicm.org.br\/maededeus\/biblioteca\/#primaryimage\"},\"thumbnailUrl\":\"https:\/\/legado.redeicm.org.br\/maededeus\/wp-content\/uploads\/sites\/14\/2023\/06\/IMG_2793-300x200.jpg\",\"datePublished\":\"2017-01-12T22:19:36+00:00\",\"dateModified\":\"2025-03-11T14:14:27+00:00\",\"breadcrumb\":{\"@id\":\"https:\/\/legado.redeicm.org.br\/maededeus\/biblioteca\/#breadcrumb\"},\"inLanguage\":\"pt-BR\",\"potentialAction\":[{\"@type\":\"ReadAction\",\"target\":[\"https:\/\/legado.redeicm.org.br\/maededeus\/biblioteca\/\"]}]},{\"@type\":\"ImageObject\",\"inLanguage\":\"pt-BR\",\"@id\":\"https:\/\/legado.redeicm.org.br\/maededeus\/biblioteca\/#primaryimage\",\"url\":\"https:\/\/legado.redeicm.org.br\/maededeus\/wp-content\/uploads\/sites\/14\/2023\/06\/IMG_2793-scaled.jpg\",\"contentUrl\":\"https:\/\/legado.redeicm.org.br\/maededeus\/wp-content\/uploads\/sites\/14\/2023\/06\/IMG_2793-scaled.jpg\",\"width\":2560,\"height\":1707},{\"@type\":\"BreadcrumbList\",\"@id\":\"https:\/\/legado.redeicm.org.br\/maededeus\/biblioteca\/#breadcrumb\",\"itemListElement\":[{\"@type\":\"ListItem\",\"position\":1,\"name\":\"In\u00edcio\",\"item\":\"https:\/\/legado.redeicm.org.br\/maededeus\/\"},{\"@type\":\"ListItem\",\"position\":2,\"name\":\"Biblioteca\"}]},{\"@type\":\"WebSite\",\"@id\":\"https:\/\/legado.redeicm.org.br\/maededeus\/#website\",\"url\":\"https:\/\/legado.redeicm.org.br\/maededeus\/\",\"name\":\"Col\u00e9gio M\u00e3e de Deus | Rede ICM de educa\u00e7\u00e3o\",\"description\":\"\",\"potentialAction\":[{\"@type\":\"SearchAction\",\"target\":{\"@type\":\"EntryPoint\",\"urlTemplate\":\"https:\/\/legado.redeicm.org.br\/maededeus\/?s={search_term_string}\"},\"query-input\":{\"@type\":\"PropertyValueSpecification\",\"valueRequired\":true,\"valueName\":\"search_term_string\"}}],\"inLanguage\":\"pt-BR\"}]}<\/script>\n<!-- \/ Yoast SEO plugin. -->","yoast_head_json":{"title":"Biblioteca - Col\u00e9gio M\u00e3e de Deus | Rede ICM de educa\u00e7\u00e3o","robots":{"index":"index","follow":"follow","max-snippet":"max-snippet:-1","max-image-preview":"max-image-preview:large","max-video-preview":"max-video-preview:-1"},"canonical":"https:\/\/legado.redeicm.org.br\/maededeus\/biblioteca\/","og_locale":"pt_BR","og_type":"article","og_title":"Biblioteca - Col\u00e9gio M\u00e3e de Deus | Rede ICM de educa\u00e7\u00e3o","og_description":"BIBLIOTECA MONTEIRO LOBATO A Biblioteca Monteiro Lobato \u00e9 um espa\u00e7o de conviv\u00eancia que promove a integra\u00e7\u00e3o social e possibilita o acesso \u00e0s diversas fontes de informa\u00e7\u00e3o, pesquisa e media\u00e7\u00e3o da leitura. Serve como apoio pedag\u00f3gico, desenvolvendo compet\u00eancias e habilidades, voltadas \u00e0 qualidade da educa\u00e7\u00e3o, fazendo com que o educando se aproprie da leitura, compreendendo-a como...","og_url":"https:\/\/legado.redeicm.org.br\/maededeus\/biblioteca\/","og_site_name":"Col\u00e9gio M\u00e3e de Deus | Rede ICM de educa\u00e7\u00e3o","article_modified_time":"2025-03-11T14:14:27+00:00","og_image":[{"url":"https:\/\/legado.redeicm.org.br\/maededeus\/wp-content\/uploads\/sites\/14\/2023\/06\/IMG_2793-300x200.jpg","type":"","width":"","height":""}],"twitter_card":"summary_large_image","twitter_misc":{"Est. tempo de leitura":"6 minutos"},"schema":{"@context":"https:\/\/schema.org","@graph":[{"@type":"WebPage","@id":"https:\/\/legado.redeicm.org.br\/maededeus\/biblioteca\/","url":"https:\/\/legado.redeicm.org.br\/maededeus\/biblioteca\/","name":"Biblioteca - Col\u00e9gio M\u00e3e de Deus | Rede ICM de educa\u00e7\u00e3o","isPartOf":{"@id":"https:\/\/legado.redeicm.org.br\/maededeus\/#website"},"primaryImageOfPage":{"@id":"https:\/\/legado.redeicm.org.br\/maededeus\/biblioteca\/#primaryimage"},"image":{"@id":"https:\/\/legado.redeicm.org.br\/maededeus\/biblioteca\/#primaryimage"},"thumbnailUrl":"https:\/\/legado.redeicm.org.br\/maededeus\/wp-content\/uploads\/sites\/14\/2023\/06\/IMG_2793-300x200.jpg","datePublished":"2017-01-12T22:19:36+00:00","dateModified":"2025-03-11T14:14:27+00:00","breadcrumb":{"@id":"https:\/\/legado.redeicm.org.br\/maededeus\/biblioteca\/#breadcrumb"},"inLanguage":"pt-BR","potentialAction":[{"@type":"ReadAction","target":["https:\/\/legado.redeicm.org.br\/maededeus\/biblioteca\/"]}]},{"@type":"ImageObject","inLanguage":"pt-BR","@id":"https:\/\/legado.redeicm.org.br\/maededeus\/biblioteca\/#primaryimage","url":"https:\/\/legado.redeicm.org.br\/maededeus\/wp-content\/uploads\/sites\/14\/2023\/06\/IMG_2793-scaled.jpg","contentUrl":"https:\/\/legado.redeicm.org.br\/maededeus\/wp-content\/uploads\/sites\/14\/2023\/06\/IMG_2793-scaled.jpg","width":2560,"height":1707},{"@type":"BreadcrumbList","@id":"https:\/\/legado.redeicm.org.br\/maededeus\/biblioteca\/#breadcrumb","itemListElement":[{"@type":"ListItem","position":1,"name":"In\u00edcio","item":"https:\/\/legado.redeicm.org.br\/maededeus\/"},{"@type":"ListItem","position":2,"name":"Biblioteca"}]},{"@type":"WebSite","@id":"https:\/\/legado.redeicm.org.br\/maededeus\/#website","url":"https:\/\/legado.redeicm.org.br\/maededeus\/","name":"Col\u00e9gio M\u00e3e de Deus | Rede ICM de educa\u00e7\u00e3o","description":"","potentialAction":[{"@type":"SearchAction","target":{"@type":"EntryPoint","urlTemplate":"https:\/\/legado.redeicm.org.br\/maededeus\/?s={search_term_string}"},"query-input":{"@type":"PropertyValueSpecification","valueRequired":true,"valueName":"search_term_string"}}],"inLanguage":"pt-BR"}]}},"_links":{"self":[{"href":"https:\/\/legado.redeicm.org.br\/maededeus\/wp-json\/wp\/v2\/pages\/39116"}],"collection":[{"href":"https:\/\/legado.redeicm.org.br\/maededeus\/wp-json\/wp\/v2\/pages"}],"about":[{"href":"https:\/\/legado.redeicm.org.br\/maededeus\/wp-json\/wp\/v2\/types\/page"}],"author":[{"embeddable":true,"href":"https:\/\/legado.redeicm.org.br\/maededeus\/wp-json\/wp\/v2\/users\/74"}],"replies":[{"embeddable":true,"href":"https:\/\/legado.redeicm.org.br\/maededeus\/wp-json\/wp\/v2\/comments?post=39116"}],"version-history":[{"count":24,"href":"https:\/\/legado.redeicm.org.br\/maededeus\/wp-json\/wp\/v2\/pages\/39116\/revisions"}],"predecessor-version":[{"id":78566,"href":"https:\/\/legado.redeicm.org.br\/maededeus\/wp-json\/wp\/v2\/pages\/39116\/revisions\/78566"}],"wp:attachment":[{"href":"https:\/\/legado.redeicm.org.br\/maededeus\/wp-json\/wp\/v2\/media?parent=39116"}],"curies":[{"name":"wp","href":"https:\/\/api.w.org\/{rel}","templated":true}]}}