{"id":39101,"date":"2017-01-12T20:04:54","date_gmt":"2017-01-12T22:04:54","guid":{"rendered":"https:\/\/redeicm.org.br\/maededeus\/?page_id=39101"},"modified":"2025-02-17T10:35:44","modified_gmt":"2025-02-17T13:35:44","slug":"sop","status":"publish","type":"page","link":"https:\/\/legado.redeicm.org.br\/maededeus\/sop\/","title":{"rendered":"Servi\u00e7o de Orienta\u00e7\u00e3o Pedag\u00f3goca &#8211; SOP"},"content":{"rendered":"<div class=\"l-main\">\n<div class=\"l-main-h i-cf\">\n<div class=\"l-content\">\n<section class=\"l-section\">\n<div class=\"l-section-h i-cf\">\n<div align=\"justify\">\n<div class=\"l-section-h i-cf\"><\/div>\n<p><strong>Educa\u00e7\u00e3o Infantil ao 5\u00ba ano (Ensino Fundamental &#8211; Anos Iniciais)<br \/>\n<\/strong><em>Andreza da Silva Vargas<\/em><strong><br \/>\n<\/strong><\/p>\n<p><strong>6\u00ba ano Ensino Fundamental &#8211; Anos Finais ao Ensino M\u00e9dio<br \/>\n<\/strong><em>Janile Daniel Moiano Silva<\/em><strong><br \/>\n<\/strong><\/p>\n<p>O Servi\u00e7o de Orienta\u00e7\u00e3o Pedag\u00f3gica contribui para o aperfei\u00e7oamento do processo educativo, favorecendo ao educando e educadores condi\u00e7\u00f5es de desenvolvimento do seu potencial psicossocial, bem como fornece subs\u00eddios para o bom andamento das atividades pedag\u00f3gicas, relacionadas ao cotidiano escolar, comprometido com os princ\u00edpios da educa\u00e7\u00e3o Evang\u00e9lico-Libertadora.<\/p>\n<p>&nbsp;<\/p>\n<\/div>\n<\/div>\n<\/section>\n<p>&nbsp;<\/p>\n<\/div>\n<\/div>\n<\/div>\n<div class=\"angwp_55514 _ning_cont _ning_hidden _ning_outer _align_center responsive\" data-size=\"300x250\" data-bid=\"55514\" data-aid=\"0\" style=\"max-width:300px; width:100%;height:inherit;\"><div class=\"_ning_label _left\" style=\"\"><\/div><div class=\"_ning_inner\" style=\"\"><\/div><\/div><div class=\"clear\"><\/div>","protected":false},"excerpt":{"rendered":"<p>Educa\u00e7\u00e3o Infantil ao 5\u00ba ano (Ensino Fundamental &#8211; Anos Iniciais) Andreza da Silva Vargas 6\u00ba ano Ensino Fundamental &#8211; Anos Finais ao Ensino M\u00e9dio Janile Daniel Moiano Silva O Servi\u00e7o de Orienta\u00e7\u00e3o Pedag\u00f3gica contribui para o aperfei\u00e7oamento do processo educativo, favorecendo ao educando e educadores condi\u00e7\u00f5es de desenvolvimento do seu potencial psicossocial, bem como fornece&#8230;<\/p>\n","protected":false},"author":74,"featured_media":0,"parent":0,"menu_order":0,"comment_status":"closed","ping_status":"closed","template":"","meta":{"_acf_changed":false,"_monsterinsights_skip_tracking":false,"_monsterinsights_sitenote_active":false,"_monsterinsights_sitenote_note":"","_monsterinsights_sitenote_category":0,"footnotes":""},"class_list":["post-39101","page","type-page","status-publish","hentry"],"acf":[],"yoast_head":"<!-- This site is optimized with the Yoast SEO plugin v24.9 - https:\/\/yoast.com\/wordpress\/plugins\/seo\/ -->\n<title>Servi\u00e7o de Orienta\u00e7\u00e3o Pedag\u00f3goca - SOP - Col\u00e9gio M\u00e3e de Deus | Rede ICM de educa\u00e7\u00e3o<\/title>\n<meta name=\"robots\" content=\"index, follow, max-snippet:-1, max-image-preview:large, max-video-preview:-1\" \/>\n<link rel=\"canonical\" href=\"https:\/\/legado.redeicm.org.br\/maededeus\/sop\/\" \/>\n<meta property=\"og:locale\" content=\"pt_BR\" \/>\n<meta property=\"og:type\" content=\"article\" \/>\n<meta property=\"og:title\" content=\"Servi\u00e7o de Orienta\u00e7\u00e3o Pedag\u00f3goca - SOP - Col\u00e9gio M\u00e3e de Deus | Rede ICM de educa\u00e7\u00e3o\" \/>\n<meta property=\"og:description\" content=\"Educa\u00e7\u00e3o Infantil ao 5\u00ba ano (Ensino Fundamental &#8211; Anos Iniciais) Andreza da Silva Vargas 6\u00ba ano Ensino Fundamental &#8211; Anos Finais ao Ensino M\u00e9dio Janile Daniel Moiano Silva O Servi\u00e7o de Orienta\u00e7\u00e3o Pedag\u00f3gica contribui para o aperfei\u00e7oamento do processo educativo, favorecendo ao educando e educadores condi\u00e7\u00f5es de desenvolvimento do seu potencial psicossocial, bem como fornece...\" \/>\n<meta property=\"og:url\" content=\"https:\/\/legado.redeicm.org.br\/maededeus\/sop\/\" \/>\n<meta property=\"og:site_name\" content=\"Col\u00e9gio M\u00e3e de Deus | Rede ICM de educa\u00e7\u00e3o\" \/>\n<meta property=\"article:modified_time\" content=\"2025-02-17T13:35:44+00:00\" \/>\n<meta name=\"twitter:card\" content=\"summary_large_image\" \/>\n<meta name=\"twitter:label1\" content=\"Est. tempo de leitura\" \/>\n\t<meta name=\"twitter:data1\" content=\"1 minuto\" \/>\n<script type=\"application\/ld+json\" class=\"yoast-schema-graph\">{\"@context\":\"https:\/\/schema.org\",\"@graph\":[{\"@type\":\"WebPage\",\"@id\":\"https:\/\/legado.redeicm.org.br\/maededeus\/sop\/\",\"url\":\"https:\/\/legado.redeicm.org.br\/maededeus\/sop\/\",\"name\":\"Servi\u00e7o de Orienta\u00e7\u00e3o Pedag\u00f3goca - SOP - Col\u00e9gio M\u00e3e de Deus | Rede ICM de educa\u00e7\u00e3o\",\"isPartOf\":{\"@id\":\"https:\/\/legado.redeicm.org.br\/maededeus\/#website\"},\"datePublished\":\"2017-01-12T22:04:54+00:00\",\"dateModified\":\"2025-02-17T13:35:44+00:00\",\"breadcrumb\":{\"@id\":\"https:\/\/legado.redeicm.org.br\/maededeus\/sop\/#breadcrumb\"},\"inLanguage\":\"pt-BR\",\"potentialAction\":[{\"@type\":\"ReadAction\",\"target\":[\"https:\/\/legado.redeicm.org.br\/maededeus\/sop\/\"]}]},{\"@type\":\"BreadcrumbList\",\"@id\":\"https:\/\/legado.redeicm.org.br\/maededeus\/sop\/#breadcrumb\",\"itemListElement\":[{\"@type\":\"ListItem\",\"position\":1,\"name\":\"In\u00edcio\",\"item\":\"https:\/\/legado.redeicm.org.br\/maededeus\/\"},{\"@type\":\"ListItem\",\"position\":2,\"name\":\"Servi\u00e7o de Orienta\u00e7\u00e3o Pedag\u00f3goca &#8211; SOP\"}]},{\"@type\":\"WebSite\",\"@id\":\"https:\/\/legado.redeicm.org.br\/maededeus\/#website\",\"url\":\"https:\/\/legado.redeicm.org.br\/maededeus\/\",\"name\":\"Col\u00e9gio M\u00e3e de Deus | Rede ICM de educa\u00e7\u00e3o\",\"description\":\"\",\"potentialAction\":[{\"@type\":\"SearchAction\",\"target\":{\"@type\":\"EntryPoint\",\"urlTemplate\":\"https:\/\/legado.redeicm.org.br\/maededeus\/?s={search_term_string}\"},\"query-input\":{\"@type\":\"PropertyValueSpecification\",\"valueRequired\":true,\"valueName\":\"search_term_string\"}}],\"inLanguage\":\"pt-BR\"}]}<\/script>\n<!-- \/ Yoast SEO plugin. -->","yoast_head_json":{"title":"Servi\u00e7o de Orienta\u00e7\u00e3o Pedag\u00f3goca - SOP - Col\u00e9gio M\u00e3e de Deus | Rede ICM de educa\u00e7\u00e3o","robots":{"index":"index","follow":"follow","max-snippet":"max-snippet:-1","max-image-preview":"max-image-preview:large","max-video-preview":"max-video-preview:-1"},"canonical":"https:\/\/legado.redeicm.org.br\/maededeus\/sop\/","og_locale":"pt_BR","og_type":"article","og_title":"Servi\u00e7o de Orienta\u00e7\u00e3o Pedag\u00f3goca - SOP - Col\u00e9gio M\u00e3e de Deus | Rede ICM de educa\u00e7\u00e3o","og_description":"Educa\u00e7\u00e3o Infantil ao 5\u00ba ano (Ensino Fundamental &#8211; Anos Iniciais) Andreza da Silva Vargas 6\u00ba ano Ensino Fundamental &#8211; Anos Finais ao Ensino M\u00e9dio Janile Daniel Moiano Silva O Servi\u00e7o de Orienta\u00e7\u00e3o Pedag\u00f3gica contribui para o aperfei\u00e7oamento do processo educativo, favorecendo ao educando e educadores condi\u00e7\u00f5es de desenvolvimento do seu potencial psicossocial, bem como fornece...","og_url":"https:\/\/legado.redeicm.org.br\/maededeus\/sop\/","og_site_name":"Col\u00e9gio M\u00e3e de Deus | Rede ICM de educa\u00e7\u00e3o","article_modified_time":"2025-02-17T13:35:44+00:00","twitter_card":"summary_large_image","twitter_misc":{"Est. tempo de leitura":"1 minuto"},"schema":{"@context":"https:\/\/schema.org","@graph":[{"@type":"WebPage","@id":"https:\/\/legado.redeicm.org.br\/maededeus\/sop\/","url":"https:\/\/legado.redeicm.org.br\/maededeus\/sop\/","name":"Servi\u00e7o de Orienta\u00e7\u00e3o Pedag\u00f3goca - SOP - Col\u00e9gio M\u00e3e de Deus | Rede ICM de educa\u00e7\u00e3o","isPartOf":{"@id":"https:\/\/legado.redeicm.org.br\/maededeus\/#website"},"datePublished":"2017-01-12T22:04:54+00:00","dateModified":"2025-02-17T13:35:44+00:00","breadcrumb":{"@id":"https:\/\/legado.redeicm.org.br\/maededeus\/sop\/#breadcrumb"},"inLanguage":"pt-BR","potentialAction":[{"@type":"ReadAction","target":["https:\/\/legado.redeicm.org.br\/maededeus\/sop\/"]}]},{"@type":"BreadcrumbList","@id":"https:\/\/legado.redeicm.org.br\/maededeus\/sop\/#breadcrumb","itemListElement":[{"@type":"ListItem","position":1,"name":"In\u00edcio","item":"https:\/\/legado.redeicm.org.br\/maededeus\/"},{"@type":"ListItem","position":2,"name":"Servi\u00e7o de Orienta\u00e7\u00e3o Pedag\u00f3goca &#8211; SOP"}]},{"@type":"WebSite","@id":"https:\/\/legado.redeicm.org.br\/maededeus\/#website","url":"https:\/\/legado.redeicm.org.br\/maededeus\/","name":"Col\u00e9gio M\u00e3e de Deus | Rede ICM de educa\u00e7\u00e3o","description":"","potentialAction":[{"@type":"SearchAction","target":{"@type":"EntryPoint","urlTemplate":"https:\/\/legado.redeicm.org.br\/maededeus\/?s={search_term_string}"},"query-input":{"@type":"PropertyValueSpecification","valueRequired":true,"valueName":"search_term_string"}}],"inLanguage":"pt-BR"}]}},"_links":{"self":[{"href":"https:\/\/legado.redeicm.org.br\/maededeus\/wp-json\/wp\/v2\/pages\/39101"}],"collection":[{"href":"https:\/\/legado.redeicm.org.br\/maededeus\/wp-json\/wp\/v2\/pages"}],"about":[{"href":"https:\/\/legado.redeicm.org.br\/maededeus\/wp-json\/wp\/v2\/types\/page"}],"author":[{"embeddable":true,"href":"https:\/\/legado.redeicm.org.br\/maededeus\/wp-json\/wp\/v2\/users\/74"}],"replies":[{"embeddable":true,"href":"https:\/\/legado.redeicm.org.br\/maededeus\/wp-json\/wp\/v2\/comments?post=39101"}],"version-history":[{"count":23,"href":"https:\/\/legado.redeicm.org.br\/maededeus\/wp-json\/wp\/v2\/pages\/39101\/revisions"}],"predecessor-version":[{"id":78481,"href":"https:\/\/legado.redeicm.org.br\/maededeus\/wp-json\/wp\/v2\/pages\/39101\/revisions\/78481"}],"wp:attachment":[{"href":"https:\/\/legado.redeicm.org.br\/maededeus\/wp-json\/wp\/v2\/media?parent=39101"}],"curies":[{"name":"wp","href":"https:\/\/api.w.org\/{rel}","templated":true}]}}