{"id":39099,"date":"2017-01-12T20:02:45","date_gmt":"2017-01-12T22:02:45","guid":{"rendered":"https:\/\/redeicm.org.br\/maededeus\/?page_id=39099"},"modified":"2025-02-17T10:26:11","modified_gmt":"2025-02-17T13:26:11","slug":"direcao","status":"publish","type":"page","link":"https:\/\/legado.redeicm.org.br\/maededeus\/direcao\/","title":{"rendered":"Dire\u00e7\u00e3o"},"content":{"rendered":"<div class=\"l-main\">\n<div class=\"l-main-h i-cf\">\n<div class=\"l-content\">\n<section class=\"l-section\">\n<div class=\"l-section-h i-cf\">\n<p><strong>Diretora:<\/strong><br \/>\nMaria Ester Homem Machado<\/p>\n<p><strong>Vice-Diretor<\/strong><br \/>\nVagner Paulo Maccalli<\/p>\n<p>A Dire\u00e7\u00e3o tem como objetivos, coordenar cooperativamente, promover, dinamizar e integrar os Organismos e Setores, unificando e dando coes\u00e3o ao processo, buscando estabelecer rela\u00e7\u00f5es de efetiva participa\u00e7\u00e3o, onde se vivencie experi\u00eancias que sejam antecipadas da nova sociedade, com vistas \u00e0 viv\u00eancia da proposta educacional do nosso Col\u00e9gio, como pertencente \u00e0 Rede ICM de Educa\u00e7\u00e3o.<\/p>\n<p>&nbsp;<\/p>\n<\/div>\n<\/section>\n<\/div>\n<\/div>\n<\/div>\n<div class=\"angwp_55514 _ning_cont _ning_hidden _ning_outer _align_center responsive\" data-size=\"300x250\" data-bid=\"55514\" data-aid=\"0\" style=\"max-width:300px; width:100%;height:inherit;\"><div class=\"_ning_label _left\" style=\"\"><\/div><div class=\"_ning_inner\" style=\"\"><\/div><\/div><div class=\"clear\"><\/div>","protected":false},"excerpt":{"rendered":"<p>Diretora: Maria Ester Homem Machado Vice-Diretor Vagner Paulo Maccalli A Dire\u00e7\u00e3o tem como objetivos, coordenar cooperativamente, promover, dinamizar e integrar os Organismos e Setores, unificando e dando coes\u00e3o ao processo, buscando estabelecer rela\u00e7\u00f5es de efetiva participa\u00e7\u00e3o, onde se vivencie experi\u00eancias que sejam antecipadas da nova sociedade, com vistas \u00e0 viv\u00eancia da proposta educacional do nosso&#8230;<\/p>\n","protected":false},"author":74,"featured_media":0,"parent":0,"menu_order":0,"comment_status":"closed","ping_status":"closed","template":"","meta":{"_acf_changed":false,"_monsterinsights_skip_tracking":false,"_monsterinsights_sitenote_active":false,"_monsterinsights_sitenote_note":"","_monsterinsights_sitenote_category":0,"footnotes":""},"class_list":["post-39099","page","type-page","status-publish","hentry"],"acf":[],"yoast_head":"<!-- This site is optimized with the Yoast SEO plugin v24.9 - https:\/\/yoast.com\/wordpress\/plugins\/seo\/ -->\n<title>Dire\u00e7\u00e3o - Col\u00e9gio M\u00e3e de Deus | Rede ICM de educa\u00e7\u00e3o<\/title>\n<meta name=\"robots\" content=\"index, follow, max-snippet:-1, max-image-preview:large, max-video-preview:-1\" \/>\n<link rel=\"canonical\" href=\"https:\/\/legado.redeicm.org.br\/maededeus\/direcao\/\" \/>\n<meta property=\"og:locale\" content=\"pt_BR\" \/>\n<meta property=\"og:type\" content=\"article\" \/>\n<meta property=\"og:title\" content=\"Dire\u00e7\u00e3o - Col\u00e9gio M\u00e3e de Deus | Rede ICM de educa\u00e7\u00e3o\" \/>\n<meta property=\"og:description\" content=\"Diretora: Maria Ester Homem Machado Vice-Diretor Vagner Paulo Maccalli A Dire\u00e7\u00e3o tem como objetivos, coordenar cooperativamente, promover, dinamizar e integrar os Organismos e Setores, unificando e dando coes\u00e3o ao processo, buscando estabelecer rela\u00e7\u00f5es de efetiva participa\u00e7\u00e3o, onde se vivencie experi\u00eancias que sejam antecipadas da nova sociedade, com vistas \u00e0 viv\u00eancia da proposta educacional do nosso...\" \/>\n<meta property=\"og:url\" content=\"https:\/\/legado.redeicm.org.br\/maededeus\/direcao\/\" \/>\n<meta property=\"og:site_name\" content=\"Col\u00e9gio M\u00e3e de Deus | Rede ICM de educa\u00e7\u00e3o\" \/>\n<meta property=\"article:modified_time\" content=\"2025-02-17T13:26:11+00:00\" \/>\n<meta name=\"twitter:card\" content=\"summary_large_image\" \/>\n<meta name=\"twitter:label1\" content=\"Est. tempo de leitura\" \/>\n\t<meta name=\"twitter:data1\" content=\"1 minuto\" \/>\n<script type=\"application\/ld+json\" class=\"yoast-schema-graph\">{\"@context\":\"https:\/\/schema.org\",\"@graph\":[{\"@type\":\"WebPage\",\"@id\":\"https:\/\/legado.redeicm.org.br\/maededeus\/direcao\/\",\"url\":\"https:\/\/legado.redeicm.org.br\/maededeus\/direcao\/\",\"name\":\"Dire\u00e7\u00e3o - Col\u00e9gio M\u00e3e de Deus | Rede ICM de educa\u00e7\u00e3o\",\"isPartOf\":{\"@id\":\"https:\/\/legado.redeicm.org.br\/maededeus\/#website\"},\"datePublished\":\"2017-01-12T22:02:45+00:00\",\"dateModified\":\"2025-02-17T13:26:11+00:00\",\"breadcrumb\":{\"@id\":\"https:\/\/legado.redeicm.org.br\/maededeus\/direcao\/#breadcrumb\"},\"inLanguage\":\"pt-BR\",\"potentialAction\":[{\"@type\":\"ReadAction\",\"target\":[\"https:\/\/legado.redeicm.org.br\/maededeus\/direcao\/\"]}]},{\"@type\":\"BreadcrumbList\",\"@id\":\"https:\/\/legado.redeicm.org.br\/maededeus\/direcao\/#breadcrumb\",\"itemListElement\":[{\"@type\":\"ListItem\",\"position\":1,\"name\":\"In\u00edcio\",\"item\":\"https:\/\/legado.redeicm.org.br\/maededeus\/\"},{\"@type\":\"ListItem\",\"position\":2,\"name\":\"Dire\u00e7\u00e3o\"}]},{\"@type\":\"WebSite\",\"@id\":\"https:\/\/legado.redeicm.org.br\/maededeus\/#website\",\"url\":\"https:\/\/legado.redeicm.org.br\/maededeus\/\",\"name\":\"Col\u00e9gio M\u00e3e de Deus | Rede ICM de educa\u00e7\u00e3o\",\"description\":\"\",\"potentialAction\":[{\"@type\":\"SearchAction\",\"target\":{\"@type\":\"EntryPoint\",\"urlTemplate\":\"https:\/\/legado.redeicm.org.br\/maededeus\/?s={search_term_string}\"},\"query-input\":{\"@type\":\"PropertyValueSpecification\",\"valueRequired\":true,\"valueName\":\"search_term_string\"}}],\"inLanguage\":\"pt-BR\"}]}<\/script>\n<!-- \/ Yoast SEO plugin. -->","yoast_head_json":{"title":"Dire\u00e7\u00e3o - Col\u00e9gio M\u00e3e de Deus | Rede ICM de educa\u00e7\u00e3o","robots":{"index":"index","follow":"follow","max-snippet":"max-snippet:-1","max-image-preview":"max-image-preview:large","max-video-preview":"max-video-preview:-1"},"canonical":"https:\/\/legado.redeicm.org.br\/maededeus\/direcao\/","og_locale":"pt_BR","og_type":"article","og_title":"Dire\u00e7\u00e3o - Col\u00e9gio M\u00e3e de Deus | Rede ICM de educa\u00e7\u00e3o","og_description":"Diretora: Maria Ester Homem Machado Vice-Diretor Vagner Paulo Maccalli A Dire\u00e7\u00e3o tem como objetivos, coordenar cooperativamente, promover, dinamizar e integrar os Organismos e Setores, unificando e dando coes\u00e3o ao processo, buscando estabelecer rela\u00e7\u00f5es de efetiva participa\u00e7\u00e3o, onde se vivencie experi\u00eancias que sejam antecipadas da nova sociedade, com vistas \u00e0 viv\u00eancia da proposta educacional do nosso...","og_url":"https:\/\/legado.redeicm.org.br\/maededeus\/direcao\/","og_site_name":"Col\u00e9gio M\u00e3e de Deus | Rede ICM de educa\u00e7\u00e3o","article_modified_time":"2025-02-17T13:26:11+00:00","twitter_card":"summary_large_image","twitter_misc":{"Est. tempo de leitura":"1 minuto"},"schema":{"@context":"https:\/\/schema.org","@graph":[{"@type":"WebPage","@id":"https:\/\/legado.redeicm.org.br\/maededeus\/direcao\/","url":"https:\/\/legado.redeicm.org.br\/maededeus\/direcao\/","name":"Dire\u00e7\u00e3o - Col\u00e9gio M\u00e3e de Deus | Rede ICM de educa\u00e7\u00e3o","isPartOf":{"@id":"https:\/\/legado.redeicm.org.br\/maededeus\/#website"},"datePublished":"2017-01-12T22:02:45+00:00","dateModified":"2025-02-17T13:26:11+00:00","breadcrumb":{"@id":"https:\/\/legado.redeicm.org.br\/maededeus\/direcao\/#breadcrumb"},"inLanguage":"pt-BR","potentialAction":[{"@type":"ReadAction","target":["https:\/\/legado.redeicm.org.br\/maededeus\/direcao\/"]}]},{"@type":"BreadcrumbList","@id":"https:\/\/legado.redeicm.org.br\/maededeus\/direcao\/#breadcrumb","itemListElement":[{"@type":"ListItem","position":1,"name":"In\u00edcio","item":"https:\/\/legado.redeicm.org.br\/maededeus\/"},{"@type":"ListItem","position":2,"name":"Dire\u00e7\u00e3o"}]},{"@type":"WebSite","@id":"https:\/\/legado.redeicm.org.br\/maededeus\/#website","url":"https:\/\/legado.redeicm.org.br\/maededeus\/","name":"Col\u00e9gio M\u00e3e de Deus | Rede ICM de educa\u00e7\u00e3o","description":"","potentialAction":[{"@type":"SearchAction","target":{"@type":"EntryPoint","urlTemplate":"https:\/\/legado.redeicm.org.br\/maededeus\/?s={search_term_string}"},"query-input":{"@type":"PropertyValueSpecification","valueRequired":true,"valueName":"search_term_string"}}],"inLanguage":"pt-BR"}]}},"_links":{"self":[{"href":"https:\/\/legado.redeicm.org.br\/maededeus\/wp-json\/wp\/v2\/pages\/39099"}],"collection":[{"href":"https:\/\/legado.redeicm.org.br\/maededeus\/wp-json\/wp\/v2\/pages"}],"about":[{"href":"https:\/\/legado.redeicm.org.br\/maededeus\/wp-json\/wp\/v2\/types\/page"}],"author":[{"embeddable":true,"href":"https:\/\/legado.redeicm.org.br\/maededeus\/wp-json\/wp\/v2\/users\/74"}],"replies":[{"embeddable":true,"href":"https:\/\/legado.redeicm.org.br\/maededeus\/wp-json\/wp\/v2\/comments?post=39099"}],"version-history":[{"count":8,"href":"https:\/\/legado.redeicm.org.br\/maededeus\/wp-json\/wp\/v2\/pages\/39099\/revisions"}],"predecessor-version":[{"id":78479,"href":"https:\/\/legado.redeicm.org.br\/maededeus\/wp-json\/wp\/v2\/pages\/39099\/revisions\/78479"}],"wp:attachment":[{"href":"https:\/\/legado.redeicm.org.br\/maededeus\/wp-json\/wp\/v2\/media?parent=39099"}],"curies":[{"name":"wp","href":"https:\/\/api.w.org\/{rel}","templated":true}]}}