{"id":39084,"date":"2017-01-12T18:51:24","date_gmt":"2017-01-12T20:51:24","guid":{"rendered":"https:\/\/redeicm.org.br\/maededeus\/?page_id=39084"},"modified":"2025-02-17T10:14:46","modified_gmt":"2025-02-17T13:14:46","slug":"ensino-medio","status":"publish","type":"page","link":"https:\/\/legado.redeicm.org.br\/maededeus\/ensino-medio\/","title":{"rendered":"Ensino M\u00e9dio"},"content":{"rendered":"<table style=\"height: 126px\" width=\"573\">\n<tbody>\n<tr>\n<td style=\"text-align: left\"><strong>Equipe<\/strong><\/td>\n<td style=\"text-align: left\"><strong>E-mail<\/strong><\/td>\n<\/tr>\n<tr>\n<td>Coordenadora da Etapa: Simone Gimenes<\/td>\n<td style=\"text-align: left\">simone.gimenes@redeicm.org.br<\/td>\n<\/tr>\n<tr>\n<td>Coordenadora Pedag\u00f3gica: Janile Silva<\/td>\n<td>janile.silva@colegiomaededeus.com.br<\/td>\n<\/tr>\n<tr>\n<td>Orientadora Educacional: Ananda Jung<\/td>\n<td>ananda.jung@colegiomaededeus.com.br<\/td>\n<\/tr>\n<\/tbody>\n<\/table>\n<p class=\"Fonte_texto_corpo\" style=\"text-align: justify\">O Ensino M\u00e9dio\u00a0do Col\u00e9gio busca:<\/p>\n<ul>\n<li class=\"Fonte_texto_corpo\" style=\"text-align: justify\">Aprofundar e <strong>consolidar os conhecimentos<\/strong>, habilidades e valores adquiridos no decorrer do Ensino Fundamental.<\/li>\n<li class=\"Fonte_texto_corpo\" style=\"text-align: justify\">A prepara\u00e7\u00e3o b\u00e1sica para o trabalho e a cidadania do educando, para <strong>continuar aprendendo<\/strong>, de modo a se adaptar cr\u00edtica e criativamente \u00e0s novas condi\u00e7\u00f5es de ocupa\u00e7\u00e3o ou aperfei\u00e7oamento posteriores.<\/li>\n<li class=\"Fonte_texto_corpo\" style=\"text-align: justify\">O aprimoramento do educando como pessoa, incluindo a <strong>forma\u00e7\u00e3o \u00e9tica e o desenvolvimento da autonomia<\/strong> intelectual e do pensamento cr\u00edtico.<\/li>\n<li class=\"Fonte_texto_corpo\" style=\"text-align: justify\">Adquirir conhecimentos que constituem o <strong>patrim\u00f4nio cultural<\/strong> da humanidade.<\/li>\n<li class=\"Fonte_texto_corpo\" style=\"text-align: justify\">A compreens\u00e3o dos fundamentos <strong>cient\u00edfico-tecnol\u00f3gicos dos processos produtivos<\/strong>, relacionando a teoria com a pr\u00e1tica, no ensino de cada disciplina.<\/li>\n<li class=\"Fonte_texto_corpo\" style=\"text-align: justify\">Desenvolvimento <strong>psicomotor e afetivo<\/strong>.<\/li>\n<\/ul>\n<p class=\"Fonte_texto_corpo\">Temos como indicadores:<\/p>\n<ul>\n<li class=\"Fonte_texto_corpo\">Argui\u00e7\u00e3o cient\u00edfica.<\/li>\n<li class=\"Fonte_texto_corpo\">Iniciativa e curiosidade.<\/li>\n<li class=\"Fonte_texto_corpo\">Autonomia intelectual.<\/li>\n<li class=\"Fonte_texto_corpo\">Conduta participativa.<\/li>\n<li class=\"Fonte_texto_corpo\">Flu\u00eancia e argumenta\u00e7\u00e3o de ideias.<\/li>\n<li class=\"Fonte_texto_corpo\">Flexibilidade \u201coriginalidade de pensamento.<\/li>\n<li class=\"Fonte_texto_corpo\">Op\u00e7\u00e3o profissional consciente.<\/li>\n<li class=\"Fonte_texto_corpo\">Atitude cr\u00edtica frente a realidade.<\/li>\n<li class=\"Fonte_texto_corpo\">Viv\u00eancia da solidariedade.<\/li>\n<li class=\"Fonte_texto_corpo\">Capacidade de dialogar abertamente.<\/li>\n<li class=\"Fonte_texto_corpo\">Abertura ao Transcendente.<\/li>\n<\/ul>\n<div class=\"angwp_55514 _ning_cont _ning_hidden _ning_outer _align_center responsive\" data-size=\"300x250\" data-bid=\"55514\" data-aid=\"0\" style=\"max-width:300px; width:100%;height:inherit;\"><div class=\"_ning_label _left\" style=\"\"><\/div><div class=\"_ning_inner\" style=\"\"><\/div><\/div><div class=\"clear\"><\/div>","protected":false},"excerpt":{"rendered":"<p>Equipe E-mail Coordenadora da Etapa: Simone Gimenes simone.gimenes@redeicm.org.br Coordenadora Pedag\u00f3gica: Janile Silva janile.silva@colegiomaededeus.com.br Orientadora Educacional: Ananda Jung ananda.jung@colegiomaededeus.com.br O Ensino M\u00e9dio\u00a0do Col\u00e9gio busca: Aprofundar e consolidar os conhecimentos, habilidades e valores adquiridos no decorrer do Ensino Fundamental. A prepara\u00e7\u00e3o b\u00e1sica para o trabalho e a cidadania do educando, para continuar aprendendo, de modo a se&#8230;<\/p>\n","protected":false},"author":32,"featured_media":0,"parent":0,"menu_order":0,"comment_status":"closed","ping_status":"closed","template":"","meta":{"_acf_changed":false,"_monsterinsights_skip_tracking":false,"_monsterinsights_sitenote_active":false,"_monsterinsights_sitenote_note":"","_monsterinsights_sitenote_category":0,"footnotes":""},"class_list":["post-39084","page","type-page","status-publish","hentry"],"acf":[],"yoast_head":"<!-- This site is optimized with the Yoast SEO plugin v24.9 - https:\/\/yoast.com\/wordpress\/plugins\/seo\/ -->\n<title>Ensino M\u00e9dio - Col\u00e9gio M\u00e3e de Deus | Rede ICM de educa\u00e7\u00e3o<\/title>\n<meta name=\"robots\" content=\"index, follow, max-snippet:-1, max-image-preview:large, max-video-preview:-1\" \/>\n<link rel=\"canonical\" href=\"https:\/\/legado.redeicm.org.br\/maededeus\/ensino-medio\/\" \/>\n<meta property=\"og:locale\" content=\"pt_BR\" \/>\n<meta property=\"og:type\" content=\"article\" \/>\n<meta property=\"og:title\" content=\"Ensino M\u00e9dio - Col\u00e9gio M\u00e3e de Deus | Rede ICM de educa\u00e7\u00e3o\" \/>\n<meta property=\"og:description\" content=\"Equipe E-mail Coordenadora da Etapa: Simone Gimenes simone.gimenes@redeicm.org.br Coordenadora Pedag\u00f3gica: Janile Silva janile.silva@colegiomaededeus.com.br Orientadora Educacional: Ananda Jung ananda.jung@colegiomaededeus.com.br O Ensino M\u00e9dio\u00a0do Col\u00e9gio busca: Aprofundar e consolidar os conhecimentos, habilidades e valores adquiridos no decorrer do Ensino Fundamental. A prepara\u00e7\u00e3o b\u00e1sica para o trabalho e a cidadania do educando, para continuar aprendendo, de modo a se...\" \/>\n<meta property=\"og:url\" content=\"https:\/\/legado.redeicm.org.br\/maededeus\/ensino-medio\/\" \/>\n<meta property=\"og:site_name\" content=\"Col\u00e9gio M\u00e3e de Deus | Rede ICM de educa\u00e7\u00e3o\" \/>\n<meta property=\"article:modified_time\" content=\"2025-02-17T13:14:46+00:00\" \/>\n<meta name=\"twitter:card\" content=\"summary_large_image\" \/>\n<meta name=\"twitter:label1\" content=\"Est. tempo de leitura\" \/>\n\t<meta name=\"twitter:data1\" content=\"1 minuto\" \/>\n<script type=\"application\/ld+json\" class=\"yoast-schema-graph\">{\"@context\":\"https:\/\/schema.org\",\"@graph\":[{\"@type\":\"WebPage\",\"@id\":\"https:\/\/legado.redeicm.org.br\/maededeus\/ensino-medio\/\",\"url\":\"https:\/\/legado.redeicm.org.br\/maededeus\/ensino-medio\/\",\"name\":\"Ensino M\u00e9dio - Col\u00e9gio M\u00e3e de Deus | Rede ICM de educa\u00e7\u00e3o\",\"isPartOf\":{\"@id\":\"https:\/\/legado.redeicm.org.br\/maededeus\/#website\"},\"datePublished\":\"2017-01-12T20:51:24+00:00\",\"dateModified\":\"2025-02-17T13:14:46+00:00\",\"breadcrumb\":{\"@id\":\"https:\/\/legado.redeicm.org.br\/maededeus\/ensino-medio\/#breadcrumb\"},\"inLanguage\":\"pt-BR\",\"potentialAction\":[{\"@type\":\"ReadAction\",\"target\":[\"https:\/\/legado.redeicm.org.br\/maededeus\/ensino-medio\/\"]}]},{\"@type\":\"BreadcrumbList\",\"@id\":\"https:\/\/legado.redeicm.org.br\/maededeus\/ensino-medio\/#breadcrumb\",\"itemListElement\":[{\"@type\":\"ListItem\",\"position\":1,\"name\":\"In\u00edcio\",\"item\":\"https:\/\/legado.redeicm.org.br\/maededeus\/\"},{\"@type\":\"ListItem\",\"position\":2,\"name\":\"Ensino M\u00e9dio\"}]},{\"@type\":\"WebSite\",\"@id\":\"https:\/\/legado.redeicm.org.br\/maededeus\/#website\",\"url\":\"https:\/\/legado.redeicm.org.br\/maededeus\/\",\"name\":\"Col\u00e9gio M\u00e3e de Deus | Rede ICM de educa\u00e7\u00e3o\",\"description\":\"\",\"potentialAction\":[{\"@type\":\"SearchAction\",\"target\":{\"@type\":\"EntryPoint\",\"urlTemplate\":\"https:\/\/legado.redeicm.org.br\/maededeus\/?s={search_term_string}\"},\"query-input\":{\"@type\":\"PropertyValueSpecification\",\"valueRequired\":true,\"valueName\":\"search_term_string\"}}],\"inLanguage\":\"pt-BR\"}]}<\/script>\n<!-- \/ Yoast SEO plugin. -->","yoast_head_json":{"title":"Ensino M\u00e9dio - Col\u00e9gio M\u00e3e de Deus | Rede ICM de educa\u00e7\u00e3o","robots":{"index":"index","follow":"follow","max-snippet":"max-snippet:-1","max-image-preview":"max-image-preview:large","max-video-preview":"max-video-preview:-1"},"canonical":"https:\/\/legado.redeicm.org.br\/maededeus\/ensino-medio\/","og_locale":"pt_BR","og_type":"article","og_title":"Ensino M\u00e9dio - Col\u00e9gio M\u00e3e de Deus | Rede ICM de educa\u00e7\u00e3o","og_description":"Equipe E-mail Coordenadora da Etapa: Simone Gimenes simone.gimenes@redeicm.org.br Coordenadora Pedag\u00f3gica: Janile Silva janile.silva@colegiomaededeus.com.br Orientadora Educacional: Ananda Jung ananda.jung@colegiomaededeus.com.br O Ensino M\u00e9dio\u00a0do Col\u00e9gio busca: Aprofundar e consolidar os conhecimentos, habilidades e valores adquiridos no decorrer do Ensino Fundamental. A prepara\u00e7\u00e3o b\u00e1sica para o trabalho e a cidadania do educando, para continuar aprendendo, de modo a se...","og_url":"https:\/\/legado.redeicm.org.br\/maededeus\/ensino-medio\/","og_site_name":"Col\u00e9gio M\u00e3e de Deus | Rede ICM de educa\u00e7\u00e3o","article_modified_time":"2025-02-17T13:14:46+00:00","twitter_card":"summary_large_image","twitter_misc":{"Est. tempo de leitura":"1 minuto"},"schema":{"@context":"https:\/\/schema.org","@graph":[{"@type":"WebPage","@id":"https:\/\/legado.redeicm.org.br\/maededeus\/ensino-medio\/","url":"https:\/\/legado.redeicm.org.br\/maededeus\/ensino-medio\/","name":"Ensino M\u00e9dio - Col\u00e9gio M\u00e3e de Deus | Rede ICM de educa\u00e7\u00e3o","isPartOf":{"@id":"https:\/\/legado.redeicm.org.br\/maededeus\/#website"},"datePublished":"2017-01-12T20:51:24+00:00","dateModified":"2025-02-17T13:14:46+00:00","breadcrumb":{"@id":"https:\/\/legado.redeicm.org.br\/maededeus\/ensino-medio\/#breadcrumb"},"inLanguage":"pt-BR","potentialAction":[{"@type":"ReadAction","target":["https:\/\/legado.redeicm.org.br\/maededeus\/ensino-medio\/"]}]},{"@type":"BreadcrumbList","@id":"https:\/\/legado.redeicm.org.br\/maededeus\/ensino-medio\/#breadcrumb","itemListElement":[{"@type":"ListItem","position":1,"name":"In\u00edcio","item":"https:\/\/legado.redeicm.org.br\/maededeus\/"},{"@type":"ListItem","position":2,"name":"Ensino M\u00e9dio"}]},{"@type":"WebSite","@id":"https:\/\/legado.redeicm.org.br\/maededeus\/#website","url":"https:\/\/legado.redeicm.org.br\/maededeus\/","name":"Col\u00e9gio M\u00e3e de Deus | Rede ICM de educa\u00e7\u00e3o","description":"","potentialAction":[{"@type":"SearchAction","target":{"@type":"EntryPoint","urlTemplate":"https:\/\/legado.redeicm.org.br\/maededeus\/?s={search_term_string}"},"query-input":{"@type":"PropertyValueSpecification","valueRequired":true,"valueName":"search_term_string"}}],"inLanguage":"pt-BR"}]}},"_links":{"self":[{"href":"https:\/\/legado.redeicm.org.br\/maededeus\/wp-json\/wp\/v2\/pages\/39084"}],"collection":[{"href":"https:\/\/legado.redeicm.org.br\/maededeus\/wp-json\/wp\/v2\/pages"}],"about":[{"href":"https:\/\/legado.redeicm.org.br\/maededeus\/wp-json\/wp\/v2\/types\/page"}],"author":[{"embeddable":true,"href":"https:\/\/legado.redeicm.org.br\/maededeus\/wp-json\/wp\/v2\/users\/32"}],"replies":[{"embeddable":true,"href":"https:\/\/legado.redeicm.org.br\/maededeus\/wp-json\/wp\/v2\/comments?post=39084"}],"version-history":[{"count":21,"href":"https:\/\/legado.redeicm.org.br\/maededeus\/wp-json\/wp\/v2\/pages\/39084\/revisions"}],"predecessor-version":[{"id":78475,"href":"https:\/\/legado.redeicm.org.br\/maededeus\/wp-json\/wp\/v2\/pages\/39084\/revisions\/78475"}],"wp:attachment":[{"href":"https:\/\/legado.redeicm.org.br\/maededeus\/wp-json\/wp\/v2\/media?parent=39084"}],"curies":[{"name":"wp","href":"https:\/\/api.w.org\/{rel}","templated":true}]}}