{"id":39082,"date":"2017-01-12T18:50:51","date_gmt":"2017-01-12T20:50:51","guid":{"rendered":"https:\/\/redeicm.org.br\/maededeus\/?page_id=39082"},"modified":"2025-02-17T10:18:07","modified_gmt":"2025-02-17T13:18:07","slug":"ensino-fundamental-anos-finais","status":"publish","type":"page","link":"https:\/\/legado.redeicm.org.br\/maededeus\/ensino-fundamental-anos-finais\/","title":{"rendered":"Ensino Fundamental &#8211; Anos Finais"},"content":{"rendered":"<p>&nbsp;<\/p>\n<table>\n<tbody>\n<tr>\n<td style=\"text-align: left\"><strong>Equipe<\/strong><\/td>\n<td style=\"text-align: left\"><strong>E-mail<\/strong><\/td>\n<\/tr>\n<tr>\n<td>Coordenadora da Etapa: Michele Cruz<\/td>\n<td style=\"text-align: left\">\u00a0michele.cruz@colegiomaededeus.com.br<\/td>\n<\/tr>\n<tr>\n<td>Coordenadora Pedag\u00f3gica: Janile Silva<\/td>\n<td>\u00a0janile.silva@colegiomaededeus.com.br<\/td>\n<\/tr>\n<tr>\n<td>Orientadora Educacional (6\u00ba ao 7\u00ba ano): Ir. Meridiane Brum<\/td>\n<td>\u00a0meridiane.brum@colegiomaededeus.com.br<\/td>\n<\/tr>\n<tr>\n<td>Orientadora Educacional (8\u00ba e 9\u00ba ano): Ananda Jung<\/td>\n<td>\u00a0ananda.jung@colegiomaededeus.com.br<\/td>\n<\/tr>\n<\/tbody>\n<\/table>\n<p class=\"Fonte_texto_corpo\">Nos Anos Finais do Ensino Fundamental \u00e9 oportunizado:<\/p>\n<ul>\n<li>O desenvolvimento <strong>integral <\/strong>do educando.<\/li>\n<li>A constru\u00e7\u00e3o de <strong>conhecimentos<\/strong> b\u00e1sicos, sistematizados e significativos.<\/li>\n<li>O\u00a0<strong>dom\u00ednio de instrumentos<\/strong> de compreens\u00e3o cr\u00edtica da realidade, da auto-express\u00e3o e da comunica\u00e7\u00e3o social.<\/li>\n<li>A forma\u00e7\u00e3o para a <strong>cidadania, <\/strong>integra\u00e7\u00e3o e a participa\u00e7\u00e3o na conviv\u00eancia humana.<\/li>\n<li>A\u00a0<strong>forma\u00e7\u00e3o de uma consci\u00eancia<\/strong> social, cr\u00edtica, solid\u00e1ria e democr\u00e1tica.<\/li>\n<\/ul>\n<p class=\"Fonte_texto_corpo\">Temos como indicadores de sa\u00edda para a etapa:<\/p>\n<ul>\n<li class=\"Fonte_texto_corpo\">Flu\u00eancia verbal.<\/li>\n<li class=\"Fonte_texto_corpo\">Argumenta\u00e7\u00e3o.<\/li>\n<li class=\"Fonte_texto_corpo\">Atitude cr\u00edtica, criativa e cooperativa.<\/li>\n<li class=\"Fonte_texto_corpo\">Autonomia intelectual.<\/li>\n<li class=\"Fonte_texto_corpo\">Iniciativa.<\/li>\n<li class=\"Fonte_texto_corpo\">Dom\u00ednio da leitura e da escrita.<\/li>\n<\/ul>\n<div class=\"angwp_55514 _ning_cont _ning_hidden _ning_outer _align_center responsive\" data-size=\"300x250\" data-bid=\"55514\" data-aid=\"0\" style=\"max-width:300px; width:100%;height:inherit;\"><div class=\"_ning_label _left\" style=\"\"><\/div><div class=\"_ning_inner\" style=\"\"><\/div><\/div><div class=\"clear\"><\/div>","protected":false},"excerpt":{"rendered":"<p>&nbsp; Equipe E-mail Coordenadora da Etapa: Michele Cruz \u00a0michele.cruz@colegiomaededeus.com.br Coordenadora Pedag\u00f3gica: Janile Silva \u00a0janile.silva@colegiomaededeus.com.br Orientadora Educacional (6\u00ba ao 7\u00ba ano): Ir. Meridiane Brum \u00a0meridiane.brum@colegiomaededeus.com.br Orientadora Educacional (8\u00ba e 9\u00ba ano): Ananda Jung \u00a0ananda.jung@colegiomaededeus.com.br Nos Anos Finais do Ensino Fundamental \u00e9 oportunizado: O desenvolvimento integral do educando. A constru\u00e7\u00e3o de conhecimentos b\u00e1sicos, sistematizados e significativos. O\u00a0dom\u00ednio&#8230;<\/p>\n","protected":false},"author":74,"featured_media":0,"parent":0,"menu_order":0,"comment_status":"closed","ping_status":"closed","template":"","meta":{"_acf_changed":false,"_monsterinsights_skip_tracking":false,"_monsterinsights_sitenote_active":false,"_monsterinsights_sitenote_note":"","_monsterinsights_sitenote_category":0,"footnotes":""},"class_list":["post-39082","page","type-page","status-publish","hentry"],"acf":[],"yoast_head":"<!-- This site is optimized with the Yoast SEO plugin v24.9 - https:\/\/yoast.com\/wordpress\/plugins\/seo\/ -->\n<title>Ensino Fundamental - Anos Finais - Col\u00e9gio M\u00e3e de Deus | Rede ICM de educa\u00e7\u00e3o<\/title>\n<meta name=\"robots\" content=\"index, follow, max-snippet:-1, max-image-preview:large, max-video-preview:-1\" \/>\n<link rel=\"canonical\" href=\"https:\/\/legado.redeicm.org.br\/maededeus\/ensino-fundamental-anos-finais\/\" \/>\n<meta property=\"og:locale\" content=\"pt_BR\" \/>\n<meta property=\"og:type\" content=\"article\" \/>\n<meta property=\"og:title\" content=\"Ensino Fundamental - Anos Finais - Col\u00e9gio M\u00e3e de Deus | Rede ICM de educa\u00e7\u00e3o\" \/>\n<meta property=\"og:description\" content=\"&nbsp; Equipe E-mail Coordenadora da Etapa: Michele Cruz \u00a0michele.cruz@colegiomaededeus.com.br Coordenadora Pedag\u00f3gica: Janile Silva \u00a0janile.silva@colegiomaededeus.com.br Orientadora Educacional (6\u00ba ao 7\u00ba ano): Ir. Meridiane Brum \u00a0meridiane.brum@colegiomaededeus.com.br Orientadora Educacional (8\u00ba e 9\u00ba ano): Ananda Jung \u00a0ananda.jung@colegiomaededeus.com.br Nos Anos Finais do Ensino Fundamental \u00e9 oportunizado: O desenvolvimento integral do educando. A constru\u00e7\u00e3o de conhecimentos b\u00e1sicos, sistematizados e significativos. O\u00a0dom\u00ednio...\" \/>\n<meta property=\"og:url\" content=\"https:\/\/legado.redeicm.org.br\/maededeus\/ensino-fundamental-anos-finais\/\" \/>\n<meta property=\"og:site_name\" content=\"Col\u00e9gio M\u00e3e de Deus | Rede ICM de educa\u00e7\u00e3o\" \/>\n<meta property=\"article:modified_time\" content=\"2025-02-17T13:18:07+00:00\" \/>\n<meta name=\"twitter:card\" content=\"summary_large_image\" \/>\n<meta name=\"twitter:label1\" content=\"Est. tempo de leitura\" \/>\n\t<meta name=\"twitter:data1\" content=\"1 minuto\" \/>\n<script type=\"application\/ld+json\" class=\"yoast-schema-graph\">{\"@context\":\"https:\/\/schema.org\",\"@graph\":[{\"@type\":\"WebPage\",\"@id\":\"https:\/\/legado.redeicm.org.br\/maededeus\/ensino-fundamental-anos-finais\/\",\"url\":\"https:\/\/legado.redeicm.org.br\/maededeus\/ensino-fundamental-anos-finais\/\",\"name\":\"Ensino Fundamental - Anos Finais - Col\u00e9gio M\u00e3e de Deus | Rede ICM de educa\u00e7\u00e3o\",\"isPartOf\":{\"@id\":\"https:\/\/legado.redeicm.org.br\/maededeus\/#website\"},\"datePublished\":\"2017-01-12T20:50:51+00:00\",\"dateModified\":\"2025-02-17T13:18:07+00:00\",\"breadcrumb\":{\"@id\":\"https:\/\/legado.redeicm.org.br\/maededeus\/ensino-fundamental-anos-finais\/#breadcrumb\"},\"inLanguage\":\"pt-BR\",\"potentialAction\":[{\"@type\":\"ReadAction\",\"target\":[\"https:\/\/legado.redeicm.org.br\/maededeus\/ensino-fundamental-anos-finais\/\"]}]},{\"@type\":\"BreadcrumbList\",\"@id\":\"https:\/\/legado.redeicm.org.br\/maededeus\/ensino-fundamental-anos-finais\/#breadcrumb\",\"itemListElement\":[{\"@type\":\"ListItem\",\"position\":1,\"name\":\"In\u00edcio\",\"item\":\"https:\/\/legado.redeicm.org.br\/maededeus\/\"},{\"@type\":\"ListItem\",\"position\":2,\"name\":\"Ensino Fundamental &#8211; Anos Finais\"}]},{\"@type\":\"WebSite\",\"@id\":\"https:\/\/legado.redeicm.org.br\/maededeus\/#website\",\"url\":\"https:\/\/legado.redeicm.org.br\/maededeus\/\",\"name\":\"Col\u00e9gio M\u00e3e de Deus | Rede ICM de educa\u00e7\u00e3o\",\"description\":\"\",\"potentialAction\":[{\"@type\":\"SearchAction\",\"target\":{\"@type\":\"EntryPoint\",\"urlTemplate\":\"https:\/\/legado.redeicm.org.br\/maededeus\/?s={search_term_string}\"},\"query-input\":{\"@type\":\"PropertyValueSpecification\",\"valueRequired\":true,\"valueName\":\"search_term_string\"}}],\"inLanguage\":\"pt-BR\"}]}<\/script>\n<!-- \/ Yoast SEO plugin. -->","yoast_head_json":{"title":"Ensino Fundamental - Anos Finais - Col\u00e9gio M\u00e3e de Deus | Rede ICM de educa\u00e7\u00e3o","robots":{"index":"index","follow":"follow","max-snippet":"max-snippet:-1","max-image-preview":"max-image-preview:large","max-video-preview":"max-video-preview:-1"},"canonical":"https:\/\/legado.redeicm.org.br\/maededeus\/ensino-fundamental-anos-finais\/","og_locale":"pt_BR","og_type":"article","og_title":"Ensino Fundamental - Anos Finais - Col\u00e9gio M\u00e3e de Deus | Rede ICM de educa\u00e7\u00e3o","og_description":"&nbsp; Equipe E-mail Coordenadora da Etapa: Michele Cruz \u00a0michele.cruz@colegiomaededeus.com.br Coordenadora Pedag\u00f3gica: Janile Silva \u00a0janile.silva@colegiomaededeus.com.br Orientadora Educacional (6\u00ba ao 7\u00ba ano): Ir. Meridiane Brum \u00a0meridiane.brum@colegiomaededeus.com.br Orientadora Educacional (8\u00ba e 9\u00ba ano): Ananda Jung \u00a0ananda.jung@colegiomaededeus.com.br Nos Anos Finais do Ensino Fundamental \u00e9 oportunizado: O desenvolvimento integral do educando. A constru\u00e7\u00e3o de conhecimentos b\u00e1sicos, sistematizados e significativos. O\u00a0dom\u00ednio...","og_url":"https:\/\/legado.redeicm.org.br\/maededeus\/ensino-fundamental-anos-finais\/","og_site_name":"Col\u00e9gio M\u00e3e de Deus | Rede ICM de educa\u00e7\u00e3o","article_modified_time":"2025-02-17T13:18:07+00:00","twitter_card":"summary_large_image","twitter_misc":{"Est. tempo de leitura":"1 minuto"},"schema":{"@context":"https:\/\/schema.org","@graph":[{"@type":"WebPage","@id":"https:\/\/legado.redeicm.org.br\/maededeus\/ensino-fundamental-anos-finais\/","url":"https:\/\/legado.redeicm.org.br\/maededeus\/ensino-fundamental-anos-finais\/","name":"Ensino Fundamental - Anos Finais - Col\u00e9gio M\u00e3e de Deus | Rede ICM de educa\u00e7\u00e3o","isPartOf":{"@id":"https:\/\/legado.redeicm.org.br\/maededeus\/#website"},"datePublished":"2017-01-12T20:50:51+00:00","dateModified":"2025-02-17T13:18:07+00:00","breadcrumb":{"@id":"https:\/\/legado.redeicm.org.br\/maededeus\/ensino-fundamental-anos-finais\/#breadcrumb"},"inLanguage":"pt-BR","potentialAction":[{"@type":"ReadAction","target":["https:\/\/legado.redeicm.org.br\/maededeus\/ensino-fundamental-anos-finais\/"]}]},{"@type":"BreadcrumbList","@id":"https:\/\/legado.redeicm.org.br\/maededeus\/ensino-fundamental-anos-finais\/#breadcrumb","itemListElement":[{"@type":"ListItem","position":1,"name":"In\u00edcio","item":"https:\/\/legado.redeicm.org.br\/maededeus\/"},{"@type":"ListItem","position":2,"name":"Ensino Fundamental &#8211; Anos Finais"}]},{"@type":"WebSite","@id":"https:\/\/legado.redeicm.org.br\/maededeus\/#website","url":"https:\/\/legado.redeicm.org.br\/maededeus\/","name":"Col\u00e9gio M\u00e3e de Deus | Rede ICM de educa\u00e7\u00e3o","description":"","potentialAction":[{"@type":"SearchAction","target":{"@type":"EntryPoint","urlTemplate":"https:\/\/legado.redeicm.org.br\/maededeus\/?s={search_term_string}"},"query-input":{"@type":"PropertyValueSpecification","valueRequired":true,"valueName":"search_term_string"}}],"inLanguage":"pt-BR"}]}},"_links":{"self":[{"href":"https:\/\/legado.redeicm.org.br\/maededeus\/wp-json\/wp\/v2\/pages\/39082"}],"collection":[{"href":"https:\/\/legado.redeicm.org.br\/maededeus\/wp-json\/wp\/v2\/pages"}],"about":[{"href":"https:\/\/legado.redeicm.org.br\/maededeus\/wp-json\/wp\/v2\/types\/page"}],"author":[{"embeddable":true,"href":"https:\/\/legado.redeicm.org.br\/maededeus\/wp-json\/wp\/v2\/users\/74"}],"replies":[{"embeddable":true,"href":"https:\/\/legado.redeicm.org.br\/maededeus\/wp-json\/wp\/v2\/comments?post=39082"}],"version-history":[{"count":25,"href":"https:\/\/legado.redeicm.org.br\/maededeus\/wp-json\/wp\/v2\/pages\/39082\/revisions"}],"predecessor-version":[{"id":78476,"href":"https:\/\/legado.redeicm.org.br\/maededeus\/wp-json\/wp\/v2\/pages\/39082\/revisions\/78476"}],"wp:attachment":[{"href":"https:\/\/legado.redeicm.org.br\/maededeus\/wp-json\/wp\/v2\/media?parent=39082"}],"curies":[{"name":"wp","href":"https:\/\/api.w.org\/{rel}","templated":true}]}}