{"id":39099,"date":"2017-01-12T20:02:45","date_gmt":"2017-01-12T22:02:45","guid":{"rendered":"https:\/\/redeicm.org.br\/maededeus\/?page_id=39099"},"modified":"2021-09-22T08:21:26","modified_gmt":"2021-09-22T11:21:26","slug":"direcao","status":"publish","type":"page","link":"https:\/\/legado.redeicm.org.br\/institutosaobenedito\/direcao\/","title":{"rendered":"Dire\u00e7\u00e3o"},"content":{"rendered":"<div class=\"l-main\">\n<div class=\"l-main-h i-cf\">\n<div class=\"l-content\">\n<section class=\"l-section\">\n<div class=\"l-section-h i-cf\">\n<p>&nbsp;<\/p>\n<\/div>\n<\/section>\n<\/div>\n<\/div>\n<\/div>\n<p>&nbsp;<\/p>\n<div class=\"l-main\">\n<div class=\"l-main-h i-cf\">\n<div class=\"l-content\">\n<section class=\"l-section\">\n<div class=\"l-section-h i-cf\">\n<p>&nbsp;<\/p>\n<p>&nbsp;<\/p>\n<p>&nbsp;<\/p>\n<p><strong>DIRE\u00c7\u00c3O:<\/strong><br \/>\nIr. Maria Luiza Martinelli<\/p>\n<p><strong>Vice-Dire\u00e7\u00e3o<\/strong><br \/>\nViviane Elgues Dias<\/p>\n<p>A Dire\u00e7\u00e3o tem como objetivos: Coordenar cooperativamente, promover, dinamizar e integrar os Organismos e Setores, unificando e dando coes\u00e3o ao processo, buscando estabelecer rela\u00e7\u00f5es de efetiva participa\u00e7\u00e3o, com vistas \u00e0 viv\u00eancia da Proposta educacional da nossa Institui\u00e7\u00e3o, como pertencente \u00e0 Rede ICM de Assist\u00eancia social.<\/p>\n<\/div>\n<\/section>\n<\/div>\n<\/div>\n<\/div>\n","protected":false},"excerpt":{"rendered":"<p>&nbsp; &nbsp; &nbsp; &nbsp; &nbsp; DIRE\u00c7\u00c3O: Ir. Maria Luiza Martinelli Vice-Dire\u00e7\u00e3o Viviane Elgues Dias A Dire\u00e7\u00e3o tem como objetivos: Coordenar cooperativamente, promover, dinamizar e integrar os Organismos e Setores, unificando e dando coes\u00e3o ao processo, buscando estabelecer rela\u00e7\u00f5es de efetiva participa\u00e7\u00e3o, com vistas \u00e0 viv\u00eancia da Proposta educacional da nossa Institui\u00e7\u00e3o, como pertencente \u00e0 Rede&#8230;<\/p>\n","protected":false},"author":86,"featured_media":0,"parent":0,"menu_order":0,"comment_status":"closed","ping_status":"closed","template":"","meta":{"_acf_changed":false,"_monsterinsights_skip_tracking":false,"_monsterinsights_sitenote_active":false,"_monsterinsights_sitenote_note":"","_monsterinsights_sitenote_category":0,"footnotes":""},"class_list":["post-39099","page","type-page","status-publish","hentry"],"acf":[],"_links":{"self":[{"href":"https:\/\/legado.redeicm.org.br\/institutosaobenedito\/wp-json\/wp\/v2\/pages\/39099"}],"collection":[{"href":"https:\/\/legado.redeicm.org.br\/institutosaobenedito\/wp-json\/wp\/v2\/pages"}],"about":[{"href":"https:\/\/legado.redeicm.org.br\/institutosaobenedito\/wp-json\/wp\/v2\/types\/page"}],"author":[{"embeddable":true,"href":"https:\/\/legado.redeicm.org.br\/institutosaobenedito\/wp-json\/wp\/v2\/users\/86"}],"replies":[{"embeddable":true,"href":"https:\/\/legado.redeicm.org.br\/institutosaobenedito\/wp-json\/wp\/v2\/comments?post=39099"}],"version-history":[{"count":5,"href":"https:\/\/legado.redeicm.org.br\/institutosaobenedito\/wp-json\/wp\/v2\/pages\/39099\/revisions"}],"predecessor-version":[{"id":49371,"href":"https:\/\/legado.redeicm.org.br\/institutosaobenedito\/wp-json\/wp\/v2\/pages\/39099\/revisions\/49371"}],"wp:attachment":[{"href":"https:\/\/legado.redeicm.org.br\/institutosaobenedito\/wp-json\/wp\/v2\/media?parent=39099"}],"curies":[{"name":"wp","href":"https:\/\/api.w.org\/{rel}","templated":true}]}}