{"id":47436,"date":"2025-02-12T01:20:39","date_gmt":"2025-02-12T04:20:39","guid":{"rendered":"https:\/\/www.redeicm.org.br\/imaculadaconceicao\/?page_id=47436"},"modified":"2025-06-18T11:11:56","modified_gmt":"2025-06-18T14:11:56","slug":"feicic-2025","status":"publish","type":"page","link":"https:\/\/legado.redeicm.org.br\/imaculadaconceicao\/feicic-2025\/","title":{"rendered":"FEICIC 2025"},"content":{"rendered":"<h2 style=\"text-align: center\"><\/h2>\n<h2 style=\"text-align: center\"><a href=\"https:\/\/drive.google.com\/file\/d\/1dG1ApP-5SJPtMjyJKnnerTironD80V0H\/view?usp=sharing\"><strong>REGULAMENTO GERAL &#8211; 11\u00aa FEICIC<\/strong><\/a><\/h2>\n<p>&nbsp;<\/p>\n<h3 style=\"text-align: center\"><a href=\"https:\/\/forms.gle\/JWzKanKLHmr5V7Lr5\">ENVIO DO LINK DO V\u00cdDEO<\/a><\/h3>\n<h3 style=\"text-align: center\"><a href=\"https:\/\/forms.gle\/SqLMaA9gqB57kR757\">ENVIO DO RELAT\u00d3RIO DE PESQUISA E BANNER<\/a><\/h3>\n<h3 style=\"text-align: center\"><a href=\"https:\/\/forms.gle\/MP126VL8bcAKa39Z9\">FORMUL\u00c1RIO DE INSCRI\u00c7\u00c3O (ANOS FINAIS)<\/a><\/h3>\n<h3 style=\"text-align: center\"><a href=\"https:\/\/forms.gle\/RT633SbsgxRj3j6z5\">FORMUL\u00c1RIO DE PR\u00c9-INSCRI\u00c7\u00c3O<\/a><\/h3>\n<h3 style=\"text-align: center\"><a href=\"https:\/\/drive.google.com\/file\/d\/1lXj1T16ExyfvxjG16sti50LxVTRBmzBa\/view\">ORIENTA\u00c7\u00d5ES SOBRE O RELAT\u00d3RIO DE PESQUISA<\/a><\/h3>\n<h3 style=\"text-align: center\"><a href=\"https:\/\/drive.google.com\/file\/d\/1JXyEMkAt8bHBqqzkSHCX_60hzb7grHuy\/view?usp=sharing\">ORIENTA\u00c7\u00d5ES SOBRE O BANNER<\/a><\/h3>\n<h3 style=\"text-align: center\"><a href=\"https:\/\/drive.google.com\/file\/d\/1gxcPjxZxt6OsAxNBPt_74xNFXFBW9B51\/view\">ORIENTA\u00c7\u00d5ES SOBRE O CADERNO DE CAMPO<\/a><\/h3>\n<h3 style=\"text-align: center\"><a href=\"https:\/\/drive.google.com\/file\/d\/1jF6kiPLseZNM0KQNXXpYEQgCtPpxuvLZ\/view\">ORIENTA\u00c7\u00d5ES SOBRE O V\u00cdDEO<\/a><\/h3>\n<h3 style=\"text-align: center\"><a href=\"https:\/\/drive.google.com\/file\/d\/1qIh6dLy2ZIxUzsJYNqcpWmoV2KJhPVMY\/view\">ORIENTA\u00c7\u00d5ES PARA APRESENTA\u00c7\u00c3O<\/a><\/h3>\n<h3 style=\"text-align: center\"><a href=\"https:\/\/drive.google.com\/file\/d\/1JT9nl-SLTYksleoGta7dej4tSwK_fXLb\/view\">MODELO DE RELAT\u00d3RIO DE PESQUISA<\/a><\/h3>\n<h3 style=\"text-align: center\"><a href=\"https:\/\/docs.google.com\/presentation\/d\/1Hou1qyKdgnn2Uk96yc0-igDl0XJXGVWr7ywCzun544o\/\">MODELO DE BANNER<\/a><\/h3>\n<p>&nbsp;<\/p>\n<p>&nbsp;<\/p>\n<p>&nbsp;<\/p>\n<div class=\"angwp_40786 _ning_cont _ning_hidden _ning_outer _align_center responsive\" data-size=\"300x250\" data-bid=\"40786\" data-aid=\"0\" style=\"max-width:300px; width:100%;height:inherit;\"><div class=\"_ning_label _left\" style=\"\"><\/div><div class=\"_ning_inner\" style=\"\"><\/div><\/div><div class=\"clear\"><\/div>","protected":false},"excerpt":{"rendered":"<p>REGULAMENTO GERAL &#8211; 11\u00aa FEICIC &nbsp; ENVIO DO LINK DO V\u00cdDEO ENVIO DO RELAT\u00d3RIO DE PESQUISA E BANNER FORMUL\u00c1RIO DE INSCRI\u00c7\u00c3O (ANOS FINAIS) FORMUL\u00c1RIO DE PR\u00c9-INSCRI\u00c7\u00c3O ORIENTA\u00c7\u00d5ES SOBRE O RELAT\u00d3RIO DE PESQUISA ORIENTA\u00c7\u00d5ES SOBRE O BANNER ORIENTA\u00c7\u00d5ES SOBRE O CADERNO DE CAMPO ORIENTA\u00c7\u00d5ES SOBRE O V\u00cdDEO ORIENTA\u00c7\u00d5ES PARA APRESENTA\u00c7\u00c3O MODELO DE RELAT\u00d3RIO DE PESQUISA MODELO&#8230;<\/p>\n","protected":false},"author":137,"featured_media":0,"parent":0,"menu_order":0,"comment_status":"closed","ping_status":"closed","template":"","meta":{"_acf_changed":false,"_monsterinsights_skip_tracking":false,"_monsterinsights_sitenote_active":false,"_monsterinsights_sitenote_note":"","_monsterinsights_sitenote_category":0,"footnotes":""},"class_list":["post-47436","page","type-page","status-publish","hentry"],"acf":[],"_links":{"self":[{"href":"https:\/\/legado.redeicm.org.br\/imaculadaconceicao\/wp-json\/wp\/v2\/pages\/47436"}],"collection":[{"href":"https:\/\/legado.redeicm.org.br\/imaculadaconceicao\/wp-json\/wp\/v2\/pages"}],"about":[{"href":"https:\/\/legado.redeicm.org.br\/imaculadaconceicao\/wp-json\/wp\/v2\/types\/page"}],"author":[{"embeddable":true,"href":"https:\/\/legado.redeicm.org.br\/imaculadaconceicao\/wp-json\/wp\/v2\/users\/137"}],"replies":[{"embeddable":true,"href":"https:\/\/legado.redeicm.org.br\/imaculadaconceicao\/wp-json\/wp\/v2\/comments?post=47436"}],"version-history":[{"count":9,"href":"https:\/\/legado.redeicm.org.br\/imaculadaconceicao\/wp-json\/wp\/v2\/pages\/47436\/revisions"}],"predecessor-version":[{"id":47475,"href":"https:\/\/legado.redeicm.org.br\/imaculadaconceicao\/wp-json\/wp\/v2\/pages\/47436\/revisions\/47475"}],"wp:attachment":[{"href":"https:\/\/legado.redeicm.org.br\/imaculadaconceicao\/wp-json\/wp\/v2\/media?parent=47436"}],"curies":[{"name":"wp","href":"https:\/\/api.w.org\/{rel}","templated":true}]}}