{"id":43187,"date":"2022-09-05T08:12:41","date_gmt":"2022-09-05T11:12:41","guid":{"rendered":"https:\/\/www.redeicm.org.br\/imaculadaconceicao\/?page_id=43187"},"modified":"2023-11-06T12:31:09","modified_gmt":"2023-11-06T15:31:09","slug":"bolsa-de-estudos-2024","status":"publish","type":"page","link":"https:\/\/legado.redeicm.org.br\/imaculadaconceicao\/bolsa-de-estudos-2024\/","title":{"rendered":"Bolsa de Estudos 2024"},"content":{"rendered":"<p>A Rede ICM disponibiliza, anualmente, um n\u00famero pr\u00e9-determinado de bolsas de estudo. Inicialmente, estas bolsas s\u00e3o oferecidas para os alunos j\u00e1 bolsistas renovarem e, havendo bolsas extras, disponibilizadas \u00e0 comunidade em geral.<br \/>\nO crit\u00e9rio \u00e9 por renda per capta.<br \/>\nO edital ser\u00e1 publicado entre o final de agosto e in\u00edcio de setembro. Fique atento ao nosso site neste per\u00edodo, para obter mais\u00a0informa\u00e7\u00f5es.<\/p>\n<p><a href=\"https:\/\/legado.redeicm.org.br\/imaculadaconceicao\/wp-content\/uploads\/sites\/11\/2023\/09\/EDITAL-BOLSAS-2024.pdf\">EDITAL BOLSAS 2024<\/a><\/p>\n<div class=\"angwp_40786 _ning_cont _ning_hidden _ning_outer _align_center responsive\" data-size=\"300x250\" data-bid=\"40786\" data-aid=\"0\" style=\"max-width:300px; width:100%;height:inherit;\"><div class=\"_ning_label _left\" style=\"\"><\/div><div class=\"_ning_inner\" style=\"\"><\/div><\/div><div class=\"clear\"><\/div>","protected":false},"excerpt":{"rendered":"<p>A Rede ICM disponibiliza, anualmente, um n\u00famero pr\u00e9-determinado de bolsas de estudo. Inicialmente, estas bolsas s\u00e3o oferecidas para os alunos j\u00e1 bolsistas renovarem e, havendo bolsas extras, disponibilizadas \u00e0 comunidade em geral. O crit\u00e9rio \u00e9 por renda per capta. O edital ser\u00e1 publicado entre o final de agosto e in\u00edcio de setembro. Fique atento ao&#8230;<\/p>\n","protected":false},"author":48,"featured_media":0,"parent":0,"menu_order":0,"comment_status":"closed","ping_status":"closed","template":"","meta":{"_acf_changed":false,"_monsterinsights_skip_tracking":false,"_monsterinsights_sitenote_active":false,"_monsterinsights_sitenote_note":"","_monsterinsights_sitenote_category":0,"footnotes":""},"class_list":["post-43187","page","type-page","status-publish","hentry"],"acf":[],"_links":{"self":[{"href":"https:\/\/legado.redeicm.org.br\/imaculadaconceicao\/wp-json\/wp\/v2\/pages\/43187"}],"collection":[{"href":"https:\/\/legado.redeicm.org.br\/imaculadaconceicao\/wp-json\/wp\/v2\/pages"}],"about":[{"href":"https:\/\/legado.redeicm.org.br\/imaculadaconceicao\/wp-json\/wp\/v2\/types\/page"}],"author":[{"embeddable":true,"href":"https:\/\/legado.redeicm.org.br\/imaculadaconceicao\/wp-json\/wp\/v2\/users\/48"}],"replies":[{"embeddable":true,"href":"https:\/\/legado.redeicm.org.br\/imaculadaconceicao\/wp-json\/wp\/v2\/comments?post=43187"}],"version-history":[{"count":6,"href":"https:\/\/legado.redeicm.org.br\/imaculadaconceicao\/wp-json\/wp\/v2\/pages\/43187\/revisions"}],"predecessor-version":[{"id":46004,"href":"https:\/\/legado.redeicm.org.br\/imaculadaconceicao\/wp-json\/wp\/v2\/pages\/43187\/revisions\/46004"}],"wp:attachment":[{"href":"https:\/\/legado.redeicm.org.br\/imaculadaconceicao\/wp-json\/wp\/v2\/media?parent=43187"}],"curies":[{"name":"wp","href":"https:\/\/api.w.org\/{rel}","templated":true}]}}