{"id":41742,"date":"2020-08-31T18:40:28","date_gmt":"2020-08-31T21:40:28","guid":{"rendered":"https:\/\/www.redeicm.org.br\/imaculadaconceicao\/?page_id=41742"},"modified":"2022-03-16T09:36:07","modified_gmt":"2022-03-16T12:36:07","slug":"plano-de-contingencia","status":"publish","type":"page","link":"https:\/\/legado.redeicm.org.br\/imaculadaconceicao\/plano-de-contingencia\/","title":{"rendered":"Plano de Conting\u00eancia"},"content":{"rendered":"<p>Segue o Plano de Conting\u00eancia do Col\u00e9gio Imaculada Concei\u00e7\u00e3o.<\/p>\n<p><a href=\"https:\/\/legado.redeicm.org.br\/imaculadaconceicao\/wp-content\/uploads\/sites\/11\/2020\/09\/Plano-de-continge\u0302ncia_Oficial_Colegio_Imaculada_Conceicao.pdf\">Plano de continge\u0302ncia_Oficial_Col\u00e9gio_Imaculada_Concei\u00e7\u00e3o<\/a><\/p>\n<p>Confira como ficou o nosso Col\u00e9gio:<\/p>\n<p><iframe loading=\"lazy\" title=\"Adequa\u00e7\u00f5es Protocolo Covid-19\" width=\"640\" height=\"360\" src=\"https:\/\/www.youtube.com\/embed\/E0mdzd4iiKU?feature=oembed\" frameborder=\"0\" allow=\"accelerometer; autoplay; clipboard-write; encrypted-media; gyroscope; picture-in-picture\" allowfullscreen><\/iframe><\/p>\n<div class=\"angwp_40786 _ning_cont _ning_hidden _ning_outer _align_center responsive\" data-size=\"300x250\" data-bid=\"40786\" data-aid=\"0\" style=\"max-width:300px; width:100%;height:inherit;\"><div class=\"_ning_label _left\" style=\"\"><\/div><div class=\"_ning_inner\" style=\"\"><\/div><\/div><div class=\"clear\"><\/div>","protected":false},"excerpt":{"rendered":"<p>Segue o Plano de Conting\u00eancia do Col\u00e9gio Imaculada Concei\u00e7\u00e3o. Plano de continge\u0302ncia_Oficial_Col\u00e9gio_Imaculada_Concei\u00e7\u00e3o Confira como ficou o nosso Col\u00e9gio:<\/p>\n","protected":false},"author":1,"featured_media":0,"parent":0,"menu_order":0,"comment_status":"closed","ping_status":"closed","template":"","meta":{"_acf_changed":false,"_monsterinsights_skip_tracking":false,"_monsterinsights_sitenote_active":false,"_monsterinsights_sitenote_note":"","_monsterinsights_sitenote_category":0,"footnotes":""},"class_list":["post-41742","page","type-page","status-publish","hentry"],"acf":[],"_links":{"self":[{"href":"https:\/\/legado.redeicm.org.br\/imaculadaconceicao\/wp-json\/wp\/v2\/pages\/41742"}],"collection":[{"href":"https:\/\/legado.redeicm.org.br\/imaculadaconceicao\/wp-json\/wp\/v2\/pages"}],"about":[{"href":"https:\/\/legado.redeicm.org.br\/imaculadaconceicao\/wp-json\/wp\/v2\/types\/page"}],"author":[{"embeddable":true,"href":"https:\/\/legado.redeicm.org.br\/imaculadaconceicao\/wp-json\/wp\/v2\/users\/1"}],"replies":[{"embeddable":true,"href":"https:\/\/legado.redeicm.org.br\/imaculadaconceicao\/wp-json\/wp\/v2\/comments?post=41742"}],"version-history":[{"count":5,"href":"https:\/\/legado.redeicm.org.br\/imaculadaconceicao\/wp-json\/wp\/v2\/pages\/41742\/revisions"}],"predecessor-version":[{"id":41754,"href":"https:\/\/legado.redeicm.org.br\/imaculadaconceicao\/wp-json\/wp\/v2\/pages\/41742\/revisions\/41754"}],"wp:attachment":[{"href":"https:\/\/legado.redeicm.org.br\/imaculadaconceicao\/wp-json\/wp\/v2\/media?parent=41742"}],"curies":[{"name":"wp","href":"https:\/\/api.w.org\/{rel}","templated":true}]}}