{"id":39417,"date":"2017-06-26T10:59:41","date_gmt":"2017-06-26T13:59:41","guid":{"rendered":"https:\/\/redeicm.org.br\/imaculadaconceicao\/?page_id=39417"},"modified":"2023-05-18T09:58:48","modified_gmt":"2023-05-18T12:58:48","slug":"norma-de-convivencia","status":"publish","type":"page","link":"https:\/\/legado.redeicm.org.br\/imaculadaconceicao\/norma-de-convivencia\/","title":{"rendered":"Orienta\u00e7\u00f5es para Alunos"},"content":{"rendered":"<p style=\"text-align: center\"><b>ORIENTA\u00c7\u00d5ES PARA ALUNOS 2023<\/b><\/p>\n<p><b>\u00a0<\/b><span style=\"font-weight: 400\">Cada um de n\u00f3s, Col\u00e9gio, fam\u00edlia e estudante \u00e9 correspons\u00e1vel na constru\u00e7\u00e3o de um clima que possibilite o aprendizado e crescimento como pessoa, experimentando e escolhendo a\u00e7\u00f5es que nos levem a desenvolver a criatividade, a autonomia e o respeito, de forma a construir a pr\u00f3pria identidade e optar por escolhas respons\u00e1veis. Neste processo, \u00e9 importante lembrar de:<\/span><\/p>\n<ul>\n<li style=\"font-weight: 400\"><span style=\"font-weight: 400\">Cumprir com pontualidade os hor\u00e1rios de in\u00edcio, intervalo e fim das aulas, evitando sa\u00eddas antecipadas e atrasos.<\/span><\/li>\n<li style=\"font-weight: 400\"><span style=\"font-weight: 400\">A toler\u00e2ncia para chegada em atraso \u00e9 de 5min, passando deste tempo, dever\u00e1 aguardar na recep\u00e7\u00e3o o pr\u00f3ximo per\u00edodo de aula;<\/span><\/li>\n<li style=\"font-weight: 400\"><span style=\"font-weight: 400\">\u00a0<\/span><span style=\"font-weight: 400\">Usar o uniforme diariamente. Em apenas dias muito frios \u00e9 permitido o uso de casaco grosso, azul marinho o preto.<\/span><\/li>\n<\/ul>\n<p><span style=\"font-weight: 400\">No registro do terceiro atraso sem justificativa m\u00e9dica e\/ou sem o uso do uniforme, o estudante receber\u00e1 a 1\u00aa advert\u00eancia e, em caso de reincid\u00eancia, seguir\u00e3o\u00a0 as san\u00e7\u00f5es conforme o Regimento Escolar.<\/span><\/p>\n<ul>\n<li style=\"font-weight: 400\"><span style=\"font-weight: 400\">Manter uma rela\u00e7\u00e3o cordial e de respeito com todos os colegas, professores. funcion\u00e1rios do Col\u00e9gio e demais pessoas que circulam na institui\u00e7\u00e3o;<\/span><\/li>\n<li style=\"font-weight: 400\"><span style=\"font-weight: 400\">Ser cuidadoso na linguagem, nas atitudes e nas rela\u00e7\u00f5es humanas;<\/span><\/li>\n<li style=\"font-weight: 400\"><span style=\"font-weight: 400\">Organizar um hor\u00e1rio e um ambiente de sil\u00eancio para a realiza\u00e7\u00e3o de tema e estudo.<\/span><\/li>\n<li style=\"font-weight: 400\"><span style=\"font-weight: 400\">Em rela\u00e7\u00e3o a aparelhos eletr\u00f4nicos (celulares, tablets, notebook, kindle e outros objetos), respeitar a regra estabelecida que,\u00a0 os mesmos s\u00f3 poder\u00e3o ser utilizados mediante a autoriza\u00e7\u00e3o do(a) professor(a) para uso pedag\u00f3gico. Fora isso, o aparelho dever\u00e1 permanecer desligado. Nas avalia\u00e7\u00f5es dever\u00e1 ficar desligado sobre a classe, vis\u00edvel aos professores. N\u00e3o respeitada esta determina\u00e7\u00e3o, o aparelho ser\u00e1 recolhido e encaminhado para a coordena\u00e7\u00e3o. No primeiro descumprimento, o mesmo ser\u00e1 devolvido para o estudante no final do turno, se houver reincid\u00eancia,\u00a0 a retirada ser\u00e1 feita apenas pela fam\u00edlia\/respons\u00e1vel.<\/span><\/li>\n<li style=\"font-weight: 400\"><span style=\"font-weight: 400\">Quando houver necessidade do aluno comunicar-se com a fam\u00edlia, comunicar o professor e este dar\u00e1 a orienta\u00e7\u00e3o necess\u00e1ria. \u00c9 de responsabilidade do Col\u00e9gio realizar o contato com as fam\u00edlias.<\/span><\/li>\n<li style=\"font-weight: 400\"><span style=\"font-weight: 400\">Em caso de faltas, responsabilizar-se pela atualiza\u00e7\u00e3o das atividades, trabalhos e materiais. Se houver avalia\u00e7\u00e3o, o aluno dever\u00e1 apresentar atestado m\u00e9dico, na secretaria, para obter a autoriza\u00e7\u00e3o para a realiza\u00e7\u00e3o da prova e\/ou atividades diversificadas. Em caso de viagem, avisar a secretaria, atrav\u00e9s da agenda eletr\u00f4nica (Clip), o per\u00edodo da viagem,\u00a0 solicitar prova de segunda chamada e realizar o pagamento da mesma, no valor de R$ 60,00. Ap\u00f3s estes encaminhamentos,\u00a0 o estudante precisa ir na secretaria, agendar a prova que sempre ser\u00e1 na primeira quarta-feira,\u00a0 ap\u00f3s o retorno da viagem;\u00a0<\/span><\/li>\n<li style=\"font-weight: 400\"><span style=\"font-weight: 400\">Comprometer-se com sua aprendizagem: plataforma Bernoulli, livros, cadernos, temas, avalia\u00e7\u00f5es, auxiliando na organiza\u00e7\u00e3o do material escolar e momentos de estudo;<\/span><\/li>\n<li style=\"font-weight: 400\"><span style=\"font-weight: 400\">Participar das atividades e eventos escolares com entusiasmo e responsabilidade;<\/span><\/li>\n<li style=\"font-weight: 400\"><span style=\"font-weight: 400\">Responsabilizar-se com o cumprimento do contrato coletivo da turma;<\/span><\/li>\n<li style=\"font-weight: 400\"><span style=\"font-weight: 400\">Aguardar os professores no pavilh\u00e3o no in\u00edcio da aula e ap\u00f3s o intervalo, exceto a T91 que poder\u00e1 ir diretamente para a sua sala (a manuten\u00e7\u00e3o deste direito depender\u00e1 exclusivamente do comportamento dos estudantes).;<\/span><\/li>\n<li style=\"font-weight: 400\"><span style=\"font-weight: 400\">No intervalo n\u00e3o \u00e9 permitido permanecer na sala de aula;<\/span><\/li>\n<li style=\"font-weight: 400\"><span style=\"font-weight: 400\">O intervalo al\u00e9m da divers\u00e3o e lanche, tamb\u00e9m \u00e9 o momento\u00a0 para ir ao banheiro e encher a garrafinha de \u00e1gua, evitando assim, sa\u00eddas durante as aulas;<\/span><\/li>\n<li style=\"font-weight: 400\"><span style=\"font-weight: 400\">Retirar e devolver os materiais utilizados no intervalo (bolas, tacos, etc);<\/span><\/li>\n<li style=\"font-weight: 400\"><span style=\"font-weight: 400\">Ser respons\u00e1vel e cuidadoso com a manuten\u00e7\u00e3o da estrutura, materiais e equipamentos da institui\u00e7\u00e3o. Em casos de danos, os mesmos ser\u00e3o cobrados;<\/span><\/li>\n<li style=\"font-weight: 400\"><span style=\"font-weight: 400\">Retirar seus materiais do escaninho no in\u00edcio da manh\u00e3 e devolv\u00ea-los ao final, 11h50min. O estudante \u00e9 respons\u00e1vel pela chave adquirida na secretaria. Em caso de extravio ou esquecimento n\u00e3o h\u00e1 chave reserva. Esta chave dever\u00e1 ser devolvida na secretaria, no final do ano letivo;<\/span><\/li>\n<li style=\"font-weight: 400\"><span style=\"font-weight: 400\">Manter o ambiente escolar limpo e organizado;<\/span><\/li>\n<\/ul>\n<p style=\"text-align: justify\"><span style=\"font-weight: 400\">A apresenta\u00e7\u00e3o da carteirinha da Biblioteca \u00e9 indispens\u00e1vel para retirada e renova\u00e7\u00e3o de livros e outros materiais. A carteirinha \u00e9 gratuita. Em caso de perda, refaz\u00ea-la ter\u00e1 custo. <\/span><span style=\"font-weight: 400\">\u00a0<\/span><span style=\"font-weight: 400\">Se o estudante faltar a aula no dia da devolu\u00e7\u00e3o, o livro dever\u00e1 ser deixado na caixa de coleta em frente a biblioteca. Em caso de perda, extravio ou danos, de qualquer material, o mesmo dever\u00e1 ser reposto ou ter o seu valor indenizado.<\/span><\/p>\n<div class=\"angwp_40786 _ning_cont _ning_hidden _ning_outer _align_center responsive\" data-size=\"300x250\" data-bid=\"40786\" data-aid=\"0\" style=\"max-width:300px; width:100%;height:inherit;\"><div class=\"_ning_label _left\" style=\"\"><\/div><div class=\"_ning_inner\" style=\"\"><\/div><\/div><div class=\"clear\"><\/div>","protected":false},"excerpt":{"rendered":"<p>ORIENTA\u00c7\u00d5ES PARA ALUNOS 2023 \u00a0Cada um de n\u00f3s, Col\u00e9gio, fam\u00edlia e estudante \u00e9 correspons\u00e1vel na constru\u00e7\u00e3o de um clima que possibilite o aprendizado e crescimento como pessoa, experimentando e escolhendo a\u00e7\u00f5es que nos levem a desenvolver a criatividade, a autonomia e o respeito, de forma a construir a pr\u00f3pria identidade e optar por escolhas respons\u00e1veis&#8230;.<\/p>\n","protected":false},"author":48,"featured_media":0,"parent":0,"menu_order":0,"comment_status":"closed","ping_status":"closed","template":"","meta":{"_acf_changed":false,"_monsterinsights_skip_tracking":false,"_monsterinsights_sitenote_active":false,"_monsterinsights_sitenote_note":"","_monsterinsights_sitenote_category":0,"footnotes":""},"class_list":["post-39417","page","type-page","status-publish","hentry"],"acf":[],"_links":{"self":[{"href":"https:\/\/legado.redeicm.org.br\/imaculadaconceicao\/wp-json\/wp\/v2\/pages\/39417"}],"collection":[{"href":"https:\/\/legado.redeicm.org.br\/imaculadaconceicao\/wp-json\/wp\/v2\/pages"}],"about":[{"href":"https:\/\/legado.redeicm.org.br\/imaculadaconceicao\/wp-json\/wp\/v2\/types\/page"}],"author":[{"embeddable":true,"href":"https:\/\/legado.redeicm.org.br\/imaculadaconceicao\/wp-json\/wp\/v2\/users\/48"}],"replies":[{"embeddable":true,"href":"https:\/\/legado.redeicm.org.br\/imaculadaconceicao\/wp-json\/wp\/v2\/comments?post=39417"}],"version-history":[{"count":9,"href":"https:\/\/legado.redeicm.org.br\/imaculadaconceicao\/wp-json\/wp\/v2\/pages\/39417\/revisions"}],"predecessor-version":[{"id":45299,"href":"https:\/\/legado.redeicm.org.br\/imaculadaconceicao\/wp-json\/wp\/v2\/pages\/39417\/revisions\/45299"}],"wp:attachment":[{"href":"https:\/\/legado.redeicm.org.br\/imaculadaconceicao\/wp-json\/wp\/v2\/media?parent=39417"}],"curies":[{"name":"wp","href":"https:\/\/api.w.org\/{rel}","templated":true}]}}