{"id":39114,"date":"2017-01-12T20:15:52","date_gmt":"2017-01-12T22:15:52","guid":{"rendered":"https:\/\/redeicm.org.br\/maededeus\/?page_id=39114"},"modified":"2024-11-18T14:35:36","modified_gmt":"2024-11-18T17:35:36","slug":"tesouraria","status":"publish","type":"page","link":"https:\/\/legado.redeicm.org.br\/cristorei\/tesouraria\/","title":{"rendered":"Tesouraria"},"content":{"rendered":"<div class=\"l-main\">\n<div class=\"l-main-h i-cf\">\n<div class=\"l-content\">\n<section class=\"l-section\">\n<div class=\"l-section-h i-cf\"><strong>TESOURARIA<\/strong><\/div>\n<div class=\"l-section-h i-cf\"><\/div>\n<div class=\"l-section-h i-cf\"><\/div>\n<div class=\"l-section-h i-cf\"><strong>Respons\u00e1vel pela Tesouraria<\/strong><\/div>\n<div class=\"l-section-h i-cf\">\u00a0Mara Elisa da Silva Xavier<\/div>\n<\/section>\n<\/div>\n<\/div>\n<\/div>\n<div><\/div>\n<div><strong>Hor\u00e1rio de funcionamento:\u00a0<\/strong><\/div>\n<div>De segunda \u00e0 sexta- feira das 8h \u00e0s 12h<\/div>\n<div>13h30min \u00e0s 17h30min<\/div>\n<div class=\"l-main\">\n<div class=\"l-section-h i-cf\"><\/div>\n<div class=\"l-main-h i-cf\">\n<div class=\"l-content\">\n<section class=\"l-section\">\n<div class=\"l-section-h i-cf\">\n<p><strong>E-mail:\u00a0 \u00a0 financeirocristorei@redeicm.org.br<\/strong><\/p>\n<p>&nbsp;<\/p>\n<\/div>\n<\/section>\n<\/div>\n<\/div>\n<\/div>\n<div class=\"angwp_45735 _ning_cont _ning_hidden _ning_outer _align_center responsive\" data-size=\"300x250\" data-bid=\"45735\" data-aid=\"0\" style=\"max-width:300px; width:100%;height:inherit;\"><div class=\"_ning_label _left\" style=\"\"><\/div><div class=\"_ning_inner\" style=\"\"><\/div><\/div><div class=\"clear\"><\/div>","protected":false},"excerpt":{"rendered":"<p>TESOURARIA Respons\u00e1vel pela Tesouraria \u00a0Mara Elisa da Silva Xavier Hor\u00e1rio de funcionamento:\u00a0 De segunda \u00e0 sexta- feira das 8h \u00e0s 12h 13h30min \u00e0s 17h30min E-mail:\u00a0 \u00a0 financeirocristorei@redeicm.org.br &nbsp;<\/p>\n","protected":false},"author":55,"featured_media":0,"parent":0,"menu_order":0,"comment_status":"closed","ping_status":"closed","template":"","meta":{"_acf_changed":false,"_monsterinsights_skip_tracking":false,"_monsterinsights_sitenote_active":false,"_monsterinsights_sitenote_note":"","_monsterinsights_sitenote_category":0,"footnotes":""},"class_list":["post-39114","page","type-page","status-publish","hentry"],"acf":[],"_links":{"self":[{"href":"https:\/\/legado.redeicm.org.br\/cristorei\/wp-json\/wp\/v2\/pages\/39114"}],"collection":[{"href":"https:\/\/legado.redeicm.org.br\/cristorei\/wp-json\/wp\/v2\/pages"}],"about":[{"href":"https:\/\/legado.redeicm.org.br\/cristorei\/wp-json\/wp\/v2\/types\/page"}],"author":[{"embeddable":true,"href":"https:\/\/legado.redeicm.org.br\/cristorei\/wp-json\/wp\/v2\/users\/55"}],"replies":[{"embeddable":true,"href":"https:\/\/legado.redeicm.org.br\/cristorei\/wp-json\/wp\/v2\/comments?post=39114"}],"version-history":[{"count":9,"href":"https:\/\/legado.redeicm.org.br\/cristorei\/wp-json\/wp\/v2\/pages\/39114\/revisions"}],"predecessor-version":[{"id":56215,"href":"https:\/\/legado.redeicm.org.br\/cristorei\/wp-json\/wp\/v2\/pages\/39114\/revisions\/56215"}],"wp:attachment":[{"href":"https:\/\/legado.redeicm.org.br\/cristorei\/wp-json\/wp\/v2\/media?parent=39114"}],"curies":[{"name":"wp","href":"https:\/\/api.w.org\/{rel}","templated":true}]}}