{"id":39108,"date":"2017-01-12T20:14:27","date_gmt":"2017-01-12T22:14:27","guid":{"rendered":"https:\/\/redeicm.org.br\/maededeus\/?page_id=39108"},"modified":"2022-02-07T09:42:53","modified_gmt":"2022-02-07T12:42:53","slug":"secretaria","status":"publish","type":"page","link":"https:\/\/legado.redeicm.org.br\/cristorei\/secretaria\/","title":{"rendered":"Secretaria"},"content":{"rendered":"<div class=\"l-main\">\n<div class=\"l-main-h i-cf\">\n<div class=\"l-content\">\n<section class=\"l-section\">\n<div class=\"l-section-h i-cf\">\n<p>&nbsp;<\/p>\n<p>SECRETARIA<\/p>\n<p>Na secretaria s\u00e3o executados todos os servi\u00e7os de escritura\u00e7\u00e3o, arquivo, fich\u00e1rio e correspond\u00eancia.<\/p>\n<p><strong>Hor\u00e1rios de Funcionamento:<\/strong><\/p>\n<p style=\"text-align: left\">De segunda \u00e0 sexta das 7h 40min \u00e0s 12h<br \/>\n13h30min \u00e0s 17h<\/p>\n<p><strong>Secret\u00e1ria<\/strong><\/p>\n<p>Mileni Ricardo Ferreira<\/p>\n<\/div>\n<p>email:\u00a0 \u00a0cristorei@redeicm.org.br<\/p>\n<\/section>\n<\/div>\n<\/div>\n<\/div>\n<div class=\"angwp_45735 _ning_cont _ning_hidden _ning_outer _align_center responsive\" data-size=\"300x250\" data-bid=\"45735\" data-aid=\"0\" style=\"max-width:300px; width:100%;height:inherit;\"><div class=\"_ning_label _left\" style=\"\"><\/div><div class=\"_ning_inner\" style=\"\"><\/div><\/div><div class=\"clear\"><\/div>","protected":false},"excerpt":{"rendered":"<p>&nbsp; SECRETARIA Na secretaria s\u00e3o executados todos os servi\u00e7os de escritura\u00e7\u00e3o, arquivo, fich\u00e1rio e correspond\u00eancia. Hor\u00e1rios de Funcionamento: De segunda \u00e0 sexta das 7h 40min \u00e0s 12h 13h30min \u00e0s 17h Secret\u00e1ria Mileni Ricardo Ferreira email:\u00a0 \u00a0cristorei@redeicm.org.br<\/p>\n","protected":false},"author":55,"featured_media":0,"parent":0,"menu_order":0,"comment_status":"closed","ping_status":"closed","template":"","meta":{"_acf_changed":false,"_monsterinsights_skip_tracking":false,"_monsterinsights_sitenote_active":false,"_monsterinsights_sitenote_note":"","_monsterinsights_sitenote_category":0,"footnotes":""},"class_list":["post-39108","page","type-page","status-publish","hentry"],"acf":[],"_links":{"self":[{"href":"https:\/\/legado.redeicm.org.br\/cristorei\/wp-json\/wp\/v2\/pages\/39108"}],"collection":[{"href":"https:\/\/legado.redeicm.org.br\/cristorei\/wp-json\/wp\/v2\/pages"}],"about":[{"href":"https:\/\/legado.redeicm.org.br\/cristorei\/wp-json\/wp\/v2\/types\/page"}],"author":[{"embeddable":true,"href":"https:\/\/legado.redeicm.org.br\/cristorei\/wp-json\/wp\/v2\/users\/55"}],"replies":[{"embeddable":true,"href":"https:\/\/legado.redeicm.org.br\/cristorei\/wp-json\/wp\/v2\/comments?post=39108"}],"version-history":[{"count":11,"href":"https:\/\/legado.redeicm.org.br\/cristorei\/wp-json\/wp\/v2\/pages\/39108\/revisions"}],"predecessor-version":[{"id":50798,"href":"https:\/\/legado.redeicm.org.br\/cristorei\/wp-json\/wp\/v2\/pages\/39108\/revisions\/50798"}],"wp:attachment":[{"href":"https:\/\/legado.redeicm.org.br\/cristorei\/wp-json\/wp\/v2\/media?parent=39108"}],"curies":[{"name":"wp","href":"https:\/\/api.w.org\/{rel}","templated":true}]}}