{"id":39105,"date":"2017-01-12T20:07:10","date_gmt":"2017-01-12T22:07:10","guid":{"rendered":"https:\/\/redeicm.org.br\/maededeus\/?page_id=39105"},"modified":"2024-11-18T14:18:37","modified_gmt":"2024-11-18T17:18:37","slug":"soe","status":"publish","type":"page","link":"https:\/\/legado.redeicm.org.br\/cristorei\/soe\/","title":{"rendered":"Servi\u00e7o de Orienta\u00e7\u00e3o Educacional &#8211; SOE"},"content":{"rendered":"<p>&nbsp;<\/p>\n<div class=\"l-main\">\n<div class=\"l-main-h i-cf\">\n<div class=\"l-content\">\n<section class=\"l-section\">\n<div class=\"l-section-h i-cf\">O Servi\u00e7o de Orienta\u00e7\u00e3o Educacional visa assessorar e integrar toda Comunidade Escolar, de forma preventiva e educativa, contribuindo no desenvolvimento integral de seus membros.<strong>O Servi\u00e7o de Orienta\u00e7\u00e3o Educacional tem por atribui\u00e7\u00f5es:<\/strong><\/p>\n<p><strong>a)<\/strong>\u00a0Favorecer as rela\u00e7\u00f5es humanas, baseadas no auto-conhecimento, crescimento pessoal e a integra\u00e7\u00e3o social de todas as pessoas envolvidas no processo educacional;<br \/>\n<strong>b)<\/strong>\u00a0Promover o desenvolvimento dos alunos, tendo em vista sua realiza\u00e7\u00e3o individual e social;<br \/>\n<strong>c)<\/strong>\u00a0Propiciar aos alunos orienta\u00e7\u00e3o individual ou grupal, para que desenvolvam maior entendimento sobre suas dificuldades e a busca de solu\u00e7\u00f5es;<br \/>\n<strong>d)<\/strong>\u00a0Promover a tomada de consci\u00eancia do papel dos educadores, valorizando as caracter\u00edsticas necess\u00e1rias para atuar na educa\u00e7\u00e3o libertadora;<br \/>\n<strong>e)<\/strong>\u00a0Oportunizar e aprofundar o conhecimento para o desenvolvimento emocional e cognitivo, a fim de efetuar a proposta pedag\u00f3gica;<br \/>\n<strong>f)\u00a0<\/strong>Atender os pais dos alunos que apresentam dificuldades, para que colaborem na solu\u00e7\u00e3o dos problemas, acompanhem e incentivem o desempenho escolar do filho;<br \/>\n<strong>g)<\/strong>\u00a0Realizar o encaminhamento dos alunos, quando necess\u00e1rio, para institui\u00e7\u00f5es especializadas.<\/p>\n<p>Orientadora:\u00a0 Tatiane da Costa<\/p>\n<\/div>\n<\/section>\n<\/div>\n<\/div>\n<\/div>\n<div class=\"angwp_45735 _ning_cont _ning_hidden _ning_outer _align_center responsive\" data-size=\"300x250\" data-bid=\"45735\" data-aid=\"0\" style=\"max-width:300px; width:100%;height:inherit;\"><div class=\"_ning_label _left\" style=\"\"><\/div><div class=\"_ning_inner\" style=\"\"><\/div><\/div><div class=\"clear\"><\/div>","protected":false},"excerpt":{"rendered":"<p>&nbsp; O Servi\u00e7o de Orienta\u00e7\u00e3o Educacional visa assessorar e integrar toda Comunidade Escolar, de forma preventiva e educativa, contribuindo no desenvolvimento integral de seus membros.O Servi\u00e7o de Orienta\u00e7\u00e3o Educacional tem por atribui\u00e7\u00f5es: a)\u00a0Favorecer as rela\u00e7\u00f5es humanas, baseadas no auto-conhecimento, crescimento pessoal e a integra\u00e7\u00e3o social de todas as pessoas envolvidas no processo educacional; b)\u00a0Promover o&#8230;<\/p>\n","protected":false},"author":55,"featured_media":0,"parent":0,"menu_order":0,"comment_status":"closed","ping_status":"closed","template":"","meta":{"_acf_changed":false,"_monsterinsights_skip_tracking":false,"_monsterinsights_sitenote_active":false,"_monsterinsights_sitenote_note":"","_monsterinsights_sitenote_category":0,"footnotes":""},"class_list":["post-39105","page","type-page","status-publish","hentry"],"acf":[],"_links":{"self":[{"href":"https:\/\/legado.redeicm.org.br\/cristorei\/wp-json\/wp\/v2\/pages\/39105"}],"collection":[{"href":"https:\/\/legado.redeicm.org.br\/cristorei\/wp-json\/wp\/v2\/pages"}],"about":[{"href":"https:\/\/legado.redeicm.org.br\/cristorei\/wp-json\/wp\/v2\/types\/page"}],"author":[{"embeddable":true,"href":"https:\/\/legado.redeicm.org.br\/cristorei\/wp-json\/wp\/v2\/users\/55"}],"replies":[{"embeddable":true,"href":"https:\/\/legado.redeicm.org.br\/cristorei\/wp-json\/wp\/v2\/comments?post=39105"}],"version-history":[{"count":3,"href":"https:\/\/legado.redeicm.org.br\/cristorei\/wp-json\/wp\/v2\/pages\/39105\/revisions"}],"predecessor-version":[{"id":56211,"href":"https:\/\/legado.redeicm.org.br\/cristorei\/wp-json\/wp\/v2\/pages\/39105\/revisions\/56211"}],"wp:attachment":[{"href":"https:\/\/legado.redeicm.org.br\/cristorei\/wp-json\/wp\/v2\/media?parent=39105"}],"curies":[{"name":"wp","href":"https:\/\/api.w.org\/{rel}","templated":true}]}}