{"id":39082,"date":"2017-01-12T18:50:51","date_gmt":"2017-01-12T20:50:51","guid":{"rendered":"https:\/\/redeicm.org.br\/maededeus\/?page_id=39082"},"modified":"2024-11-18T14:04:50","modified_gmt":"2024-11-18T17:04:50","slug":"ensino-fundamental-anos-finais","status":"publish","type":"page","link":"https:\/\/legado.redeicm.org.br\/cristorei\/ensino-fundamental-anos-finais\/","title":{"rendered":"Ensino Fundamental &#8211; Anos Finais"},"content":{"rendered":"<section class=\"wpb-content-wrapper\"><section class=\"l-section wpb_row height_medium\"><div class=\"l-section-h i-cf\"><div class=\"g-cols vc_row via_grid cols_1 laptops-cols_inherit tablets-cols_inherit mobiles-cols_1 valign_top type_default stacking_default\"><div class=\"wpb_column vc_column_container\"><div class=\"vc_column-inner\"><div class=\"wpb_text_column\"><div class=\"wpb_wrapper\"><p class=\"Fonte_texto_corpo\">NOS ANOS FINAIS DO ENSINO FUNDAMENTAL \u00e9 oportunizado:<br \/>\n&#8211; o desenvolvimento <strong>integral <\/strong>do educando;<br \/>\n&#8211; a constru\u00e7\u00e3o de <strong>conhecimentos<\/strong> b\u00e1sicos, sistematizados e significativos;<br \/>\n&#8211; o <strong>dom\u00ednio de instrumentos<\/strong> de compreens\u00e3o cr\u00edtica da realidade, da auto-express\u00e3o e da comunica\u00e7\u00e3o social;<br \/>\n&#8211; a forma\u00e7\u00e3o para a <strong>cidadania, <\/strong>integra\u00e7\u00e3o e a participa\u00e7\u00e3o na conviv\u00eancia humana;<br \/>\n&#8211; a <strong>forma\u00e7\u00e3o de uma consci\u00eancia<\/strong> social, cr\u00edtica, solid\u00e1ria e democr\u00e1tica.<\/p>\n<p class=\"Fonte_texto_corpo\">Indicadores de sa\u00edda para a etapa do Ensino Fundamental ANOS FINAIS:<\/p>\n<p class=\"Fonte_texto_corpo\">&#8211; Flu\u00eancia verbal;<br \/>\n&#8211; Argumenta\u00e7\u00e3o;<br \/>\n&#8211; Atitude cr\u00edtica, criativa e cooperativa;<br \/>\n&#8211; Autonomia intelectual;<br \/>\n&#8211; Iniciativa;<br \/>\n&#8211; Dom\u00ednio da leitura e da escrita.<\/p>\n<p><b>Anos Finais (6\u00ba ao 9\u00ba ano)<\/b><\/p>\n<p><span style=\"font-weight: 400\">Os Anos Finais do Ensino Fundamental consolidam os conhecimentos adquiridos, impulsionando o desenvolvimento intelectual do aluno, ampliando suas experi\u00eancias e pr\u00e1ticas socioculturais\u00a0 atrav\u00e9s de:<\/span><\/p>\n<ul>\n<li style=\"font-weight: 400\"><span style=\"font-weight: 400\">Protagonismo e lideran\u00e7a\u00a0<\/span><\/li>\n<li style=\"font-weight: 400\"><span style=\"font-weight: 400\">Cientificidade e desenvolvimento tecnol\u00f3gico<\/span><\/li>\n<li style=\"font-weight: 400\"><span style=\"font-weight: 400\">Espa\u00e7os colaborativos e conectados\u00a0<\/span><\/li>\n<li style=\"font-weight: 400\"><span style=\"font-weight: 400\">Aprender a aprender\u00a0<\/span><\/li>\n<li style=\"font-weight: 400\"><span style=\"font-weight: 400\">Sustentabilidade e cuidado com o mundo<\/span><\/li>\n<li style=\"font-weight: 400\"><span style=\"font-weight: 400\">Autogest\u00e3o financeira<\/span><\/li>\n<\/ul>\n<\/div><\/div><\/div><\/div><\/div><\/div><\/section>\n<div class=\"angwp_45735 _ning_cont _ning_hidden _ning_outer _align_center responsive\" data-size=\"300x250\" data-bid=\"45735\" data-aid=\"0\" style=\"max-width:300px; width:100%;height:inherit;\"><div class=\"_ning_label _left\" style=\"\"><\/div><div class=\"_ning_inner\" style=\"\"><\/div><\/div><div class=\"clear\"><\/div><\/section>","protected":false},"excerpt":{"rendered":"NOS ANOS FINAIS DO ENSINO FUNDAMENTAL \u00e9 oportunizado: &#8211; o desenvolvimento integral do educando; &#8211; a constru\u00e7\u00e3o de conhecimentos b\u00e1sicos, sistematizados e significativos; &#8211; o dom\u00ednio de instrumentos de compreens\u00e3o cr\u00edtica da realidade, da auto-express\u00e3o e da comunica\u00e7\u00e3o social; &#8211; a forma\u00e7\u00e3o para a cidadania, integra\u00e7\u00e3o e a participa\u00e7\u00e3o na conviv\u00eancia humana; &#8211; a forma\u00e7\u00e3o...","protected":false},"author":55,"featured_media":0,"parent":0,"menu_order":0,"comment_status":"closed","ping_status":"closed","template":"","meta":{"_acf_changed":false,"_monsterinsights_skip_tracking":false,"_monsterinsights_sitenote_active":false,"_monsterinsights_sitenote_note":"","_monsterinsights_sitenote_category":0,"footnotes":""},"class_list":["post-39082","page","type-page","status-publish","hentry"],"acf":[],"_links":{"self":[{"href":"https:\/\/legado.redeicm.org.br\/cristorei\/wp-json\/wp\/v2\/pages\/39082"}],"collection":[{"href":"https:\/\/legado.redeicm.org.br\/cristorei\/wp-json\/wp\/v2\/pages"}],"about":[{"href":"https:\/\/legado.redeicm.org.br\/cristorei\/wp-json\/wp\/v2\/types\/page"}],"author":[{"embeddable":true,"href":"https:\/\/legado.redeicm.org.br\/cristorei\/wp-json\/wp\/v2\/users\/55"}],"replies":[{"embeddable":true,"href":"https:\/\/legado.redeicm.org.br\/cristorei\/wp-json\/wp\/v2\/comments?post=39082"}],"version-history":[{"count":3,"href":"https:\/\/legado.redeicm.org.br\/cristorei\/wp-json\/wp\/v2\/pages\/39082\/revisions"}],"predecessor-version":[{"id":56209,"href":"https:\/\/legado.redeicm.org.br\/cristorei\/wp-json\/wp\/v2\/pages\/39082\/revisions\/56209"}],"wp:attachment":[{"href":"https:\/\/legado.redeicm.org.br\/cristorei\/wp-json\/wp\/v2\/media?parent=39082"}],"curies":[{"name":"wp","href":"https:\/\/api.w.org\/{rel}","templated":true}]}}